{"id":1041,"date":"2020-03-25T18:11:09","date_gmt":"2020-03-25T21:11:09","guid":{"rendered":"https:\/\/cel.fclar.unesp.br\/alemao\/?page_id=1041"},"modified":"2025-05-20T11:09:54","modified_gmt":"2025-05-20T14:09:54","slug":"procurando-emprego-auf-arbeitssuche","status":"publish","type":"page","link":"https:\/\/raple.fclar.unesp.br\/alemao\/procurando-emprego-auf-arbeitssuche\/","title":{"rendered":"Procurando emprego"},"content":{"rendered":"\n<div class=\"wp-block-columns is-layout-flex wp-container-core-columns-is-layout-9d6595d7 wp-block-columns-is-layout-flex\">\n<div class=\"wp-block-column is-layout-flow wp-block-column-is-layout-flow\">\n<p><strong>Objetivos:<\/strong><\/p>\n\n\n\n<ul class=\"wp-block-list\">\n<li>Pr\u00e1tica em conversa\u00e7\u00e3o sobre o tema \u201cemprego\u201d.<\/li>\n\n\n\n<li>Fixa\u00e7\u00e3o do l\u00e9xico da busca de emprego.<\/li>\n<\/ul>\n<\/div>\n\n\n\n<div class=\"wp-block-column is-layout-flow wp-block-column-is-layout-flow\">\n<p><strong>Tempo: <\/strong>60 minutos&nbsp;<\/p>\n\n\n\n<p><strong>Materiais:<\/strong><\/p>\n\n\n\n<ul class=\"wp-block-list\">\n<li>Link do YouTube: <a href=\"https:\/\/youtu.be\/xNQFX-wAuuc\" target=\"_blank\" rel=\"noreferrer noopener\">https:\/\/youtu.be\/xNQFX-wAuuc<\/a><\/li>\n<\/ul>\n<\/div>\n<\/div>\n\n\n\n<p><strong>Etapa 1:<\/strong><\/p>\n\n\n\n<p><strong><\/strong>Conduzir uma conversa sobre como procurar um emprego, a partir da pergunta \u201d O que voc\u00ea faz quando procura um local de trabalho?\u201d Escrever na lousa as sugest\u00f5es dos alunos, como por exemplo:<\/p>\n\n\n\n<ul class=\"wp-block-list\">\n<li>Escrever um curr\u00edculo (<strong>eine Lebenslauf schreiben<\/strong>)\u00a0<\/li>\n\n\n\n<li>Colocar um an\u00fancio na internet (<strong>eine Anzeige ins Internet erstellen<\/strong>)<\/li>\n\n\n\n<li>Procurar um an\u00fancio de emprego no jornal\/na internet (<strong>eine Anzeige im Internet\/in der Zeitung Suchen<\/strong>)<\/li>\n\n\n\n<li>Na Alemanha as pessoas podem tamb\u00e9m ir a uma ag\u00eancia de trabalho. colocar na lousa:<strong> in die<\/strong> <strong>Arbeitsagentur gehen <\/strong>.<\/li>\n<\/ul>\n\n\n\n<p>Esclarecer o conceito aos alunos, dando informa\u00e7\u00f5es culturais com base, por exemplo, no site:<\/p>\n\n\n\n<p><a href=\"https:\/\/www.arbeitsagentur.de\/.\" target=\"_blank\" rel=\"noreferrer noopener\">https:\/\/www.arbeitsagentur.de\/<\/a><\/p>\n\n\n\n<p><strong>Etapa 2:&nbsp;<\/strong>Atividade com o video<\/p>\n\n\n\n<p>Apresentar, antes de assistir ao filme, as seguintes quest\u00f5es norteadoras para serem respondidas ap\u00f3s o visionamento:<\/p>\n\n\n\n<ul class=\"wp-block-list\">\n<li>Quem \u00e9 a protagonista: como ela se chama? De onde ela vem? (Wer ist die\u00a0 Protagonistin: wie hei\u00dft sie? woher kommt sie?)<\/li>\n\n\n\n<li>H\u00e1 quanto tempo ela est\u00e1 na Alemanha?<\/li>\n\n\n\n<li>Ela consegue um emprego? Onde? Qual ser\u00e1 a profiss\u00e3o dela?<\/li>\n\n\n\n<li>Discutir as respostas dos alunos \u00e0s quest\u00f5es norteadoras.<\/li>\n\n\n\n<li>Apresentar o seguinte vocabul\u00e1rio previamente ao visionamento do filme:<\/li>\n<\/ul>\n\n\n\n<figure class=\"wp-block-table\"><table><tbody><tr><td class=\"has-text-align-center\" data-align=\"center\"><em>sich anstellen&nbsp;<\/em><\/td><td class=\"has-text-align-center\" data-align=\"center\"><em>die Schlange<\/em><em> <\/em><em>&nbsp;<\/em><\/td><td class=\"has-text-align-center\" data-align=\"center\"><em>du bist an der Reihe<\/em><\/td><\/tr><tr><td class=\"has-text-align-center\" data-align=\"center\"><em>viel Erfolg<\/em><\/td><td class=\"has-text-align-center\" data-align=\"center\"><em>Unterlagen ausf\u00fcllen<\/em><\/td><td class=\"has-text-align-center\" data-align=\"center\"><em>Stellenangebote<\/em><\/td><\/tr><\/tbody><\/table><\/figure>\n\n\n\n<p>Assistir ao video: <a href=\"https:\/\/youtu.be\/xNQFX-wAuuc\" target=\"_blank\" rel=\"noreferrer noopener\">https:\/\/youtu.be\/xNQFX-wAuuc<\/a> (Fonte: Goethe-Institut)<\/p>\n\n\n\n<p>Ap\u00f3s o visionamento, os alunos respondem \u00e0s quest\u00f5es norteadora sobre o v\u00eddeo <em>im Plenum<\/em>.<\/p>\n\n\n\n<p><strong>Etapa 3<\/strong><\/p>\n\n\n\n<p><strong><\/strong>Separar os alunos em duplas para que eles realizem uma atividade de conversa\u00e7\u00e3o. A proposta \u00e9 que abordem as quest\u00f5es de introdu\u00e7\u00e3o pessoal (nome, idade, cidade natal) e de busca por emprego (onde j\u00e1 trabalhou?&nbsp; onde quer trabalhar? onde pode buscar emprego?). Pe\u00e7a para que realizem esse di\u00e1logo, e posteriormente pe\u00e7a que falem sobre o colega para a classe, repassando as mesmas informa\u00e7\u00f5es.<\/p>\n\n\n\n<p><strong>Autoria: <\/strong>Profa. Cibele Cec\u00edlio de Faria Rozenfeld<br><strong>Revis\u00e3o:<\/strong> Pedro Marinelli de Carvalho<\/p>\n\n\n\n<p><strong>N\u00edvel: <\/strong>A2<\/p>\n","protected":false},"excerpt":{"rendered":"<p>Objetivos: Tempo: 60 minutos&nbsp; Materiais: Etapa 1: Conduzir uma conversa sobre como procurar um emprego, a partir da pergunta \u201d O que voc\u00ea faz quando procura um local de trabalho?\u201d Escrever na lousa as sugest\u00f5es dos alunos, como por exemplo: Esclarecer o conceito aos alunos, dando informa\u00e7\u00f5es culturais com base, [&hellip;]<\/p>\n","protected":false},"author":6,"featured_media":0,"parent":0,"menu_order":0,"comment_status":"closed","ping_status":"closed","template":"","meta":{"_monsterinsights_skip_tracking":false,"_monsterinsights_sitenote_active":false,"_monsterinsights_sitenote_note":"","_monsterinsights_sitenote_category":0,"footnotes":""},"class_list":["post-1041","page","type-page","status-publish","hentry"],"_links":{"self":[{"href":"https:\/\/raple.fclar.unesp.br\/alemao\/wp-json\/wp\/v2\/pages\/1041","targetHints":{"allow":["GET"]}}],"collection":[{"href":"https:\/\/raple.fclar.unesp.br\/alemao\/wp-json\/wp\/v2\/pages"}],"about":[{"href":"https:\/\/raple.fclar.unesp.br\/alemao\/wp-json\/wp\/v2\/types\/page"}],"author":[{"embeddable":true,"href":"https:\/\/raple.fclar.unesp.br\/alemao\/wp-json\/wp\/v2\/users\/6"}],"replies":[{"embeddable":true,"href":"https:\/\/raple.fclar.unesp.br\/alemao\/wp-json\/wp\/v2\/comments?post=1041"}],"version-history":[{"count":8,"href":"https:\/\/raple.fclar.unesp.br\/alemao\/wp-json\/wp\/v2\/pages\/1041\/revisions"}],"predecessor-version":[{"id":2187,"href":"https:\/\/raple.fclar.unesp.br\/alemao\/wp-json\/wp\/v2\/pages\/1041\/revisions\/2187"}],"wp:attachment":[{"href":"https:\/\/raple.fclar.unesp.br\/alemao\/wp-json\/wp\/v2\/media?parent=1041"}],"curies":[{"name":"wp","href":"https:\/\/api.w.org\/{rel}","templated":true}]}}