{"id":1404,"date":"2020-09-23T20:11:24","date_gmt":"2020-09-23T23:11:24","guid":{"rendered":"https:\/\/cel.fclar.unesp.br\/alemao\/?page_id=1404"},"modified":"2022-08-04T11:59:26","modified_gmt":"2022-08-04T14:59:26","slug":"aspectos-culturais-e-musica","status":"publish","type":"page","link":"https:\/\/raple.fclar.unesp.br\/alemao\/aspectos-culturais-e-musica\/","title":{"rendered":"Aspectos culturais e m\u00fasicas"},"content":{"rendered":"\n<h3 class=\"wp-block-heading\">Nessa aba voc\u00ea encontra links de m\u00fasicas que se relacionam diretamente com aspectos culturais. <\/h3>\n\n\n\n<h4 class=\"wp-block-heading\">Clique no nome da m\u00fasica para acessar seu v\u00eddeo<\/h4>\n\n\n\n<ul class=\"wp-block-list\"><li><a href=\"https:\/\/www.youtube.com\/watch?v=gF2kl7K-sP0\" target=\"_blank\" rel=\"noreferrer noopener\"><strong>Die Prinzen &#8211; Deutschland <\/strong><\/a><\/li><\/ul>\n\n\n\n<figure class=\"wp-block-image is-resized\"><img loading=\"lazy\" decoding=\"async\" src=\"https:\/\/images.genius.com\/5fbe597145b834af9d51e6f774fe2c4a.600x600x1.jpg\" alt=\"Die Prinzen \u2013 Deutschland Lyrics | Genius Lyrics\" width=\"300\" height=\"300\" \/><\/figure>\n\n\n\n<ul class=\"wp-block-list\"><li><a href=\"https:\/\/www.youtube.com\/watch?v=7aLiT3wXko0&amp;feature=youtu.be\" target=\"_blank\" rel=\"noreferrer noopener\"><strong>Nena &#8211; 99 Luftballons <\/strong><\/a><\/li><\/ul>\n\n\n\n<figure class=\"wp-block-image is-resized\"><img decoding=\"async\" src=\"https:\/\/i.ebayimg.com\/images\/g\/snkAAMXQKLdR5MG9\/s-l300.jpg\" alt=\"NENA 99 Luftballons JAPAN 1st Press CD 1984 35 8P-42 3500yen RARE | eBay\" height=\"257\" \/><\/figure>\n\n\n\n<ul class=\"wp-block-list\"><li><a href=\"https:\/\/www.youtube.com\/watch?v=k9EYjn5f_nE&amp;feature=youtu.be\" target=\"_blank\" rel=\"noreferrer noopener\"><strong>Andreas Bourani &#8211; Auf uns<\/strong> <\/a><\/li><\/ul>\n\n\n\n<figure class=\"wp-block-image\"><img decoding=\"async\" src=\"https:\/\/upload.wikimedia.org\/wikipedia\/en\/f\/f5\/Auf-uns.jpg\" alt=\"Auf uns - Wikipedia\" \/><\/figure>\n\n\n\n<ul class=\"wp-block-list\"><li><strong><a href=\"https:\/\/www.youtube.com\/watch?v=haECT-SerHk&amp;feature=youtu.be\" target=\"_blank\" rel=\"noreferrer noopener\">Helene Fischer &#8211; Atemlos durch die Nacht <\/a><\/strong><\/li><\/ul>\n\n\n\n<figure class=\"wp-block-image is-resized\"><img loading=\"lazy\" decoding=\"async\" src=\"https:\/\/upload.wikimedia.org\/wikipedia\/en\/thumb\/a\/a3\/Helene_Fischer_-_Atemlos.png\/220px-Helene_Fischer_-_Atemlos.png\" alt=\"Atemlos durch die Nacht - Wikipedia\" width=\"300\" height=\"300\" \/><\/figure>\n\n\n\n<ul class=\"wp-block-list\"><li><strong><a href=\"https:\/\/www.youtube.com\/watch?v=oMHLkcc9I9c\" target=\"_blank\" rel=\"noreferrer noopener\">NENA &#8211; Irgendwie Irgendwo Irgendwann<\/a><\/strong><\/li><\/ul>\n\n\n\n<figure class=\"wp-block-image is-resized\"><img loading=\"lazy\" decoding=\"async\" src=\"https:\/\/images.45cat.com\/nena-irgendwie-irgendwo-irgenwann-cbs-s.jpg\" alt=\"45cat - Nena - Irgendwie, Irgendwo, Irgendwann \/ Ganz Oben (Live) - CBS -  Portugal - CBS A 4710\" width=\"300\" height=\"300\" \/><\/figure>\n\n\n\n<p> Agradecemos as contribui\u00e7\u00f5es desse acervo \u00e0:<strong>  Prof. Arthur Heredia Crespo <\/strong><\/p>\n","protected":false},"excerpt":{"rendered":"<p>Nessa aba voc\u00ea encontra links de m\u00fasicas que se relacionam diretamente com aspectos culturais. Clique no nome da m\u00fasica para acessar seu v\u00eddeo Die Prinzen &#8211; Deutschland Nena &#8211; 99 Luftballons Andreas Bourani &#8211; Auf uns Helene Fischer &#8211; Atemlos durch die Nacht NENA &#8211; Irgendwie Irgendwo Irgendwann Agradecemos as [&hellip;]<\/p>\n","protected":false},"author":2,"featured_media":0,"parent":0,"menu_order":0,"comment_status":"closed","ping_status":"closed","template":"","meta":{"_monsterinsights_skip_tracking":false,"_monsterinsights_sitenote_active":false,"_monsterinsights_sitenote_note":"","_monsterinsights_sitenote_category":0,"footnotes":""},"class_list":["post-1404","page","type-page","status-publish","hentry"],"_links":{"self":[{"href":"https:\/\/raple.fclar.unesp.br\/alemao\/wp-json\/wp\/v2\/pages\/1404","targetHints":{"allow":["GET"]}}],"collection":[{"href":"https:\/\/raple.fclar.unesp.br\/alemao\/wp-json\/wp\/v2\/pages"}],"about":[{"href":"https:\/\/raple.fclar.unesp.br\/alemao\/wp-json\/wp\/v2\/types\/page"}],"author":[{"embeddable":true,"href":"https:\/\/raple.fclar.unesp.br\/alemao\/wp-json\/wp\/v2\/users\/2"}],"replies":[{"embeddable":true,"href":"https:\/\/raple.fclar.unesp.br\/alemao\/wp-json\/wp\/v2\/comments?post=1404"}],"version-history":[{"count":8,"href":"https:\/\/raple.fclar.unesp.br\/alemao\/wp-json\/wp\/v2\/pages\/1404\/revisions"}],"predecessor-version":[{"id":1810,"href":"https:\/\/raple.fclar.unesp.br\/alemao\/wp-json\/wp\/v2\/pages\/1404\/revisions\/1810"}],"wp:attachment":[{"href":"https:\/\/raple.fclar.unesp.br\/alemao\/wp-json\/wp\/v2\/media?parent=1404"}],"curies":[{"name":"wp","href":"https:\/\/api.w.org\/{rel}","templated":true}]}}