{"id":1422,"date":"2020-09-23T20:59:52","date_gmt":"2020-09-23T23:59:52","guid":{"rendered":"https:\/\/cel.fclar.unesp.br\/alemao\/?page_id=1422"},"modified":"2022-08-04T12:04:11","modified_gmt":"2022-08-04T15:04:11","slug":"folhas-de-atividades","status":"publish","type":"page","link":"https:\/\/raple.fclar.unesp.br\/alemao\/folhas-de-atividades\/","title":{"rendered":"Folhas de atividades"},"content":{"rendered":"\n<h3 class=\"wp-block-heading\">Aqui teremos alguns sites que possuem folhas de atividades interessantes<\/h3>\n\n\n\n<h4 class=\"wp-block-heading\">Para acessar o site, clique no nome do site<\/h4>\n\n\n\n<ul class=\"wp-block-list\"><li><strong><a href=\"https:\/\/www.schubert-verlag.de\/aufgaben\/arbeitsblaetter_a1_z\/a1_arbeitsblaetter_index_z.htm\" target=\"_blank\" rel=\"noreferrer noopener\">Schubert <\/a><\/strong><\/li><\/ul>\n\n\n\n<p>Site que fornece folhas de exerc\u00edcios dos n\u00edveis A1 &#8211; C2 de diferentes t\u00f3picos gramaticais e de vocabul\u00e1rios<\/p>\n\n\n\n<ul class=\"wp-block-list\"><li><strong><a href=\"https:\/\/de.islcollective.com\/deutsch-daf-arbeitsblatter\/\" target=\"_blank\" rel=\"noreferrer noopener\">ISLCOLLECTIVE<\/a><\/strong><\/li><\/ul>\n\n\n\n<p>Site que fornece folhas de exerc\u00edcios, Powerpoints e li\u00e7\u00f5es em v\u00eddeos, dos n\u00edveis A1-C2 <\/p>\n\n\n\n<hr class=\"wp-block-separator\" \/>\n\n\n\n<p class=\"has-text-align-center\"> <strong>Agradecemos as contribui\u00e7\u00f5es desse acervo \u00e0:<\/strong> Profa. Cibele Cec\u00edlio de Faria Rozenfeld<\/p>\n","protected":false},"excerpt":{"rendered":"<p>Aqui teremos alguns sites que possuem folhas de atividades interessantes Para acessar o site, clique no nome do site Schubert Site que fornece folhas de exerc\u00edcios dos n\u00edveis A1 &#8211; C2 de diferentes t\u00f3picos gramaticais e de vocabul\u00e1rios ISLCOLLECTIVE Site que fornece folhas de exerc\u00edcios, Powerpoints e li\u00e7\u00f5es em v\u00eddeos, [&hellip;]<\/p>\n","protected":false},"author":2,"featured_media":0,"parent":0,"menu_order":0,"comment_status":"closed","ping_status":"closed","template":"","meta":{"_monsterinsights_skip_tracking":false,"_monsterinsights_sitenote_active":false,"_monsterinsights_sitenote_note":"","_monsterinsights_sitenote_category":0,"footnotes":""},"class_list":["post-1422","page","type-page","status-publish","hentry"],"_links":{"self":[{"href":"https:\/\/raple.fclar.unesp.br\/alemao\/wp-json\/wp\/v2\/pages\/1422","targetHints":{"allow":["GET"]}}],"collection":[{"href":"https:\/\/raple.fclar.unesp.br\/alemao\/wp-json\/wp\/v2\/pages"}],"about":[{"href":"https:\/\/raple.fclar.unesp.br\/alemao\/wp-json\/wp\/v2\/types\/page"}],"author":[{"embeddable":true,"href":"https:\/\/raple.fclar.unesp.br\/alemao\/wp-json\/wp\/v2\/users\/2"}],"replies":[{"embeddable":true,"href":"https:\/\/raple.fclar.unesp.br\/alemao\/wp-json\/wp\/v2\/comments?post=1422"}],"version-history":[{"count":3,"href":"https:\/\/raple.fclar.unesp.br\/alemao\/wp-json\/wp\/v2\/pages\/1422\/revisions"}],"predecessor-version":[{"id":1814,"href":"https:\/\/raple.fclar.unesp.br\/alemao\/wp-json\/wp\/v2\/pages\/1422\/revisions\/1814"}],"wp:attachment":[{"href":"https:\/\/raple.fclar.unesp.br\/alemao\/wp-json\/wp\/v2\/media?parent=1422"}],"curies":[{"name":"wp","href":"https:\/\/api.w.org\/{rel}","templated":true}]}}