{"id":1440,"date":"2020-10-19T11:35:37","date_gmt":"2020-10-19T14:35:37","guid":{"rendered":"https:\/\/cel.fclar.unesp.br\/alemao\/?page_id=1440"},"modified":"2025-05-06T15:25:44","modified_gmt":"2025-05-06T18:25:44","slug":"podcast","status":"publish","type":"page","link":"https:\/\/raple.fclar.unesp.br\/alemao\/podcast\/","title":{"rendered":"Podcast"},"content":{"rendered":"\n<ul class=\"wp-block-list\">\n<li><strong>Easy German <\/strong>&#8211; Contribui\u00e7\u00e3o: Profa. Ta\u00eds Caires<\/li>\n<\/ul>\n\n\n\n<figure class=\"wp-block-embed is-type-rich is-provider-spotify wp-block-embed-spotify wp-embed-aspect-21-9 wp-has-aspect-ratio\"><div class=\"wp-block-embed__wrapper\">\n<iframe title=\"Spotify Embed: 569: Mit ChatGPT verheiratet\" style=\"border-radius: 12px\" width=\"100%\" height=\"152\" frameborder=\"0\" allowfullscreen allow=\"autoplay; clipboard-write; encrypted-media; fullscreen; picture-in-picture\" loading=\"lazy\" src=\"https:\/\/open.spotify.com\/embed\/show\/2rnCPyV8A9J80QtmGj2pAx?si=H7QEFf_3RHaGrfyRYuiNng&#038;utm_source=oembed\"><\/iframe>\n<\/div><\/figure>\n\n\n\n<ul class=\"wp-block-list\">\n<li><strong>Slow German<\/strong> &#8211; Contribui\u00e7\u00e3o: Profa. Ta\u00eds Caires <\/li>\n<\/ul>\n\n\n\n<figure class=\"wp-block-embed is-type-rich is-provider-spotify wp-block-embed-spotify wp-embed-aspect-21-9 wp-has-aspect-ratio\"><div class=\"wp-block-embed__wrapper\">\n<iframe title=\"Spotify Embed: Der Zeppelin Hindenburg \u2013 SG 296\" style=\"border-radius: 12px\" width=\"100%\" height=\"152\" frameborder=\"0\" allowfullscreen allow=\"autoplay; clipboard-write; encrypted-media; fullscreen; picture-in-picture\" loading=\"lazy\" src=\"https:\/\/open.spotify.com\/embed\/show\/1LjZv4vFFBWfFPH8bHczGb?si=HBOjsjIWSmavSVQxKo3srw&#038;utm_source=oembed\"><\/iframe>\n<\/div><\/figure>\n\n\n\n<ul class=\"wp-block-list\">\n<li><strong>Coffee Break German &#8211; <\/strong>Contribui\u00e7\u00e3o: Profa. Ana Caroline P. Simon<\/li>\n<\/ul>\n\n\n\n<figure class=\"wp-block-embed is-type-rich is-provider-spotify wp-block-embed-spotify wp-embed-aspect-21-9 wp-has-aspect-ratio\"><div class=\"wp-block-embed__wrapper\">\n<iframe title=\"Spotify Embed: CBG Scenes 1.05 | Siegfried, Heinz und das gro\u00dfe Canasta-Duell\" style=\"border-radius: 12px\" width=\"100%\" height=\"152\" frameborder=\"0\" allowfullscreen allow=\"autoplay; clipboard-write; encrypted-media; fullscreen; picture-in-picture\" loading=\"lazy\" src=\"https:\/\/open.spotify.com\/embed\/show\/3QiX0ZkjILyGWmpemackWB?si=jHB_tTmxR2C8e3EEPjc8OA&#038;utm_source=oembed\"><\/iframe>\n<\/div><\/figure>\n\n\n\n<ul class=\"wp-block-list\">\n<li><strong>Warum nicht <\/strong>&#8211; Contribui\u00e7\u00e3o: Profa. Ana Caroline P. Simon<\/li>\n<\/ul>\n\n\n\n<figure class=\"wp-block-embed is-type-rich is-provider-spotify wp-block-embed-spotify wp-embed-aspect-21-9 wp-has-aspect-ratio\"><div class=\"wp-block-embed__wrapper\">\nhttps:\/\/open.spotify.com\/episode\/6869QiksVYQRAFNWUOVbLn?si=a0231ee2151d4381 \n<\/div><\/figure>\n\n\n\n<ul class=\"wp-block-list\">\n<li><strong>Was ist Natur? <\/strong>&#8211; Contribui\u00e7\u00e3o: Ana Caroline P. Simon<\/li>\n<\/ul>\n\n\n\n<figure class=\"wp-block-embed is-type-rich is-provider-spotify wp-block-embed-spotify wp-embed-aspect-21-9 wp-has-aspect-ratio\"><div class=\"wp-block-embed__wrapper\">\n<iframe title=\"Spotify Embed: Folge 6: Ist Giersch begehrenswert?\" style=\"border-radius: 12px\" width=\"100%\" height=\"152\" frameborder=\"0\" allowfullscreen allow=\"autoplay; clipboard-write; encrypted-media; fullscreen; picture-in-picture\" loading=\"lazy\" src=\"https:\/\/open.spotify.com\/embed\/show\/5DG4fkGdn81l0cu9BL5V9d?si=PHVAa1X_QYuwQFX1YlgeBA&#038;utm_source=oembed\"><\/iframe>\n<\/div><\/figure>\n\n\n\n<ul class=\"wp-block-list\">\n<li><strong>SBS Deutsch &#8211; <\/strong>Contribui\u00e7\u00e3o: Ana Caroline P. Simon<\/li>\n<\/ul>\n\n\n\n<figure class=\"wp-block-embed is-type-rich is-provider-spotify wp-block-embed-spotify wp-embed-aspect-21-9 wp-has-aspect-ratio\"><div class=\"wp-block-embed__wrapper\">\n<iframe title=\"Spotify Embed: \u201cRiefenstahl\u201d \u2013 A New Look at the Life and Legacy of a Controversial Filmmaker - Dokumentationsfilm  &quot;Riefenstahl&quot; \u2013 Neue Einblicke in ein umstrittenes Erbe\" style=\"border-radius: 12px\" width=\"100%\" height=\"152\" frameborder=\"0\" allowfullscreen allow=\"autoplay; clipboard-write; encrypted-media; fullscreen; picture-in-picture\" loading=\"lazy\" src=\"https:\/\/open.spotify.com\/embed\/show\/46Ea3Xwmx5S0IbDtFyv143?si=7qjBW4oQTKKz3o0yJjqvxA&#038;utm_source=oembed\"><\/iframe>\n<\/div><\/figure>\n","protected":false},"excerpt":{"rendered":"","protected":false},"author":2,"featured_media":0,"parent":0,"menu_order":0,"comment_status":"closed","ping_status":"closed","template":"","meta":{"_monsterinsights_skip_tracking":false,"_monsterinsights_sitenote_active":false,"_monsterinsights_sitenote_note":"","_monsterinsights_sitenote_category":0,"footnotes":""},"class_list":["post-1440","page","type-page","status-publish","hentry"],"_links":{"self":[{"href":"https:\/\/raple.fclar.unesp.br\/alemao\/wp-json\/wp\/v2\/pages\/1440","targetHints":{"allow":["GET"]}}],"collection":[{"href":"https:\/\/raple.fclar.unesp.br\/alemao\/wp-json\/wp\/v2\/pages"}],"about":[{"href":"https:\/\/raple.fclar.unesp.br\/alemao\/wp-json\/wp\/v2\/types\/page"}],"author":[{"embeddable":true,"href":"https:\/\/raple.fclar.unesp.br\/alemao\/wp-json\/wp\/v2\/users\/2"}],"replies":[{"embeddable":true,"href":"https:\/\/raple.fclar.unesp.br\/alemao\/wp-json\/wp\/v2\/comments?post=1440"}],"version-history":[{"count":7,"href":"https:\/\/raple.fclar.unesp.br\/alemao\/wp-json\/wp\/v2\/pages\/1440\/revisions"}],"predecessor-version":[{"id":2155,"href":"https:\/\/raple.fclar.unesp.br\/alemao\/wp-json\/wp\/v2\/pages\/1440\/revisions\/2155"}],"wp:attachment":[{"href":"https:\/\/raple.fclar.unesp.br\/alemao\/wp-json\/wp\/v2\/media?parent=1440"}],"curies":[{"name":"wp","href":"https:\/\/api.w.org\/{rel}","templated":true}]}}