{"id":1488,"date":"2021-04-14T09:57:46","date_gmt":"2021-04-14T12:57:46","guid":{"rendered":"https:\/\/raple.fclar.unesp.br\/alemao\/hestia-front\/"},"modified":"2024-09-05T14:39:15","modified_gmt":"2024-09-05T17:39:15","slug":"hestia-front","status":"publish","type":"page","link":"https:\/\/raple.fclar.unesp.br\/alemao\/","title":{"rendered":"In\u00edcio"},"content":{"rendered":"\n<div class=\"wp-block-image\"><figure class=\"aligncenter size-large\"><img loading=\"lazy\" decoding=\"async\" width=\"1024\" height=\"128\" src=\"https:\/\/raple.fclar.unesp.br\/alemao\/wp-content\/uploads\/sites\/2\/2022\/06\/alemao-1024x128.png\" alt=\"\" class=\"wp-image-1747\" srcset=\"https:\/\/raple.fclar.unesp.br\/alemao\/wp-content\/uploads\/sites\/2\/2022\/06\/alemao-1024x128.png 1024w, https:\/\/raple.fclar.unesp.br\/alemao\/wp-content\/uploads\/sites\/2\/2022\/06\/alemao-300x38.png 300w, https:\/\/raple.fclar.unesp.br\/alemao\/wp-content\/uploads\/sites\/2\/2022\/06\/alemao-768x96.png 768w, https:\/\/raple.fclar.unesp.br\/alemao\/wp-content\/uploads\/sites\/2\/2022\/06\/alemao.png 1080w\" sizes=\"auto, (max-width: 1024px) 100vw, 1024px\" \/><\/figure><\/div>\n\n\n\n<div class=\"wp-block-columns is-layout-flex wp-container-core-columns-is-layout-9d6595d7 wp-block-columns-is-layout-flex\">\n<div class=\"wp-block-column is-layout-flow wp-block-column-is-layout-flow\">\n<figure class=\"wp-block-image size-large\"><img loading=\"lazy\" decoding=\"async\" width=\"1024\" height=\"256\" src=\"https:\/\/raple.fclar.unesp.br\/alemao\/wp-content\/uploads\/sites\/2\/2022\/08\/SEC_WARMUPS-1-1024x256.png\" alt=\"\" class=\"wp-image-1820\" srcset=\"https:\/\/raple.fclar.unesp.br\/alemao\/wp-content\/uploads\/sites\/2\/2022\/08\/SEC_WARMUPS-1-1024x256.png 1024w, https:\/\/raple.fclar.unesp.br\/alemao\/wp-content\/uploads\/sites\/2\/2022\/08\/SEC_WARMUPS-1-300x75.png 300w, https:\/\/raple.fclar.unesp.br\/alemao\/wp-content\/uploads\/sites\/2\/2022\/08\/SEC_WARMUPS-1-768x192.png 768w, https:\/\/raple.fclar.unesp.br\/alemao\/wp-content\/uploads\/sites\/2\/2022\/08\/SEC_WARMUPS-1.png 1080w\" sizes=\"auto, (max-width: 1024px) 100vw, 1024px\" \/><\/figure>\n\n\n\n<p>Nossa se\u00e7\u00e3o de <em><span style=\"color:#a38e00\" class=\"has-inline-color\">warm-ups<\/span><\/em> foi atualizada: precisando de atividades A1 com ferramentas digitais, para colocar seu alunado no ritmo da aula? L\u00e1 voc\u00ea vai encontr\u00e1-los!<\/p>\n<\/div>\n\n\n\n<div class=\"wp-block-column is-layout-flow wp-block-column-is-layout-flow\">\n<figure class=\"wp-block-image size-large\"><img loading=\"lazy\" decoding=\"async\" width=\"1024\" height=\"256\" src=\"https:\/\/raple.fclar.unesp.br\/alemao\/wp-content\/uploads\/sites\/2\/2022\/06\/SEC_LINKS-1024x256.png\" alt=\"\" class=\"wp-image-1748\" srcset=\"https:\/\/raple.fclar.unesp.br\/alemao\/wp-content\/uploads\/sites\/2\/2022\/06\/SEC_LINKS-1024x256.png 1024w, https:\/\/raple.fclar.unesp.br\/alemao\/wp-content\/uploads\/sites\/2\/2022\/06\/SEC_LINKS-300x75.png 300w, https:\/\/raple.fclar.unesp.br\/alemao\/wp-content\/uploads\/sites\/2\/2022\/06\/SEC_LINKS-768x192.png 768w, https:\/\/raple.fclar.unesp.br\/alemao\/wp-content\/uploads\/sites\/2\/2022\/06\/SEC_LINKS.png 1080w\" sizes=\"auto, (max-width: 1024px) 100vw, 1024px\" \/><\/figure>\n\n\n\n<p>Nossa <span style=\"color:#a38e00\" class=\"has-inline-color\">lincoteca <\/span>foi renovada, agora est\u00e1 mais f\u00e1cil do que nunca achar o que voc\u00ea precisa. Al\u00e9m disso, temos 15 novos sites e ferramentas de lousas virtuais e intera\u00e7\u00e3o!<\/p>\n<\/div>\n<\/div>\n","protected":false},"excerpt":{"rendered":"<p>Nossa se\u00e7\u00e3o de warm-ups foi atualizada: precisando de atividades A1 com ferramentas digitais, para colocar seu alunado no ritmo da aula? L\u00e1 voc\u00ea vai encontr\u00e1-los! Nossa lincoteca foi renovada, agora est\u00e1 mais f\u00e1cil do que nunca achar o que voc\u00ea precisa. Al\u00e9m disso, temos 15 novos sites e ferramentas de [&hellip;]<\/p>\n","protected":false},"author":1,"featured_media":1824,"parent":0,"menu_order":0,"comment_status":"closed","ping_status":"closed","template":"","meta":{"_monsterinsights_skip_tracking":false,"_monsterinsights_sitenote_active":false,"_monsterinsights_sitenote_note":"","_monsterinsights_sitenote_category":0,"footnotes":""},"class_list":["post-1488","page","type-page","status-publish","has-post-thumbnail","hentry"],"_links":{"self":[{"href":"https:\/\/raple.fclar.unesp.br\/alemao\/wp-json\/wp\/v2\/pages\/1488","targetHints":{"allow":["GET"]}}],"collection":[{"href":"https:\/\/raple.fclar.unesp.br\/alemao\/wp-json\/wp\/v2\/pages"}],"about":[{"href":"https:\/\/raple.fclar.unesp.br\/alemao\/wp-json\/wp\/v2\/types\/page"}],"author":[{"embeddable":true,"href":"https:\/\/raple.fclar.unesp.br\/alemao\/wp-json\/wp\/v2\/users\/1"}],"replies":[{"embeddable":true,"href":"https:\/\/raple.fclar.unesp.br\/alemao\/wp-json\/wp\/v2\/comments?post=1488"}],"version-history":[{"count":11,"href":"https:\/\/raple.fclar.unesp.br\/alemao\/wp-json\/wp\/v2\/pages\/1488\/revisions"}],"predecessor-version":[{"id":1857,"href":"https:\/\/raple.fclar.unesp.br\/alemao\/wp-json\/wp\/v2\/pages\/1488\/revisions\/1857"}],"wp:featuredmedia":[{"embeddable":true,"href":"https:\/\/raple.fclar.unesp.br\/alemao\/wp-json\/wp\/v2\/media\/1824"}],"wp:attachment":[{"href":"https:\/\/raple.fclar.unesp.br\/alemao\/wp-json\/wp\/v2\/media?parent=1488"}],"curies":[{"name":"wp","href":"https:\/\/api.w.org\/{rel}","templated":true}]}}