{"id":1629,"date":"2021-07-23T22:45:03","date_gmt":"2021-07-24T01:45:03","guid":{"rendered":"https:\/\/raple.fclar.unesp.br\/alemao\/?page_id=1629"},"modified":"2025-05-20T10:55:56","modified_gmt":"2025-05-20T13:55:56","slug":"prasens-e-vokalwechsel","status":"publish","type":"page","link":"https:\/\/raple.fclar.unesp.br\/alemao\/prasens-e-vokalwechsel\/","title":{"rendered":"Pr\u00e4sens e Vokalwechsel"},"content":{"rendered":"\n<div class=\"wp-block-columns is-layout-flex wp-container-core-columns-is-layout-9d6595d7 wp-block-columns-is-layout-flex\">\n<div class=\"wp-block-column is-layout-flow wp-block-column-is-layout-flow\">\n<p><strong>Objetivos:&nbsp;<\/strong><br>\u25cf Fixa\u00e7\u00e3o das formas de conjuga\u00e7\u00e3o de verbos no&nbsp;<em>Pr\u00e4sens <\/em>(presente)&nbsp;<\/p>\n<\/div>\n\n\n\n<div class=\"wp-block-column is-layout-flow wp-block-column-is-layout-flow\">\n<p><strong>Materiais:&nbsp;<\/strong><br>\u25cf V\u00eddeo do canal do Youtube <a href=\"https:\/\/www.youtube.com\/watch ?v=iloCTuJbKFQ\" target=\"_blank\" rel=\"noreferrer noopener\">Deutsch und Deutschland<\/a>&nbsp;<br>\u25cf <a href=\"https:\/\/drive.google.com\/file\/d\/1 U0uQ2KwaZdRg2iNcig2dC2FI QD22THYA\/view\" target=\"_blank\" rel=\"noreferrer noopener\">Folha com regras para a conjuga\u00e7\u00e3o de verbos no presente<\/a>&nbsp;<br>\u25cf <a href=\"https:\/\/drive.google.com\/file\/d\/1meAEeBOthQm1YWZF7fnFL9blefwnxGJU\/view?usp=sharing\" target=\"_blank\" rel=\"noreferrer noopener\">Atividades de conjuga\u00e7\u00e3o<\/a> extra\u00eddas da Grammatik Aktiv (A1 &#8211; B1)&nbsp;<br>\u25cf <a href=\"https:\/\/wordwall.net\/pt\/resource \/17074186\" target=\"_blank\" rel=\"noreferrer noopener\">Atividade de Quiz<\/a> no Wordwall<\/p>\n<\/div>\n<\/div>\n\n\n\n<p><strong>Etapa 1:&nbsp;<\/strong><\/p>\n\n\n\n<p>Antes da aula, o link do v\u00eddeo e a folha com as regras b\u00e1sicas sobre a conjuga\u00e7\u00e3o de verbo nos presente (<em>Pr\u00e4sens<\/em>) em alem\u00e3o devem ser enviadas, com a orienta\u00e7\u00e3o de que assistam ao v\u00eddeo previamente a aula. Junto desses materiais, enviar atividades de conjuga\u00e7\u00e3o de verbos no tempo verbal. No in\u00edcio da aula perguntar aos alunos sobre as d\u00favidas que tenham surgido com o v\u00eddeo e as atividades realizadas previamente.&nbsp;<\/p>\n\n\n\n<p><strong>Etapa 2:&nbsp;<\/strong><\/p>\n\n\n\n<p>Ao esclarecer as d\u00favidas dos alunos relativas ao tema, o\/a professor\/a deve apontar para os verbos que trocam de vogal ao serem conjugados no presente, como por exemplo, o verbo <em>schlafen, lesen, vergessen, fahren <\/em>e outros. Al\u00e9m disso, deve-se recordar aos estudantes que tais irregularidades ocorrem apenas na segunda e terceira pessoa do singular, <em>du, er\/sie\/es <\/em>respectivamente.<\/p>\n\n\n\n<p><strong>Etapa 3&nbsp;<\/strong><\/p>\n\n\n\n<p>Para que os alunos possam fixar os pronomes e conjuga\u00e7\u00f5es dos verbos no presente em alem\u00e3o, os estudantes devem ser divididos em grupos menores em salas virtuais (<em>Breakout Rooms<\/em>), de modo que um integrante do grupo possa compartilhar a tela com os demais participantes para que juntos, possam discutir e encontrar as respostas para o Quiz da plataforma <em>Wordwall<\/em>, que pode ser acessado pelo link.&nbsp;<\/p>\n\n\n\n<p><strong>Observa\u00e7\u00f5es: <\/strong>Posteriormente podem ser enviadas aos alunos atividades de conjuga\u00e7\u00e3o verbal com os verbos que trocam de vogal<\/p>\n\n\n\n<p><strong>Autoria: <\/strong>Ta\u00eds Caires Rodrigues&nbsp;<\/p>\n\n\n\n<p><strong>N\u00edvel: <\/strong>A1.1&nbsp;<\/p>\n","protected":false},"excerpt":{"rendered":"<p>Objetivos:&nbsp;\u25cf Fixa\u00e7\u00e3o das formas de conjuga\u00e7\u00e3o de verbos no&nbsp;Pr\u00e4sens (presente)&nbsp; Materiais:&nbsp;\u25cf V\u00eddeo do canal do Youtube Deutsch und Deutschland&nbsp;\u25cf Folha com regras para a conjuga\u00e7\u00e3o de verbos no presente&nbsp;\u25cf Atividades de conjuga\u00e7\u00e3o extra\u00eddas da Grammatik Aktiv (A1 &#8211; B1)&nbsp;\u25cf Atividade de Quiz no Wordwall Etapa 1:&nbsp; Antes da aula, o [&hellip;]<\/p>\n","protected":false},"author":19,"featured_media":0,"parent":0,"menu_order":0,"comment_status":"closed","ping_status":"closed","template":"","meta":{"_monsterinsights_skip_tracking":false,"_monsterinsights_sitenote_active":false,"_monsterinsights_sitenote_note":"","_monsterinsights_sitenote_category":0,"footnotes":""},"class_list":["post-1629","page","type-page","status-publish","hentry"],"_links":{"self":[{"href":"https:\/\/raple.fclar.unesp.br\/alemao\/wp-json\/wp\/v2\/pages\/1629","targetHints":{"allow":["GET"]}}],"collection":[{"href":"https:\/\/raple.fclar.unesp.br\/alemao\/wp-json\/wp\/v2\/pages"}],"about":[{"href":"https:\/\/raple.fclar.unesp.br\/alemao\/wp-json\/wp\/v2\/types\/page"}],"author":[{"embeddable":true,"href":"https:\/\/raple.fclar.unesp.br\/alemao\/wp-json\/wp\/v2\/users\/19"}],"replies":[{"embeddable":true,"href":"https:\/\/raple.fclar.unesp.br\/alemao\/wp-json\/wp\/v2\/comments?post=1629"}],"version-history":[{"count":3,"href":"https:\/\/raple.fclar.unesp.br\/alemao\/wp-json\/wp\/v2\/pages\/1629\/revisions"}],"predecessor-version":[{"id":2173,"href":"https:\/\/raple.fclar.unesp.br\/alemao\/wp-json\/wp\/v2\/pages\/1629\/revisions\/2173"}],"wp:attachment":[{"href":"https:\/\/raple.fclar.unesp.br\/alemao\/wp-json\/wp\/v2\/media?parent=1629"}],"curies":[{"name":"wp","href":"https:\/\/api.w.org\/{rel}","templated":true}]}}