{"id":1697,"date":"2021-12-12T12:46:03","date_gmt":"2021-12-12T15:46:03","guid":{"rendered":"https:\/\/raple.fclar.unesp.br\/alemao\/?page_id=1697"},"modified":"2025-05-20T10:59:31","modified_gmt":"2025-05-20T13:59:31","slug":"wohnen","status":"publish","type":"page","link":"https:\/\/raple.fclar.unesp.br\/alemao\/wohnen\/","title":{"rendered":"Wohnen"},"content":{"rendered":"\n<div class=\"wp-block-columns is-layout-flex wp-container-core-columns-is-layout-9d6595d7 wp-block-columns-is-layout-flex\">\n<div class=\"wp-block-column is-layout-flow wp-block-column-is-layout-flow\">\n<p><strong>Objetivos<\/strong>:<\/p>\n\n\n\n<ul class=\"wp-block-list\">\n<li>Expressar-se sobre o tema <strong>Wohnen<\/strong><\/li>\n\n\n\n<li>Fixa\u00e7\u00e3o de vocabul\u00e1rio sobre essa tem\u00e1tica<\/li>\n<\/ul>\n<\/div>\n\n\n\n<div class=\"wp-block-column is-layout-flow wp-block-column-is-layout-flow\">\n<p><strong>Materiais<\/strong>:<\/p>\n\n\n\n<ul class=\"wp-block-list\" id=\"block-4f716073-ce7d-4a15-b6b9-672f7931cecd\">\n<li>Lista de vocabul\u00e1rio a ser apresentado aos alunos<\/li>\n\n\n\n<li>Padlet; sites de imobili\u00e1rias<\/li>\n\n\n\n<li>Filme do youtube: <a href=\"https:\/\/www.youtube.com\/watch?v=CgMWnmoKiDc\" target=\"_blank\" rel=\"noreferrer noopener\">Deutschlandlabor- Folge 6: Wohnen<\/a>. (acesso em 26\/11\/2021)<\/li>\n<\/ul>\n<\/div>\n<\/div>\n\n\n\n<p><strong>Etapa 1<\/strong>:<br>Reunir vocabul\u00e1rio conhecido\/introduzir vocabul\u00e1rio novo a partir de algumas perguntas centrais que aparecem no v\u00eddeo. Para tanto, criar um quadro no Padlet (vide. p. ex. meu quadro em https:\/\/padlet.com\/cibeleroz\/i2agm01510kujiqt ), ou seja, colocar em colunas as perguntas:<\/p>\n\n\n\n<figure class=\"wp-block-table\"><table><tbody><tr><td><em>Was ist f\u00fcr dich an einer Wohnung wichtig?<br>Wie leben die Studenten\/ Leute meisten in \u2026\u2026\u2026\u2026\u2026\u2026.(deiner\/Ihrer Stadt)?<br>Gibt es typische H\u00e4user in deiner Stadt?<\/em><\/td><\/tr><\/tbody><\/table><\/figure>\n\n\n\n<p><br>\u00c9 importante que sejam introduzidas aos alunos as seguintes palavras\/express\u00f5es que aparecer\u00e3o no v\u00eddeo:<\/p>\n\n\n\n<figure class=\"wp-block-table\"><table><tbody><tr><td>das Holz=madeira<br>der Stoff=tecido<\/td><td>viele haben ou manche<br>haben=muitos t\u00eam\u2026.alguns<br>t\u00eam<\/td><td>durchschnittlich=em m\u00e9dia<\/td><\/tr><tr><td>die Badewanne=banheira<\/td><td>alleine leben=viver sozinho<\/td><td>der Haushalt=todo o<br>gerenciamento da casa<\/td><\/tr><tr><td>der eigene private Raum=o<br>espa\u00e7o individual<\/td><td>zu Miete wohnen=morar de<br>aluguel<\/td><td>eine eigene Immobilie<br>besitzen=ter im\u00f3vel\/casa<br>pr\u00f3pria<\/td><\/tr><tr><td>ein Haustier haben=ter animal<br>de estima\u00e7\u00e3o<\/td><td>Experten geben<br>Tipps=especialistas d\u00e3o dicas<\/td><td>ein Haus einrichten<\/td><\/tr><tr><td>gem\u00fctlich<\/td><td>Gl\u00fcck haben<\/td><td>die Wohngemeinschaft<\/td><\/tr><tr><td>die Mehrheit=a maioria<\/td><td>eine gutausgetattete<br>K\u00fcche=uma cozinha bem<br>equipada<\/td><td><\/td><\/tr><\/tbody><\/table><\/figure>\n\n\n\n<p><br><strong>Etapa 2<\/strong>:<br>Nessa etapa \u00e9 apresentado um v\u00eddeo produzido pelo Instituto Goethe aos alunos sobre o tema Wohnen. O v\u00eddeo \u00e9 de apenas 4:52 minutos. Pedir que os alunos assistam ao v\u00eddeo uma primeira vez. Antes, por\u00e9m eles devem ler e compreender as seguintes perguntas formuladas no v\u00eddeo pelos entrevistadores.<\/p>\n\n\n\n<p><br>1) Wie wohnen die Deutschen?<br>2) Was ist typich f\u00fcr deutsche Wohnung?<br>3) Was ist den Deutschen an einer Wohnung wichtig?<br>4) Wie macht man eine Wohnung gem\u00fctlich?<br>5) Wo suchen Nina und David eine Wohnung? Was ist ihr Problem?<\/p>\n\n\n\n<p><br>Tendo esclarecido as perguntas, os alunos assistem ao v\u00eddeo e fazem anota\u00e7\u00f5es (individualmente) sobre as respostas mencionadas. Depois, discuss\u00e3o das respostas, primeiramente em duplas e depois no grupo todo. Poss\u00edveis respostas:<\/p>\n\n\n\n<figure class=\"wp-block-table\"><table><tbody><tr><td>1) Wie wohnen die Deutschen?<br>Viele leben alleine, die Mehrheit lebt zu Miete; nur 33% besitzen eine Immobilien;<br>viele leben in Einfamilienh\u00e4user, viele haben Haustiere<\/td><\/tr><tr><td>2) Was ist typich f\u00fcr deutsche Wohnung?<br>Licht; eine gutausgestattete K\u00fcche; viel Holz; Altbau.<br>Es gibt keine typische deutsche Wohnung<\/td><\/tr><tr><td>3) Was ist den Deutschen an einer Wohnung wichtig?<br>dasBett; der eigene Privatraum; die Badewanne<\/td><\/tr><tr><td>4)Wie macht man eine Wohnung gem\u00fctlich?<br>Deutchen sind sehr gerne zu Hause, besonders in der K\u00fcche<\/td><\/tr><tr><td>5) Wo suchen Nina und David eine Wohnung? Was ist ihr Problem?<br>In M\u00fcnchen. Die Wohnungen sind in M\u00fcnchen sehr teuer.<\/td><\/tr><\/tbody><\/table><\/figure>\n\n\n\n<p><br>Alunos assistem mais uma vez ao v\u00eddeo para checar as informa\u00e7\u00f5es trocadas entre os colegas e reunir poss\u00edveis novas informa\u00e7\u00f5es. Informa\u00e7\u00e3o sobre \u201cLandeskunde\u201d: de forma geral, os alem\u00e3es passam muito tempo dentro de suas casas, e gostam de receber pessoas. A express\u00e3o \u201cgem\u00fctlich zu Hause bleiben\u201d, significa ficar em casa em ambiente de aconchego e \u00e9 bastante comum em muitos contextos. Os apartamentos em cidades grandes s\u00e3o extremamente caros e constuti-se um problema para muitas pessoas.<\/p>\n\n\n\n<p><br><strong>Etapa 3<\/strong>:<br>Para promover a discuss\u00e3o final, divida a turma em duplas. As duplas devem imaginar que querem alugar uma casa ou um apartamento em sua cidade para montar uma rep\u00fablica ou morar com a fam\u00edlia. Para tanto, elas devem pesquisar em sites de imobili\u00e1rias e discutir 2 im\u00f3veis pelo menos (em alem\u00e3o!): wie viele Zimmer? Welche sind sie? Sind sie gro\u03b2 oder klein? Ist die Wohnung\/das Haus teuer oder billig? Was ist wichtig f\u00fcr sie in der Wohnung?<br>Relembrar adjetivos<br>gro\u03b2 \u2013 klein<br>hell- dunkel<br>laut-ruhig<br>alt-neu<br>sch\u00f6n- h\u00e4\u03b2lich<\/p>\n\n\n\n<p><strong>Autoria<\/strong>: Prof\u00aa Cibele Cecilio de Faria Rozenfeld<br><strong>N\u00edvel<\/strong>: A1<\/p>\n","protected":false},"excerpt":{"rendered":"<p>Objetivos: Materiais: Etapa 1:Reunir vocabul\u00e1rio conhecido\/introduzir vocabul\u00e1rio novo a partir de algumas perguntas centrais que aparecem no v\u00eddeo. Para tanto, criar um quadro no Padlet (vide. p. ex. meu quadro em https:\/\/padlet.com\/cibeleroz\/i2agm01510kujiqt ), ou seja, colocar em colunas as perguntas: Was ist f\u00fcr dich an einer Wohnung wichtig?Wie leben die [&hellip;]<\/p>\n","protected":false},"author":19,"featured_media":0,"parent":0,"menu_order":0,"comment_status":"closed","ping_status":"closed","template":"","meta":{"_monsterinsights_skip_tracking":false,"_monsterinsights_sitenote_active":false,"_monsterinsights_sitenote_note":"","_monsterinsights_sitenote_category":0,"footnotes":""},"class_list":["post-1697","page","type-page","status-publish","hentry"],"_links":{"self":[{"href":"https:\/\/raple.fclar.unesp.br\/alemao\/wp-json\/wp\/v2\/pages\/1697","targetHints":{"allow":["GET"]}}],"collection":[{"href":"https:\/\/raple.fclar.unesp.br\/alemao\/wp-json\/wp\/v2\/pages"}],"about":[{"href":"https:\/\/raple.fclar.unesp.br\/alemao\/wp-json\/wp\/v2\/types\/page"}],"author":[{"embeddable":true,"href":"https:\/\/raple.fclar.unesp.br\/alemao\/wp-json\/wp\/v2\/users\/19"}],"replies":[{"embeddable":true,"href":"https:\/\/raple.fclar.unesp.br\/alemao\/wp-json\/wp\/v2\/comments?post=1697"}],"version-history":[{"count":2,"href":"https:\/\/raple.fclar.unesp.br\/alemao\/wp-json\/wp\/v2\/pages\/1697\/revisions"}],"predecessor-version":[{"id":2175,"href":"https:\/\/raple.fclar.unesp.br\/alemao\/wp-json\/wp\/v2\/pages\/1697\/revisions\/2175"}],"wp:attachment":[{"href":"https:\/\/raple.fclar.unesp.br\/alemao\/wp-json\/wp\/v2\/media?parent=1697"}],"curies":[{"name":"wp","href":"https:\/\/api.w.org\/{rel}","templated":true}]}}