{"id":1833,"date":"2022-10-22T11:40:48","date_gmt":"2022-10-22T14:40:48","guid":{"rendered":"https:\/\/raple.fclar.unesp.br\/alemao\/?page_id=1833"},"modified":"2024-04-09T17:07:27","modified_gmt":"2024-04-09T20:07:27","slug":"leituras-videos-e-audios","status":"publish","type":"page","link":"https:\/\/raple.fclar.unesp.br\/alemao\/leituras-videos-e-audios\/","title":{"rendered":"Leituras, v\u00eddeos e \u00e1udios"},"content":{"rendered":"\n<figure class=\"wp-block-image size-large\"><img loading=\"lazy\" decoding=\"async\" width=\"1024\" height=\"85\" src=\"https:\/\/raple.fclar.unesp.br\/alemao\/wp-content\/uploads\/sites\/2\/2022\/10\/wide_videos-1024x85.png\" alt=\"\" class=\"wp-image-1838\" srcset=\"https:\/\/raple.fclar.unesp.br\/alemao\/wp-content\/uploads\/sites\/2\/2022\/10\/wide_videos-1024x85.png 1024w, https:\/\/raple.fclar.unesp.br\/alemao\/wp-content\/uploads\/sites\/2\/2022\/10\/wide_videos-300x25.png 300w, https:\/\/raple.fclar.unesp.br\/alemao\/wp-content\/uploads\/sites\/2\/2022\/10\/wide_videos-768x64.png 768w, https:\/\/raple.fclar.unesp.br\/alemao\/wp-content\/uploads\/sites\/2\/2022\/10\/wide_videos.png 1080w\" sizes=\"auto, (max-width: 1024px) 100vw, 1024px\" \/><\/figure>\n\n\n\n<div class=\"wp-block-columns is-layout-flex wp-container-core-columns-is-layout-9d6595d7 wp-block-columns-is-layout-flex\">\n<div class=\"wp-block-column is-layout-flow wp-block-column-is-layout-flow\">\n<p><strong>R\u00e1dios:<br><a href=\"http:\/\/fxalternativeradio.com\/\" target=\"_blank\" rel=\"noreferrer noopener\"><\/a><a href=\"http:\/\/www.dw.com\/de\/deutsch-lernen\/nachrichten\/s-8030\"><\/a><strong><a href=\"https:\/\/www.radio.de\/\" target=\"_blank\" rel=\"noreferrer noopener\">radio.de<\/a><\/strong><\/strong><br><strong><a href=\"https:\/\/kiisfm.iheart.com\/\" target=\"_blank\" rel=\"noreferrer noopener\"><\/a><a href=\"http:\/\/www.spiegel.de\/\"><\/a><strong><a href=\"http:\/\/radio.garden\/\" target=\"_blank\" rel=\"noreferrer noopener\">Radio Garden<\/a><\/strong><a href=\"http:\/\/www.zeit.de\/index\"> <strong>(<\/strong><\/a><strong><a href=\"https:\/\/www.youtube.com\/watch?v=i7d6Hc42RoA&amp;feature=youtu.be\" target=\"_blank\" rel=\"noreferrer noopener\">Para assistir o tutorial em ingl\u00eas, clique aqui<\/a>)<\/strong><\/strong><\/p>\n\n\n\n<p><strong><a rel=\"noreferrer noopener\" href=\"https:\/\/www.jamendo.com\/?language=pt\" target=\"_blank\">Jamendo Music<\/a><\/strong> &#8211; uma comunidade de m\u00fasica relativamente livre. Por meio do pagamento de uma assinatura, docentes e discentes podem acessar m\u00fasicas livres de direitos autorais e utiliz\u00e1-las em trabalhos como a produ\u00e7\u00e3o de filmes, document\u00e1rios, pe\u00e7as teatrais, etc.<\/p>\n\n\n\n<p><strong>Playlists:<\/strong><\/p>\n\n\n\n<p><strong><a href=\"https:\/\/www.youtube.com\/playlist?list=PLquImyRfMt6dVHL4MxFXMILrFh86H_HAc\">DEUTSCHLANDLAB<\/a><\/strong><a href=\"https:\/\/www.youtube.com\/playlist?list=PLquImyRfMt6dVHL4MxFXMILrFh86H_HAc\" target=\"_blank\" rel=\"noreferrer noopener\"><strong>OR<\/strong> <\/a>&#8211; uma <em>playlist <\/em>do Instituto Goethe que re\u00fane filmes curtos sobre diferentes aspectos da cultura alem\u00e3.<\/p>\n<\/div>\n\n\n\n<div class=\"wp-block-column is-layout-flow wp-block-column-is-layout-flow\">\n<p><strong>V\u00eddeos:<\/strong><br><strong><a href=\"https:\/\/www.youtube.com\/\" target=\"_blank\" rel=\"noreferrer noopener\">Youtube (Tutorial em Ingl\u00eas)<\/a><\/strong><br><a href=\"https:\/\/www.youtube.com\/channel\/UCbxb2fqe9oNgglAoYqsYOtQ\" target=\"_blank\" rel=\"noreferrer noopener\"><strong>Easy German <\/strong><\/a>&#8211; Site com v\u00eddeos no youtube. Os v\u00eddeos s\u00e3o em Alem\u00e3o, e fornecem um material aut\u00eantico da l\u00edngua.<br><strong><a href=\"https:\/\/www.youtube.com\/c\/DeutschundDeutschland\/featured\" target=\"_blank\" rel=\"noreferrer noopener\">Deutsch und Deutschland<\/a><\/strong>&#8211; Canal do youtube com explica\u00e7\u00f5es de t\u00f3picos gramaticais e outros conte\u00fados relevantes.<br><a href=\"https:\/\/www.youtube.com\/watch?v=UcIPAdnXcRY\" target=\"_blank\" rel=\"noreferrer noopener\"><strong>Canais para aprender Alem\u00e3o<\/strong><\/a> &#8211; Um v\u00eddeo do canal Deutsch und Deutschland, que cont\u00e9m indica\u00e7\u00f5es de canais para praticar a compreens\u00e3o do alem\u00e3o.<\/p>\n\n\n\n<p><strong><a href=\"https:\/\/www.imdb.com\/\" target=\"_blank\" rel=\"noreferrer noopener\">IMDb Filmes<\/a> =<\/strong> IMDb Filmes \u00e9 um aplicativo voltado ao mundo do audiovisual. Nesta ferramenta, s\u00e3o apresentados v\u00eddeos, avalia\u00e7\u00f5es e outras informa\u00e7\u00f5es sobre filmes, s\u00e9ries, comerciais, atrizes e atores. Outras fun\u00e7\u00f5es do recurso s\u00e3o a possibilidade de se atribuir notas e criar listas relativas aos filmes assistidos.&nbsp;<br><em>Indica\u00e7\u00e3o por L\u00edvia dos Santos Marques<\/em>&nbsp;<\/p>\n<\/div>\n<\/div>\n\n\n\n<figure class=\"wp-block-image size-large\"><img loading=\"lazy\" decoding=\"async\" width=\"1024\" height=\"85\" src=\"https:\/\/raple.fclar.unesp.br\/alemao\/wp-content\/uploads\/sites\/2\/2022\/10\/wide_leituras-1024x85.png\" alt=\"\" class=\"wp-image-1836\" srcset=\"https:\/\/raple.fclar.unesp.br\/alemao\/wp-content\/uploads\/sites\/2\/2022\/10\/wide_leituras-1024x85.png 1024w, https:\/\/raple.fclar.unesp.br\/alemao\/wp-content\/uploads\/sites\/2\/2022\/10\/wide_leituras-300x25.png 300w, https:\/\/raple.fclar.unesp.br\/alemao\/wp-content\/uploads\/sites\/2\/2022\/10\/wide_leituras-768x64.png 768w, https:\/\/raple.fclar.unesp.br\/alemao\/wp-content\/uploads\/sites\/2\/2022\/10\/wide_leituras.png 1080w\" sizes=\"auto, (max-width: 1024px) 100vw, 1024px\" \/><\/figure>\n\n\n\n<div class=\"wp-block-columns is-layout-flex wp-container-core-columns-is-layout-9d6595d7 wp-block-columns-is-layout-flex\">\n<div class=\"wp-block-column is-layout-flow wp-block-column-is-layout-flow\">\n<p><strong><a rel=\"noreferrer noopener\" href=\"https:\/\/www.goethe.de\/prj\/dfd\/de\/home.cfm\" target=\"_blank\">Goethe Institut<\/a> &#8211;<\/strong> Neste site o aluno ou o professor encontrar\u00e3o conte\u00fados e atividades dividas por n\u00edveis e temas.<\/p>\n\n\n\n<p><strong><a href=\"https:\/\/www.dw.com\/pt-br\/aprender-alem%C3%A3o\/s-2199\" target=\"_blank\" rel=\"noreferrer noopener\">Deutsche Welle<\/a><\/strong> &#8211; Site que cont\u00e9m cursos de Alem\u00e3o em Portugu\u00eas e em Ingl\u00eas, com v\u00eddeos, s\u00e9ries e exerc\u00edcios<\/p>\n\n\n\n<p><strong>Revistas:<\/strong><br><strong><a rel=\"noreferrer noopener\" href=\"https:\/\/www.deutsch-perfekt.com\/\" target=\"_blank\">Deutsch Perfekt<\/a> <\/strong>&#8211; Revista com caderno de exerc\u00edcios, \u00e1udios e informa\u00e7\u00f5es socioculturais sobre pa\u00edses falantes de l\u00edngua alem\u00e3.<strong><br><a rel=\"noreferrer noopener\" href=\"https:\/\/www.fluter.de\/\" target=\"_blank\">Fluter<\/a><\/strong><\/p>\n<\/div>\n\n\n\n<div class=\"wp-block-column is-layout-flow wp-block-column-is-layout-flow\">\n<p id=\"block-484d1e58-5d19-4870-9903-84df5412df7e\"><strong>Jornais:<br><a rel=\"noreferrer noopener\" href=\"http:\/\/www.dw.com\/de\/deutsch-lernen\/nachrichten\/s-8030\" target=\"_blank\">Deutsche Welle<\/a><\/strong><br><strong><a rel=\"noreferrer noopener\" href=\"http:\/\/www.spiegel.de\/\" target=\"_blank\">Der Spiegel<\/a><br><a rel=\"noreferrer noopener\" href=\"http:\/\/www.zeit.de\/index\" target=\"_blank\">Zeit online<\/a><br><a rel=\"noreferrer noopener\" href=\"http:\/\/www.fr-online.de\/home\/1472778,1472778.html\" target=\"_blank\">Frankfurter Rundschau<\/a><\/strong><\/p>\n\n\n\n<p id=\"block-d18dea4e-d70d-4ae6-9f85-3a5633c05dc4\"><strong>Editoras:<\/strong><br><strong><a rel=\"noreferrer noopener\" href=\"https:\/\/www.hueber.de\/\" target=\"_blank\">Hueber<\/a><br><a rel=\"noreferrer noopener\" href=\"https:\/\/www.klett.de\/\" target=\"_blank\">Klett<\/a><\/strong><\/p>\n<\/div>\n<\/div>\n","protected":false},"excerpt":{"rendered":"<p>R\u00e1dios:radio.deRadio Garden (Para assistir o tutorial em ingl\u00eas, clique aqui) Jamendo Music &#8211; uma comunidade de m\u00fasica relativamente livre. Por meio do pagamento de uma assinatura, docentes e discentes podem acessar m\u00fasicas livres de direitos autorais e utiliz\u00e1-las em trabalhos como a produ\u00e7\u00e3o de filmes, document\u00e1rios, pe\u00e7as teatrais, etc. Playlists: [&hellip;]<\/p>\n","protected":false},"author":19,"featured_media":1611,"parent":0,"menu_order":0,"comment_status":"closed","ping_status":"closed","template":"","meta":{"_monsterinsights_skip_tracking":false,"_monsterinsights_sitenote_active":false,"_monsterinsights_sitenote_note":"","_monsterinsights_sitenote_category":0,"footnotes":""},"class_list":["post-1833","page","type-page","status-publish","has-post-thumbnail","hentry"],"_links":{"self":[{"href":"https:\/\/raple.fclar.unesp.br\/alemao\/wp-json\/wp\/v2\/pages\/1833","targetHints":{"allow":["GET"]}}],"collection":[{"href":"https:\/\/raple.fclar.unesp.br\/alemao\/wp-json\/wp\/v2\/pages"}],"about":[{"href":"https:\/\/raple.fclar.unesp.br\/alemao\/wp-json\/wp\/v2\/types\/page"}],"author":[{"embeddable":true,"href":"https:\/\/raple.fclar.unesp.br\/alemao\/wp-json\/wp\/v2\/users\/19"}],"replies":[{"embeddable":true,"href":"https:\/\/raple.fclar.unesp.br\/alemao\/wp-json\/wp\/v2\/comments?post=1833"}],"version-history":[{"count":4,"href":"https:\/\/raple.fclar.unesp.br\/alemao\/wp-json\/wp\/v2\/pages\/1833\/revisions"}],"predecessor-version":[{"id":1960,"href":"https:\/\/raple.fclar.unesp.br\/alemao\/wp-json\/wp\/v2\/pages\/1833\/revisions\/1960"}],"wp:featuredmedia":[{"embeddable":true,"href":"https:\/\/raple.fclar.unesp.br\/alemao\/wp-json\/wp\/v2\/media\/1611"}],"wp:attachment":[{"href":"https:\/\/raple.fclar.unesp.br\/alemao\/wp-json\/wp\/v2\/media?parent=1833"}],"curies":[{"name":"wp","href":"https:\/\/api.w.org\/{rel}","templated":true}]}}