{"id":1840,"date":"2022-10-22T11:45:27","date_gmt":"2022-10-22T14:45:27","guid":{"rendered":"https:\/\/raple.fclar.unesp.br\/alemao\/?page_id=1840"},"modified":"2025-08-14T15:16:22","modified_gmt":"2025-08-14T18:16:22","slug":"aplicativos-e-jogos","status":"publish","type":"page","link":"https:\/\/raple.fclar.unesp.br\/alemao\/aplicativos-e-jogos\/","title":{"rendered":"Aplicativos e Jogos"},"content":{"rendered":"\n<figure class=\"wp-block-image size-large\"><img loading=\"lazy\" decoding=\"async\" width=\"1024\" height=\"85\" src=\"https:\/\/raple.fclar.unesp.br\/alemao\/wp-content\/uploads\/sites\/2\/2022\/06\/wide_goethe-1-1024x85.png\" alt=\"\" class=\"wp-image-1759\" srcset=\"https:\/\/raple.fclar.unesp.br\/alemao\/wp-content\/uploads\/sites\/2\/2022\/06\/wide_goethe-1-1024x85.png 1024w, https:\/\/raple.fclar.unesp.br\/alemao\/wp-content\/uploads\/sites\/2\/2022\/06\/wide_goethe-1-300x25.png 300w, https:\/\/raple.fclar.unesp.br\/alemao\/wp-content\/uploads\/sites\/2\/2022\/06\/wide_goethe-1-768x64.png 768w, https:\/\/raple.fclar.unesp.br\/alemao\/wp-content\/uploads\/sites\/2\/2022\/06\/wide_goethe-1.png 1080w\" sizes=\"auto, (max-width: 1024px) 100vw, 1024px\" \/><\/figure>\n\n\n\n<p><strong><a rel=\"noreferrer noopener\" href=\"https:\/\/www.goethe.de\/prj\/mwd\/de\/startseite.html?wt_sc=meinwegnachdeutschland\" target=\"_blank\">Meu caminho para a alemanha<\/a><\/strong> \u2013 Nessa se\u00e7\u00e3o do Goethe Institut, est\u00e3o dispon\u00edveis incont\u00e1veis textos, v\u00eddeos e \u00e1udios sobre residir e mudar-se para a Alemanha. De quest\u00f5es de passaporte e transporte at\u00e9 direitos civis fundamentais e trabalhos, pode-se sanar qualquer d\u00favida relacionada \u00e0 Alemanha. Al\u00e9m disso, est\u00e3o dispon\u00edveis jogos e desafios para testar o n\u00edvel de l\u00edngua alemanha.<\/p>\n\n\n\n<p><a href=\"https:\/\/www.goethe.de\/de\/spr\/ueb\/tnb.html?wt_sc=ticketnachberlin\" target=\"_blank\" rel=\"noreferrer noopener\"><strong>Ticket para Berlin<\/strong><\/a> \u2013 Nessa experi\u00eancia audiovisual interativa do Goethe Institut, o aluno vai acompanhar dois times de estudantes viajando para diferentes cidades da Alemanha, passando por in\u00fameros lugares e conhecendo muito ao longo do caminho. Adicionalmente aos 18 epis\u00f3dios tamb\u00e9m est\u00e3o dispon\u00edveis jogos interativos para o aluno exercitar o que descobriu.<\/p>\n\n\n\n<p><a rel=\"noreferrer noopener\" href=\"https:\/\/www.goethe.de\/de\/spr\/ueb\/dt1.html?wt_sc=deutschtrainer\" target=\"_blank\"><strong>Deutschtrainer A1<\/strong><\/a> \u2013 Nesse aplicativo para Android ou iOS do Goethe Institut, o aluno vai ter a oportunidade de aprender a contar, os nomes de comidas, falar as horas, planejar uma viagem e muito mais. De jogo da mem\u00f3ria a cruzadinhas, \u00e9 uma ferramenta perfeita para promover o aprendizado individual de alunos n\u00edvel A1.<\/p>\n\n\n\n<p><a href=\"http:\/\/goethe.de\/dfd\" target=\"_blank\" rel=\"noreferrer noopener\"><strong>Deutsch f\u00fcr Dich<\/strong><\/a> \u2013 Plataforma gratuita do Goethe-Institut, na qual \u00e9 poss\u00edvel acessar exerc\u00edcios de alem\u00e3o &#8211; para ouvir, ler e escrever &#8211; em diferentes n\u00edveis. Tamb\u00e9m permite que o usu\u00e1rio converse com pessoas do mundo inteiro para praticar o idioma.\u00a0<\/p>\n\n\n\n<p><strong><a href=\"https:\/\/pt.duolingo.com\/\" data-type=\"URL\" data-id=\"https:\/\/pt.duolingo.com\/\" target=\"_blank\" rel=\"noreferrer noopener\">DUOLINGO<\/a><\/strong> &#8211; Duolingo \u00e9 uma das ferramentas mais usadas por estudantes de l\u00ednguas estrangeiras. Dentro de sua plataforma existem diversas l\u00ednguas para se aprender, at\u00e9 mesmo l\u00ednguas de mundos fantasiosos, como o Alto Valiriano, falado pelos senhores de drag\u00e3o criados por George Martin em As Cr\u00f4nicas de Gelo e Fogo. A L\u00edngua Alem\u00e3 tamb\u00e9m faz parte da ampla gama de idiomas que a plataforma oferece aos seus usu\u00e1rios, oferecendo cursos simples e sofisticados de forma gratuita, com exerc\u00edcios pr\u00e1ticos de fala, escrita, leitura e escuta, expandindo o repert\u00f3rio do aluno pouco a pouco, em li\u00e7\u00f5es cadenciadas e r\u00e1pidas.<\/p>\n\n\n\n<p><strong><a href=\"https:\/\/beelinguapp.com\/\" data-type=\"URL\" data-id=\"https:\/\/beelinguapp.com\/\" target=\"_blank\" rel=\"noreferrer noopener\">BEELINGUAPP<\/a><\/strong> &#8211; Beelinguapp \u00e9 um aplicativo que te permite praticar de forma exemplar a leitura em l\u00edngua estrangeira, al\u00e9m de praticar a escuta. N\u00e3o possui programas, mas disponibiliza aos seus usu\u00e1rios textos diversos, como: biografias, f\u00e1bulas, artigos e muito mais. A leitura dos textos na plataforma \u00e9 conduzida com a tradu\u00e7\u00e3o do que est\u00e1 sendo lido, al\u00e9m de um \u00e1udio na l\u00edngua original do texto, que permite n\u00e3o s\u00f3 o aperfei\u00e7oamento da leitura, mas tamb\u00e9m da escuta, formando um combo interessante para alunos de l\u00ednguas estrangeiras.<\/p>\n\n\n\n<p><strong><a href=\"https:\/\/kahoot.com\/\" target=\"_blank\" rel=\"noreferrer noopener\">Kahoot<\/a><\/strong>&nbsp;\u2013 Kahoot! \u00e9 uma plataforma online de aprendizagem baseada em jogos, funcionando como um sistema de testes de m\u00faltipla escolha e acumula\u00e7\u00f5es de pontos, que pode ser acessado por computadores, tablets ou celulares. Atualmente, a ferramenta \u00e9 comumente utilizada como tecnologia educacional em escolas e outras institui\u00e7\u00f5es de ensino, j\u00e1 que ela possibilita aos professores a cria\u00e7\u00e3o de question\u00e1rios personalizados e tamb\u00e9m oferece uma variedade de modelos prontos. O Kahoot! pode ser utilizado para o ensino de diversos conte\u00fados dentro da sala de aula, sendo frequentemente aplicado na revis\u00e3o de conte\u00fados j\u00e1 vistos.<\/p>\n\n\n\n<p><strong><a href=\"https:\/\/www.baamboozle.com\/\" target=\"_blank\" rel=\"noreferrer noopener\">Baamboozle<\/a><\/strong> &#8211; Baamboozle \u00e9 uma plataforma de jogos educacionais online, que utiliza um sistema de separa\u00e7\u00e3o de times e pontos para atrair a aten\u00e7\u00e3o do aluno. O site oferece uma ampla sele\u00e7\u00e3o de jogos de cartas prontos para uso, al\u00e9m de possibilitar a cria\u00e7\u00e3o de jogos personalizados, facilitando o engajamento dos discentes em diversos n\u00edveis de ensino e disciplinas, desde a aprendizagem de l\u00ednguas at\u00e9 a educa\u00e7\u00e3o geral. Atualmente, a ferramenta disponibiliza uma s\u00e9rie de outros jogos j\u00e1 conhecidos, por\u00e9m pagos, entre eles: <em>Tic Tac Toe<\/em>, <em>Snakes and Ladders <\/em>e <em>Four in a Row<\/em>. A plataforma \u00e9 altamente proveitosa para a revis\u00e3o de conte\u00fados, a introdu\u00e7\u00e3o de novos temas ou a avalia\u00e7\u00e3o do entendimento dos estudantes de maneira l\u00fadica.<\/p>\n","protected":false},"excerpt":{"rendered":"<p>Meu caminho para a alemanha \u2013 Nessa se\u00e7\u00e3o do Goethe Institut, est\u00e3o dispon\u00edveis incont\u00e1veis textos, v\u00eddeos e \u00e1udios sobre residir e mudar-se para a Alemanha. De quest\u00f5es de passaporte e transporte at\u00e9 direitos civis fundamentais e trabalhos, pode-se sanar qualquer d\u00favida relacionada \u00e0 Alemanha. Al\u00e9m disso, est\u00e3o dispon\u00edveis jogos e [&hellip;]<\/p>\n","protected":false},"author":19,"featured_media":0,"parent":0,"menu_order":0,"comment_status":"closed","ping_status":"closed","template":"","meta":{"_monsterinsights_skip_tracking":false,"_monsterinsights_sitenote_active":false,"_monsterinsights_sitenote_note":"","_monsterinsights_sitenote_category":0,"footnotes":""},"class_list":["post-1840","page","type-page","status-publish","hentry"],"_links":{"self":[{"href":"https:\/\/raple.fclar.unesp.br\/alemao\/wp-json\/wp\/v2\/pages\/1840","targetHints":{"allow":["GET"]}}],"collection":[{"href":"https:\/\/raple.fclar.unesp.br\/alemao\/wp-json\/wp\/v2\/pages"}],"about":[{"href":"https:\/\/raple.fclar.unesp.br\/alemao\/wp-json\/wp\/v2\/types\/page"}],"author":[{"embeddable":true,"href":"https:\/\/raple.fclar.unesp.br\/alemao\/wp-json\/wp\/v2\/users\/19"}],"replies":[{"embeddable":true,"href":"https:\/\/raple.fclar.unesp.br\/alemao\/wp-json\/wp\/v2\/comments?post=1840"}],"version-history":[{"count":8,"href":"https:\/\/raple.fclar.unesp.br\/alemao\/wp-json\/wp\/v2\/pages\/1840\/revisions"}],"predecessor-version":[{"id":2213,"href":"https:\/\/raple.fclar.unesp.br\/alemao\/wp-json\/wp\/v2\/pages\/1840\/revisions\/2213"}],"wp:attachment":[{"href":"https:\/\/raple.fclar.unesp.br\/alemao\/wp-json\/wp\/v2\/media?parent=1840"}],"curies":[{"name":"wp","href":"https:\/\/api.w.org\/{rel}","templated":true}]}}