{"id":1868,"date":"2023-01-20T10:23:59","date_gmt":"2023-01-20T13:23:59","guid":{"rendered":"https:\/\/raple.fclar.unesp.br\/alemao\/?page_id=1868"},"modified":"2025-05-20T11:12:10","modified_gmt":"2025-05-20T14:12:10","slug":"1868-2","status":"publish","type":"page","link":"https:\/\/raple.fclar.unesp.br\/alemao\/1868-2\/","title":{"rendered":"Inventando e conectando"},"content":{"rendered":"\n<p><strong>Objetivos:<\/strong><\/p>\n\n\n\n<ul class=\"wp-block-list\">\n<li>Introdu\u00e7\u00e3o e pr\u00e1tica do uso de algumas conjun\u00e7\u00f5es.<\/li>\n<\/ul>\n\n\n\n<p><strong>Tempo: <\/strong>40 minutos &#8211; 1 hora<\/p>\n\n\n\n<p><strong>Etapa 1:<\/strong><\/p>\n\n\n\n<p><strong><\/strong>Como aquecimento pe\u00e7a para que os alunos liguem as ora\u00e7\u00f5es correspondentes<\/p>\n\n\n\n<div class=\"wp-block-columns is-layout-flex wp-container-core-columns-is-layout-9d6595d7 wp-block-columns-is-layout-flex\">\n<div class=\"wp-block-column is-layout-flow wp-block-column-is-layout-flow\">\n<p>1 Ich habe ihm ein Geschenk gekauft, aber&nbsp;<\/p>\n\n\n\n<p>2 Ich f\u00fchle mich krank, also<\/p>\n\n\n\n<p>3 Ich nehme den Bus, weil<\/p>\n\n\n\n<p>4 Wir sein freunde noch, aber<\/p>\n\n\n\n<p>5 Ich bin hungrig, also<\/p>\n\n\n\n<p>6 Ich mag Gem\u00fcse, weil<\/p>\n<\/div>\n\n\n\n<div class=\"wp-block-column is-layout-flow wp-block-column-is-layout-flow\">\n<p>a) Autos sind teuer<\/p>\n\n\n\n<p>b) Sie sind gesund<\/p>\n\n\n\n<p>c) er kommt nicht&nbsp;<\/p>\n\n\n\n<p>d) ich gehe zum Arzt<\/p>\n\n\n\n<p>e) er geht nicht ans telefon Ich werde etwas essen<\/p>\n\n\n\n<p>f) ich werde etwas essen<\/p>\n<\/div>\n<\/div>\n\n\n\n<p>Inicie a discuss\u00e3o perguntando aos alunos quais os conectores em alem\u00e3o utilizados para a constru\u00e7\u00e3o de uma hist\u00f3ria. Anote na lousa.&nbsp;<\/p>\n\n\n\n<p>(Exemplos: por causa disso = <strong>deswegen<\/strong>; depois disso = <strong>danach<\/strong>; mas = <strong>aber<\/strong>; antes disso =<strong>davor; <\/strong>ent\u00e3o=<strong>dann; <\/strong>por\u00e9m=<strong>jedoch; <\/strong>mais tarde=<strong>sp\u00e4ter;&nbsp; <\/strong>Por fim=<strong>schlie\u00dflich)<\/strong><\/p>\n\n\n\n<p><strong>Etapa 2<\/strong>:<\/p>\n\n\n\n<p>A fim de promover a fixa\u00e7\u00e3o do l\u00e9xico por parte dos alunos, projete ou disponibilize o seguinte quadro de ora\u00e7\u00f5es:<\/p>\n\n\n\n<hr class=\"wp-block-separator has-css-opacity\" \/>\n\n\n\n<p class=\"has-text-align-center\"><em>Ich habe kein Fahrrad * Ich gehe nicht ins Einkaufszentrum * Ich muss einen Job bekommen * Ich muss Sport machen * Ich muss besser essen * Ich muss meine Rechnungen bezahlen<\/em><\/p>\n\n\n\n<hr class=\"wp-block-separator has-css-opacity\" \/>\n\n\n\n<p>Proponha que juntem as ora\u00e7\u00f5es usando os conectivos apresentados anteriormente. N\u00e3o h\u00e1 respostas corretas, os alunos devem escrever conforme percebem algum&nbsp; sentido.<\/p>\n\n\n\n<p><strong>Etapa 3<\/strong>:<\/p>\n\n\n\n<p>Como atividade de di\u00e1logo e fixa\u00e7\u00e3o do l\u00e9xico, os alunos dever\u00e3o se reunir em duplas para realizar a atividade seguinte. Cada um vai escolher a foto de algum personagem ficcional (busca em celulares) ou de uma personalidade da grande m\u00eddia. A proposta \u00e9 que cada aluno descreva ao colega quem est\u00e1 na foto, o que estava fazendo, porque chegou ali e o que faria depois, utilizando as conjun\u00e7\u00f5es apresentadas. Ao final, quem quiser pode apresentar seu personagem para toda a sala.<\/p>\n\n\n\n<div class=\"wp-block-columns is-layout-flex wp-container-core-columns-is-layout-9d6595d7 wp-block-columns-is-layout-flex\">\n<div class=\"wp-block-column is-layout-flow wp-block-column-is-layout-flow\">\n<figure class=\"wp-block-image size-large\"><img decoding=\"async\" src=\"https:\/\/pbs.twimg.com\/media\/E-SU7ekVEAUMTUh?format=jpg&amp;name=small\" alt=\"\" \/><\/figure>\n<\/div>\n\n\n\n<div class=\"wp-block-column is-layout-flow wp-block-column-is-layout-flow\">\n<p>Das ist <em>Mads Mikkelsen<\/em>, Er ist Schauspieler.<\/p>\n\n\n\n<p>Er ist in einem \u201cStarbucks Caf\u00e9\u201d.<\/p>\n\n\n\n<p><strong>Davor <\/strong>war er an einem Filmset, aber er war sehr hungrig.<\/p>\n\n\n\n<p><strong>Deswegen<\/strong> geht er ins Caf\u00e9, um zu essen.<\/p>\n\n\n\n<p><strong>Danach <\/strong>geht er nach Hause.<\/p>\n<\/div>\n<\/div>\n\n\n\n<p><strong>Autoria: <\/strong>Pedro Marinelli de Carvalho<\/p>\n\n\n\n<p><strong>N\u00edvel: <\/strong>A2<\/p>\n","protected":false},"excerpt":{"rendered":"<p>Objetivos: Tempo: 40 minutos &#8211; 1 hora Etapa 1: Como aquecimento pe\u00e7a para que os alunos liguem as ora\u00e7\u00f5es correspondentes 1 Ich habe ihm ein Geschenk gekauft, aber&nbsp; 2 Ich f\u00fchle mich krank, also 3 Ich nehme den Bus, weil 4 Wir sein freunde noch, aber 5 Ich bin hungrig, [&hellip;]<\/p>\n","protected":false},"author":19,"featured_media":0,"parent":0,"menu_order":0,"comment_status":"closed","ping_status":"closed","template":"","meta":{"_monsterinsights_skip_tracking":false,"_monsterinsights_sitenote_active":false,"_monsterinsights_sitenote_note":"","_monsterinsights_sitenote_category":0,"footnotes":""},"class_list":["post-1868","page","type-page","status-publish","hentry"],"_links":{"self":[{"href":"https:\/\/raple.fclar.unesp.br\/alemao\/wp-json\/wp\/v2\/pages\/1868","targetHints":{"allow":["GET"]}}],"collection":[{"href":"https:\/\/raple.fclar.unesp.br\/alemao\/wp-json\/wp\/v2\/pages"}],"about":[{"href":"https:\/\/raple.fclar.unesp.br\/alemao\/wp-json\/wp\/v2\/types\/page"}],"author":[{"embeddable":true,"href":"https:\/\/raple.fclar.unesp.br\/alemao\/wp-json\/wp\/v2\/users\/19"}],"replies":[{"embeddable":true,"href":"https:\/\/raple.fclar.unesp.br\/alemao\/wp-json\/wp\/v2\/comments?post=1868"}],"version-history":[{"count":3,"href":"https:\/\/raple.fclar.unesp.br\/alemao\/wp-json\/wp\/v2\/pages\/1868\/revisions"}],"predecessor-version":[{"id":2188,"href":"https:\/\/raple.fclar.unesp.br\/alemao\/wp-json\/wp\/v2\/pages\/1868\/revisions\/2188"}],"wp:attachment":[{"href":"https:\/\/raple.fclar.unesp.br\/alemao\/wp-json\/wp\/v2\/media?parent=1868"}],"curies":[{"name":"wp","href":"https:\/\/api.w.org\/{rel}","templated":true}]}}