{"id":1878,"date":"2023-04-04T18:10:38","date_gmt":"2023-04-04T21:10:38","guid":{"rendered":"https:\/\/raple.fclar.unesp.br\/alemao\/?page_id=1878"},"modified":"2025-05-20T11:15:08","modified_gmt":"2025-05-20T14:15:08","slug":"series-2","status":"publish","type":"page","link":"https:\/\/raple.fclar.unesp.br\/alemao\/series-2\/","title":{"rendered":"S\u00e9ries"},"content":{"rendered":"\n<p><a href=\"https:\/\/www.youtube.com\/watch?v=MK35T4Mr20I\" target=\"_blank\" rel=\"noreferrer noopener\"><strong>Findus und Pettersson (2007)<\/strong><\/a><strong>&nbsp;<\/strong>Infantil; Classifica\u00e7\u00e3o Indicativa: Livre&nbsp;&nbsp;<\/p>\n\n\n\n<p>Findus Und Petterson \u00e9 um desenho infantil que retrata a vida de um fazendeiro e seu gato vivendo no interior. A s\u00e9rie pode ser uma op\u00e7\u00e3o para atividades de descri\u00e7\u00e3o de cenas ou para introduzir vocabul\u00e1rios como os de animais, ou de tipos de moradia. (<strong>Sinopse:<\/strong> Maria Eduarda Capobianco, J\u00falia Monforte e Julia Wik Atique)<\/p>\n\n\n\n<p><strong>TAGS: <\/strong>infantil, animais, moradia, interior, amizade<\/p>\n\n\n\n<p><a href=\"https:\/\/youtu.be\/m4WIfrO0aig?si=k0fNNLIEHnzbvzbv\" target=\"_blank\" rel=\"noreferrer noopener\"><strong>Deutschland 83 (2015)<\/strong><\/a> Espionagem; Classifica\u00e7\u00e3o Indicativa: 16<\/p>\n\n\n\n<p>A s\u00e9rie conta a hist\u00f3ria de um jovem soldado da Alemanha Oriental, que foi recrutado para atuar como espi\u00e3o no lado Ocidental para obter informa\u00e7\u00f5es estrat\u00e9gicas para o regime comunista. Como a s\u00e9rie mostra momentos do passado, presente e futuro, o professor poder\u00e1 utilizar isso ao seu favor propondo que seus alunos descrevam algumas a\u00e7\u00f5es dos personagens, usando os adv\u00e9rbios ontem, hoje e amanh\u00e3 em alem\u00e3o. (<strong>Sinopse:<\/strong> Maria Eduarda Capobianco)<\/p>\n\n\n\n<p><strong>TAGS: <\/strong>Adv\u00e9rbios temporais, Temporale Adverbien, Guerra Fria, divis\u00e3o<\/p>\n\n\n\n<p><strong><a href=\"https:\/\/www.netflix.com\/br\/title\/81208166\" data-type=\"link\" data-id=\"https:\/\/www.netflix.com\/br\/title\/81208166\" target=\"_blank\" rel=\"noreferrer noopener\">Queer Eye Alemanha (2022)<\/a><\/strong> Reality show; Classifica\u00e7\u00e3o Indicativa: 12<\/p>\n\n\n\n<p>Queer Eye Alemanha \u00e9 um reality show no qual cinco especialistas em moda transformam o estilo de roupas e de vida do participante. Desse modo, j\u00e1 que o grande enfoque desse audiovisual \u00e9 a moda, ele pode ser uma op\u00e7\u00e3o para trabalhar vocabul\u00e1rios de roupas em sala de aula. (<strong>Sinopse:<\/strong> Maria Eduarda Capobianco, J\u00falia Monforte e Julia Wik Atique)<\/p>\n\n\n\n<p><strong>TAGS: <\/strong>moda, vestu\u00e1rio<\/p>\n\n\n\n<p><a href=\"https:\/\/youtu.be\/qGsDLmoadNI?si=L5w5Gb2wBUWY2cLO\" target=\"_blank\" rel=\"noreferrer noopener\"><strong>Die Kaiserin (2022)<\/strong><\/a><strong> (A Imperatriz)<\/strong> Drama; Classifica\u00e7\u00e3o Indicativa: 16<\/p>\n\n\n\n<p>A s\u00e9rie conta a vida de Elisabeth von Wittelsbach, que se torna a imperatriz da \u00c1ustria ap\u00f3s se casar com o imperador Franz Joseph I, retratando sua vida na corte imperial, seus desafios ao lidar com a r\u00edgida etiqueta e a pol\u00edtica da \u00e9poca, e os conflitos pessoais e emocionais que surgem em seu casamento. Alguns epis\u00f3dios da s\u00e9rie podem ser utilizados para ensinar o uso de ein\/eine e kein\/keine. Durante a aula, os alunos podem identificar os objetos presentes no pal\u00e1cio da imperatriz e praticar a constru\u00e7\u00e3o de frases, descrevendo o que h\u00e1 ou n\u00e3o no local.&nbsp;(<strong>Sinopse:<\/strong> Maria Eduarda Capobianco)<\/p>\n\n\n\n<p><strong>TAGS: <\/strong>Grammatik, Artikel, monarquia, \u00c1ustria, imperatriz, gram\u00e1tica<\/p>\n\n\n\n<p><a href=\"https:\/\/www.zdf.de\/serien\/kudamm\/kudamm-56-teil-1-102.html?fbclid=IwAR3yCh4ogvWJ1-6lmXBEj6tO2PW4dAWluQ07jqvyg4Ur2Gd0Sep3I6v2M_Y\" data-type=\"URL\" data-id=\"https:\/\/www.zdf.de\/serien\/kudamm\/kudamm-56-teil-1-102.html?fbclid=IwAR3yCh4ogvWJ1-6lmXBEj6tO2PW4dAWluQ07jqvyg4Ur2Gd0Sep3I6v2M_Y\"><strong>Ku&#8217;damm 56<\/strong><\/a> Drama de \u00e9poca; Classifica\u00e7\u00e3o Indicativa: 12<\/p>\n\n\n\n<p>A s\u00e9rie se passa em uma Alemanha dos anos 50, perto do fim da Segunda Guerra Mundial, e retrata uma m\u00e3e e suas tr\u00eas filhas em \u201cidade para casar\u201d e como a sociedade, a economia e a juventude da \u00e9poca afetam seus cotidianos. A s\u00e9rie discute assuntos como purismo, feminismo, antissemitismo estrutural e a colis\u00e3o de gera\u00e7\u00f5es. Como a s\u00e9rie toma vida a partir da escola de dan\u00e7a administrada pela protagonista, ela pode ser usada em sala de aula como base para o ensino de vocabul\u00e1rio de atividades extracurriculares e verbos que acompanham estas atividades. (<strong>Sinopse:<\/strong> Maria Eduarda Capobianco, J\u00falia Monforte e Julia Wik Atique)<\/p>\n\n\n\n<p><strong>TAGS: <\/strong>p\u00f3s-guerra, dan\u00e7a, rela\u00e7\u00f5es familiares, conflitos culturais, conservadorismo<\/p>\n\n\n\n<p><a href=\"https:\/\/youtu.be\/ESEUoa-mz2c?si=XAu3wYdJEKgmgRZH\" target=\"_blank\" rel=\"noreferrer noopener\"><strong>Dark (2017)<\/strong><\/a> Fic\u00e7\u00e3o cient\u00edfica\/Suspense\/Mist\u00e9rio; Classifica\u00e7\u00e3o Indicativa: 16<\/p>\n\n\n\n<p>A hist\u00f3ria se desenrola na pequena e at\u00e9 ent\u00e3o tranquila cidade de Winden, onde a investiga\u00e7\u00e3o do desaparecimento de duas crian\u00e7as exp\u00f5e um complexo enredo de segredos e conex\u00f5es familiares de muitas gera\u00e7\u00f5es.&nbsp;A s\u00e9rie pode ser utilizada para expandir o vocabul\u00e1rio dos alunos, sugerindo que eles assistam algumas cenas selecionadas pelo professor e descreva os locais e os objetos presentes em cada um deles.<\/p>\n\n\n\n<p><strong>TAGS:&nbsp; <\/strong>Rela\u00e7\u00f5es familiares, Familie, mist\u00e9rio, Familienstand&nbsp;<\/p>\n\n\n\n<p><strong><a href=\"https:\/\/www.youtube.com\/watch?v=vwELapKAnnU\" target=\"_blank\" rel=\"noopener\" title=\"Druck (2018)\">Druck (2018)<\/a><\/strong><\/p>\n\n\n\n<p>A s\u00e9rie alem\u00e3 Druck (2018), inspirada na s\u00e9rie Skam, descreve a vida de um grupo de adolescentes em Berlin envolvidos em situa\u00e7\u00f5es e dramas cotidianos, como a adolesc\u00eancia e seus desafios, problemas familiares, relacionamentos, quest\u00f5es de g\u00eanero e sexualidade e outras quest\u00f5es sociais. Al\u00e9m disso, a s\u00e9rie possui redes sociais interativas, de forma que os personagens principais \u201ctomam vida\u201d e interagem com os espectadores, o que \u00e9 interessante para an\u00e1lise da l\u00edngua escrita, e para o contato&nbsp; com a cultura alem\u00e3. A s\u00e9rie&nbsp; pode ser adequada para se trabalhar com o vocabul\u00e1rio sobre situa\u00e7\u00f5es cotidianas atuais e sobre assuntos juvenis e pertinentes. Al\u00e9m disso, ela pode promover o contato com a linguagem cotidiana, jovem e coloquial, pois s\u00e3o utilizadas v\u00e1rias g\u00edrias e express\u00f5es atuais,&nbsp; dialetos e sotaques, devido \u00e0s distintas origem dos personagens. P\u00fablico: Adolescente\/maduro. (<strong>Sinopse:<\/strong> Maria Eduarda Capobianco e J\u00falia Monforte)<\/p>\n\n\n\n<p><strong>TAGS: <\/strong>m\u00eddias sociais, juventude, crises, fam\u00edlia<\/p>\n\n\n\n<p><a href=\"https:\/\/youtu.be\/c9hPCPq9OzQ?si=som9kK-VpsrqxDIb\" target=\"_blank\" rel=\"noreferrer noopener\"><strong>Charit\u00e9 (2017)<\/strong><\/a><strong> <\/strong>Drama\/Hist\u00f3ria; Classifica\u00e7\u00e3o indicativa: 14.<\/p>\n\n\n\n<p><strong>&nbsp;<\/strong><em>Charit\u00e9<\/em> \u00e9 uma s\u00e9rie m\u00e9dica que retrata a hist\u00f3ria da evolu\u00e7\u00e3o da medicina, os avan\u00e7os cient\u00edficos e os desafios enfrentados pelos profissionais da \u00e1rea, na Alemanha, a partir&nbsp; de diversos acontecimentos e durante diferentes eventos hist\u00f3ricos como a Primeira e a Segunda Guerra Mundial. Apesar do tema espec\u00edfico, o programa pode ser utilizado em uma aula sobre a nomenclatura das diferentes \u00e1reas de atua\u00e7\u00e3o da medicina, como enfermeira e m\u00e9dico cirurgi\u00e3o, por exemplo, bem&nbsp; como o vocabul\u00e1rio&nbsp; relacionado a esse contexto, como maca, curativos e rem\u00e9dios. Em rela\u00e7\u00e3o aos aspectos culturais, o professor poder\u00e1 promover uma discuss\u00e3o com os alunos acerca da forma como a s\u00e9rie se baseia em acontecimentos reais, fazendo uma compara\u00e7\u00e3o entre o real e o fict\u00edcio. (<strong>Sinopse:<\/strong> Maria Eduarda Capobianco)<\/p>\n\n\n\n<p><strong>TAGS: <\/strong>medicina, profiss\u00f5es, guerras mundiais, conflito, Beruf, Hist\u00f3ria.<\/p>\n","protected":false},"excerpt":{"rendered":"<p>Findus und Pettersson (2007)&nbsp;Infantil; Classifica\u00e7\u00e3o Indicativa: Livre&nbsp;&nbsp; Findus Und Petterson \u00e9 um desenho infantil que retrata a vida de um fazendeiro e seu gato vivendo no interior. A s\u00e9rie pode ser uma op\u00e7\u00e3o para atividades de descri\u00e7\u00e3o de cenas ou para introduzir vocabul\u00e1rios como os de animais, ou de tipos [&hellip;]<\/p>\n","protected":false},"author":19,"featured_media":0,"parent":0,"menu_order":0,"comment_status":"closed","ping_status":"closed","template":"","meta":{"_monsterinsights_skip_tracking":false,"_monsterinsights_sitenote_active":false,"_monsterinsights_sitenote_note":"","_monsterinsights_sitenote_category":0,"footnotes":""},"class_list":["post-1878","page","type-page","status-publish","hentry"],"_links":{"self":[{"href":"https:\/\/raple.fclar.unesp.br\/alemao\/wp-json\/wp\/v2\/pages\/1878","targetHints":{"allow":["GET"]}}],"collection":[{"href":"https:\/\/raple.fclar.unesp.br\/alemao\/wp-json\/wp\/v2\/pages"}],"about":[{"href":"https:\/\/raple.fclar.unesp.br\/alemao\/wp-json\/wp\/v2\/types\/page"}],"author":[{"embeddable":true,"href":"https:\/\/raple.fclar.unesp.br\/alemao\/wp-json\/wp\/v2\/users\/19"}],"replies":[{"embeddable":true,"href":"https:\/\/raple.fclar.unesp.br\/alemao\/wp-json\/wp\/v2\/comments?post=1878"}],"version-history":[{"count":14,"href":"https:\/\/raple.fclar.unesp.br\/alemao\/wp-json\/wp\/v2\/pages\/1878\/revisions"}],"predecessor-version":[{"id":2190,"href":"https:\/\/raple.fclar.unesp.br\/alemao\/wp-json\/wp\/v2\/pages\/1878\/revisions\/2190"}],"wp:attachment":[{"href":"https:\/\/raple.fclar.unesp.br\/alemao\/wp-json\/wp\/v2\/media?parent=1878"}],"curies":[{"name":"wp","href":"https:\/\/api.w.org\/{rel}","templated":true}]}}