{"id":2101,"date":"2025-04-11T10:35:36","date_gmt":"2025-04-11T13:35:36","guid":{"rendered":"https:\/\/raple.fclar.unesp.br\/alemao\/?page_id=2101"},"modified":"2025-04-11T10:45:54","modified_gmt":"2025-04-11T13:45:54","slug":"revisao-dos-verbos-modais-kahoot","status":"publish","type":"page","link":"https:\/\/raple.fclar.unesp.br\/alemao\/revisao-dos-verbos-modais-kahoot\/","title":{"rendered":"Revis\u00e3o dos verbos modais (Kahoot)"},"content":{"rendered":"\n<p><strong>Autoria:<\/strong> Ta\u00eds Ca\u00edres Rodrigues<\/p>\n\n\n\n<p><strong>N\u00edvel: A1.2<\/strong><\/p>\n\n\n\n<p><strong>Conte\u00fado program\u00e1tico:<\/strong> Verbos modais. Preposi\u00e7\u00f5es de acusativo e dativo. Pronomes possessivos no<br>acusativo. A partir de uma breve frase extra\u00edda de um texto ser\u00e3o apontadas as preposi\u00e7\u00f5es e ser\u00e1 pedido aos alunos que identificam se seu uso \u00e9 acusativo ou dativo.<br>Ap\u00f3s essa atividade, os alunos conectados \u00e0 plataforma Kahoot, para que participem do jogo, quando todos os alunos estiverem conectados, o jogo ser\u00e1 iniciado. A cada resposta ser\u00e1 explicado porque as demais estavam erradas, especialmente aquelas alternativas que os alunos assinalaram, com o objetivo de sanar as d\u00favidas e revisar o conte\u00fado j\u00e1 estudado<\/p>\n\n\n\n<p>Link Kahoot: <\/p>\n\n\n\n<p><a href=\"https:\/\/create.kahoot.it\/share\/wiederholung-deutsch-02\/3c2a094f-ff65-44ac-8e45-25e44e758dda\" target=\"_blank\" rel=\"noreferrer noopener\">https:\/\/create.kahoot.it\/share\/wiederholung-deutsch-02\/3c2a094f-ff65-44ac-8e45-25e44e758dda<\/a><\/p>\n","protected":false},"excerpt":{"rendered":"<p>Autoria: Ta\u00eds Ca\u00edres Rodrigues N\u00edvel: A1.2 Conte\u00fado program\u00e1tico: Verbos modais. Preposi\u00e7\u00f5es de acusativo e dativo. Pronomes possessivos noacusativo. A partir de uma breve frase extra\u00edda de um texto ser\u00e3o apontadas as preposi\u00e7\u00f5es e ser\u00e1 pedido aos alunos que identificam se seu uso \u00e9 acusativo ou dativo.Ap\u00f3s essa atividade, os alunos [&hellip;]<\/p>\n","protected":false},"author":19,"featured_media":0,"parent":0,"menu_order":0,"comment_status":"closed","ping_status":"closed","template":"","meta":{"_monsterinsights_skip_tracking":false,"_monsterinsights_sitenote_active":false,"_monsterinsights_sitenote_note":"","_monsterinsights_sitenote_category":0,"footnotes":""},"class_list":["post-2101","page","type-page","status-publish","hentry"],"_links":{"self":[{"href":"https:\/\/raple.fclar.unesp.br\/alemao\/wp-json\/wp\/v2\/pages\/2101","targetHints":{"allow":["GET"]}}],"collection":[{"href":"https:\/\/raple.fclar.unesp.br\/alemao\/wp-json\/wp\/v2\/pages"}],"about":[{"href":"https:\/\/raple.fclar.unesp.br\/alemao\/wp-json\/wp\/v2\/types\/page"}],"author":[{"embeddable":true,"href":"https:\/\/raple.fclar.unesp.br\/alemao\/wp-json\/wp\/v2\/users\/19"}],"replies":[{"embeddable":true,"href":"https:\/\/raple.fclar.unesp.br\/alemao\/wp-json\/wp\/v2\/comments?post=2101"}],"version-history":[{"count":2,"href":"https:\/\/raple.fclar.unesp.br\/alemao\/wp-json\/wp\/v2\/pages\/2101\/revisions"}],"predecessor-version":[{"id":2130,"href":"https:\/\/raple.fclar.unesp.br\/alemao\/wp-json\/wp\/v2\/pages\/2101\/revisions\/2130"}],"wp:attachment":[{"href":"https:\/\/raple.fclar.unesp.br\/alemao\/wp-json\/wp\/v2\/media?parent=2101"}],"curies":[{"name":"wp","href":"https:\/\/api.w.org\/{rel}","templated":true}]}}