{"id":2105,"date":"2025-04-11T10:37:39","date_gmt":"2025-04-11T13:37:39","guid":{"rendered":"https:\/\/raple.fclar.unesp.br\/alemao\/?page_id=2105"},"modified":"2025-04-11T10:46:44","modified_gmt":"2025-04-11T13:46:44","slug":"revisao-a1-1-kahoot","status":"publish","type":"page","link":"https:\/\/raple.fclar.unesp.br\/alemao\/revisao-a1-1-kahoot\/","title":{"rendered":"Revis\u00e3o A1.1 (Kahoot)"},"content":{"rendered":"\n<p><strong>Autoria:<\/strong> Ta\u00eds Ca\u00edres Rodrigues<\/p>\n\n\n\n<p><strong>N\u00edvel:<\/strong> A1.1<\/p>\n\n\n\n<p><strong>Conte\u00fado program\u00e1tico:<\/strong> Perguntas W-Fragen, Formal e Informal, Verbos no presente, N\u00fameros, Plural.<\/p>\n\n\n\n<p>Nos primeiros minutos de aula, os alunos ser\u00e3o apresentados a plataforma Kahoot, e conectados a ela, para que participem do jogo, quando todos os alunos estiverem conectados, o jogo ser\u00e1 iniciado.<br>A cada resposta ser\u00e1 explicado porque as demais estavam erradas, especialmente aquelas alternativas que os alunos assinalaram, com o objetivo de sanar as d\u00favidas e revisar o conte\u00fado j\u00e1 estudado.<\/p>\n\n\n\n<p>Link Kahoot: <a href=\"https:\/\/create.kahoot.it\/share\/wiederholung-deutsch-01\/f71879b2-3806-4607-b3e0-3794141b94b6\" target=\"_blank\" rel=\"noreferrer noopener\">https:\/\/create.kahoot.it\/share\/wiederholung-deutsch-01\/f71879b2-3806-4607-b3e0-3794141b94b6<\/a>\u00a0<\/p>\n","protected":false},"excerpt":{"rendered":"<p>Autoria: Ta\u00eds Ca\u00edres Rodrigues N\u00edvel: A1.1 Conte\u00fado program\u00e1tico: Perguntas W-Fragen, Formal e Informal, Verbos no presente, N\u00fameros, Plural. Nos primeiros minutos de aula, os alunos ser\u00e3o apresentados a plataforma Kahoot, e conectados a ela, para que participem do jogo, quando todos os alunos estiverem conectados, o jogo ser\u00e1 iniciado.A cada [&hellip;]<\/p>\n","protected":false},"author":19,"featured_media":0,"parent":0,"menu_order":0,"comment_status":"closed","ping_status":"closed","template":"","meta":{"_monsterinsights_skip_tracking":false,"_monsterinsights_sitenote_active":false,"_monsterinsights_sitenote_note":"","_monsterinsights_sitenote_category":0,"footnotes":""},"class_list":["post-2105","page","type-page","status-publish","hentry"],"_links":{"self":[{"href":"https:\/\/raple.fclar.unesp.br\/alemao\/wp-json\/wp\/v2\/pages\/2105","targetHints":{"allow":["GET"]}}],"collection":[{"href":"https:\/\/raple.fclar.unesp.br\/alemao\/wp-json\/wp\/v2\/pages"}],"about":[{"href":"https:\/\/raple.fclar.unesp.br\/alemao\/wp-json\/wp\/v2\/types\/page"}],"author":[{"embeddable":true,"href":"https:\/\/raple.fclar.unesp.br\/alemao\/wp-json\/wp\/v2\/users\/19"}],"replies":[{"embeddable":true,"href":"https:\/\/raple.fclar.unesp.br\/alemao\/wp-json\/wp\/v2\/comments?post=2105"}],"version-history":[{"count":2,"href":"https:\/\/raple.fclar.unesp.br\/alemao\/wp-json\/wp\/v2\/pages\/2105\/revisions"}],"predecessor-version":[{"id":2131,"href":"https:\/\/raple.fclar.unesp.br\/alemao\/wp-json\/wp\/v2\/pages\/2105\/revisions\/2131"}],"wp:attachment":[{"href":"https:\/\/raple.fclar.unesp.br\/alemao\/wp-json\/wp\/v2\/media?parent=2105"}],"curies":[{"name":"wp","href":"https:\/\/api.w.org\/{rel}","templated":true}]}}