{"id":2111,"date":"2025-04-11T10:39:41","date_gmt":"2025-04-11T13:39:41","guid":{"rendered":"https:\/\/raple.fclar.unesp.br\/alemao\/?page_id=2111"},"modified":"2025-04-11T10:47:50","modified_gmt":"2025-04-11T13:47:50","slug":"numeros-quizlet","status":"publish","type":"page","link":"https:\/\/raple.fclar.unesp.br\/alemao\/numeros-quizlet\/","title":{"rendered":"N\u00fameros\u00a0 (quizlet)"},"content":{"rendered":"\n<p><strong>Autoria:<\/strong> Ana Caroline Peliciari Simon<\/p>\n\n\n\n<p><strong>N\u00edvel:<\/strong> A1.1<\/p>\n\n\n\n<p>A atividade pode ser passada como tarefa de casa, como um exerc\u00edcio de fixa\u00e7\u00e3o, ou em sala de aula. Pode ser usado, tamb\u00e9m, a modalidade Quizlet live para essa atividade<\/p>\n\n\n\n<p>Link Quizlet: <a href=\"https:\/\/quizlet.com\/_7c2aty\" target=\"_blank\" rel=\"noreferrer noopener\">https:\/\/quizlet.com\/_7c2aty<\/a><\/p>\n","protected":false},"excerpt":{"rendered":"<p>Autoria: Ana Caroline Peliciari Simon N\u00edvel: A1.1 A atividade pode ser passada como tarefa de casa, como um exerc\u00edcio de fixa\u00e7\u00e3o, ou em sala de aula. Pode ser usado, tamb\u00e9m, a modalidade Quizlet live para essa atividade Link Quizlet: https:\/\/quizlet.com\/_7c2aty<\/p>\n","protected":false},"author":19,"featured_media":0,"parent":0,"menu_order":0,"comment_status":"closed","ping_status":"closed","template":"","meta":{"_monsterinsights_skip_tracking":false,"_monsterinsights_sitenote_active":false,"_monsterinsights_sitenote_note":"","_monsterinsights_sitenote_category":0,"footnotes":""},"class_list":["post-2111","page","type-page","status-publish","hentry"],"_links":{"self":[{"href":"https:\/\/raple.fclar.unesp.br\/alemao\/wp-json\/wp\/v2\/pages\/2111","targetHints":{"allow":["GET"]}}],"collection":[{"href":"https:\/\/raple.fclar.unesp.br\/alemao\/wp-json\/wp\/v2\/pages"}],"about":[{"href":"https:\/\/raple.fclar.unesp.br\/alemao\/wp-json\/wp\/v2\/types\/page"}],"author":[{"embeddable":true,"href":"https:\/\/raple.fclar.unesp.br\/alemao\/wp-json\/wp\/v2\/users\/19"}],"replies":[{"embeddable":true,"href":"https:\/\/raple.fclar.unesp.br\/alemao\/wp-json\/wp\/v2\/comments?post=2111"}],"version-history":[{"count":2,"href":"https:\/\/raple.fclar.unesp.br\/alemao\/wp-json\/wp\/v2\/pages\/2111\/revisions"}],"predecessor-version":[{"id":2133,"href":"https:\/\/raple.fclar.unesp.br\/alemao\/wp-json\/wp\/v2\/pages\/2111\/revisions\/2133"}],"wp:attachment":[{"href":"https:\/\/raple.fclar.unesp.br\/alemao\/wp-json\/wp\/v2\/media?parent=2111"}],"curies":[{"name":"wp","href":"https:\/\/api.w.org\/{rel}","templated":true}]}}