{"id":2114,"date":"2025-04-11T10:41:29","date_gmt":"2025-04-11T13:41:29","guid":{"rendered":"https:\/\/raple.fclar.unesp.br\/alemao\/?page_id=2114"},"modified":"2025-04-11T10:41:29","modified_gmt":"2025-04-11T13:41:29","slug":"numeros-digital-dialects","status":"publish","type":"page","link":"https:\/\/raple.fclar.unesp.br\/alemao\/numeros-digital-dialects\/","title":{"rendered":"N\u00fameros (digital dialects)\u00a0"},"content":{"rendered":"\n<p><strong>Autoria: <\/strong>Ana Caroline Peliciari Simon<\/p>\n\n\n\n<p><strong>N\u00edvel:<\/strong> A1<\/p>\n\n\n\n<p>A atividade pode ser passada como tarefa de casa, como um exerc\u00edcio de fixa\u00e7\u00e3o, ou em sala de aula como uma atividade de Warm-Up para revis\u00e3o do conte\u00fado.<\/p>\n\n\n\n<ul class=\"wp-block-list\">\n<li><a href=\"http:\/\/www.digitaldialects.com\/German\/numbers_3I.htm\" target=\"_blank\" rel=\"noreferrer noopener\">N\u00fameros de 1-100<\/a><\/li>\n\n\n\n<li><a href=\"http:\/\/www.digitaldialects.com\/German\/numbers_1I.htm\" target=\"_blank\" rel=\"noreferrer noopener\">N\u00fameros de 1-12<\/a><\/li>\n\n\n\n<li><a href=\"http:\/\/www.digitaldialects.com\/German\/numbers_2I.htm\" target=\"_blank\" rel=\"noreferrer noopener\">N\u00fameros de 13-20<\/a><\/li>\n<\/ul>\n","protected":false},"excerpt":{"rendered":"<p>Autoria: Ana Caroline Peliciari Simon N\u00edvel: A1 A atividade pode ser passada como tarefa de casa, como um exerc\u00edcio de fixa\u00e7\u00e3o, ou em sala de aula como uma atividade de Warm-Up para revis\u00e3o do conte\u00fado.<\/p>\n","protected":false},"author":19,"featured_media":0,"parent":0,"menu_order":0,"comment_status":"closed","ping_status":"closed","template":"","meta":{"_monsterinsights_skip_tracking":false,"_monsterinsights_sitenote_active":false,"_monsterinsights_sitenote_note":"","_monsterinsights_sitenote_category":0,"footnotes":""},"class_list":["post-2114","page","type-page","status-publish","hentry"],"_links":{"self":[{"href":"https:\/\/raple.fclar.unesp.br\/alemao\/wp-json\/wp\/v2\/pages\/2114","targetHints":{"allow":["GET"]}}],"collection":[{"href":"https:\/\/raple.fclar.unesp.br\/alemao\/wp-json\/wp\/v2\/pages"}],"about":[{"href":"https:\/\/raple.fclar.unesp.br\/alemao\/wp-json\/wp\/v2\/types\/page"}],"author":[{"embeddable":true,"href":"https:\/\/raple.fclar.unesp.br\/alemao\/wp-json\/wp\/v2\/users\/19"}],"replies":[{"embeddable":true,"href":"https:\/\/raple.fclar.unesp.br\/alemao\/wp-json\/wp\/v2\/comments?post=2114"}],"version-history":[{"count":1,"href":"https:\/\/raple.fclar.unesp.br\/alemao\/wp-json\/wp\/v2\/pages\/2114\/revisions"}],"predecessor-version":[{"id":2116,"href":"https:\/\/raple.fclar.unesp.br\/alemao\/wp-json\/wp\/v2\/pages\/2114\/revisions\/2116"}],"wp:attachment":[{"href":"https:\/\/raple.fclar.unesp.br\/alemao\/wp-json\/wp\/v2\/media?parent=2114"}],"curies":[{"name":"wp","href":"https:\/\/api.w.org\/{rel}","templated":true}]}}