{"id":2117,"date":"2025-04-11T10:42:45","date_gmt":"2025-04-11T13:42:45","guid":{"rendered":"https:\/\/raple.fclar.unesp.br\/alemao\/?page_id=2117"},"modified":"2025-04-11T10:42:45","modified_gmt":"2025-04-11T13:42:45","slug":"alimentos-digital-dialects","status":"publish","type":"page","link":"https:\/\/raple.fclar.unesp.br\/alemao\/alimentos-digital-dialects\/","title":{"rendered":"Alimentos (digital dialects)\u00a0"},"content":{"rendered":"\n<p><strong>Autoria:<\/strong> Ana Caroline Peliciari Simon<\/p>\n\n\n\n<p><strong>N\u00edvel:<\/strong> A1<\/p>\n\n\n\n<p>Jogos para retomar vocabul\u00e1rio referente a alimentos. A atividade pode ser passada como tarefa de casa, como um exerc\u00edcio de fixa\u00e7\u00e3o, ou em sala de aula.<\/p>\n\n\n\n<p>Link: <a href=\"http:\/\/www.digitaldialects.com\/German\/Food_audio.htm\" target=\"_blank\" rel=\"noreferrer noopener\">http:\/\/www.digitaldialects.com\/German\/Food_audio.htm<br><\/a>Link: <a href=\"http:\/\/www.digitaldialects.com\/German\/Fruit.htm\" target=\"_blank\" rel=\"noreferrer noopener\">http:\/\/www.digitaldialects.com\/German\/Fruit.htm<\/a><\/p>\n","protected":false},"excerpt":{"rendered":"<p>Autoria: Ana Caroline Peliciari Simon N\u00edvel: A1 Jogos para retomar vocabul\u00e1rio referente a alimentos. A atividade pode ser passada como tarefa de casa, como um exerc\u00edcio de fixa\u00e7\u00e3o, ou em sala de aula. Link: http:\/\/www.digitaldialects.com\/German\/Food_audio.htmLink: http:\/\/www.digitaldialects.com\/German\/Fruit.htm<\/p>\n","protected":false},"author":19,"featured_media":0,"parent":0,"menu_order":0,"comment_status":"closed","ping_status":"closed","template":"","meta":{"_monsterinsights_skip_tracking":false,"_monsterinsights_sitenote_active":false,"_monsterinsights_sitenote_note":"","_monsterinsights_sitenote_category":0,"footnotes":""},"class_list":["post-2117","page","type-page","status-publish","hentry"],"_links":{"self":[{"href":"https:\/\/raple.fclar.unesp.br\/alemao\/wp-json\/wp\/v2\/pages\/2117","targetHints":{"allow":["GET"]}}],"collection":[{"href":"https:\/\/raple.fclar.unesp.br\/alemao\/wp-json\/wp\/v2\/pages"}],"about":[{"href":"https:\/\/raple.fclar.unesp.br\/alemao\/wp-json\/wp\/v2\/types\/page"}],"author":[{"embeddable":true,"href":"https:\/\/raple.fclar.unesp.br\/alemao\/wp-json\/wp\/v2\/users\/19"}],"replies":[{"embeddable":true,"href":"https:\/\/raple.fclar.unesp.br\/alemao\/wp-json\/wp\/v2\/comments?post=2117"}],"version-history":[{"count":1,"href":"https:\/\/raple.fclar.unesp.br\/alemao\/wp-json\/wp\/v2\/pages\/2117\/revisions"}],"predecessor-version":[{"id":2119,"href":"https:\/\/raple.fclar.unesp.br\/alemao\/wp-json\/wp\/v2\/pages\/2117\/revisions\/2119"}],"wp:attachment":[{"href":"https:\/\/raple.fclar.unesp.br\/alemao\/wp-json\/wp\/v2\/media?parent=2117"}],"curies":[{"name":"wp","href":"https:\/\/api.w.org\/{rel}","templated":true}]}}