{"id":2138,"date":"2025-04-25T09:43:17","date_gmt":"2025-04-25T12:43:17","guid":{"rendered":"https:\/\/raple.fclar.unesp.br\/alemao\/?page_id=2138"},"modified":"2025-04-25T09:43:18","modified_gmt":"2025-04-25T12:43:18","slug":"numeros-cardinais-bingo","status":"publish","type":"page","link":"https:\/\/raple.fclar.unesp.br\/alemao\/numeros-cardinais-bingo\/","title":{"rendered":"N\u00fameros cardinais (Bingo)"},"content":{"rendered":"\n<p><strong>Autoria: <\/strong>Anna Victoria Salotti Gomes<\/p>\n\n\n\n<p><strong>N\u00edvel: <\/strong>A1.1<\/p>\n\n\n\n<p><strong>Conte\u00fado program\u00e1tico: <\/strong>N\u00fameros cardinais.<\/p>\n\n\n\n<p><strong>Sugest\u00e3o de uso: <\/strong>Ap\u00f3s uma aula introdut\u00f3ria sobre os n\u00fameros cardinais, ser\u00e1 feita uma revis\u00e3o atrav\u00e9s de um bingo, que busca praticar a compreens\u00e3o e escuta dos alunos sobre n\u00fameros.&nbsp;<\/p>\n\n\n\n<p>O professor dever\u00e1 imprimir as cartelas de bingo (Anexo 1) e distribu\u00ed-las aos alunos. Ap\u00f3s isso, o bingo ser\u00e1 iniciado, o professor dever\u00e1 usar o sorteador de n\u00fameros (Anexo 2) e dit\u00e1-los em alem\u00e3o. Atrav\u00e9s apenas da escuta, o aluno dever\u00e1 checar sua cartela e marcar o respectivo n\u00famero caso esteja presente na folha.<\/p>\n\n\n\n<p>O objetivo dessa din\u00e2mica \u00e9 fixar os n\u00fameros cardinais, j\u00e1 apresentados anteriormente, e praticar a identifica\u00e7\u00e3o de n\u00fameros em alem\u00e3o atrav\u00e9s da compreens\u00e3o auditiva.&nbsp;<\/p>\n\n\n\n<p><strong>Observa\u00e7\u00e3o:<\/strong> No caso de uma aula online, o professor dever\u00e1 baixar as cartelas e envi\u00e1-las aos alunos para que marquem os n\u00fameros em seus respectivos computadores ou celulares.&nbsp;<\/p>\n\n\n\n<p>Ambos os Anexos podem ser editados conforme a necessidade do professor, ou seja, o bingo pode ser realizado com n\u00fameros de tr\u00eas ou mais algarismos.&nbsp;<\/p>\n\n\n\n<p><strong>Anexo 1: <\/strong><a href=\"https:\/\/www.doug.dev.br\/geradorcartelabingo\/\" target=\"_blank\" rel=\"noreferrer noopener\">https:\/\/www.doug.dev.br\/geradorcartelabingo\/<\/a><\/p>\n\n\n\n<p><strong>Anexo 2:<\/strong> <a href=\"https:\/\/sorteador.com.br\/\" target=\"_blank\" rel=\"noreferrer noopener\">https:\/\/sorteador.com.br\/<\/a>\u00a0<\/p>\n","protected":false},"excerpt":{"rendered":"<p>Autoria: Anna Victoria Salotti Gomes N\u00edvel: A1.1 Conte\u00fado program\u00e1tico: N\u00fameros cardinais. Sugest\u00e3o de uso: Ap\u00f3s uma aula introdut\u00f3ria sobre os n\u00fameros cardinais, ser\u00e1 feita uma revis\u00e3o atrav\u00e9s de um bingo, que busca praticar a compreens\u00e3o e escuta dos alunos sobre n\u00fameros.&nbsp; O professor dever\u00e1 imprimir as cartelas de bingo (Anexo [&hellip;]<\/p>\n","protected":false},"author":19,"featured_media":0,"parent":0,"menu_order":0,"comment_status":"closed","ping_status":"closed","template":"","meta":{"_monsterinsights_skip_tracking":false,"_monsterinsights_sitenote_active":false,"_monsterinsights_sitenote_note":"","_monsterinsights_sitenote_category":0,"footnotes":""},"class_list":["post-2138","page","type-page","status-publish","hentry"],"_links":{"self":[{"href":"https:\/\/raple.fclar.unesp.br\/alemao\/wp-json\/wp\/v2\/pages\/2138","targetHints":{"allow":["GET"]}}],"collection":[{"href":"https:\/\/raple.fclar.unesp.br\/alemao\/wp-json\/wp\/v2\/pages"}],"about":[{"href":"https:\/\/raple.fclar.unesp.br\/alemao\/wp-json\/wp\/v2\/types\/page"}],"author":[{"embeddable":true,"href":"https:\/\/raple.fclar.unesp.br\/alemao\/wp-json\/wp\/v2\/users\/19"}],"replies":[{"embeddable":true,"href":"https:\/\/raple.fclar.unesp.br\/alemao\/wp-json\/wp\/v2\/comments?post=2138"}],"version-history":[{"count":1,"href":"https:\/\/raple.fclar.unesp.br\/alemao\/wp-json\/wp\/v2\/pages\/2138\/revisions"}],"predecessor-version":[{"id":2140,"href":"https:\/\/raple.fclar.unesp.br\/alemao\/wp-json\/wp\/v2\/pages\/2138\/revisions\/2140"}],"wp:attachment":[{"href":"https:\/\/raple.fclar.unesp.br\/alemao\/wp-json\/wp\/v2\/media?parent=2138"}],"curies":[{"name":"wp","href":"https:\/\/api.w.org\/{rel}","templated":true}]}}