{"id":2156,"date":"2025-05-06T15:32:12","date_gmt":"2025-05-06T18:32:12","guid":{"rendered":"https:\/\/raple.fclar.unesp.br\/alemao\/?page_id=2156"},"modified":"2025-05-06T15:32:13","modified_gmt":"2025-05-06T18:32:13","slug":"moveis-e-objetos-da-casa-forca","status":"publish","type":"page","link":"https:\/\/raple.fclar.unesp.br\/alemao\/moveis-e-objetos-da-casa-forca\/","title":{"rendered":"M\u00f3veis e objetos da casa (Forca)"},"content":{"rendered":"\n<p><strong>Autoria: <\/strong>Anna Victoria Salotti Gomes<\/p>\n\n\n\n<p><strong>N\u00edvel: <\/strong>A1.1<\/p>\n\n\n\n<p><strong>Conte\u00fado program\u00e1tico: <\/strong>M\u00f3veis e objetos da casa.<\/p>\n\n\n\n<p><strong>Sugest\u00e3o de uso: <\/strong>Ap\u00f3s uma aula introdut\u00f3ria sobre os m\u00f3veis presentes em cada c\u00f4modo da casa, o professor poder\u00e1 utilizar essa proposta como exerc\u00edcio de fixa\u00e7\u00e3o.<\/p>\n\n\n\n<p>A atividade sugere que o professor utilize o jogo \u201cforca\u201d (ANEXO 1) e divida a turma em dois grupos, em que cada um dever\u00e1 falar uma letra por vez para dar andamento no jogo. Caso o grupo saiba a palavra antes do final da rodada, dever\u00e1 anunci\u00e1-la para que o professor diga se est\u00e1 correta ou n\u00e3o. Ap\u00f3s a descoberta da palavra, o grupo que a acertou dever\u00e1 falar qual artigo a acompanha. H\u00e1 um limite de seis erros antes que a palavra seja revelada.<\/p>\n\n\n\n<p>O objetivo dessa din\u00e2mica \u00e9 reconhecer e fixar o vocabul\u00e1rio de m\u00f3veis e objetos e seus respectivos artigos em alem\u00e3o atrav\u00e9s da escrita e da fala em um exerc\u00edcio em grupo. Para revelar novas palavras a serem adivinhadas, basta clicar em \u201cPlay again in M\u00f6bel\u201d, logo ap\u00f3s um substantivo ser descoberto.<\/p>\n\n\n\n<p><strong>Observa\u00e7\u00e3o:<\/strong> Em uma aula presencial fica a crit\u00e9rio do professor utilizar o Anexo disponibilizado ou desenhar uma forca na lousa da sala.<\/p>\n\n\n\n<p><strong>Anexo 1: <\/strong><a href=\"https:\/\/playhangman.org\/play\/98dd5602\" target=\"_blank\" rel=\"noreferrer noopener\">https:\/\/playhangman.org\/play\/98dd5602<\/a>\u00a0<\/p>\n","protected":false},"excerpt":{"rendered":"<p>Autoria: Anna Victoria Salotti Gomes N\u00edvel: A1.1 Conte\u00fado program\u00e1tico: M\u00f3veis e objetos da casa. Sugest\u00e3o de uso: Ap\u00f3s uma aula introdut\u00f3ria sobre os m\u00f3veis presentes em cada c\u00f4modo da casa, o professor poder\u00e1 utilizar essa proposta como exerc\u00edcio de fixa\u00e7\u00e3o. A atividade sugere que o professor utilize o jogo \u201cforca\u201d [&hellip;]<\/p>\n","protected":false},"author":19,"featured_media":0,"parent":0,"menu_order":0,"comment_status":"closed","ping_status":"closed","template":"","meta":{"_monsterinsights_skip_tracking":false,"_monsterinsights_sitenote_active":false,"_monsterinsights_sitenote_note":"","_monsterinsights_sitenote_category":0,"footnotes":""},"class_list":["post-2156","page","type-page","status-publish","hentry"],"_links":{"self":[{"href":"https:\/\/raple.fclar.unesp.br\/alemao\/wp-json\/wp\/v2\/pages\/2156","targetHints":{"allow":["GET"]}}],"collection":[{"href":"https:\/\/raple.fclar.unesp.br\/alemao\/wp-json\/wp\/v2\/pages"}],"about":[{"href":"https:\/\/raple.fclar.unesp.br\/alemao\/wp-json\/wp\/v2\/types\/page"}],"author":[{"embeddable":true,"href":"https:\/\/raple.fclar.unesp.br\/alemao\/wp-json\/wp\/v2\/users\/19"}],"replies":[{"embeddable":true,"href":"https:\/\/raple.fclar.unesp.br\/alemao\/wp-json\/wp\/v2\/comments?post=2156"}],"version-history":[{"count":1,"href":"https:\/\/raple.fclar.unesp.br\/alemao\/wp-json\/wp\/v2\/pages\/2156\/revisions"}],"predecessor-version":[{"id":2158,"href":"https:\/\/raple.fclar.unesp.br\/alemao\/wp-json\/wp\/v2\/pages\/2156\/revisions\/2158"}],"wp:attachment":[{"href":"https:\/\/raple.fclar.unesp.br\/alemao\/wp-json\/wp\/v2\/media?parent=2156"}],"curies":[{"name":"wp","href":"https:\/\/api.w.org\/{rel}","templated":true}]}}