{"id":2264,"date":"2025-11-25T12:47:00","date_gmt":"2025-11-25T15:47:00","guid":{"rendered":"https:\/\/raple.fclar.unesp.br\/alemao\/?page_id=2264"},"modified":"2025-11-25T12:47:25","modified_gmt":"2025-11-25T15:47:25","slug":"que-frio-o-que-vestir","status":"publish","type":"page","link":"https:\/\/raple.fclar.unesp.br\/alemao\/que-frio-o-que-vestir\/","title":{"rendered":"Que frio! O que vestir?"},"content":{"rendered":"\n<p><strong>Tags: <\/strong>esta\u00e7\u00f5es do ano; die Jahreszeiten; roupas; die Kleidungen.&nbsp;<\/p>\n\n\n\n<div class=\"wp-block-columns is-layout-flex wp-container-core-columns-is-layout-9d6595d7 wp-block-columns-is-layout-flex\">\n<div class=\"wp-block-column is-layout-flow wp-block-column-is-layout-flow\">\n<p><strong>Objetivos:<\/strong><\/p>\n\n\n\n<ul class=\"wp-block-list\">\n<li>Introduzir a tem\u00e1tica \u201cvestimenta\u201d com apoio nas esta\u00e7\u00f5es do ano.&nbsp;<\/li>\n\n\n\n<li>Ampliar, revisar e fixar o vocabul\u00e1rio das esta\u00e7\u00f5es do ano, relacionando as caracter\u00edsticas de cada esta\u00e7\u00e3o com um certo traje.&nbsp;<\/li>\n<\/ul>\n\n\n\n<p><strong>Prepara\u00e7\u00e3o: <\/strong>para aplicar a atividade final, o(a) professor(a) deve consultar a din\u00e2mica Caramba!\/Verflixt!\/Darn!, presente no site da RAPLE (<a href=\"https:\/\/raple.fclar.unesp.br\/caramba-ver%ef%ac%82ixt-darn\/\" target=\"_blank\" rel=\"noreferrer noopener\">https:\/\/raple.fclar.unesp.br\/caramba-ver%ef%ac%82ixt-darn\/<\/a>). A forma como o jogo deve ser organizado est\u00e1 descrita na se\u00e7\u00e3o\u00a0 &#8220;Como realiz\u00e1-la?\u201d.\u00a0<\/p>\n<\/div>\n\n\n\n<div class=\"wp-block-column is-layout-flow wp-block-column-is-layout-flow\">\n<p><\/p>\n\n\n\n<p><strong>Tempo: <\/strong>90 minutos<\/p>\n\n\n\n<p><strong>Materiais:<\/strong><\/p>\n\n\n\n<ul class=\"wp-block-list\">\n<li>Cart\u00f5es de vocabul\u00e1rio para a din\u00e2mica.<\/li>\n\n\n\n<li>Cart\u00f5es extras com a palavra \u201eVerflixt!\u201c.<\/li>\n\n\n\n<li>Envelope.&nbsp;<\/li>\n\n\n\n<li>Imagens para associa\u00e7\u00e3o no in\u00edcio da aula.&nbsp;<\/li>\n\n\n\n<li>Meio de transmiss\u00e3o das imagens (projetor, televis\u00e3o, etc.)<\/li>\n<\/ul>\n<\/div>\n<\/div>\n\n\n\n<p><strong>Etapa 1 (10-15 min.)<\/strong><\/p>\n\n\n\n<p>Feita a prepara\u00e7\u00e3o anterior, como orientado (vide \u201cPrepara\u00e7\u00e3o\u201d, no topo do documento), o(a) professor(a) iniciar\u00e1 a aula retomando rapidamente o tema das esta\u00e7\u00f5es do ano, j\u00e1 conhecido pelos alunos. Para isso, far\u00e1 uma breve atividade de adivinha\u00e7\u00e3o, exibindo imagens que representem <em>der Fr\u00fchling<\/em>, <em>der Sommer<\/em>, <em>der Herbst<\/em> e <em>der Winter<\/em>, e incentivando que os estudantes nomeiem cada esta\u00e7\u00e3o em alem\u00e3o. Esse momento ser\u00e1 aproveitado como uma breve revis\u00e3o coletiva, refor\u00e7ando a pron\u00fancia e garantindo que todos estejam alinhados.&nbsp;<\/p>\n\n\n\n<p><strong>Etapa 2 (60-80 min.)&nbsp;<\/strong><\/p>\n\n\n\n<p><strong>Parte 1 (30-40 min)<\/strong><\/p>\n\n\n\n<p>Nesta primeira parte acontecer\u00e1 a introdu\u00e7\u00e3o do novo vocabul\u00e1rio, tamb\u00e9m, a partir de imagens, nas quais o nome, em alem\u00e3o, de diferentes roupas ser\u00e1 apresentado. Para melhor e maior fixa\u00e7\u00e3o, as pe\u00e7as ser\u00e3o representadas estando ou n\u00e3o associadas a um sujeito. Aqui, o(a) professor(a) far\u00e1 duas perguntas direcionadoras, uma para cada contexto das imagens: se as ilustra\u00e7\u00f5es apresentarem as roupas desacompanhadas, questiona-se <em>Was ist das?<\/em> (ao que respondem os(as) aprendizes <em>Das ist ein\/eine\u2026<\/em>); quando as roupas estiverem vestidas por algu\u00e9m, a quest\u00e3o ser\u00e1 <em>Was tr\u00e4gt er\/sie\/es?<\/em> (com a resposta <em>Er\/sie\/es tr\u00e4gt einen\/eine\/ein\u2026<\/em>). Em seguida, os(as) estudantes ser\u00e3o incentivados a repetir essas perguntas, agora organizados(as) em duplas e com base na vestimenta dos colegas presentes em sala. \u00c9 fundamental se atentar \u00e0 conjuga\u00e7\u00e3o do verbo <em>tragen<\/em>, de acordo com a pessoa e o caso <em>Akkusativ<\/em>.<\/p>\n\n\n\n<p><strong>Parte 2 (30-40 min)<\/strong><\/p>\n\n\n\n<p>Ap\u00f3s a retomada das esta\u00e7\u00f5es e a introdu\u00e7\u00e3o do vocabul\u00e1rio de roupas, o(a) docente ir\u00e1 desfazer as duplas e elucidar a constru\u00e7\u00e3o de frases simples que relacionem os dois temas abordados. Para isso, apresentar\u00e1 no quadro constru\u00e7\u00f5es sint\u00e1ticas como <em>Im Sommer tr\u00e4gt man\u2026<\/em> e <em>Im Winter trage ich\u2026<\/em>, ilustrando com exemplos pr\u00e1ticos e gr\u00e1ficos. Depois, vai direcionar perguntas para os estudantes, como, por exemplo: <em>Was tr\u00e4gt man im Herbst?<\/em> \u2013 <em>Im Herbst tr\u00e4gt man einen Pullover und eine Jacke<\/em>, para fomentar a oralidade e realizar corre\u00e7\u00f5es pontuais de pron\u00fancia ou estrutura.&nbsp;<\/p>\n\n\n\n<p><strong>Etapa 3 (20-35 min)<\/strong><\/p>\n\n\n\n<p>Como encerramento, ser\u00e1 realizada a din\u00e2mica <em>Verflixt!<\/em>, para revisar e consolidar, de maneira ativa e l\u00fadica, o contexto vocabular trabalhado. Os(as) alunos(as) ser\u00e3o organizados em dois grupos, e cada um receber\u00e1 um envelope contendo cart\u00f5es com palavras da aula. As instru\u00e7\u00f5es do jogo est\u00e3o detalhadas no link: <a href=\"https:\/\/raple.fclar.unesp.br\/caramba-ver%ef%ac%82ixt-darn\/\" target=\"_blank\" rel=\"noreferrer noopener\">https:\/\/raple.fclar.unesp.br\/caramba-ver%ef%ac%82ixt-darn\/<\/a>.<\/p>\n\n\n\n<p>A aplica\u00e7\u00e3o do exerc\u00edcio neste plano de aula segue uma sugest\u00e3o da autora, presente na se\u00e7\u00e3o \u201cConsidera\u00e7\u00f5es\u201d. Sendo assim, no lugar de traduzir e definir a palavra do cart\u00e3o, ser\u00e1 pedido aos(\u00e0s) aprendizes que apliquem o voc\u00e1bulo em uma frase, tornando a pr\u00e1tica mais desafiadora e contextualizada. O(a) professor(a) acompanhar\u00e1 o andamento dos grupos, encorajando o uso de senten\u00e7as completas e ajudando os estudantes quando necess\u00e1rio.&nbsp;<\/p>\n\n\n\n<p><strong>Observa\u00e7\u00e3o:<\/strong> a din\u00e2mica referenciada neste plano de aula \u00e9 <em>Verflixt!<\/em>, de autoria atribu\u00edda a Laura Ferri Pulgatti, para o site da RAPLE.<\/p>\n\n\n\n<p><strong>Autoria: <\/strong>Naomy Helena Hilario<\/p>\n\n\n\n<p><strong>N\u00edvel: <\/strong>A2<\/p>\n","protected":false},"excerpt":{"rendered":"<p>Tags: esta\u00e7\u00f5es do ano; die Jahreszeiten; roupas; die Kleidungen.&nbsp; Objetivos: Prepara\u00e7\u00e3o: para aplicar a atividade final, o(a) professor(a) deve consultar a din\u00e2mica Caramba!\/Verflixt!\/Darn!, presente no site da RAPLE (https:\/\/raple.fclar.unesp.br\/caramba-ver%ef%ac%82ixt-darn\/). A forma como o jogo deve ser organizado est\u00e1 descrita na se\u00e7\u00e3o\u00a0 &#8220;Como realiz\u00e1-la?\u201d.\u00a0 Tempo: 90 minutos Materiais: Etapa 1 (10-15 [&hellip;]<\/p>\n","protected":false},"author":19,"featured_media":0,"parent":0,"menu_order":0,"comment_status":"closed","ping_status":"closed","template":"","meta":{"_monsterinsights_skip_tracking":false,"_monsterinsights_sitenote_active":false,"_monsterinsights_sitenote_note":"","_monsterinsights_sitenote_category":0,"footnotes":""},"class_list":["post-2264","page","type-page","status-publish","hentry"],"_links":{"self":[{"href":"https:\/\/raple.fclar.unesp.br\/alemao\/wp-json\/wp\/v2\/pages\/2264","targetHints":{"allow":["GET"]}}],"collection":[{"href":"https:\/\/raple.fclar.unesp.br\/alemao\/wp-json\/wp\/v2\/pages"}],"about":[{"href":"https:\/\/raple.fclar.unesp.br\/alemao\/wp-json\/wp\/v2\/types\/page"}],"author":[{"embeddable":true,"href":"https:\/\/raple.fclar.unesp.br\/alemao\/wp-json\/wp\/v2\/users\/19"}],"replies":[{"embeddable":true,"href":"https:\/\/raple.fclar.unesp.br\/alemao\/wp-json\/wp\/v2\/comments?post=2264"}],"version-history":[{"count":2,"href":"https:\/\/raple.fclar.unesp.br\/alemao\/wp-json\/wp\/v2\/pages\/2264\/revisions"}],"predecessor-version":[{"id":2267,"href":"https:\/\/raple.fclar.unesp.br\/alemao\/wp-json\/wp\/v2\/pages\/2264\/revisions\/2267"}],"wp:attachment":[{"href":"https:\/\/raple.fclar.unesp.br\/alemao\/wp-json\/wp\/v2\/media?parent=2264"}],"curies":[{"name":"wp","href":"https:\/\/api.w.org\/{rel}","templated":true}]}}