{"id":2281,"date":"2025-11-25T14:39:03","date_gmt":"2025-11-25T17:39:03","guid":{"rendered":"https:\/\/raple.fclar.unesp.br\/alemao\/?page_id=2281"},"modified":"2025-11-25T14:39:03","modified_gmt":"2025-11-25T17:39:03","slug":"obst-und-gemuse-mit-wombo","status":"publish","type":"page","link":"https:\/\/raple.fclar.unesp.br\/alemao\/obst-und-gemuse-mit-wombo\/","title":{"rendered":"Obst und Gem\u00fcse mit Wombo"},"content":{"rendered":"\n<p><strong>Tags: <\/strong>Fruta, Obst, Gem\u00fcse, verduras, jogo da mem\u00f3ria<\/p>\n\n\n\n<div class=\"wp-block-columns is-layout-flex wp-container-core-columns-is-layout-9d6595d7 wp-block-columns-is-layout-flex\">\n<div class=\"wp-block-column is-layout-flow wp-block-column-is-layout-flow\">\n<p><strong>Objetivos:<\/strong><\/p>\n\n\n\n<ul class=\"wp-block-list\">\n<li>Introduzir o conte\u00fado de verduras e frutas em L\u00edngua Alem\u00e3\u00a0<\/li>\n\n\n\n<li>Praticar e fixar, de forma l\u00fadica, os conte\u00fados aprendidos na aula\u00a0<\/li>\n<\/ul>\n\n\n\n<p><strong>Tempo: <\/strong>60-90 minutos&nbsp;<\/p>\n<\/div>\n\n\n\n<div class=\"wp-block-column is-layout-flow wp-block-column-is-layout-flow\">\n<p><strong>Prepara\u00e7\u00e3o: <\/strong>Imprimir e recortar as cartas do jogo da mem\u00f3ria&nbsp;<\/p>\n\n\n\n<p><strong>Materiais:<\/strong><\/p>\n\n\n\n<ul class=\"wp-block-list\">\n<li>Datashow<\/li>\n\n\n\n<li>Curta-metragem \u201cWombo\u201d<\/li>\n\n\n\n<li><a href=\"https:\/\/www.canva.com\/design\/DAG0qt4VSYU\/T44DXY7r0Z0lU0ATNYBa2g\/edit?utm_content=DAG0qt4VSYU&amp;utm_campaign=designshare&amp;utm_medium=link2&amp;utm_source=sharebutton\" target=\"_blank\" rel=\"noreferrer noopener\">Slides\u00a0<\/a><\/li>\n\n\n\n<li><a href=\"https:\/\/docs.google.com\/document\/d\/1dxGXnyFb7JHHkinwx16HRZvaREr-QifzxloSiVZzp0E\/edit?tab=t.0\" target=\"_blank\" rel=\"noreferrer noopener\">Jogo da mem\u00f3ria<\/a><\/li>\n<\/ul>\n<\/div>\n<\/div>\n\n\n\n<p><strong>Etapa 1:<\/strong><\/p>\n\n\n\n<p>Inicia-se a aula instituindo um bom contato e ambiente com os alunos, no intuito de deix\u00e1-los \u00e0 vontade, para que em seguida, seja exibido o curta metragem \u201cWombo\u201d, que ser\u00e1 o ponto de partida e de aquecimento da aula. Ap\u00f3s a apresenta\u00e7\u00e3o do v\u00eddeo, sugere-se que o professor pergunte aos alunos: o que entenderam, o que sentiram assistindo, se gostaram ou n\u00e3o, etc (Neste primeiro momento, a reflex\u00e3o pode ser realizada em portugu\u00eas). Em seguida, fa\u00e7a uso tamb\u00e9m de perguntas norteadoras em l\u00edngua alem\u00e3 como: <em>\u201c Wer ist Wombo?\u201d, \u201cWo ist Wombo?\u201d e \u201cWie ist Wombo?&#8221; (gl\u00fccklich? traurig? in Panik?\u201d)<\/em><\/p>\n\n\n\n<p><strong>Etapa 2:<\/strong><\/p>\n\n\n\n<p>Antes de apresentar o conte\u00fado, pergunte aos alunos se j\u00e1 possuem conhecimento pr\u00e9vio de algum alimento em l\u00edngua alem\u00e3. Em seguida, o professor deve introduzir a eles os vocabul\u00e1rios de <em>Obst <\/em>e de <em>Gem\u00fcse<\/em> utilizando os slides dispon\u00edveis na se\u00e7\u00e3o de \u201cmateriais\u201d, no topo deste documento.&nbsp;<\/p>\n\n\n\n<p>Na inten\u00e7\u00e3o de promover intera\u00e7\u00e3o e participa\u00e7\u00e3o da turma, tamb\u00e9m fa\u00e7a perguntas como <em>\u00a8Was ist das?\u201d (Das ist die\/eine Praprika),<\/em> <em>\u201cWie heisst das auf Portugiesich?<\/em>\u201d e <em>\u201cMag du das?\u201d<\/em><\/p>\n\n\n\n<p>Para dar prosseguimento (Etapa 3), esclare\u00e7a as poss\u00edveis d\u00favidas que tenham surgido entre a turma.<\/p>\n\n\n\n<p><strong>Etapa 3<\/strong><\/p>\n\n\n\n<p>Posteriormente, visando a pr\u00e1tica e fixa\u00e7\u00e3o do conte\u00fado desenvolvido, realize com os alunos um jogo da mem\u00f3ria (materiais) dos voc\u00e1bulos adquiridos. O aluno que achar o respectivo alimento e nome, deve manter as cartas, para uma pr\u00f3xima atividade na sequ\u00eancia.<\/p>\n\n\n\n<p>Em um segundo momento, proponha aos alunos perguntas como \u201c- Was essen Sie gern?\u201d e \u201cWas essen Sie <strong>nicht so<\/strong> gern?\u201d, que devem ser respondidas baseadas nas suas cartas do jogo da mem\u00f3ria \u2013 essa atividade tamb\u00e9m pode ser realizada em duplas.<\/p>\n\n\n\n<p><strong>Autoria: <\/strong>Prof. Arthur Heredia Crespo<\/p>\n\n\n\n<p><strong>Adaptado por: <\/strong>Julia Wik Atique&nbsp;<\/p>\n\n\n\n<p><strong>N\u00edvel: <\/strong>A1<\/p>\n","protected":false},"excerpt":{"rendered":"<p>Tags: Fruta, Obst, Gem\u00fcse, verduras, jogo da mem\u00f3ria Objetivos: Tempo: 60-90 minutos&nbsp; Prepara\u00e7\u00e3o: Imprimir e recortar as cartas do jogo da mem\u00f3ria&nbsp; Materiais: Etapa 1: Inicia-se a aula instituindo um bom contato e ambiente com os alunos, no intuito de deix\u00e1-los \u00e0 vontade, para que em seguida, seja exibido o [&hellip;]<\/p>\n","protected":false},"author":19,"featured_media":0,"parent":0,"menu_order":0,"comment_status":"closed","ping_status":"closed","template":"","meta":{"_monsterinsights_skip_tracking":false,"_monsterinsights_sitenote_active":false,"_monsterinsights_sitenote_note":"","_monsterinsights_sitenote_category":0,"footnotes":""},"class_list":["post-2281","page","type-page","status-publish","hentry"],"_links":{"self":[{"href":"https:\/\/raple.fclar.unesp.br\/alemao\/wp-json\/wp\/v2\/pages\/2281","targetHints":{"allow":["GET"]}}],"collection":[{"href":"https:\/\/raple.fclar.unesp.br\/alemao\/wp-json\/wp\/v2\/pages"}],"about":[{"href":"https:\/\/raple.fclar.unesp.br\/alemao\/wp-json\/wp\/v2\/types\/page"}],"author":[{"embeddable":true,"href":"https:\/\/raple.fclar.unesp.br\/alemao\/wp-json\/wp\/v2\/users\/19"}],"replies":[{"embeddable":true,"href":"https:\/\/raple.fclar.unesp.br\/alemao\/wp-json\/wp\/v2\/comments?post=2281"}],"version-history":[{"count":1,"href":"https:\/\/raple.fclar.unesp.br\/alemao\/wp-json\/wp\/v2\/pages\/2281\/revisions"}],"predecessor-version":[{"id":2283,"href":"https:\/\/raple.fclar.unesp.br\/alemao\/wp-json\/wp\/v2\/pages\/2281\/revisions\/2283"}],"wp:attachment":[{"href":"https:\/\/raple.fclar.unesp.br\/alemao\/wp-json\/wp\/v2\/media?parent=2281"}],"curies":[{"name":"wp","href":"https:\/\/api.w.org\/{rel}","templated":true}]}}