{"id":504,"date":"2019-02-19T15:05:46","date_gmt":"2019-02-19T18:05:46","guid":{"rendered":"https:\/\/cel.fclar.unesp.br\/alemao\/?page_id=504"},"modified":"2020-09-23T20:24:16","modified_gmt":"2020-09-23T23:24:16","slug":"wenn-ich-in-deutschland-studieren-wurde","status":"publish","type":"page","link":"https:\/\/raple.fclar.unesp.br\/alemao\/wenn-ich-in-deutschland-studieren-wurde\/","title":{"rendered":"Se eu estudasse na Alemanha&#8230;"},"content":{"rendered":"\n<p> Autoria:\u00a0<strong>Profa.  Cibele Cec\u00edlio de Faria Rozenfeld<\/strong><\/p>\n\n\n\n<p><strong>WENN ICH IN DEUTSCHLAND STUDIEREN W\u00dcRDE&#8230;<\/strong><\/p>\n\n\n\n<div class=\"wp-block-image\"><figure class=\"aligncenter\"><img loading=\"lazy\" decoding=\"async\" width=\"337\" height=\"224\" src=\"https:\/\/cel.fclar.unesp.br\/alemao\/wp-content\/uploads\/sites\/2\/2020\/07\/WhatsApp-Image-2020-06-12-at-17.09.37.jpeg\" alt=\"\" class=\"wp-image-1326\" srcset=\"https:\/\/raple.fclar.unesp.br\/alemao\/wp-content\/uploads\/sites\/2\/2020\/07\/WhatsApp-Image-2020-06-12-at-17.09.37.jpeg 337w, https:\/\/raple.fclar.unesp.br\/alemao\/wp-content\/uploads\/sites\/2\/2020\/07\/WhatsApp-Image-2020-06-12-at-17.09.37-300x199.jpeg 300w\" sizes=\"auto, (max-width: 337px) 100vw, 337px\" \/><\/figure><\/div>\n\n\n\n<ol class=\"wp-block-list\"><li> Converse com os estudantes (em alem\u00e3o!) sobre&nbsp; estudar na Alemanha: quem j\u00e1 estudou? quem&nbsp; tem a inten\u00e7\u00e3o de estudar? <\/li><li> &nbsp;pergunte sobre os requisitos para se estudar na Alemanha: o que \u00e9 necess\u00e1rio ter\/fazer para se estudar na Alemanha? O professor coloca na lousa todos os requisitos mencionados e ainda auxilia os alunos no vocabul\u00e1rio necess\u00e1rio, como por exemplo: <\/li><\/ol>\n\n\n\n<blockquote class=\"wp-block-quote is-layout-flow wp-block-quote-is-layout-flow\"><p> das Visum<br> das Aufenthalterlaubnis<br> der g\u00fcltige Pass<br> das ausw\u00e4rtige Amt<br> sich anmelden<br> das Einwhonermeldeamt<br> die Versicherung &#8211; Kankenversicherung<br> etc&#8230;.. <\/p><\/blockquote>\n\n\n\n<p style=\"text-align:left\">   3. tendo sido introduzidas algumas palavras, os alunos dever\u00e3o, em duplas, ler as informa\u00e7\u00f5es dispon\u00edveis em:&nbsp;&nbsp;http:\/\/www.goethe.de\/lrn\/prj\/wnd\/idl\/ers\/deindex.htm?wt_sc=mwnd_ersteschritte <\/p>\n\n\n\n<p>4.  Os alunos dever\u00e3o, ent\u00e3o,&nbsp; elaborar colaborativamente ( ou seja, no grupo todo) ou em duplas, na plataforma Padlet (https:\/\/pt-br.padlet.com\/), as informa\u00e7\u00f5es do texto com imagens , uma s\u00edntese dos requisitos , bem como complementar com as coisas que os alunos acreditam que poder\u00e3o fazer quando estiverem morando e estudando no pa\u00eds&nbsp;. Para utilizar o Padlet, os alunos dever\u00e3o fazer um cadastro na plataforma, inserir os usu\u00e1rios que podem colaborar e come\u00e7ar, ent\u00e3o a montar o &#8220;mural&#8221;. O tema do mural no Padlet deve ser: &#8220;wenn ich in Deutschland studieren w\u00fcrde, w\u00fcrde ich&#8230;..m\u00fcsste ich&#8230;.k\u00f6nnte ich&#8230;.&#8221;, etc. <\/p>\n\n\n\n<p> 5. Os resultados finais, ou seja,&nbsp; murais&nbsp; elaborados no Padlet, dever\u00e3o ser apresentados para toda a sala <\/p>\n","protected":false},"excerpt":{"rendered":"<p>Autoria:\u00a0Profa. Cibele Cec\u00edlio de Faria Rozenfeld WENN ICH IN DEUTSCHLAND STUDIEREN W\u00dcRDE&#8230; Converse com os estudantes (em alem\u00e3o!) sobre&nbsp; estudar na Alemanha: quem j\u00e1 estudou? quem&nbsp; tem a inten\u00e7\u00e3o de estudar? &nbsp;pergunte sobre os requisitos para se estudar na Alemanha: o que \u00e9 necess\u00e1rio ter\/fazer para se estudar na Alemanha? [&hellip;]<\/p>\n","protected":false},"author":4,"featured_media":0,"parent":0,"menu_order":0,"comment_status":"closed","ping_status":"closed","template":"","meta":{"_monsterinsights_skip_tracking":false,"_monsterinsights_sitenote_active":false,"_monsterinsights_sitenote_note":"","_monsterinsights_sitenote_category":0,"footnotes":""},"class_list":["post-504","page","type-page","status-publish","hentry"],"_links":{"self":[{"href":"https:\/\/raple.fclar.unesp.br\/alemao\/wp-json\/wp\/v2\/pages\/504","targetHints":{"allow":["GET"]}}],"collection":[{"href":"https:\/\/raple.fclar.unesp.br\/alemao\/wp-json\/wp\/v2\/pages"}],"about":[{"href":"https:\/\/raple.fclar.unesp.br\/alemao\/wp-json\/wp\/v2\/types\/page"}],"author":[{"embeddable":true,"href":"https:\/\/raple.fclar.unesp.br\/alemao\/wp-json\/wp\/v2\/users\/4"}],"replies":[{"embeddable":true,"href":"https:\/\/raple.fclar.unesp.br\/alemao\/wp-json\/wp\/v2\/comments?post=504"}],"version-history":[{"count":10,"href":"https:\/\/raple.fclar.unesp.br\/alemao\/wp-json\/wp\/v2\/pages\/504\/revisions"}],"predecessor-version":[{"id":1131,"href":"https:\/\/raple.fclar.unesp.br\/alemao\/wp-json\/wp\/v2\/pages\/504\/revisions\/1131"}],"wp:attachment":[{"href":"https:\/\/raple.fclar.unesp.br\/alemao\/wp-json\/wp\/v2\/media?parent=504"}],"curies":[{"name":"wp","href":"https:\/\/api.w.org\/{rel}","templated":true}]}}