{"id":611,"date":"2019-04-04T16:00:12","date_gmt":"2019-04-04T19:00:12","guid":{"rendered":"https:\/\/cel.fclar.unesp.br\/alemao\/?page_id=611"},"modified":"2022-08-04T11:50:39","modified_gmt":"2022-08-04T14:50:39","slug":"611-2","status":"publish","type":"page","link":"https:\/\/raple.fclar.unesp.br\/alemao\/611-2\/","title":{"rendered":"Clubes (Freib\u00e4der)"},"content":{"rendered":"\n<div class=\"wp-block-image\"><figure class=\"aligncenter\"><img loading=\"lazy\" decoding=\"async\" width=\"337\" height=\"224\" src=\"https:\/\/cel.fclar.unesp.br\/alemao\/wp-content\/uploads\/sites\/2\/2020\/07\/WhatsApp-Image-2020-06-10-at-16.23.23.jpeg\" alt=\"\" class=\"wp-image-1356\" srcset=\"https:\/\/raple.fclar.unesp.br\/alemao\/wp-content\/uploads\/sites\/2\/2020\/07\/WhatsApp-Image-2020-06-10-at-16.23.23.jpeg 337w, https:\/\/raple.fclar.unesp.br\/alemao\/wp-content\/uploads\/sites\/2\/2020\/07\/WhatsApp-Image-2020-06-10-at-16.23.23-300x199.jpeg 300w\" sizes=\"auto, (max-width: 337px) 100vw, 337px\" \/><\/figure><\/div>\n\n\n\n<p>Autor: Prof.&nbsp; Arthur Heredia Crespo<\/p>\n\n\n\n<ol class=\"wp-block-list\"><li>Mostre aos alunos as fotos, juntamente com o vocabul\u00e1rio presente a seguir:<\/li><\/ol>\n\n\n\n<div class=\"wp-block-image\"><figure class=\"aligncenter is-resized\"><img loading=\"lazy\" decoding=\"async\" src=\"https:\/\/cel.fclar.unesp.br\/alemao\/wp-content\/uploads\/sites\/2\/2019\/04\/piscina-1.png\" alt=\"\" class=\"wp-image-614\" width=\"500\" height=\"500\" \/><\/figure><\/div>\n\n\n\n<div class=\"wp-block-image\"><figure class=\"aligncenter\"><img loading=\"lazy\" decoding=\"async\" width=\"542\" height=\"161\" src=\"https:\/\/cel.fclar.unesp.br\/alemao\/wp-content\/uploads\/sites\/2\/2019\/04\/caixa-1-1.png\" alt=\"\" class=\"wp-image-612\" srcset=\"https:\/\/raple.fclar.unesp.br\/alemao\/wp-content\/uploads\/sites\/2\/2019\/04\/caixa-1-1.png 542w, https:\/\/raple.fclar.unesp.br\/alemao\/wp-content\/uploads\/sites\/2\/2019\/04\/caixa-1-1-300x89.png 300w\" sizes=\"auto, (max-width: 542px) 100vw, 542px\" \/><\/figure><\/div>\n\n\n\n<div class=\"wp-block-image\"><figure class=\"aligncenter is-resized\"><img loading=\"lazy\" decoding=\"async\" src=\"https:\/\/cel.fclar.unesp.br\/alemao\/wp-content\/uploads\/sites\/2\/2019\/04\/piscina-2.png\" alt=\"\" class=\"wp-image-615\" width=\"500\" height=\"500\" \/><\/figure><\/div>\n\n\n\n<div class=\"wp-block-image\"><figure class=\"aligncenter is-resized\"><img loading=\"lazy\" decoding=\"async\" src=\"https:\/\/cel.fclar.unesp.br\/alemao\/wp-content\/uploads\/sites\/2\/2019\/04\/piscina-3.png\" alt=\"\" class=\"wp-image-616\" width=\"516\" height=\"516\" \/><\/figure><\/div>\n\n\n\n<p>\u00a0 \u00a0 \u00a0 \u00a0 \u00a02. Passe a eles o curta Manolo, presente a seguir: <a href=\"https:\/\/vimeo.com\/52862906\" target=\"_blank\" rel=\"noreferrer noopener\">(Clique aqui)<\/a><\/p>\n\n\n\n<p>3.  Discuta com a sala as seguintes perguntas:<\/p>\n\n\n\n<ul class=\"wp-block-list\"><li>O melhor hor\u00e1rio para se ir a um Freibad \u00e9 na hora do almo\u00e7o, porque logo pela manh\u00e3 e ao final da tarde v\u00e3o muitas pessoas. E no Brasil?<br>Qual \u00e9 o melhor hor\u00e1rio para se ir ao clube e por qu\u00ea?<\/li><li>Como Freib\u00e4der s\u00e3o espa\u00e7os p\u00fablicos para lazer, os usu\u00e1rios devem pagar apenas uma pequena tarifa para ter acesso. Existe isso no Brasil?&nbsp; Qual \u00e9 a sua opini\u00e3o a respeito?<\/li><li>A Freik\u00f6rperkultur (FKK) , ou cultura do corpo livre, \u00e9 uma pr\u00e1tica bastante conhecida nos pa\u00edses de l\u00edngua alem\u00e3. Embora hoje em dia n\u00e3o seja<br>mais t\u00e3o comum, ainda se pode encontrar pessoas sem roupas em ambientes p\u00fablicos, como parques e Freibad, principalmente no&nbsp;ver\u00e3o.&nbsp; &nbsp;Como \u00e9 essa situa\u00e7\u00e3o no Brasil?<\/li><li>Pelo que voc\u00ea observou do comportamento das pessoas no curta-metragem \u201cManolo\u201d, quais semelhan\u00e7as e similaridades entre elas e os brasileiros frequentadores de clubes que voc\u00ea consegue citar?<\/li><\/ul>\n","protected":false},"excerpt":{"rendered":"<p>Autor: Prof.&nbsp; Arthur Heredia Crespo Mostre aos alunos as fotos, juntamente com o vocabul\u00e1rio presente a seguir: \u00a0 \u00a0 \u00a0 \u00a0 \u00a02. Passe a eles o curta Manolo, presente a seguir: (Clique aqui) 3. Discuta com a sala as seguintes perguntas: O melhor hor\u00e1rio para se ir a um Freibad [&hellip;]<\/p>\n","protected":false},"author":6,"featured_media":0,"parent":0,"menu_order":0,"comment_status":"closed","ping_status":"closed","template":"","meta":{"_monsterinsights_skip_tracking":false,"_monsterinsights_sitenote_active":false,"_monsterinsights_sitenote_note":"","_monsterinsights_sitenote_category":0,"footnotes":""},"class_list":["post-611","page","type-page","status-publish","hentry"],"_links":{"self":[{"href":"https:\/\/raple.fclar.unesp.br\/alemao\/wp-json\/wp\/v2\/pages\/611","targetHints":{"allow":["GET"]}}],"collection":[{"href":"https:\/\/raple.fclar.unesp.br\/alemao\/wp-json\/wp\/v2\/pages"}],"about":[{"href":"https:\/\/raple.fclar.unesp.br\/alemao\/wp-json\/wp\/v2\/types\/page"}],"author":[{"embeddable":true,"href":"https:\/\/raple.fclar.unesp.br\/alemao\/wp-json\/wp\/v2\/users\/6"}],"replies":[{"embeddable":true,"href":"https:\/\/raple.fclar.unesp.br\/alemao\/wp-json\/wp\/v2\/comments?post=611"}],"version-history":[{"count":9,"href":"https:\/\/raple.fclar.unesp.br\/alemao\/wp-json\/wp\/v2\/pages\/611\/revisions"}],"predecessor-version":[{"id":1803,"href":"https:\/\/raple.fclar.unesp.br\/alemao\/wp-json\/wp\/v2\/pages\/611\/revisions\/1803"}],"wp:attachment":[{"href":"https:\/\/raple.fclar.unesp.br\/alemao\/wp-json\/wp\/v2\/media?parent=611"}],"curies":[{"name":"wp","href":"https:\/\/api.w.org\/{rel}","templated":true}]}}