{"id":73,"date":"2017-08-14T13:38:52","date_gmt":"2017-08-14T16:38:52","guid":{"rendered":"https:\/\/cel.fclar.unesp.br\/alemao\/?page_id=73"},"modified":"2025-05-20T10:54:40","modified_gmt":"2025-05-20T13:54:40","slug":"a1-partizip-perfekt","status":"publish","type":"page","link":"https:\/\/raple.fclar.unesp.br\/alemao\/a1-partizip-perfekt\/","title":{"rendered":"Partic\u00edpio perfeito"},"content":{"rendered":"\n<p><strong>Thema<\/strong>: uso do Partizip Perfekt<\/p>\n\n\n\n<div class=\"wp-block-columns is-layout-flex wp-container-core-columns-is-layout-9d6595d7 wp-block-columns-is-layout-flex\">\n<div class=\"wp-block-column is-layout-flow wp-block-column-is-layout-flow\">\n<p><strong>Objetivos:<\/strong><\/p>\n\n\n\n<ul class=\"wp-block-list\">\n<li>Expressar-se sobre eventos que aconteceram no passado<\/li>\n<\/ul>\n<\/div>\n\n\n\n<div class=\"wp-block-column is-layout-flow wp-block-column-is-layout-flow\">\n<p><strong>Materiais:<\/strong><\/p>\n\n\n\n<ul class=\"wp-block-list\">\n<li>Lista de verbos e elementos lingu\u00edsticos (na lousa ou em uma folha.)<\/li>\n\n\n\n<li>V\u00eddeo do Youtube: <a href=\"https:\/\/www.youtube.com\/watch?v=PMj9kUPrnBk\" target=\"_blank\" rel=\"noreferrer noopener\">https:\/\/www.youtube.com\/watch?v=PMj9kUPrnBk<\/a><\/li>\n\n\n\n<li>Folhas de sulfite para os alunos<\/li>\n<\/ul>\n<\/div>\n<\/div>\n\n\n\n<p><strong>Etapa 1:<\/strong><\/p>\n\n\n\n<p>Reunir verbos no infinitivo.<\/p>\n\n\n\n<p>Destacar na lousa os seguintes elementos:&nbsp;<\/p>\n\n\n\n<figure class=\"wp-block-table\"><table><tbody><tr><td>die Bushaltestelle &#8211; gehen<\/td><td>ein Ticket kaufen<\/td><td>aussteigen<\/td><\/tr><tr><td>sprechen<\/td><td>auf eins dr\u00fccken<\/td><td>die Papiere vergessen<\/td><\/tr><tr><td>der Bus-ankommen<\/td><td>Kleingeld brauchen<\/td><td>Musik h\u00f6ren<\/td><\/tr><tr><td>in den Bus einsteigen<\/td><td>aufstehen<\/td><td>fotografieren<\/td><\/tr><\/tbody><\/table><\/figure>\n\n\n\n<p><strong>Etapa 2:&nbsp;<\/strong><\/p>\n\n\n\n<p>Alunos assistem ao v\u00eddeo uma ou duas vezes (<a href=\"https:\/\/www.youtube.com\/watch?v=PMj9kUPrnBk\" target=\"_blank\" rel=\"noreferrer noopener\">https:\/\/www.youtube.com\/watch?v=PMj9kUPrnBk<\/a>) e em seguida, individualmente, cada um em uma folha A4, dever\u00e1 recontar a hist\u00f3ria usando os elementos destacados na etapa anterior. Eventualmente, incluir outros necess\u00e1rios para recontar a hist\u00f3ria.&nbsp;<\/p>\n\n\n\n<p>Para a corre\u00e7\u00e3o, poder\u00e1 ser promovida uma competi\u00e7\u00e3o: o aluno que tiver acertado todos os verbos no passado, ganha.&nbsp;<\/p>\n\n\n\n<p><strong>Etapa 3<\/strong><\/p>\n\n\n\n<p>Promover uma discuss\u00e3o final sobre quest\u00f5es interculturais que possam ter chamado aten\u00e7\u00e3o, como por exemplo, a forma de se comprar a passagem do \u00f4nibus etc. Os alunos poder\u00e3o, ainda, recontar oralmente a hist\u00f3ria, de forma colaborativa (um come\u00e7a os outros continuam).<\/p>\n\n\n\n<p><strong>Autoria: <\/strong>Prof\u00aa Cibele Cecilio de Faria Rozenfeld<\/p>\n\n\n\n<p><strong>N\u00edvel: <\/strong>A1<\/p>\n","protected":false},"excerpt":{"rendered":"<p>Thema: uso do Partizip Perfekt Objetivos: Materiais: Etapa 1: Reunir verbos no infinitivo. Destacar na lousa os seguintes elementos:&nbsp; die Bushaltestelle &#8211; gehen ein Ticket kaufen aussteigen sprechen auf eins dr\u00fccken die Papiere vergessen der Bus-ankommen Kleingeld brauchen Musik h\u00f6ren in den Bus einsteigen aufstehen fotografieren Etapa 2:&nbsp; Alunos assistem [&hellip;]<\/p>\n","protected":false},"author":2,"featured_media":0,"parent":0,"menu_order":0,"comment_status":"closed","ping_status":"closed","template":"","meta":{"_monsterinsights_skip_tracking":false,"_monsterinsights_sitenote_active":false,"_monsterinsights_sitenote_note":"","_monsterinsights_sitenote_category":0,"footnotes":""},"class_list":["post-73","page","type-page","status-publish","hentry"],"_links":{"self":[{"href":"https:\/\/raple.fclar.unesp.br\/alemao\/wp-json\/wp\/v2\/pages\/73","targetHints":{"allow":["GET"]}}],"collection":[{"href":"https:\/\/raple.fclar.unesp.br\/alemao\/wp-json\/wp\/v2\/pages"}],"about":[{"href":"https:\/\/raple.fclar.unesp.br\/alemao\/wp-json\/wp\/v2\/types\/page"}],"author":[{"embeddable":true,"href":"https:\/\/raple.fclar.unesp.br\/alemao\/wp-json\/wp\/v2\/users\/2"}],"replies":[{"embeddable":true,"href":"https:\/\/raple.fclar.unesp.br\/alemao\/wp-json\/wp\/v2\/comments?post=73"}],"version-history":[{"count":27,"href":"https:\/\/raple.fclar.unesp.br\/alemao\/wp-json\/wp\/v2\/pages\/73\/revisions"}],"predecessor-version":[{"id":2172,"href":"https:\/\/raple.fclar.unesp.br\/alemao\/wp-json\/wp\/v2\/pages\/73\/revisions\/2172"}],"wp:attachment":[{"href":"https:\/\/raple.fclar.unesp.br\/alemao\/wp-json\/wp\/v2\/media?parent=73"}],"curies":[{"name":"wp","href":"https:\/\/api.w.org\/{rel}","templated":true}]}}