{"id":1101,"date":"2025-04-29T10:59:36","date_gmt":"2025-04-29T13:59:36","guid":{"rendered":"https:\/\/raple.fclar.unesp.br\/espanhol\/?page_id=1101"},"modified":"2025-04-29T10:59:36","modified_gmt":"2025-04-29T13:59:36","slug":"el-salvador","status":"publish","type":"page","link":"https:\/\/raple.fclar.unesp.br\/espanhol\/el-salvador\/","title":{"rendered":"El Salvador"},"content":{"rendered":"\n<p><strong><a href=\"https:\/\/youtu.be\/dKhHx8vzMGs?feature=shared\" target=\"_blank\" rel=\"noreferrer noopener\">Como Yo Te Quiero <\/a>&#8211; Analu Dada<\/strong><\/p>\n\n\n\n<p>\u201cComo Yo Te Quiero\u201d \u00e9 uma m\u00fasica com enfoque em verbos no pret\u00e9rito indefinido. Apesar de ter uma breve composi\u00e7\u00e3o, pode auxiliar em atividades nas quais os alunos encontrem os verbos no passado e indiquem a pessoa a qual se referem. Al\u00e9m disso, o uso do verbo \u201c<em>sepas<\/em>\u201d pode ser uma maneira de introduzir brevemente no\u00e7\u00f5es do subjuntivo. (<strong>Cr\u00e9ditos<\/strong>: Mariana Alves Pereira)<\/p>\n","protected":false},"excerpt":{"rendered":"<p>Como Yo Te Quiero &#8211; Analu Dada \u201cComo Yo Te Quiero\u201d \u00e9 uma m\u00fasica com enfoque em verbos no pret\u00e9rito indefinido. Apesar de ter uma breve composi\u00e7\u00e3o, pode auxiliar em atividades nas quais os alunos encontrem os verbos no passado e indiquem a pessoa a qual se referem. Al\u00e9m disso, [&hellip;]<\/p>\n","protected":false},"author":19,"featured_media":0,"parent":0,"menu_order":0,"comment_status":"closed","ping_status":"closed","template":"","meta":{"_monsterinsights_skip_tracking":false,"_monsterinsights_sitenote_active":false,"_monsterinsights_sitenote_note":"","_monsterinsights_sitenote_category":0,"footnotes":""},"class_list":["post-1101","page","type-page","status-publish","hentry"],"_links":{"self":[{"href":"https:\/\/raple.fclar.unesp.br\/espanhol\/wp-json\/wp\/v2\/pages\/1101","targetHints":{"allow":["GET"]}}],"collection":[{"href":"https:\/\/raple.fclar.unesp.br\/espanhol\/wp-json\/wp\/v2\/pages"}],"about":[{"href":"https:\/\/raple.fclar.unesp.br\/espanhol\/wp-json\/wp\/v2\/types\/page"}],"author":[{"embeddable":true,"href":"https:\/\/raple.fclar.unesp.br\/espanhol\/wp-json\/wp\/v2\/users\/19"}],"replies":[{"embeddable":true,"href":"https:\/\/raple.fclar.unesp.br\/espanhol\/wp-json\/wp\/v2\/comments?post=1101"}],"version-history":[{"count":1,"href":"https:\/\/raple.fclar.unesp.br\/espanhol\/wp-json\/wp\/v2\/pages\/1101\/revisions"}],"predecessor-version":[{"id":1102,"href":"https:\/\/raple.fclar.unesp.br\/espanhol\/wp-json\/wp\/v2\/pages\/1101\/revisions\/1102"}],"wp:attachment":[{"href":"https:\/\/raple.fclar.unesp.br\/espanhol\/wp-json\/wp\/v2\/media?parent=1101"}],"curies":[{"name":"wp","href":"https:\/\/api.w.org\/{rel}","templated":true}]}}