{"id":295,"date":"2020-07-03T15:50:55","date_gmt":"2020-07-03T18:50:55","guid":{"rendered":"https:\/\/cel.fclar.unesp.br\/espanhol\/?page_id=295"},"modified":"2025-03-27T09:03:27","modified_gmt":"2025-03-27T12:03:27","slug":"revisao-de-preteritos","status":"publish","type":"page","link":"https:\/\/raple.fclar.unesp.br\/espanhol\/revisao-de-preteritos\/","title":{"rendered":"Revis\u00e3o de Pret\u00e9ritos"},"content":{"rendered":"\n<p><strong>Tags:<\/strong> revis\u00e3o; pret\u00e9ritos \/ repaso; pret\u00e9ritos<\/p>\n\n\n\n<p><strong>Objetivos:<\/strong><\/p>\n\n\n\n<ul class=\"wp-block-list\">\n<li>Revisar os pret\u00e9ritos.<\/li>\n<\/ul>\n\n\n\n<p><strong>Materiais:<\/strong><\/p>\n\n\n\n<p>RICARDO ARJONA \u2013 HISTORIA DE TAXI :<\/p>\n\n\n\n<div class=\"wp-block-columns is-layout-flex wp-container-core-columns-is-layout-9d6595d7 wp-block-columns-is-layout-flex\">\n<div class=\"wp-block-column is-layout-flow wp-block-column-is-layout-flow\">\n<p><strong>Eran <\/strong>las diez de la noche,<br><strong>piloteaba <\/strong>mi nave.<br><strong>era <\/strong>mi taxi un Volkswagen<br>del a\u00f1o 68.<br><strong>Era <\/strong>un d\u00eda de esos maus donde no <strong>hubo <\/strong>pasajem.<br>las lentejuelas de un traje,<br>me ___________ (hacer) la parada.<br>___________ (ser) una rubia preciosa ________________&nbsp; (llevar) minifalda.<br>El escote en su espalda<br>llegaba justo a la gloria.<br><\/p>\n\n\n\n<p>Una l\u00e1grima negra ___________ (rodar) en su mejilla.<br>Mientras que el retrovisor <strong>dec\u00eda <\/strong>\u201c\u00a1ve que pantorrillas!\u201d<br>yo _____________ (ver) un pouco m\u00e1s.<br>___________ (ser) las diez con quarenta <strong>zigzagueaba <\/strong>en reforma.<br>Me dijo \u201c<strong>me llamo<\/strong> Norma\u201d<br>mientras _______________ (cruzar) la perna.<br>Sac\u00f3 un cigarro algo extra\u00f1o de esos que te dan risa.<br>Le ___________ (ofrecer) fuego deprisa y me temblaba la mano<br>Le ___________ (preguntar) \u201c\u00bfpor qui\u00e9n llora?&nbsp; Y me dijo \u201cpor un tipo, que se cree que por rico ________________ (poder) venir a enga\u00f1arme.\u201d<br>\u201cno caiga usted por amores,&nbsp; debe de levantarse\u201d le ______________ (decir)<br>\u201ccuente con un servidor si lo que quiere es vingarse.\u201d Y me ___________ (sonre\u00edr).&nbsp;<\/p>\n\n\n\n<p>\u00bfQu\u00e9 es lo que hace un taxista seduciendo a la vida?<br>\u00bfQu\u00e9 es lo que hace un taxista construyendo una herida?<br>\u00bfQu\u00e9 es lo que hace un taxista enfrente de una dama?&nbsp;\u00bfQu\u00e9 es lo que hace un taxista con sus sue\u00f1os de cama?&nbsp;<\/p>\n<\/div>\n\n\n\n<div class=\"wp-block-column is-layout-flow wp-block-column-is-layout-flow\">\n<p><strong>Me pregunt\u00e9<\/strong>\u2026<br>\u201cLo ______________ (ver) abrazando y besando a una humilde muchacha. ___________ (ser) de clase muy sencilla,<br>lo s\u00e9 por su facha.\u201d<br>Me sonre\u00eda en el espejo y ___________&nbsp; (sentarse) de lado.&nbsp;<\/p>\n\n\n\n<p>Yo estaba idiotizado,<br>con el espejo empa\u00f1ado.<br>Me _____________ (decir): \u201cdobra en la esquina, iremos hasta mi casa. Despu\u00e9s de un par de tequilas, veremos qu\u00e9 es lo que pasa.\u201d<br>Para qu\u00e9 describir lo que ___________ (hacer) en la alfombra.<br>Si basta con resumir que le ___________ (besar) hasta la sombra, y un pouco m\u00e1is\u2026&nbsp;<\/p>\n\n\n\n<p>\u201cno ___________ (sentirse) usted tan sola, sufro aunque no es lo mismo. Mi mulher y mi horario, han abierto un abismo.\u201d<br>\u201c\u00a1como se ___________&nbsp; (sufrir) a ambos lados de las clases sociales!\u201d<br>\u201custed sufre en su mansi\u00f3n,<br>yo sufro en los arrabales.\u201d<br>Me ___________ (decir) \u201cvente conmigo, que sepa no estoy sola.\u201d Se hizo en el pelo una cola, ___________ (ir) al bar donde estaban.<br>Entramos precisamente \u00e9l ___________ (abrazar) a una tchica.<br>Mira si ___________ (ser) grande el destino y esta ciudad ___________ (ser) chica.<br>\u00a1Era mi muller!<br>\u00bfQu\u00e9 es lo que hace un taxista seduciendo a la vida?<br>\u00bfQu\u00e9 es lo que hace un taxista construyendo una herida?<br>\u00bfQu\u00e9 es lo que hace un taxista cuando un caballero<br>coincide con su mujer en horario y esmero?<br><strong>Me pregunt\u00e9<\/strong>\u2026<br>Desde aquella noche ellos ___________ (jugar) a enganharnos.<br>Se ___________ (ver) en el mismo bar\u2026<br>Y la rubia para el taxi siempre a las dez<br>en el mismo lugar<\/p>\n<\/div>\n<\/div>\n\n\n\n<p><strong>Etapa 1:&nbsp;<\/strong><\/p>\n\n\n\n<ol class=\"wp-block-list\">\n<li>Cumprimentar os alunos e come\u00e7ar a aula Escutando a m\u00fasica <a href=\"https:\/\/www.youtube.com\/watch?v=-apU2sviHCM\" target=\"_blank\" rel=\"noreferrer noopener\">Historia de taxi<\/a>, de Ricardo Arjona e discutir o que se compreende, sem a leitura da letra. b) Dar-lhes a letra da m\u00fasica e pedir que conjuguem os verbos no tempo no modo e tempo que lhes parecem apropriados.<\/li>\n<\/ol>\n\n\n\n<p><strong>Etapa 2:&nbsp;<\/strong><\/p>\n\n\n\n<ol class=\"wp-block-list\">\n<li>Passar a m\u00fasica novamente, para a confirma\u00e7\u00e3o da conjuga\u00e7\u00e3o dos verbos. b) Perguntar-lhes se n\u00e3o perceberam nada de \u201cestranho\u201d na letra. Se n\u00e3o identificaram, explicar-lhes que h\u00e1 catorze palavras escritas em portugu\u00eas ou equivocadamente. Pedir-lhes que os encontrem e corrijam.<\/li>\n<\/ol>\n\n\n\n<p><strong>Etapa 3:&nbsp;<\/strong><\/p>\n\n\n\n<ol class=\"wp-block-list\">\n<li>Propor que escrevam individualmente uma hist\u00f3ria, diferente da m\u00fasica, utilizando os tempos em pret\u00e9rito, com os seguintes elementos:&nbsp;<\/li>\n<\/ol>\n\n\n\n<ul class=\"wp-block-list\">\n<li>taxi;<\/li>\n\n\n\n<li>casais;<\/li>\n\n\n\n<li>amantes;<\/li>\n\n\n\n<li>trai\u00e7\u00e3o\/trai\u00e7\u00f5es.<\/li>\n<\/ul>\n\n\n\n<ol class=\"wp-block-list\" start=\"2\">\n<li>Finalizar a aula pedindo para que leiam a hist\u00f3ria criada.&nbsp;<\/li>\n<\/ol>\n\n\n\n<p><strong>Autoria: <\/strong>Profa. Mayara Mayumi Sataka<\/p>\n\n\n\n<p><strong>Revis\u00e3o:<\/strong> Profa. Giovanna Cristina Lourencetti<\/p>\n\n\n\n<p><strong>N\u00edvel: <\/strong>B2<\/p>\n","protected":false},"excerpt":{"rendered":"<p>Tags: revis\u00e3o; pret\u00e9ritos \/ repaso; pret\u00e9ritos Objetivos: Materiais: RICARDO ARJONA \u2013 HISTORIA DE TAXI : Eran las diez de la noche,piloteaba mi nave.era mi taxi un Volkswagendel a\u00f1o 68.Era un d\u00eda de esos maus donde no hubo pasajem.las lentejuelas de un traje,me ___________ (hacer) la parada.___________ (ser) una rubia preciosa [&hellip;]<\/p>\n","protected":false},"author":7,"featured_media":0,"parent":0,"menu_order":0,"comment_status":"closed","ping_status":"closed","template":"","meta":{"_monsterinsights_skip_tracking":false,"_monsterinsights_sitenote_active":false,"_monsterinsights_sitenote_note":"","_monsterinsights_sitenote_category":0,"footnotes":""},"class_list":["post-295","page","type-page","status-publish","hentry"],"_links":{"self":[{"href":"https:\/\/raple.fclar.unesp.br\/espanhol\/wp-json\/wp\/v2\/pages\/295","targetHints":{"allow":["GET"]}}],"collection":[{"href":"https:\/\/raple.fclar.unesp.br\/espanhol\/wp-json\/wp\/v2\/pages"}],"about":[{"href":"https:\/\/raple.fclar.unesp.br\/espanhol\/wp-json\/wp\/v2\/types\/page"}],"author":[{"embeddable":true,"href":"https:\/\/raple.fclar.unesp.br\/espanhol\/wp-json\/wp\/v2\/users\/7"}],"replies":[{"embeddable":true,"href":"https:\/\/raple.fclar.unesp.br\/espanhol\/wp-json\/wp\/v2\/comments?post=295"}],"version-history":[{"count":4,"href":"https:\/\/raple.fclar.unesp.br\/espanhol\/wp-json\/wp\/v2\/pages\/295\/revisions"}],"predecessor-version":[{"id":1034,"href":"https:\/\/raple.fclar.unesp.br\/espanhol\/wp-json\/wp\/v2\/pages\/295\/revisions\/1034"}],"wp:attachment":[{"href":"https:\/\/raple.fclar.unesp.br\/espanhol\/wp-json\/wp\/v2\/media?parent=295"}],"curies":[{"name":"wp","href":"https:\/\/api.w.org\/{rel}","templated":true}]}}