{"id":372,"date":"2020-09-23T21:13:24","date_gmt":"2020-09-24T00:13:24","guid":{"rendered":"https:\/\/cel.fclar.unesp.br\/espanhol\/?page_id=372"},"modified":"2025-04-25T11:19:51","modified_gmt":"2025-04-25T14:19:51","slug":"folhas-de-atividades","status":"publish","type":"page","link":"https:\/\/raple.fclar.unesp.br\/espanhol\/folhas-de-atividades\/","title":{"rendered":"Folhas de atividades"},"content":{"rendered":"\n<h3 class=\"wp-block-heading\">Aqui teremos alguns sites que possuem folhas de atividades interessantes<\/h3>\n\n\n\n<h4 class=\"wp-block-heading\">Para acessar o site, clique no nome do site<\/h4>\n\n\n\n<p><strong><a href=\"https:\/\/es.islcollective.com\/\">ISLCOLLETIVE <\/a><\/strong> \u2013 Site com folhas de atividades, PowerPoints e V\u00eddeos educativos dos niveis A1-C2<\/p>\n\n\n\n<p><a href=\"https:\/\/www.profedeele.es\/\"><strong>ProfeDeELE<\/strong><\/a><strong> <\/strong>\u2013 Plataforma gratuita com atividades e recursos para aprender e ensinar espanhol, dos n\u00edveis A1-C2.<\/p>\n\n\n\n<p><strong><a href=\"https:\/\/www.liveworksheets.com\/\" target=\"_blank\" rel=\"noreferrer noopener\">LIVEWORKSHEETS<\/a><\/strong> &#8211; Trata-se de um site que disponibiliza folhas de atividade com t\u00f3picos de gram\u00e1tica dos diferentes n\u00edveis de profici\u00eancia. Al\u00e9m disso, tamb\u00e9m permite ao professor a cria\u00e7\u00e3o de sua pr\u00f3pria lista de exerc\u00edcios<\/p>\n\n\n<p><!--EndFragment--><\/p>","protected":false},"excerpt":{"rendered":"<p>Aqui teremos alguns sites que possuem folhas de atividades interessantes Para acessar o site, clique no nome do site ISLCOLLETIVE \u2013 Site com folhas de atividades, PowerPoints e V\u00eddeos educativos dos niveis A1-C2 ProfeDeELE \u2013 Plataforma gratuita com atividades e recursos para aprender e ensinar espanhol, dos n\u00edveis A1-C2. LIVEWORKSHEETS [&hellip;]<\/p>\n","protected":false},"author":7,"featured_media":0,"parent":0,"menu_order":0,"comment_status":"closed","ping_status":"closed","template":"","meta":{"_monsterinsights_skip_tracking":false,"_monsterinsights_sitenote_active":false,"_monsterinsights_sitenote_note":"","_monsterinsights_sitenote_category":0,"footnotes":""},"class_list":["post-372","page","type-page","status-publish","hentry"],"_links":{"self":[{"href":"https:\/\/raple.fclar.unesp.br\/espanhol\/wp-json\/wp\/v2\/pages\/372","targetHints":{"allow":["GET"]}}],"collection":[{"href":"https:\/\/raple.fclar.unesp.br\/espanhol\/wp-json\/wp\/v2\/pages"}],"about":[{"href":"https:\/\/raple.fclar.unesp.br\/espanhol\/wp-json\/wp\/v2\/types\/page"}],"author":[{"embeddable":true,"href":"https:\/\/raple.fclar.unesp.br\/espanhol\/wp-json\/wp\/v2\/users\/7"}],"replies":[{"embeddable":true,"href":"https:\/\/raple.fclar.unesp.br\/espanhol\/wp-json\/wp\/v2\/comments?post=372"}],"version-history":[{"count":5,"href":"https:\/\/raple.fclar.unesp.br\/espanhol\/wp-json\/wp\/v2\/pages\/372\/revisions"}],"predecessor-version":[{"id":1080,"href":"https:\/\/raple.fclar.unesp.br\/espanhol\/wp-json\/wp\/v2\/pages\/372\/revisions\/1080"}],"wp:attachment":[{"href":"https:\/\/raple.fclar.unesp.br\/espanhol\/wp-json\/wp\/v2\/media?parent=372"}],"curies":[{"name":"wp","href":"https:\/\/api.w.org\/{rel}","templated":true}]}}