{"id":397,"date":"2021-04-26T14:14:42","date_gmt":"2021-04-26T17:14:42","guid":{"rendered":"https:\/\/raple.fclar.unesp.br\/espanhol\/hestia-front\/"},"modified":"2022-11-09T10:58:12","modified_gmt":"2022-11-09T13:58:12","slug":"hestia-front","status":"publish","type":"page","link":"https:\/\/raple.fclar.unesp.br\/espanhol\/","title":{"rendered":"In\u00edcio"},"content":{"rendered":"\n<div class=\"wp-block-image\"><figure class=\"aligncenter size-large\"><img loading=\"lazy\" decoding=\"async\" width=\"1024\" height=\"128\" src=\"https:\/\/raple.fclar.unesp.br\/espanhol\/wp-content\/uploads\/sites\/4\/2022\/06\/espanhol-1024x128.png\" alt=\"\" class=\"wp-image-634\" srcset=\"https:\/\/raple.fclar.unesp.br\/espanhol\/wp-content\/uploads\/sites\/4\/2022\/06\/espanhol-1024x128.png 1024w, https:\/\/raple.fclar.unesp.br\/espanhol\/wp-content\/uploads\/sites\/4\/2022\/06\/espanhol-300x38.png 300w, https:\/\/raple.fclar.unesp.br\/espanhol\/wp-content\/uploads\/sites\/4\/2022\/06\/espanhol-768x96.png 768w, https:\/\/raple.fclar.unesp.br\/espanhol\/wp-content\/uploads\/sites\/4\/2022\/06\/espanhol.png 1080w\" sizes=\"auto, (max-width: 1024px) 100vw, 1024px\" \/><\/figure><\/div>\n\n\n\n<div class=\"wp-block-columns is-layout-flex wp-container-core-columns-is-layout-9d6595d7 wp-block-columns-is-layout-flex\">\n<div class=\"wp-block-column is-layout-flow wp-block-column-is-layout-flow\">\n<figure class=\"wp-block-image size-large\"><img loading=\"lazy\" decoding=\"async\" width=\"1024\" height=\"256\" src=\"https:\/\/raple.fclar.unesp.br\/espanhol\/wp-content\/uploads\/sites\/4\/2022\/06\/SEC_LINKS-1024x256.png\" alt=\"\" class=\"wp-image-635\" srcset=\"https:\/\/raple.fclar.unesp.br\/espanhol\/wp-content\/uploads\/sites\/4\/2022\/06\/SEC_LINKS-1024x256.png 1024w, https:\/\/raple.fclar.unesp.br\/espanhol\/wp-content\/uploads\/sites\/4\/2022\/06\/SEC_LINKS-300x75.png 300w, https:\/\/raple.fclar.unesp.br\/espanhol\/wp-content\/uploads\/sites\/4\/2022\/06\/SEC_LINKS-768x192.png 768w, https:\/\/raple.fclar.unesp.br\/espanhol\/wp-content\/uploads\/sites\/4\/2022\/06\/SEC_LINKS.png 1080w\" sizes=\"auto, (max-width: 1024px) 100vw, 1024px\" \/><\/figure>\n\n\n\n<p>Nossa\u00a0<span style=\"color:#a38e00\" class=\"has-inline-color\">lincoteca\u00a0<\/span>foi renovada, agora est\u00e1 mais f\u00e1cil do que nunca achar o que voc\u00ea precisa. Al\u00e9m disso, temos 15 novos sites e ferramentas de lousas virtuais e intera\u00e7\u00e3o!<\/p>\n<\/div>\n\n\n\n<div class=\"wp-block-column is-layout-flow wp-block-column-is-layout-flow\">\n<figure class=\"wp-block-image size-large\"><img loading=\"lazy\" decoding=\"async\" width=\"1024\" height=\"256\" src=\"https:\/\/raple.fclar.unesp.br\/espanhol\/wp-content\/uploads\/sites\/4\/2022\/11\/SEC_PLANOS-1024x256.png\" alt=\"\" class=\"wp-image-686\" srcset=\"https:\/\/raple.fclar.unesp.br\/espanhol\/wp-content\/uploads\/sites\/4\/2022\/11\/SEC_PLANOS-1024x256.png 1024w, https:\/\/raple.fclar.unesp.br\/espanhol\/wp-content\/uploads\/sites\/4\/2022\/11\/SEC_PLANOS-300x75.png 300w, https:\/\/raple.fclar.unesp.br\/espanhol\/wp-content\/uploads\/sites\/4\/2022\/11\/SEC_PLANOS-768x192.png 768w, https:\/\/raple.fclar.unesp.br\/espanhol\/wp-content\/uploads\/sites\/4\/2022\/11\/SEC_PLANOS.png 1080w\" sizes=\"auto, (max-width: 1024px) 100vw, 1024px\" \/><\/figure>\n\n\n\n<p>Precisando ensinar o <em>condicional simple<\/em> para sua turma? Temos um novo <span style=\"color:#a38e00\" class=\"has-inline-color\">plano de aula<\/span> B1 no site, <em>\u00bfQu\u00e9 har\u00edas tu?<\/em>, pronto e planejado para ser usado em aulas de espanhol!<\/p>\n<\/div>\n<\/div>\n","protected":false},"excerpt":{"rendered":"<p>Nossa\u00a0lincoteca\u00a0foi renovada, agora est\u00e1 mais f\u00e1cil do que nunca achar o que voc\u00ea precisa. Al\u00e9m disso, temos 15 novos sites e ferramentas de lousas virtuais e intera\u00e7\u00e3o! Precisando ensinar o condicional simple para sua turma? Temos um novo plano de aula B1 no site, \u00bfQu\u00e9 har\u00edas tu?, pronto e planejado [&hellip;]<\/p>\n","protected":false},"author":1,"featured_media":648,"parent":0,"menu_order":0,"comment_status":"closed","ping_status":"closed","template":"","meta":{"_monsterinsights_skip_tracking":false,"_monsterinsights_sitenote_active":false,"_monsterinsights_sitenote_note":"","_monsterinsights_sitenote_category":0,"footnotes":""},"class_list":["post-397","page","type-page","status-publish","has-post-thumbnail","hentry"],"_links":{"self":[{"href":"https:\/\/raple.fclar.unesp.br\/espanhol\/wp-json\/wp\/v2\/pages\/397","targetHints":{"allow":["GET"]}}],"collection":[{"href":"https:\/\/raple.fclar.unesp.br\/espanhol\/wp-json\/wp\/v2\/pages"}],"about":[{"href":"https:\/\/raple.fclar.unesp.br\/espanhol\/wp-json\/wp\/v2\/types\/page"}],"author":[{"embeddable":true,"href":"https:\/\/raple.fclar.unesp.br\/espanhol\/wp-json\/wp\/v2\/users\/1"}],"replies":[{"embeddable":true,"href":"https:\/\/raple.fclar.unesp.br\/espanhol\/wp-json\/wp\/v2\/comments?post=397"}],"version-history":[{"count":6,"href":"https:\/\/raple.fclar.unesp.br\/espanhol\/wp-json\/wp\/v2\/pages\/397\/revisions"}],"predecessor-version":[{"id":688,"href":"https:\/\/raple.fclar.unesp.br\/espanhol\/wp-json\/wp\/v2\/pages\/397\/revisions\/688"}],"wp:featuredmedia":[{"embeddable":true,"href":"https:\/\/raple.fclar.unesp.br\/espanhol\/wp-json\/wp\/v2\/media\/648"}],"wp:attachment":[{"href":"https:\/\/raple.fclar.unesp.br\/espanhol\/wp-json\/wp\/v2\/media?parent=397"}],"curies":[{"name":"wp","href":"https:\/\/api.w.org\/{rel}","templated":true}]}}