{"id":693,"date":"2023-05-19T13:53:45","date_gmt":"2023-05-19T16:53:45","guid":{"rendered":"https:\/\/raple.fclar.unesp.br\/espanhol\/?page_id=693"},"modified":"2023-05-19T13:53:46","modified_gmt":"2023-05-19T16:53:46","slug":"bingo","status":"publish","type":"page","link":"https:\/\/raple.fclar.unesp.br\/espanhol\/bingo\/","title":{"rendered":"Bingo"},"content":{"rendered":"\n<p><strong>Autoria<\/strong>: Giovana Palauro Silva<\/p>\n\n\n\n<p>Pe\u00e7a para os\/as alunos\/as desenharem um jogo da velha (#) e preencherem cada espa\u00e7o com uma palavra do vocabul\u00e1rio aprendido em aula. O educador sorteia as palavras e o primeiro a completar a cartela \u00e9 o vencedor.<\/p>\n","protected":false},"excerpt":{"rendered":"<p>Autoria: Giovana Palauro Silva Pe\u00e7a para os\/as alunos\/as desenharem um jogo da velha (#) e preencherem cada espa\u00e7o com uma palavra do vocabul\u00e1rio aprendido em aula. O educador sorteia as palavras e o primeiro a completar a cartela \u00e9 o vencedor.<\/p>\n","protected":false},"author":19,"featured_media":0,"parent":0,"menu_order":0,"comment_status":"closed","ping_status":"closed","template":"","meta":{"_monsterinsights_skip_tracking":false,"_monsterinsights_sitenote_active":false,"_monsterinsights_sitenote_note":"","_monsterinsights_sitenote_category":0,"footnotes":""},"class_list":["post-693","page","type-page","status-publish","hentry"],"_links":{"self":[{"href":"https:\/\/raple.fclar.unesp.br\/espanhol\/wp-json\/wp\/v2\/pages\/693","targetHints":{"allow":["GET"]}}],"collection":[{"href":"https:\/\/raple.fclar.unesp.br\/espanhol\/wp-json\/wp\/v2\/pages"}],"about":[{"href":"https:\/\/raple.fclar.unesp.br\/espanhol\/wp-json\/wp\/v2\/types\/page"}],"author":[{"embeddable":true,"href":"https:\/\/raple.fclar.unesp.br\/espanhol\/wp-json\/wp\/v2\/users\/19"}],"replies":[{"embeddable":true,"href":"https:\/\/raple.fclar.unesp.br\/espanhol\/wp-json\/wp\/v2\/comments?post=693"}],"version-history":[{"count":1,"href":"https:\/\/raple.fclar.unesp.br\/espanhol\/wp-json\/wp\/v2\/pages\/693\/revisions"}],"predecessor-version":[{"id":694,"href":"https:\/\/raple.fclar.unesp.br\/espanhol\/wp-json\/wp\/v2\/pages\/693\/revisions\/694"}],"wp:attachment":[{"href":"https:\/\/raple.fclar.unesp.br\/espanhol\/wp-json\/wp\/v2\/media?parent=693"}],"curies":[{"name":"wp","href":"https:\/\/api.w.org\/{rel}","templated":true}]}}