{"id":748,"date":"2023-09-14T14:07:04","date_gmt":"2023-09-14T17:07:04","guid":{"rendered":"https:\/\/raple.fclar.unesp.br\/espanhol\/?page_id=748"},"modified":"2024-08-28T15:50:01","modified_gmt":"2024-08-28T18:50:01","slug":"peru","status":"publish","type":"page","link":"https:\/\/raple.fclar.unesp.br\/espanhol\/peru\/","title":{"rendered":"Peru"},"content":{"rendered":"\n<p><strong><a rel=\"noreferrer noopener\" href=\"https:\/\/www.youtube.com\/watch?v=y9u7tX3OVmo\" target=\"_blank\">Mal Paso<\/a> (Eva Ayll\u00f3n)<\/strong><\/p>\n\n\n\n<p>\u201cMal Paso\u201d possui campo sem\u00e2ntico relacionado \u00e0 falta de sorte, podendo ser utilizada numa aula acerca de sorte e azar, com apresenta\u00e7\u00e3o de express\u00f5es nesse sentido, como o pr\u00f3prio t\u00edtulo da m\u00fasica.<\/p>\n\n\n\n<p><strong><a rel=\"noreferrer noopener\" href=\"https:\/\/www.youtube.com\/watch?v=TVpckLsnd6M\" target=\"_blank\">Tu Apellido<\/a> (Ezio Oliva)<\/strong><\/p>\n\n\n\n<p>Essa m\u00fasica pode ser utilizada para introduzir a tem\u00e1tica de heterosem\u00e1nticos (falso cognatos), j\u00e1 que possui diversos exemplos deste tipo, incluindo em seu pr\u00f3prio t\u00edtulo. Al\u00e9m disso, possui um vocabul\u00e1rio composto por diversos pronomes possessivos, os quais tamb\u00e9m podem ser abordados em sala a partir da can\u00e7\u00e3o.&nbsp;<\/p>\n\n\n\n<p><strong><a rel=\"noreferrer noopener\" href=\"https:\/\/www.youtube.com\/watch?v=-bShdL4mV10\" target=\"_blank\">Regresa<\/a> (Lucha Reyes)<\/strong><\/p>\n\n\n\n<p>Esta can\u00e7\u00e3o tem como tem\u00e1tica o lamento da falta da pessoa amada, utilizando-se de verbos no imperativo para enfatizar a busca em que o eu-l\u00edrico se encontra. Assim, pode ser trabalhada dentro de g\u00eaneros onde h\u00e1 pedidos ou ordens: como receitas, cartas abertas ou manuais de instru\u00e7\u00e3o.<\/p>\n\n\n\n<p><strong>Agradecemos as contribui\u00e7\u00f5es acima a:<\/strong> Jo\u00e3o Paulo De Martini e Marcela Rodrigues Tafner.<\/p>\n","protected":false},"excerpt":{"rendered":"<p>Mal Paso (Eva Ayll\u00f3n) \u201cMal Paso\u201d possui campo sem\u00e2ntico relacionado \u00e0 falta de sorte, podendo ser utilizada numa aula acerca de sorte e azar, com apresenta\u00e7\u00e3o de express\u00f5es nesse sentido, como o pr\u00f3prio t\u00edtulo da m\u00fasica. Tu Apellido (Ezio Oliva) Essa m\u00fasica pode ser utilizada para introduzir a tem\u00e1tica de [&hellip;]<\/p>\n","protected":false},"author":19,"featured_media":0,"parent":0,"menu_order":0,"comment_status":"closed","ping_status":"closed","template":"","meta":{"_monsterinsights_skip_tracking":false,"_monsterinsights_sitenote_active":false,"_monsterinsights_sitenote_note":"","_monsterinsights_sitenote_category":0,"footnotes":""},"class_list":["post-748","page","type-page","status-publish","hentry"],"_links":{"self":[{"href":"https:\/\/raple.fclar.unesp.br\/espanhol\/wp-json\/wp\/v2\/pages\/748","targetHints":{"allow":["GET"]}}],"collection":[{"href":"https:\/\/raple.fclar.unesp.br\/espanhol\/wp-json\/wp\/v2\/pages"}],"about":[{"href":"https:\/\/raple.fclar.unesp.br\/espanhol\/wp-json\/wp\/v2\/types\/page"}],"author":[{"embeddable":true,"href":"https:\/\/raple.fclar.unesp.br\/espanhol\/wp-json\/wp\/v2\/users\/19"}],"replies":[{"embeddable":true,"href":"https:\/\/raple.fclar.unesp.br\/espanhol\/wp-json\/wp\/v2\/comments?post=748"}],"version-history":[{"count":5,"href":"https:\/\/raple.fclar.unesp.br\/espanhol\/wp-json\/wp\/v2\/pages\/748\/revisions"}],"predecessor-version":[{"id":858,"href":"https:\/\/raple.fclar.unesp.br\/espanhol\/wp-json\/wp\/v2\/pages\/748\/revisions\/858"}],"wp:attachment":[{"href":"https:\/\/raple.fclar.unesp.br\/espanhol\/wp-json\/wp\/v2\/media?parent=748"}],"curies":[{"name":"wp","href":"https:\/\/api.w.org\/{rel}","templated":true}]}}