{"id":776,"date":"2023-12-11T19:46:54","date_gmt":"2023-12-11T22:46:54","guid":{"rendered":"https:\/\/raple.fclar.unesp.br\/espanhol\/?page_id=776"},"modified":"2024-08-28T15:50:50","modified_gmt":"2024-08-28T18:50:50","slug":"ecuador","status":"publish","type":"page","link":"https:\/\/raple.fclar.unesp.br\/espanhol\/ecuador\/","title":{"rendered":"Equador"},"content":{"rendered":"\n<p><a href=\"https:\/\/www.youtube.com\/watch?v=ljfvQlxIe8w\"><strong>Reminiscencias <\/strong><\/a><strong>(Julio Jaramillo)<\/strong><\/p>\n\n\n\n<p>Esta bela can\u00e7\u00e3o apresenta um amor rom\u00e2ntico e bo\u00eamio, em que o eu-l\u00edrico se vale dos tempos do pret\u00e9rito do indicativo para lamentar a falta de sua amada. Al\u00e9m disso, ela apresenta imagens po\u00e9ticas muito interessantes por meio de met\u00e1foras e hip\u00e9rboles.&nbsp; Assim, \u00e9 poss\u00edvel pedir aos alunos que escrevam um breve conto com a tem\u00e1tica \u201cReminicencias\u201d, abordando um ou mais momentos que mesmo passados ainda perduram.<\/p>\n\n\n\n<p>Agradecemos \u00e0 contribui\u00e7\u00e3o de <strong>Jo\u00e3o Paulo De Martini Lopes<\/strong><\/p>\n","protected":false},"excerpt":{"rendered":"<p>Reminiscencias (Julio Jaramillo) Esta bela can\u00e7\u00e3o apresenta um amor rom\u00e2ntico e bo\u00eamio, em que o eu-l\u00edrico se vale dos tempos do pret\u00e9rito do indicativo para lamentar a falta de sua amada. Al\u00e9m disso, ela apresenta imagens po\u00e9ticas muito interessantes por meio de met\u00e1foras e hip\u00e9rboles.&nbsp; Assim, \u00e9 poss\u00edvel pedir aos [&hellip;]<\/p>\n","protected":false},"author":19,"featured_media":0,"parent":0,"menu_order":0,"comment_status":"closed","ping_status":"closed","template":"","meta":{"_monsterinsights_skip_tracking":false,"_monsterinsights_sitenote_active":false,"_monsterinsights_sitenote_note":"","_monsterinsights_sitenote_category":0,"footnotes":""},"class_list":["post-776","page","type-page","status-publish","hentry"],"_links":{"self":[{"href":"https:\/\/raple.fclar.unesp.br\/espanhol\/wp-json\/wp\/v2\/pages\/776","targetHints":{"allow":["GET"]}}],"collection":[{"href":"https:\/\/raple.fclar.unesp.br\/espanhol\/wp-json\/wp\/v2\/pages"}],"about":[{"href":"https:\/\/raple.fclar.unesp.br\/espanhol\/wp-json\/wp\/v2\/types\/page"}],"author":[{"embeddable":true,"href":"https:\/\/raple.fclar.unesp.br\/espanhol\/wp-json\/wp\/v2\/users\/19"}],"replies":[{"embeddable":true,"href":"https:\/\/raple.fclar.unesp.br\/espanhol\/wp-json\/wp\/v2\/comments?post=776"}],"version-history":[{"count":3,"href":"https:\/\/raple.fclar.unesp.br\/espanhol\/wp-json\/wp\/v2\/pages\/776\/revisions"}],"predecessor-version":[{"id":861,"href":"https:\/\/raple.fclar.unesp.br\/espanhol\/wp-json\/wp\/v2\/pages\/776\/revisions\/861"}],"wp:attachment":[{"href":"https:\/\/raple.fclar.unesp.br\/espanhol\/wp-json\/wp\/v2\/media?parent=776"}],"curies":[{"name":"wp","href":"https:\/\/api.w.org\/{rel}","templated":true}]}}