{"id":839,"date":"2024-08-21T15:41:05","date_gmt":"2024-08-21T18:41:05","guid":{"rendered":"https:\/\/raple.fclar.unesp.br\/espanhol\/?page_id=839"},"modified":"2025-04-29T09:49:42","modified_gmt":"2025-04-29T12:49:42","slug":"dia-de-los-muertos","status":"publish","type":"page","link":"https:\/\/raple.fclar.unesp.br\/espanhol\/dia-de-los-muertos\/","title":{"rendered":"D\u00eda de los Muertos"},"content":{"rendered":"\n<p><strong>Tags<\/strong>: D\u00eda de los Muertos; Cultura Mexicana; Festividades; M\u00fasica em Espanhol;\u00a0 Vocabul\u00e1rio em Espanhol; &#8211; Dia de los Muertos<\/p>\n\n\n\n<p><strong>Objetivos:<\/strong><\/p>\n\n\n\n<ul class=\"wp-block-list\">\n<li>Ampliar conhecimento cultural sobre o M\u00e9xico com a festividade D\u00eda de los Muertos.<\/li>\n\n\n\n<li>Praticar vocabul\u00e1rio e verbos por meio de m\u00fasica.&nbsp;&nbsp;<\/li>\n<\/ul>\n\n\n\n<p><strong>Etapa 1:<\/strong><\/p>\n\n\n\n<p>a) &nbsp; &nbsp; Cumprimentar os alunos, perguntar como est\u00e3o, promovendo di\u00e1logo e descontra\u00e7\u00e3o. b) Entrar no tema da aula perguntando se conhecem alguma festividade que comemore a morte de maneira feliz\/alegre e o que eles pensam de uma festa com essa tem\u00e1tica. c) A professora mostra trechos do filme \u201cCoco\u201d e, ao terminar, pergunta aos alunos o que acharam dos trechos, qual a parte que mais gostaram, se gostariam de participar dessa festividade e etc. d) Finaliza a discuss\u00e3o apresentando o tema da aula: D\u00eda de los Muertos en M\u00e9xico.<\/p>\n\n\n\n<p><strong>Etapa 2:<\/strong><\/p>\n\n\n\n<p>a) &nbsp; &nbsp; Criar uma \u201clluvia de ideas\u201d (brainstorming) sobre o que foi visto e falado pelos alunos relacionado ao D\u00eda de los Muertos e ao M\u00e9xico. b) Realizar atividades por meio de esta\u00e7\u00f5es:<\/p>\n\n\n\n<p>1\u00aa Esta\u00e7\u00e3o: pesquisa no site<a href=\"https:\/\/www.aboutespanol.com\/5-maneras-de-celebrar-a-la-muerte-1187523\" target=\"_blank\" rel=\"noopener\" title=\"\"> https:\/\/www.aboutespanol.com\/5-maneras-de-celebrar-a-la-muerte-1187523<\/a> sobre El D\u00eda de los Muertos e fazer anota\u00e7\u00f5es relevantes no caderno.<\/p>\n\n\n\n<p>2\u00aa Esta\u00e7\u00e3o: colorir uma \u201ccalavera\u201d t\u00edpica da festividade.<\/p>\n\n\n\n<p>3\u00aa Esta\u00e7\u00e3o: com a letra da m\u00fasica \u201cLatido de mi coraz\u00f3n\u201d, tirada do filme, encontrar os verbos presentes, copi\u00e1-los e traduzi-los no caderno.<\/p>\n\n\n\n<p><strong>Etapa 3:<\/strong><\/p>\n\n\n\n<ol class=\"wp-block-list\">\n<li>Os alunos devem apresentar oralmente as informa\u00e7\u00f5es coletadas na pesquisa da 1\u00aa esta\u00e7\u00e3o e a professora vai anotando na lousa. b) Ouvir a m\u00fasica Latido de mi coraz\u00f3n e fazer a corre\u00e7\u00e3o da tradu\u00e7\u00e3o dos verbos, anotando-os na lousa. c) Por fim, se for poss\u00edvel, expor os desenhos das calaveras.&nbsp;<\/li>\n<\/ol>\n\n\n\n<p><strong>Materiais:<\/strong><\/p>\n\n\n\n<figure class=\"wp-block-image\"><img decoding=\"async\" src=\"https:\/\/lh7-rt.googleusercontent.com\/docsz\/AD_4nXf58X9GvLq1AUExgAmghO21e0U_oaGALZinxLHXXUG7FQNm-JnQ3pngNIfwB04yNtyhWZlK-Naq037TY8hfCsJWaSawqf34HxhdKQxrpJNwuRt7x49yWIU7vGYMmoF_mUBLsyoCikqKNwLxa-aTm40ox1Co?key=V6uXrmUsNGiwDX3Zohxm0g\" alt=\"\" \/><\/figure>\n\n\n\n<div class=\"wp-block-columns is-layout-flex wp-container-core-columns-is-layout-9d6595d7 wp-block-columns-is-layout-flex\">\n<div class=\"wp-block-column is-layout-flow wp-block-column-is-layout-flow\">\n<figure class=\"wp-block-image size-full\"><img loading=\"lazy\" decoding=\"async\" width=\"633\" height=\"352\" src=\"https:\/\/raple.fclar.unesp.br\/espanhol\/wp-content\/uploads\/sites\/4\/2024\/08\/msuica-1.png\" alt=\"\" class=\"wp-image-841\" srcset=\"https:\/\/raple.fclar.unesp.br\/espanhol\/wp-content\/uploads\/sites\/4\/2024\/08\/msuica-1.png 633w, https:\/\/raple.fclar.unesp.br\/espanhol\/wp-content\/uploads\/sites\/4\/2024\/08\/msuica-1-300x167.png 300w\" sizes=\"auto, (max-width: 633px) 100vw, 633px\" \/><\/figure>\n<\/div>\n<\/div>\n\n\n\n<p><strong>Autora:<\/strong> Giovanna Cristina Lourencetti<\/p>\n\n\n\n<p><strong>N\u00edvel: <\/strong>A2<\/p>\n","protected":false},"excerpt":{"rendered":"<p>Tags: D\u00eda de los Muertos; Cultura Mexicana; Festividades; M\u00fasica em Espanhol;\u00a0 Vocabul\u00e1rio em Espanhol; &#8211; Dia de los Muertos Objetivos: Etapa 1: a) &nbsp; &nbsp; Cumprimentar os alunos, perguntar como est\u00e3o, promovendo di\u00e1logo e descontra\u00e7\u00e3o. b) Entrar no tema da aula perguntando se conhecem alguma festividade que comemore a morte [&hellip;]<\/p>\n","protected":false},"author":19,"featured_media":0,"parent":0,"menu_order":0,"comment_status":"closed","ping_status":"closed","template":"","meta":{"_monsterinsights_skip_tracking":false,"_monsterinsights_sitenote_active":false,"_monsterinsights_sitenote_note":"","_monsterinsights_sitenote_category":0,"footnotes":""},"class_list":["post-839","page","type-page","status-publish","hentry"],"_links":{"self":[{"href":"https:\/\/raple.fclar.unesp.br\/espanhol\/wp-json\/wp\/v2\/pages\/839","targetHints":{"allow":["GET"]}}],"collection":[{"href":"https:\/\/raple.fclar.unesp.br\/espanhol\/wp-json\/wp\/v2\/pages"}],"about":[{"href":"https:\/\/raple.fclar.unesp.br\/espanhol\/wp-json\/wp\/v2\/types\/page"}],"author":[{"embeddable":true,"href":"https:\/\/raple.fclar.unesp.br\/espanhol\/wp-json\/wp\/v2\/users\/19"}],"replies":[{"embeddable":true,"href":"https:\/\/raple.fclar.unesp.br\/espanhol\/wp-json\/wp\/v2\/comments?post=839"}],"version-history":[{"count":3,"href":"https:\/\/raple.fclar.unesp.br\/espanhol\/wp-json\/wp\/v2\/pages\/839\/revisions"}],"predecessor-version":[{"id":1087,"href":"https:\/\/raple.fclar.unesp.br\/espanhol\/wp-json\/wp\/v2\/pages\/839\/revisions\/1087"}],"wp:attachment":[{"href":"https:\/\/raple.fclar.unesp.br\/espanhol\/wp-json\/wp\/v2\/media?parent=839"}],"curies":[{"name":"wp","href":"https:\/\/api.w.org\/{rel}","templated":true}]}}