{"id":213,"date":"2024-04-15T15:07:34","date_gmt":"2024-04-15T18:07:34","guid":{"rendered":"https:\/\/raple.fclar.unesp.br\/frances\/?page_id=213"},"modified":"2025-05-19T11:01:34","modified_gmt":"2025-05-19T14:01:34","slug":"les-vetements-et-le-verbe-porter","status":"publish","type":"page","link":"https:\/\/raple.fclar.unesp.br\/frances\/les-vetements-et-le-verbe-porter\/","title":{"rendered":"LES V\u00caTEMENTS ET LE VERBE PORTER"},"content":{"rendered":"\n<p><strong>Tags (Portugu\u00eas):<\/strong> roupas, moda, usar, vestir<\/p>\n\n\n\n<p><strong>Tags (Franc\u00eas):<\/strong> v\u00eatements, la mode, porter<\/p>\n\n\n\n<div class=\"wp-block-columns is-layout-flex wp-container-core-columns-is-layout-9d6595d7 wp-block-columns-is-layout-flex\">\n<div class=\"wp-block-column is-layout-flow wp-block-column-is-layout-flow\">\n<p><strong>Objetivos:<\/strong><\/p>\n\n\n\n<ul class=\"wp-block-list\">\n<li>apresentar a cultura da moda francesa e falar sobre a Semana de Moda em Paris e alguns pa\u00edses franc\u00f3fonos;<\/li>\n\n\n\n<li>apresentar o vocabul\u00e1rio de roupas, acess\u00f3rios e sapatos;<\/li>\n\n\n\n<li>introduzir e fixar o verbo \u201cporter\u201d no presente;<\/li>\n<\/ul>\n\n\n\n<p><strong>Tempo: <\/strong>90 minutos<\/p>\n<\/div>\n\n\n\n<div class=\"wp-block-column is-layout-flow wp-block-column-is-layout-flow\">\n<p><strong>Prepara\u00e7\u00e3o: <\/strong>Preparar slides e selecionar um v\u00eddeo para relacionar com o conte\u00fado.<\/p>\n\n\n\n<p><strong>Materiais:<\/strong><\/p>\n\n\n\n<ul class=\"wp-block-list\">\n<li>Anexo I &#8211; Semana de Moda criada por Adama Paris:<a href=\"https:\/\/www.youtube.com\/watch?v=nb9nS9wysj8\" target=\"_blank\" rel=\"noreferrer noopener\"> https:\/\/www.youtube.com\/watch?v=nb9nS9wysj8<\/a><\/li>\n<\/ul>\n\n\n\n<p><a href=\"https:\/\/www.canva.com\/design\/DAGCOQzdouE\/Rz5vPUKj9yGebg92VkIteg\/edit?utm_content=DAGCOQzdouE&amp;utm_campaign=designshare&amp;utm_medium=link2&amp;utm_source=sharebutton\" target=\"_blank\" rel=\"noreferrer noopener\">Slides<\/a> apresentando o vocabul\u00e1rio e trazendo a parte te\u00f3rica;<\/p>\n<\/div>\n<\/div>\n\n\n\n<p><strong>Etapa 1:<\/strong><\/p>\n\n\n\n<p><strong>&nbsp;&nbsp;&nbsp;&nbsp;&nbsp;&nbsp;&nbsp;&nbsp;&nbsp;&nbsp;&nbsp; a)<\/strong> Iniciar cumprimentando os alunos em franc\u00eas e perguntando quais suas concep\u00e7\u00f5es pr\u00e9vias sobre a moda francesa e se eles conhecem a Semana da Moda que acontece em Paris. <strong>b)<\/strong> Ap\u00f3s a breve discuss\u00e3o, apresentar aos alunos imagens da Semana de Moda mais recente realizada na capital francesa (anexadas abaixo).<strong><\/strong><\/p>\n\n\n\n<p><strong>Anexo I<\/strong><\/p>\n\n\n<div class=\"wp-block-image\">\n<figure class=\"aligncenter size-large is-resized\"><img loading=\"lazy\" decoding=\"async\" width=\"1024\" height=\"576\" src=\"https:\/\/raple.fclar.unesp.br\/frances\/wp-content\/uploads\/sites\/6\/2024\/04\/Anexo-1-1024x576.jpg\" alt=\"\" class=\"wp-image-214\" style=\"width:642px;height:360px\" srcset=\"https:\/\/raple.fclar.unesp.br\/frances\/wp-content\/uploads\/sites\/6\/2024\/04\/Anexo-1-1024x576.jpg 1024w, https:\/\/raple.fclar.unesp.br\/frances\/wp-content\/uploads\/sites\/6\/2024\/04\/Anexo-1-300x169.jpg 300w, https:\/\/raple.fclar.unesp.br\/frances\/wp-content\/uploads\/sites\/6\/2024\/04\/Anexo-1-768x432.jpg 768w, https:\/\/raple.fclar.unesp.br\/frances\/wp-content\/uploads\/sites\/6\/2024\/04\/Anexo-1-1536x864.jpg 1536w, https:\/\/raple.fclar.unesp.br\/frances\/wp-content\/uploads\/sites\/6\/2024\/04\/Anexo-1.jpg 1920w\" sizes=\"auto, (max-width: 1024px) 100vw, 1024px\" \/><\/figure>\n<\/div>\n\n\n<p>Fonte: <a href=\"https:\/\/www.leparisien.fr\/paris-75\/fashion-week-paris-decor-extraordinaire-des-defiles-de-mode-24-01-2023-ZEVRU5EYBNHITLFNNQ4PZYELPI.php\" target=\"_blank\" rel=\"noreferrer noopener\">https:\/\/www.leparisien.fr\/paris-75\/fashion-week-paris-decor-extraordinaire-des-defiles-de-mode-24-01-2023-ZEVRU5EYBNHITLFNNQ4PZYELPI.php<\/a><\/p>\n\n\n\n<p><strong>Anexo II<\/strong><\/p>\n\n\n<div class=\"wp-block-image\">\n<figure class=\"aligncenter size-large is-resized\"><img loading=\"lazy\" decoding=\"async\" width=\"800\" height=\"534\" src=\"https:\/\/raple.fclar.unesp.br\/frances\/wp-content\/uploads\/sites\/6\/2024\/04\/Anexo-2.png\" alt=\"\" class=\"wp-image-215\" style=\"width:668px;height:446px\" srcset=\"https:\/\/raple.fclar.unesp.br\/frances\/wp-content\/uploads\/sites\/6\/2024\/04\/Anexo-2.png 800w, https:\/\/raple.fclar.unesp.br\/frances\/wp-content\/uploads\/sites\/6\/2024\/04\/Anexo-2-300x200.png 300w, https:\/\/raple.fclar.unesp.br\/frances\/wp-content\/uploads\/sites\/6\/2024\/04\/Anexo-2-768x513.png 768w, https:\/\/raple.fclar.unesp.br\/frances\/wp-content\/uploads\/sites\/6\/2024\/04\/Anexo-2-360x240.png 360w\" sizes=\"auto, (max-width: 800px) 100vw, 800px\" \/><\/figure>\n<\/div>\n\n\n<p>Fonte: <a href=\"https:\/\/vivreparis.fr\/calendrier-fashion-week-paris-2023\/\" target=\"_blank\" rel=\"noreferrer noopener\">https:\/\/vivreparis.fr\/calendrier-fashion-week-paris-2023\/<\/a><\/p>\n\n\n\n<p><strong>Anexo III<\/strong><\/p>\n\n\n<div class=\"wp-block-image\">\n<figure class=\"aligncenter size-large is-resized\"><img loading=\"lazy\" decoding=\"async\" width=\"1024\" height=\"576\" src=\"https:\/\/raple.fclar.unesp.br\/frances\/wp-content\/uploads\/sites\/6\/2024\/04\/Anexo-3-1024x576.jpg\" alt=\"\" class=\"wp-image-216\" style=\"width:653px;height:367px\" srcset=\"https:\/\/raple.fclar.unesp.br\/frances\/wp-content\/uploads\/sites\/6\/2024\/04\/Anexo-3-1024x576.jpg 1024w, https:\/\/raple.fclar.unesp.br\/frances\/wp-content\/uploads\/sites\/6\/2024\/04\/Anexo-3-300x169.jpg 300w, https:\/\/raple.fclar.unesp.br\/frances\/wp-content\/uploads\/sites\/6\/2024\/04\/Anexo-3-768x432.jpg 768w, https:\/\/raple.fclar.unesp.br\/frances\/wp-content\/uploads\/sites\/6\/2024\/04\/Anexo-3-1536x864.jpg 1536w, https:\/\/raple.fclar.unesp.br\/frances\/wp-content\/uploads\/sites\/6\/2024\/04\/Anexo-3.jpg 1920w\" sizes=\"auto, (max-width: 1024px) 100vw, 1024px\" \/><\/figure>\n<\/div>\n\n\n<p>Fonte: <a href=\"https:\/\/www.vogue.fr\/galerie\/front-row-stars-fashion-week-printemps-ete-2024-paris\" target=\"_blank\" rel=\"noreferrer noopener\">https:\/\/www.vogue.fr\/galerie\/front-row-stars-fashion-week-printemps-ete-2024-paris<\/a><\/p>\n\n\n\n<p><strong>Etapa 2:<\/strong><\/p>\n\n\n\n<p><strong>&nbsp;&nbsp;&nbsp;&nbsp;&nbsp;&nbsp;&nbsp;&nbsp;&nbsp;&nbsp;&nbsp; a)<\/strong> O professor ir\u00e1 reproduzir o v\u00eddeo anexado nos materiais, que trata da Semana de Moda de Dakar, pa\u00eds franc\u00f3fono do continente africano. <strong>b) <\/strong>Em seguida, o vocabul\u00e1rio sobre moda e vestimentas ser\u00e1 tratado, inicialmente tratando-se daqueles vis\u00edveis no v\u00eddeo. <strong>c)<\/strong> Logo, haver\u00e1 a constru\u00e7\u00e3o vocabular acerca do tema de roupas e suas varia\u00e7\u00f5es.<\/p>\n\n\n\n<p><strong>Anexo IV<\/strong><\/p>\n\n\n<div class=\"wp-block-image\">\n<figure class=\"aligncenter size-large is-resized\"><img loading=\"lazy\" decoding=\"async\" width=\"1024\" height=\"576\" src=\"https:\/\/raple.fclar.unesp.br\/frances\/wp-content\/uploads\/sites\/6\/2024\/04\/Anexo-4-1024x576.png\" alt=\"\" class=\"wp-image-217\" style=\"width:671px;height:376px\" srcset=\"https:\/\/raple.fclar.unesp.br\/frances\/wp-content\/uploads\/sites\/6\/2024\/04\/Anexo-4-1024x576.png 1024w, https:\/\/raple.fclar.unesp.br\/frances\/wp-content\/uploads\/sites\/6\/2024\/04\/Anexo-4-300x169.png 300w, https:\/\/raple.fclar.unesp.br\/frances\/wp-content\/uploads\/sites\/6\/2024\/04\/Anexo-4-768x432.png 768w, https:\/\/raple.fclar.unesp.br\/frances\/wp-content\/uploads\/sites\/6\/2024\/04\/Anexo-4.png 1231w\" sizes=\"auto, (max-width: 1024px) 100vw, 1024px\" \/><\/figure>\n<\/div>\n\n\n<p><strong>Anexo V<\/strong><\/p>\n\n\n<div class=\"wp-block-image\">\n<figure class=\"aligncenter size-large is-resized\"><img loading=\"lazy\" decoding=\"async\" width=\"1024\" height=\"576\" src=\"https:\/\/raple.fclar.unesp.br\/frances\/wp-content\/uploads\/sites\/6\/2024\/04\/Anexo-5-1024x576.png\" alt=\"\" class=\"wp-image-218\" style=\"width:659px;height:370px\" srcset=\"https:\/\/raple.fclar.unesp.br\/frances\/wp-content\/uploads\/sites\/6\/2024\/04\/Anexo-5-1024x576.png 1024w, https:\/\/raple.fclar.unesp.br\/frances\/wp-content\/uploads\/sites\/6\/2024\/04\/Anexo-5-300x169.png 300w, https:\/\/raple.fclar.unesp.br\/frances\/wp-content\/uploads\/sites\/6\/2024\/04\/Anexo-5-768x432.png 768w, https:\/\/raple.fclar.unesp.br\/frances\/wp-content\/uploads\/sites\/6\/2024\/04\/Anexo-5.png 1231w\" sizes=\"auto, (max-width: 1024px) 100vw, 1024px\" \/><\/figure>\n<\/div>\n\n\n<p><strong>Anexo VI<\/strong><\/p>\n\n\n<div class=\"wp-block-image\">\n<figure class=\"aligncenter size-large is-resized\"><img loading=\"lazy\" decoding=\"async\" width=\"1024\" height=\"576\" src=\"https:\/\/raple.fclar.unesp.br\/frances\/wp-content\/uploads\/sites\/6\/2024\/04\/Anexo-6-1024x576.png\" alt=\"\" class=\"wp-image-219\" style=\"width:658px;height:369px\" srcset=\"https:\/\/raple.fclar.unesp.br\/frances\/wp-content\/uploads\/sites\/6\/2024\/04\/Anexo-6-1024x576.png 1024w, https:\/\/raple.fclar.unesp.br\/frances\/wp-content\/uploads\/sites\/6\/2024\/04\/Anexo-6-300x169.png 300w, https:\/\/raple.fclar.unesp.br\/frances\/wp-content\/uploads\/sites\/6\/2024\/04\/Anexo-6-768x432.png 768w, https:\/\/raple.fclar.unesp.br\/frances\/wp-content\/uploads\/sites\/6\/2024\/04\/Anexo-6.png 1231w\" sizes=\"auto, (max-width: 1024px) 100vw, 1024px\" \/><\/figure>\n<\/div>\n\n\n<p><strong>Anexo VII<\/strong><\/p>\n\n\n<div class=\"wp-block-image\">\n<figure class=\"aligncenter size-large is-resized\"><img loading=\"lazy\" decoding=\"async\" width=\"1024\" height=\"576\" src=\"https:\/\/raple.fclar.unesp.br\/frances\/wp-content\/uploads\/sites\/6\/2024\/04\/Anexo-7-1024x576.png\" alt=\"\" class=\"wp-image-220\" style=\"width:656px;height:369px\" srcset=\"https:\/\/raple.fclar.unesp.br\/frances\/wp-content\/uploads\/sites\/6\/2024\/04\/Anexo-7-1024x576.png 1024w, https:\/\/raple.fclar.unesp.br\/frances\/wp-content\/uploads\/sites\/6\/2024\/04\/Anexo-7-300x169.png 300w, https:\/\/raple.fclar.unesp.br\/frances\/wp-content\/uploads\/sites\/6\/2024\/04\/Anexo-7-768x432.png 768w, https:\/\/raple.fclar.unesp.br\/frances\/wp-content\/uploads\/sites\/6\/2024\/04\/Anexo-7.png 1231w\" sizes=\"auto, (max-width: 1024px) 100vw, 1024px\" \/><\/figure>\n<\/div>\n\n\n<p><strong>Etapa 3<\/strong><\/p>\n\n\n\n<p><strong>&nbsp;&nbsp;&nbsp;&nbsp;&nbsp;&nbsp;&nbsp;&nbsp;&nbsp;&nbsp;&nbsp; a) <\/strong>Ap\u00f3s a constru\u00e7\u00e3o do vocabul\u00e1rio, o professor apresentar\u00e1 o verbo \u201cporter\u201d, utilizado para que as pessoas se refiram ao que elas est\u00e3o vestindo. <strong>b)<\/strong> O verbo ser\u00e1 conjugado ao presente e o professor pedir\u00e1 que os alunos repitam cada uma de suas conjuga\u00e7\u00f5es, para praticar a pron\u00fancia. <strong>c)<\/strong> Para exemplificar o uso do verbo, o professor pode utilizar-se de fotos de celebridades na Semana de Moda e descrever o que est\u00e3o vestindo, somando tanto o vocabul\u00e1rio quanto o verbo trabalhado em aula.<\/p>\n\n\n\n<p><strong>Anexo VIII<\/strong><\/p>\n\n\n<div class=\"wp-block-image\">\n<figure class=\"aligncenter size-large is-resized\"><img loading=\"lazy\" decoding=\"async\" width=\"1024\" height=\"576\" src=\"https:\/\/raple.fclar.unesp.br\/frances\/wp-content\/uploads\/sites\/6\/2024\/04\/Anexo-8-1024x576.png\" alt=\"\" class=\"wp-image-221\" style=\"width:672px;height:377px\" srcset=\"https:\/\/raple.fclar.unesp.br\/frances\/wp-content\/uploads\/sites\/6\/2024\/04\/Anexo-8-1024x576.png 1024w, https:\/\/raple.fclar.unesp.br\/frances\/wp-content\/uploads\/sites\/6\/2024\/04\/Anexo-8-300x169.png 300w, https:\/\/raple.fclar.unesp.br\/frances\/wp-content\/uploads\/sites\/6\/2024\/04\/Anexo-8-768x432.png 768w, https:\/\/raple.fclar.unesp.br\/frances\/wp-content\/uploads\/sites\/6\/2024\/04\/Anexo-8.png 1231w\" sizes=\"auto, (max-width: 1024px) 100vw, 1024px\" \/><\/figure>\n<\/div>\n\n\n<p><strong>Anexo IX<\/strong><\/p>\n\n\n<div class=\"wp-block-image\">\n<figure class=\"aligncenter size-large is-resized\"><img loading=\"lazy\" decoding=\"async\" width=\"1024\" height=\"576\" src=\"https:\/\/raple.fclar.unesp.br\/frances\/wp-content\/uploads\/sites\/6\/2024\/04\/Anexo-10-1024x576.png\" alt=\"\" class=\"wp-image-222\" style=\"width:670px;height:377px\" srcset=\"https:\/\/raple.fclar.unesp.br\/frances\/wp-content\/uploads\/sites\/6\/2024\/04\/Anexo-10-1024x576.png 1024w, https:\/\/raple.fclar.unesp.br\/frances\/wp-content\/uploads\/sites\/6\/2024\/04\/Anexo-10-300x169.png 300w, https:\/\/raple.fclar.unesp.br\/frances\/wp-content\/uploads\/sites\/6\/2024\/04\/Anexo-10-768x432.png 768w, https:\/\/raple.fclar.unesp.br\/frances\/wp-content\/uploads\/sites\/6\/2024\/04\/Anexo-10.png 1231w\" sizes=\"auto, (max-width: 1024px) 100vw, 1024px\" \/><\/figure>\n<\/div>\n\n\n<p>Fonte: <a href=\"https:\/\/medium.com\/@ameolomlaurent\/aya-nakamura-et-usher-sunissent-%C3%A0-la-fashion-week-de-paris-photos-adcab2a99c4d\" target=\"_blank\" rel=\"noreferrer noopener\">https:\/\/medium.com\/@ameolomlaurent\/aya-nakamura-et-usher-sunissent-%C3%A0-la-fashion-week-de-paris-photos-adcab2a99c4d<\/a><\/p>\n\n\n\n<p><strong>Anexo X<\/strong><\/p>\n\n\n<div class=\"wp-block-image\">\n<figure class=\"aligncenter size-large is-resized\"><img loading=\"lazy\" decoding=\"async\" width=\"1024\" height=\"576\" src=\"https:\/\/raple.fclar.unesp.br\/frances\/wp-content\/uploads\/sites\/6\/2024\/04\/Anexo-11-1024x576.png\" alt=\"\" class=\"wp-image-223\" style=\"width:682px;height:383px\" srcset=\"https:\/\/raple.fclar.unesp.br\/frances\/wp-content\/uploads\/sites\/6\/2024\/04\/Anexo-11-1024x576.png 1024w, https:\/\/raple.fclar.unesp.br\/frances\/wp-content\/uploads\/sites\/6\/2024\/04\/Anexo-11-300x169.png 300w, https:\/\/raple.fclar.unesp.br\/frances\/wp-content\/uploads\/sites\/6\/2024\/04\/Anexo-11-768x432.png 768w, https:\/\/raple.fclar.unesp.br\/frances\/wp-content\/uploads\/sites\/6\/2024\/04\/Anexo-11.png 1231w\" sizes=\"auto, (max-width: 1024px) 100vw, 1024px\" \/><\/figure>\n<\/div>\n\n\n<p>Fonte: <a href=\"https:\/\/medium.com\/@ameolomlaurent\/aya-nakamura-et-usher-sunissent-%C3%A0-la-fashion-week-de-paris-photos-adcab2a99c4d\" target=\"_blank\" rel=\"noreferrer noopener\">https:\/\/medium.com\/@ameolomlaurent\/aya-nakamura-et-usher-sunissent-%C3%A0-la-fashion-week-de-paris-photos-adcab2a99c4d<\/a><\/p>\n\n\n\n<p><strong>Etapa 4<\/strong><\/p>\n\n\n\n<p><strong>\u00a0\u00a0\u00a0\u00a0\u00a0\u00a0\u00a0\u00a0\u00a0\u00a0\u00a0 a) <\/strong>Para encerrar a aula, o professor ir\u00e1 propor que os alunos escrevam um pequeno par\u00e1grafo, descrevendo as roupas que est\u00e3o vestindo no dia da aula. <strong>b) <\/strong>Ap\u00f3s praticarem a escrita, o professor ir\u00e1 descrever oralmente sua pr\u00f3pria vestimenta, incentivando os alunos a lerem em voz alta o que produziram.<\/p>\n\n\n\n<p><strong>Autoria: <\/strong>Isabela Sales Cardia<\/p>\n\n\n\n<p><strong>N\u00edvel: <\/strong>A1<\/p>\n","protected":false},"excerpt":{"rendered":"<p>Tags (Portugu\u00eas): roupas, moda, usar, vestir Tags (Franc\u00eas): v\u00eatements, la mode, porter Objetivos: Tempo: 90 minutos Prepara\u00e7\u00e3o: Preparar slides e selecionar um v\u00eddeo para relacionar com o conte\u00fado. Materiais: Slides apresentando o vocabul\u00e1rio e trazendo a parte te\u00f3rica; Etapa 1: &nbsp;&nbsp;&nbsp;&nbsp;&nbsp;&nbsp;&nbsp;&nbsp;&nbsp;&nbsp;&nbsp; a) Iniciar cumprimentando os alunos em franc\u00eas e perguntando [&hellip;]<\/p>\n","protected":false},"author":19,"featured_media":0,"parent":0,"menu_order":0,"comment_status":"closed","ping_status":"closed","template":"","meta":{"_monsterinsights_skip_tracking":false,"_monsterinsights_sitenote_active":false,"_monsterinsights_sitenote_note":"","_monsterinsights_sitenote_category":0,"footnotes":""},"class_list":["post-213","page","type-page","status-publish","hentry"],"_links":{"self":[{"href":"https:\/\/raple.fclar.unesp.br\/frances\/wp-json\/wp\/v2\/pages\/213","targetHints":{"allow":["GET"]}}],"collection":[{"href":"https:\/\/raple.fclar.unesp.br\/frances\/wp-json\/wp\/v2\/pages"}],"about":[{"href":"https:\/\/raple.fclar.unesp.br\/frances\/wp-json\/wp\/v2\/types\/page"}],"author":[{"embeddable":true,"href":"https:\/\/raple.fclar.unesp.br\/frances\/wp-json\/wp\/v2\/users\/19"}],"replies":[{"embeddable":true,"href":"https:\/\/raple.fclar.unesp.br\/frances\/wp-json\/wp\/v2\/comments?post=213"}],"version-history":[{"count":2,"href":"https:\/\/raple.fclar.unesp.br\/frances\/wp-json\/wp\/v2\/pages\/213\/revisions"}],"predecessor-version":[{"id":410,"href":"https:\/\/raple.fclar.unesp.br\/frances\/wp-json\/wp\/v2\/pages\/213\/revisions\/410"}],"wp:attachment":[{"href":"https:\/\/raple.fclar.unesp.br\/frances\/wp-json\/wp\/v2\/media?parent=213"}],"curies":[{"name":"wp","href":"https:\/\/api.w.org\/{rel}","templated":true}]}}