{"id":312,"date":"2024-06-24T15:35:23","date_gmt":"2024-06-24T18:35:23","guid":{"rendered":"https:\/\/raple.fclar.unesp.br\/frances\/?page_id=312"},"modified":"2025-05-19T11:39:42","modified_gmt":"2025-05-19T14:39:42","slug":"le-feminin-le-pluriel-et-les-nourritures","status":"publish","type":"page","link":"https:\/\/raple.fclar.unesp.br\/frances\/le-feminin-le-pluriel-et-les-nourritures\/","title":{"rendered":"Le f\u00e8minin, le pluriel et les nourritures\u00a0"},"content":{"rendered":"\n<p><strong>Tags (Portugu\u00eas):<\/strong>\u00a0feminino, plural, comidas<\/p>\n\n\n\n<p><strong>Tags (Franc\u00eas):<\/strong>f\u00e9minin, pluriel, nourritures<\/p>\n\n\n\n<div class=\"wp-block-columns is-layout-flex wp-container-core-columns-is-layout-9d6595d7 wp-block-columns-is-layout-flex\">\n<div class=\"wp-block-column is-layout-flow wp-block-column-is-layout-flow\">\n<p><strong>Objetivos:<\/strong><\/p>\n\n\n\n<ul class=\"wp-block-list\">\n<li>Compreender o feminino e plural na l\u00edngua francesa;<\/li>\n\n\n\n<li>&nbsp;Aprender o vocabul\u00e1rio de comidas e refei\u00e7\u00f5es no Franc\u00eas<\/li>\n\n\n\n<li>Treinar vocabul\u00e1rio e escrita na l\u00edngua francesa.<\/li>\n<\/ul>\n\n\n\n<p><strong>Tempo: <\/strong>90 minutos<\/p>\n<\/div>\n\n\n\n<div class=\"wp-block-column is-layout-flow wp-block-column-is-layout-flow\">\n<p><strong>Prepara\u00e7\u00e3o: <\/strong>imprimir o anexo II para a quantidade de alunos da turma.<\/p>\n\n\n\n<p><strong>Materiais:&nbsp;<\/strong><\/p>\n\n\n\n<ul class=\"wp-block-list\">\n<li><a href=\"https:\/\/www.canva.com\/design\/DAGFHgf1ET0\/5rXZ1zsFXOZaSVuh6ylK9g\/edit?utm_content=DAGFHgf1ET0&amp;utm_campaign=designshare&amp;utm_medium=link2&amp;utm_source=sharebutton\" target=\"_blank\" rel=\"noreferrer noopener\">Slides (Anexo I)<\/a><\/li>\n\n\n\n<li><a href=\"https:\/\/docs.google.com\/document\/d\/1IDfAE0U_yQQsiqIkqRjVAGl6mARdv2KVyYAuAZQmANo\/edit?usp=sharing\" target=\"_blank\" rel=\"noreferrer noopener\">Exerc\u00edcio (Anexo II)<\/a><\/li>\n\n\n\n<li><a href=\"https:\/\/create.kahoot.it\/share\/les-nourritures\/b4688509-6a4c-4d1a-97a3-c4a0449b1100\" target=\"_blank\" rel=\"noreferrer noopener\">Kahoot<\/a><\/li>\n\n\n\n<li>Datashow<\/li>\n\n\n\n<li>Celulares com acesso \u00e0 internet&nbsp;<\/li>\n<\/ul>\n<\/div>\n<\/div>\n\n\n\n<p><strong>Etapa 1: <\/strong>Come\u00e7ar perguntando com a turma est\u00e1 (comment \u00e7a va?) e o que gostam de comer (Qu\u2019est-ce que tu aimes manger?) Aqui o professor deve apresentar as formas de plural e as marcas de feminino no franc\u00eas e passar os exerc\u00edcios (1 , 2 e 3) do Anexo II.&nbsp;<\/p>\n\n\n\n<p><strong>Etapa 2:&nbsp; <\/strong>Aqui o professor deve apresentar, inicialmente, os tipos de refei\u00e7\u00e3o em franc\u00eas (petit-d\u00e9jeuner, d\u00e9jeuner, d\u00eener, go\u00fbter). Depois disso, o professor deve apresentar o vocabul\u00e1rio das comidas em franc\u00eas e ir aumentando na lousa, conforme d\u00favidas que surgirem.&nbsp;<\/p>\n\n\n\n<p><strong>Etapa 3: <\/strong>Nessa etapa, o professor deve passar o jogo do anexo \u201cKahoot\u201d para fixa\u00e7\u00e3o do vocabul\u00e1rio das \u201cnourritures\u201d<\/p>\n\n\n\n<p><strong>Etapa 4:\u00a0 <\/strong>Nessa etapa, para aproximar mais os alunos com o vocabul\u00e1rio das refei\u00e7\u00f5es e comidas, o professor deve propor uma atividade, em duplas, que procure montar um card\u00e1pio de um restaurante com uma das refei\u00e7\u00f5es vistas em sala, contendo um prato principal, uma salada, uma sobremesa e uma bebida, com a descri\u00e7\u00e3o de quais s\u00e3o os ingredientes principais dessas comidas.\u00a0<\/p>\n\n\n\n<p><strong>Autoria: <\/strong>Erick Lucio<\/p>\n\n\n\n<p><strong>N\u00edvel: <\/strong>A1<\/p>\n","protected":false},"excerpt":{"rendered":"<p>Tags (Portugu\u00eas):\u00a0feminino, plural, comidas Tags (Franc\u00eas):f\u00e9minin, pluriel, nourritures Objetivos: Tempo: 90 minutos Prepara\u00e7\u00e3o: imprimir o anexo II para a quantidade de alunos da turma. Materiais:&nbsp; Etapa 1: Come\u00e7ar perguntando com a turma est\u00e1 (comment \u00e7a va?) e o que gostam de comer (Qu\u2019est-ce que tu aimes manger?) Aqui o professor [&hellip;]<\/p>\n","protected":false},"author":19,"featured_media":0,"parent":0,"menu_order":0,"comment_status":"closed","ping_status":"closed","template":"","meta":{"_monsterinsights_skip_tracking":false,"_monsterinsights_sitenote_active":false,"_monsterinsights_sitenote_note":"","_monsterinsights_sitenote_category":0,"footnotes":""},"class_list":["post-312","page","type-page","status-publish","hentry"],"_links":{"self":[{"href":"https:\/\/raple.fclar.unesp.br\/frances\/wp-json\/wp\/v2\/pages\/312","targetHints":{"allow":["GET"]}}],"collection":[{"href":"https:\/\/raple.fclar.unesp.br\/frances\/wp-json\/wp\/v2\/pages"}],"about":[{"href":"https:\/\/raple.fclar.unesp.br\/frances\/wp-json\/wp\/v2\/types\/page"}],"author":[{"embeddable":true,"href":"https:\/\/raple.fclar.unesp.br\/frances\/wp-json\/wp\/v2\/users\/19"}],"replies":[{"embeddable":true,"href":"https:\/\/raple.fclar.unesp.br\/frances\/wp-json\/wp\/v2\/comments?post=312"}],"version-history":[{"count":2,"href":"https:\/\/raple.fclar.unesp.br\/frances\/wp-json\/wp\/v2\/pages\/312\/revisions"}],"predecessor-version":[{"id":433,"href":"https:\/\/raple.fclar.unesp.br\/frances\/wp-json\/wp\/v2\/pages\/312\/revisions\/433"}],"wp:attachment":[{"href":"https:\/\/raple.fclar.unesp.br\/frances\/wp-json\/wp\/v2\/media?parent=312"}],"curies":[{"name":"wp","href":"https:\/\/api.w.org\/{rel}","templated":true}]}}