{"id":4,"date":"2021-05-19T16:04:44","date_gmt":"2021-05-19T19:04:44","guid":{"rendered":"https:\/\/raple.fclar.unesp.br\/frances\/hestia-front\/"},"modified":"2022-11-09T11:00:03","modified_gmt":"2022-11-09T14:00:03","slug":"hestia-front","status":"publish","type":"page","link":"https:\/\/raple.fclar.unesp.br\/frances\/","title":{"rendered":"In\u00edcio"},"content":{"rendered":"\n<div class=\"wp-block-image\"><figure class=\"aligncenter size-large\"><img loading=\"lazy\" decoding=\"async\" width=\"1024\" height=\"128\" src=\"https:\/\/raple.fclar.unesp.br\/frances\/wp-content\/uploads\/sites\/6\/2022\/06\/titulo_am1-1024x128.png\" alt=\"\" class=\"wp-image-155\" srcset=\"https:\/\/raple.fclar.unesp.br\/frances\/wp-content\/uploads\/sites\/6\/2022\/06\/titulo_am1-1024x128.png 1024w, https:\/\/raple.fclar.unesp.br\/frances\/wp-content\/uploads\/sites\/6\/2022\/06\/titulo_am1-300x38.png 300w, https:\/\/raple.fclar.unesp.br\/frances\/wp-content\/uploads\/sites\/6\/2022\/06\/titulo_am1-768x96.png 768w, https:\/\/raple.fclar.unesp.br\/frances\/wp-content\/uploads\/sites\/6\/2022\/06\/titulo_am1-1536x192.png 1536w, https:\/\/raple.fclar.unesp.br\/frances\/wp-content\/uploads\/sites\/6\/2022\/06\/titulo_am1-2048x256.png 2048w\" sizes=\"auto, (max-width: 1024px) 100vw, 1024px\" \/><\/figure><\/div>\n\n\n\n<div class=\"wp-block-columns is-layout-flex wp-container-core-columns-is-layout-9d6595d7 wp-block-columns-is-layout-flex\">\n<div class=\"wp-block-column is-layout-flow wp-block-column-is-layout-flow\">\n<figure class=\"wp-block-image size-large\"><img loading=\"lazy\" decoding=\"async\" width=\"1024\" height=\"256\" src=\"https:\/\/raple.fclar.unesp.br\/frances\/wp-content\/uploads\/sites\/6\/2022\/06\/SEC_PLANOS-1024x256.png\" alt=\"\" class=\"wp-image-157\" srcset=\"https:\/\/raple.fclar.unesp.br\/frances\/wp-content\/uploads\/sites\/6\/2022\/06\/SEC_PLANOS-1024x256.png 1024w, https:\/\/raple.fclar.unesp.br\/frances\/wp-content\/uploads\/sites\/6\/2022\/06\/SEC_PLANOS-300x75.png 300w, https:\/\/raple.fclar.unesp.br\/frances\/wp-content\/uploads\/sites\/6\/2022\/06\/SEC_PLANOS-768x192.png 768w, https:\/\/raple.fclar.unesp.br\/frances\/wp-content\/uploads\/sites\/6\/2022\/06\/SEC_PLANOS.png 1080w\" sizes=\"auto, (max-width: 1024px) 100vw, 1024px\" \/><\/figure>\n\n\n\n<p>J\u00e1 contamos com <span style=\"color:#a38e00\" class=\"has-inline-color\">dois <\/span>planos de aula na \u00e1rea de franc\u00eas: ensine os verbos \u00catre e Avoir e seus contextos em um plano <span style=\"color:#a38e00\" class=\"has-inline-color\">A1<\/span>, ou possibilite que seus alunos conhe\u00e7am os meios de transporte em franc\u00eas e as preposi\u00e7\u00f5es adequadas para cada um no plano <span style=\"color:#a38e00\" class=\"has-inline-color\">A2<\/span> Les moyens de transport.<\/p>\n<\/div>\n\n\n\n<div class=\"wp-block-column is-layout-flow wp-block-column-is-layout-flow\">\n<figure class=\"wp-block-image size-large\"><img loading=\"lazy\" decoding=\"async\" width=\"1024\" height=\"256\" src=\"https:\/\/raple.fclar.unesp.br\/frances\/wp-content\/uploads\/sites\/6\/2022\/06\/SEC_LINKS-1024x256.png\" alt=\"\" class=\"wp-image-158\" srcset=\"https:\/\/raple.fclar.unesp.br\/frances\/wp-content\/uploads\/sites\/6\/2022\/06\/SEC_LINKS-1024x256.png 1024w, https:\/\/raple.fclar.unesp.br\/frances\/wp-content\/uploads\/sites\/6\/2022\/06\/SEC_LINKS-300x75.png 300w, https:\/\/raple.fclar.unesp.br\/frances\/wp-content\/uploads\/sites\/6\/2022\/06\/SEC_LINKS-768x192.png 768w, https:\/\/raple.fclar.unesp.br\/frances\/wp-content\/uploads\/sites\/6\/2022\/06\/SEC_LINKS.png 1080w\" sizes=\"auto, (max-width: 1024px) 100vw, 1024px\" \/><\/figure>\n\n\n\n<p>A <span style=\"color:#a38e00\" class=\"has-inline-color\">lincoteca <\/span>da \u00e1rea de franc\u00eas continua crescendo; explore a aba para conferir as novas lousas digitais e ferramentas de intera\u00e7\u00e3o virtual.<\/p>\n<\/div>\n<\/div>\n","protected":false},"excerpt":{"rendered":"<p>J\u00e1 contamos com dois planos de aula na \u00e1rea de franc\u00eas: ensine os verbos \u00catre e Avoir e seus contextos em um plano A1, ou possibilite que seus alunos conhe\u00e7am os meios de transporte em franc\u00eas e as preposi\u00e7\u00f5es adequadas para cada um no plano A2 Les moyens de transport. [&hellip;]<\/p>\n","protected":false},"author":1,"featured_media":166,"parent":0,"menu_order":0,"comment_status":"closed","ping_status":"closed","template":"","meta":{"_monsterinsights_skip_tracking":false,"_monsterinsights_sitenote_active":false,"_monsterinsights_sitenote_note":"","_monsterinsights_sitenote_category":0,"footnotes":""},"class_list":["post-4","page","type-page","status-publish","has-post-thumbnail","hentry"],"_links":{"self":[{"href":"https:\/\/raple.fclar.unesp.br\/frances\/wp-json\/wp\/v2\/pages\/4","targetHints":{"allow":["GET"]}}],"collection":[{"href":"https:\/\/raple.fclar.unesp.br\/frances\/wp-json\/wp\/v2\/pages"}],"about":[{"href":"https:\/\/raple.fclar.unesp.br\/frances\/wp-json\/wp\/v2\/types\/page"}],"author":[{"embeddable":true,"href":"https:\/\/raple.fclar.unesp.br\/frances\/wp-json\/wp\/v2\/users\/1"}],"replies":[{"embeddable":true,"href":"https:\/\/raple.fclar.unesp.br\/frances\/wp-json\/wp\/v2\/comments?post=4"}],"version-history":[{"count":5,"href":"https:\/\/raple.fclar.unesp.br\/frances\/wp-json\/wp\/v2\/pages\/4\/revisions"}],"predecessor-version":[{"id":172,"href":"https:\/\/raple.fclar.unesp.br\/frances\/wp-json\/wp\/v2\/pages\/4\/revisions\/172"}],"wp:featuredmedia":[{"embeddable":true,"href":"https:\/\/raple.fclar.unesp.br\/frances\/wp-json\/wp\/v2\/media\/166"}],"wp:attachment":[{"href":"https:\/\/raple.fclar.unesp.br\/frances\/wp-json\/wp\/v2\/media?parent=4"}],"curies":[{"name":"wp","href":"https:\/\/api.w.org\/{rel}","templated":true}]}}