{"id":1048,"date":"2022-03-17T12:30:13","date_gmt":"2022-03-17T15:30:13","guid":{"rendered":"https:\/\/raple.fclar.unesp.br\/ingles\/?page_id=1048"},"modified":"2025-06-16T18:18:32","modified_gmt":"2025-06-16T21:18:32","slug":"mothers-day-full-circle","status":"publish","type":"page","link":"https:\/\/raple.fclar.unesp.br\/ingles\/mothers-day-full-circle\/","title":{"rendered":"Mother\u2019s Day &#8211; Full Circle"},"content":{"rendered":"\n<p><strong>Tags<\/strong>: Dia das m\u00e3es; Presente simples; Fala | Mother&#8217;s day; Simple present; Speaking<\/p>\n\n\n\n<div class=\"wp-block-columns is-layout-flex wp-container-core-columns-is-layout-9d6595d7 wp-block-columns-is-layout-flex\">\n<div class=\"wp-block-column is-layout-flow wp-block-column-is-layout-flow\">\n<p><strong>Objetivos:<\/strong><\/p>\n\n\n\n<ul class=\"wp-block-list\">\n<li>Aprender e revisar formas de refer\u00eancia \u00e0 diferentes fases da vida;&nbsp;<\/li>\n\n\n\n<li>Debater e comparar formas de educar as crian\u00e7as;<\/li>\n\n\n\n<li>Elaborar uma homenagem de dia das m\u00e3es.<\/li>\n<\/ul>\n\n\n\n<p><strong>Tempo: <\/strong>120 minutos<\/p>\n<\/div>\n\n\n\n<div class=\"wp-block-column is-layout-flow wp-block-column-is-layout-flow\">\n<p><strong>Prepara\u00e7\u00e3o:<\/strong>&nbsp;<\/p>\n\n\n\n<ul class=\"wp-block-list\">\n<li>Organizar as condi\u00e7\u00f5es necess\u00e1rias para exibir o v\u00eddeo selecionado (projetor, internet, download, etc.);<\/li>\n\n\n\n<li>Criar um <em>padlet <\/em>em: <a href=\"https:\/\/pt-br.padlet.com\/dashboard\" target=\"_blank\" rel=\"noreferrer noopener\">https:\/\/pt-br.padlet.com\/dashboard<\/a><\/li>\n\n\n\n<li>Preparar as condi\u00e7\u00f5es necess\u00e1rias para que os\/as estudantes preencham o <em>padlet<\/em> (celulares, computadores, etc.);<\/li>\n\n\n\n<li>Liberar o acesso dos\/as estudantes ao padlet, na fun\u00e7\u00e3o de editores.&nbsp;<\/li>\n<\/ul>\n\n\n\n<p><strong>Materiais:<\/strong><\/p>\n\n\n\n<ul class=\"wp-block-list\">\n<li>Anima\u00e7\u00e3o <em>\u201c<a href=\"https:\/\/www.youtube.com\/watch?v=0msaiGvEoRY\" target=\"_blank\" rel=\"noreferrer noopener\">Full Circle<\/a>\u201d&nbsp;<\/em><\/li>\n\n\n\n<li>Perguntas para a discuss\u00e3o relacionada ao v\u00eddeo (<a href=\"https:\/\/docs.google.com\/document\/d\/1Aj_xbc0W2VsY53IU7BVhKqHid_am6CZ_sJaBUhJn9nI\/edit\" target=\"_blank\" rel=\"noreferrer noopener\">ANEXO 1<\/a>);<\/li>\n\n\n\n<li>Mural no Padlet para a elabora\u00e7\u00e3o das homenagens . Exemplo: <strong>Link: <\/strong><a href=\"https:\/\/pt-br.padlet.com\/marinapaulo2\/5q7jurcplz0bnh2a\">https:\/\/pt-br.padlet.com\/marinapaulo2\/5q7jurcplz0bnh2a<\/a> ;<\/li>\n\n\n\n<li>Sugest\u00e3o de v\u00eddeo para aprender a montar um padlet: <strong>Link: <\/strong><a href=\"https:\/\/youtu.be\/CgF3D90rZb4\" target=\"_blank\" rel=\"noreferrer noopener\">https:\/\/youtu.be\/CgF3D90rZb4<\/a><\/li>\n<\/ul>\n<\/div>\n<\/div>\n\n\n\n<p><strong>Etapa 1:<\/strong><\/p>\n\n\n\n<p><strong><\/strong><strong>a) <\/strong>Inicia-se o trabalho questionando como os\/as estudantes est\u00e3o. Depois disso, questiona-se q<strong><em>ue data comemorativa est\u00e1 chegando (dia das m\u00e3es) e como, em geral, eles\/as vivenciam esta data.<\/em><\/strong> Ap\u00f3s a resposta, enfatiza-se que <strong><em>existem diferentes formas de maternidade e refer\u00eancias materiais e indaga-se quais s\u00e3o elas<\/em><\/strong>. <strong>b)<\/strong> Depois de ouvir a turma, questiona-se <strong><em>quais palavras-chave a respeito dessa celebra\u00e7\u00e3o eles\/as conhecem em ingl\u00eas e anota-se estas palavras na lousa.<\/em><\/strong><\/p>\n\n\n\n<p><strong>Etapa 2:&nbsp;<\/strong><\/p>\n\n\n\n<p><strong>a) <\/strong>Na segunda etapa, apresenta-se as perguntas que ser\u00e3o abordadas relativamente ao v\u00eddeo selecionado. <strong>b)<\/strong> Projeta-se as perguntas e motiva-se aqueles\/as que se sentirem confort\u00e1veis a lerem-nas. Depois de todas as leituras, se necess\u00e1rio, revisa-se as pron\u00fancias. <strong>c)<\/strong> Apresenta-se o v\u00eddeo. <strong>d) <\/strong>Ap\u00f3s a exibi\u00e7\u00e3o da m\u00eddia, separa-se o grupo em trios para a discuss\u00e3o das perguntas; <strong>e)<\/strong> Posteriormente \u00e0s discuss\u00f5es nos grupos espec\u00edficos, abre-se o debate para o grupo geral.<\/p>\n\n\n\n<p><strong>Etapa 3<\/strong><\/p>\n\n\n\n<p><strong><\/strong><strong>a) <\/strong>Ao final do debate, prop\u00f5e-se a elabora\u00e7\u00e3o de um padlet com homenagens \u00e0s figuras maternas dos\/as alunos\/as<strong>.&nbsp; b) <\/strong>Enquanto a turma elabora o mural, o\/a docente deve corrigir&nbsp; e anotar poss\u00edveis inadequa\u00e7\u00f5es. <strong>c) <\/strong>Ap\u00f3s a finaliza\u00e7\u00e3o, realiza coment\u00e1rios a partir de suas notas, esclarecendo quaisquer d\u00favidas existentes.<strong> d) <\/strong>Por fim, solicita-se que cada estudante leia uma homenagem, n\u00e3o necessariamente a sua, mas seguindo a ordem do mural.<strong> e) <\/strong>Se necess\u00e1rio, posteriormente \u00e0s leituras, revisa-se as pron\u00fancias.<strong> f)<\/strong> Ap\u00f3s o t\u00e9rmino da aula, o\/a docente sintetiza o que fora trabalhado e motiva os\/as estudantes a buscarem outros materiais relacionados ao tema (sugest\u00f5es).<\/p>\n\n\n\n<p><strong>Observa\u00e7\u00f5es: <\/strong>\u00c9 importante testar o padlet na condi\u00e7\u00e3o de aluno\/a e testar se os coment\u00e1rios est\u00e3o sendo adicionados. Para que a turma possa acessar, \u00e9 necess\u00e1rio adicion\u00e1-los como participantes na condi\u00e7\u00e3o de<em> editores<\/em>.&nbsp;<\/p>\n\n\n\n<p><strong>Autoria: <\/strong>Marina de Paulo Nascimento<\/p>\n\n\n\n<p><strong>N\u00edvel:<\/strong> A2<\/p>\n","protected":false},"excerpt":{"rendered":"<p>Tags: Dia das m\u00e3es; Presente simples; Fala | Mother&#8217;s day; Simple present; Speaking Objetivos: Tempo: 120 minutos Prepara\u00e7\u00e3o:&nbsp; Materiais: Etapa 1: a) Inicia-se o trabalho questionando como os\/as estudantes est\u00e3o. Depois disso, questiona-se que data comemorativa est\u00e1 chegando (dia das m\u00e3es) e como, em geral, eles\/as vivenciam esta data. Ap\u00f3s [&hellip;]<\/p>\n","protected":false},"author":19,"featured_media":0,"parent":0,"menu_order":0,"comment_status":"closed","ping_status":"closed","template":"","meta":{"_monsterinsights_skip_tracking":false,"_monsterinsights_sitenote_active":false,"_monsterinsights_sitenote_note":"","_monsterinsights_sitenote_category":0,"footnotes":""},"class_list":["post-1048","page","type-page","status-publish","hentry"],"_links":{"self":[{"href":"https:\/\/raple.fclar.unesp.br\/ingles\/wp-json\/wp\/v2\/pages\/1048","targetHints":{"allow":["GET"]}}],"collection":[{"href":"https:\/\/raple.fclar.unesp.br\/ingles\/wp-json\/wp\/v2\/pages"}],"about":[{"href":"https:\/\/raple.fclar.unesp.br\/ingles\/wp-json\/wp\/v2\/types\/page"}],"author":[{"embeddable":true,"href":"https:\/\/raple.fclar.unesp.br\/ingles\/wp-json\/wp\/v2\/users\/19"}],"replies":[{"embeddable":true,"href":"https:\/\/raple.fclar.unesp.br\/ingles\/wp-json\/wp\/v2\/comments?post=1048"}],"version-history":[{"count":4,"href":"https:\/\/raple.fclar.unesp.br\/ingles\/wp-json\/wp\/v2\/pages\/1048\/revisions"}],"predecessor-version":[{"id":1793,"href":"https:\/\/raple.fclar.unesp.br\/ingles\/wp-json\/wp\/v2\/pages\/1048\/revisions\/1793"}],"wp:attachment":[{"href":"https:\/\/raple.fclar.unesp.br\/ingles\/wp-json\/wp\/v2\/media?parent=1048"}],"curies":[{"name":"wp","href":"https:\/\/api.w.org\/{rel}","templated":true}]}}