{"id":1094,"date":"2022-05-10T20:21:47","date_gmt":"2022-05-10T23:21:47","guid":{"rendered":"https:\/\/raple.fclar.unesp.br\/ingles\/?page_id=1094"},"modified":"2022-05-12T14:02:16","modified_gmt":"2022-05-12T17:02:16","slug":"blues","status":"publish","type":"page","link":"https:\/\/raple.fclar.unesp.br\/ingles\/blues\/","title":{"rendered":"Blues"},"content":{"rendered":"\n<figure class=\"wp-block-image size-large\"><img loading=\"lazy\" decoding=\"async\" width=\"1024\" height=\"85\" src=\"https:\/\/raple.fclar.unesp.br\/ingles\/wp-content\/uploads\/sites\/3\/2022\/05\/wide_blues-1024x85.png\" alt=\"\" class=\"wp-image-1119\" srcset=\"https:\/\/raple.fclar.unesp.br\/ingles\/wp-content\/uploads\/sites\/3\/2022\/05\/wide_blues-1024x85.png 1024w, https:\/\/raple.fclar.unesp.br\/ingles\/wp-content\/uploads\/sites\/3\/2022\/05\/wide_blues-300x25.png 300w, https:\/\/raple.fclar.unesp.br\/ingles\/wp-content\/uploads\/sites\/3\/2022\/05\/wide_blues-768x64.png 768w, https:\/\/raple.fclar.unesp.br\/ingles\/wp-content\/uploads\/sites\/3\/2022\/05\/wide_blues.png 1080w\" sizes=\"auto, (max-width: 1024px) 100vw, 1024px\" \/><\/figure>\n\n\n\n<p><strong><a href=\"https:\/\/www.youtube.com\/watch?v=_cl_Erj14Ec\" target=\"_blank\" rel=\"noreferrer noopener\">My Sweet Lord<\/a><\/strong> (George Harrison)<br>O ex integrante dos Beatles, George Harisson, prop\u00f5e um blues gospel ao seu p\u00fablico nesta linda can\u00e7\u00e3o&nbsp;<em>My Sweet Lord<\/em>. Ainda, ela pode ser trabalhada em aula devido a repeti\u00e7\u00e3o do som de \/r\/, sendo, assim, \u00f3tima para praticar a pron\u00fancia.<\/p>\n\n\n\n<p><strong><a href=\"https:\/\/www.youtube.com\/watch?v=_9T-RA6lk9U\" target=\"_blank\" rel=\"noreferrer noopener\">Hard Times<\/a><\/strong> (Ray Charles)<br>Esta preciosidade de Ray Charles pode ser trabalhada em sala de aula como forma de revisar ou praticar o&nbsp;<em>simple past<\/em>.<\/p>\n\n\n\n<p><a href=\"https:\/\/www.youtube.com\/watch?v=SgXSomPE_FY\" target=\"_blank\" rel=\"noreferrer noopener\"><strong>The Thrill Is Gone<\/strong><\/a> (B.B. King)<br>A can\u00e7\u00e3o de B.B. King pode ser um bom recurso para se introduzir os verbos no partic\u00edpio. Ela pode ser utilizada de&nbsp;<em>warm-up<\/em>&nbsp;ou mesmo como refor\u00e7o da explica\u00e7\u00e3o.<\/p>\n","protected":false},"excerpt":{"rendered":"<p>My Sweet Lord (George Harrison)O ex integrante dos Beatles, George Harisson, prop\u00f5e um blues gospel ao seu p\u00fablico nesta linda can\u00e7\u00e3o&nbsp;My Sweet Lord. Ainda, ela pode ser trabalhada em aula devido a repeti\u00e7\u00e3o do som de \/r\/, sendo, assim, \u00f3tima para praticar a pron\u00fancia. Hard Times (Ray Charles)Esta preciosidade de [&hellip;]<\/p>\n","protected":false},"author":19,"featured_media":1130,"parent":0,"menu_order":0,"comment_status":"closed","ping_status":"closed","template":"","meta":{"_monsterinsights_skip_tracking":false,"_monsterinsights_sitenote_active":false,"_monsterinsights_sitenote_note":"","_monsterinsights_sitenote_category":0,"footnotes":""},"class_list":["post-1094","page","type-page","status-publish","has-post-thumbnail","hentry"],"_links":{"self":[{"href":"https:\/\/raple.fclar.unesp.br\/ingles\/wp-json\/wp\/v2\/pages\/1094","targetHints":{"allow":["GET"]}}],"collection":[{"href":"https:\/\/raple.fclar.unesp.br\/ingles\/wp-json\/wp\/v2\/pages"}],"about":[{"href":"https:\/\/raple.fclar.unesp.br\/ingles\/wp-json\/wp\/v2\/types\/page"}],"author":[{"embeddable":true,"href":"https:\/\/raple.fclar.unesp.br\/ingles\/wp-json\/wp\/v2\/users\/19"}],"replies":[{"embeddable":true,"href":"https:\/\/raple.fclar.unesp.br\/ingles\/wp-json\/wp\/v2\/comments?post=1094"}],"version-history":[{"count":2,"href":"https:\/\/raple.fclar.unesp.br\/ingles\/wp-json\/wp\/v2\/pages\/1094\/revisions"}],"predecessor-version":[{"id":1120,"href":"https:\/\/raple.fclar.unesp.br\/ingles\/wp-json\/wp\/v2\/pages\/1094\/revisions\/1120"}],"wp:featuredmedia":[{"embeddable":true,"href":"https:\/\/raple.fclar.unesp.br\/ingles\/wp-json\/wp\/v2\/media\/1130"}],"wp:attachment":[{"href":"https:\/\/raple.fclar.unesp.br\/ingles\/wp-json\/wp\/v2\/media?parent=1094"}],"curies":[{"name":"wp","href":"https:\/\/api.w.org\/{rel}","templated":true}]}}