{"id":1097,"date":"2022-05-10T20:24:16","date_gmt":"2022-05-10T23:24:16","guid":{"rendered":"https:\/\/raple.fclar.unesp.br\/ingles\/?page_id=1097"},"modified":"2022-05-12T14:01:58","modified_gmt":"2022-05-12T17:01:58","slug":"country-2","status":"publish","type":"page","link":"https:\/\/raple.fclar.unesp.br\/ingles\/country-2\/","title":{"rendered":"Country"},"content":{"rendered":"\n<figure class=\"wp-block-image size-large\"><img loading=\"lazy\" decoding=\"async\" width=\"1024\" height=\"85\" src=\"https:\/\/raple.fclar.unesp.br\/ingles\/wp-content\/uploads\/sites\/3\/2022\/05\/wide_country-1024x85.png\" alt=\"\" class=\"wp-image-1117\" srcset=\"https:\/\/raple.fclar.unesp.br\/ingles\/wp-content\/uploads\/sites\/3\/2022\/05\/wide_country-1024x85.png 1024w, https:\/\/raple.fclar.unesp.br\/ingles\/wp-content\/uploads\/sites\/3\/2022\/05\/wide_country-300x25.png 300w, https:\/\/raple.fclar.unesp.br\/ingles\/wp-content\/uploads\/sites\/3\/2022\/05\/wide_country-768x64.png 768w, https:\/\/raple.fclar.unesp.br\/ingles\/wp-content\/uploads\/sites\/3\/2022\/05\/wide_country.png 1080w\" sizes=\"auto, (max-width: 1024px) 100vw, 1024px\" \/><\/figure>\n\n\n\n<p><strong><a href=\"https:\/\/www.youtube.com\/watch?v=m67eqm0mNCQ\" target=\"_blank\" rel=\"noreferrer noopener\">Jackson <\/a><\/strong>(The Best Of The Johnny Cash TV Show)<br>Esta can\u00e7\u00e3o super animada pode ser trabalhada em sala como meio de aprendizado de vocabul\u00e1rio. Ela pode ser trabalhada como warm-up ou numa atividade extra, como o professor preferir.<\/p>\n\n\n\n<p><a href=\"https:\/\/www.youtube.com\/watch?v=5WyLhwYFgmk\" target=\"_blank\" rel=\"noreferrer noopener\"><strong>Ring Of Fire<\/strong><\/a> (Johnny Cash)<br>A m\u00fasica de Johnny Cash \u00e9 uma \u00f3tima op\u00e7\u00e3o para quem precisa estudar verbos no presente e no passado. Al\u00e9m de saber um pouco mais sobre o amor, o aluno ainda poder\u00e1 fazer uma revis\u00e3o gramatical.<\/p>\n\n\n\n<p><a href=\"https:\/\/www.youtube.com\/watch?v=baSUO3zjneA\" target=\"_blank\" rel=\"noreferrer noopener\"><strong>Top of the World<\/strong><\/a> (The Carpenters)<br>A famosa m\u00fasica de The Carpenters \u00e9 uma \u00f3tima maneira de estudar o ger\u00fandio e o ger\u00fandio abreviado, visto que muitas palavras s\u00e3o contra\u00eddas a fim de garantir a sonoridade da letra.<\/p>\n","protected":false},"excerpt":{"rendered":"<p>Jackson (The Best Of The Johnny Cash TV Show)Esta can\u00e7\u00e3o super animada pode ser trabalhada em sala como meio de aprendizado de vocabul\u00e1rio. Ela pode ser trabalhada como warm-up ou numa atividade extra, como o professor preferir. Ring Of Fire (Johnny Cash)A m\u00fasica de Johnny Cash \u00e9 uma \u00f3tima op\u00e7\u00e3o [&hellip;]<\/p>\n","protected":false},"author":19,"featured_media":1130,"parent":0,"menu_order":0,"comment_status":"closed","ping_status":"closed","template":"","meta":{"_monsterinsights_skip_tracking":false,"_monsterinsights_sitenote_active":false,"_monsterinsights_sitenote_note":"","_monsterinsights_sitenote_category":0,"footnotes":""},"class_list":["post-1097","page","type-page","status-publish","has-post-thumbnail","hentry"],"_links":{"self":[{"href":"https:\/\/raple.fclar.unesp.br\/ingles\/wp-json\/wp\/v2\/pages\/1097","targetHints":{"allow":["GET"]}}],"collection":[{"href":"https:\/\/raple.fclar.unesp.br\/ingles\/wp-json\/wp\/v2\/pages"}],"about":[{"href":"https:\/\/raple.fclar.unesp.br\/ingles\/wp-json\/wp\/v2\/types\/page"}],"author":[{"embeddable":true,"href":"https:\/\/raple.fclar.unesp.br\/ingles\/wp-json\/wp\/v2\/users\/19"}],"replies":[{"embeddable":true,"href":"https:\/\/raple.fclar.unesp.br\/ingles\/wp-json\/wp\/v2\/comments?post=1097"}],"version-history":[{"count":2,"href":"https:\/\/raple.fclar.unesp.br\/ingles\/wp-json\/wp\/v2\/pages\/1097\/revisions"}],"predecessor-version":[{"id":1118,"href":"https:\/\/raple.fclar.unesp.br\/ingles\/wp-json\/wp\/v2\/pages\/1097\/revisions\/1118"}],"wp:featuredmedia":[{"embeddable":true,"href":"https:\/\/raple.fclar.unesp.br\/ingles\/wp-json\/wp\/v2\/media\/1130"}],"wp:attachment":[{"href":"https:\/\/raple.fclar.unesp.br\/ingles\/wp-json\/wp\/v2\/media?parent=1097"}],"curies":[{"name":"wp","href":"https:\/\/api.w.org\/{rel}","templated":true}]}}