{"id":1192,"date":"2022-10-13T21:15:11","date_gmt":"2022-10-14T00:15:11","guid":{"rendered":"https:\/\/raple.fclar.unesp.br\/ingles\/?page_id=1192"},"modified":"2024-03-18T16:24:24","modified_gmt":"2024-03-18T19:24:24","slug":"dicionarios","status":"publish","type":"page","link":"https:\/\/raple.fclar.unesp.br\/ingles\/dicionarios\/","title":{"rendered":"Dicion\u00e1rios"},"content":{"rendered":"\n<p><strong><a href=\"https:\/\/dictionary.cambridge.org\/\" target=\"_blank\" rel=\"noreferrer noopener\">Cambridge Dictionary<\/a><\/strong><\/p>\n\n\n\n<p>O Dicion\u00e1rio Cambridge \u00e9 uma ferramenta online ligada \u00e0 Universidade de Cambridge, institui\u00e7\u00e3o localizada no leste da Inglaterra. Al\u00e9m de ser um dicion\u00e1rio monol\u00edngue, destinado \u00e0 defini\u00e7\u00e3o de termos do ingl\u00eas, ele tamb\u00e9m disponibiliza: a pron\u00fancia estadunidense e a inglesa; exemplos de usos lexicais; explica\u00e7\u00f5es sobre as d\u00favidas gramaticais comuns; discuss\u00f5es sobre palavras que geram d\u00favidas: verbetes sobre express\u00f5es e palavras usuais; v\u00eddeos com dicas para professores\/as e alunos\/as e listas de vocabul\u00e1rio e tradu\u00e7\u00e3o Ingl\u00eas &gt; Portugu\u00eas. A maioria desses recursos s\u00e3o oferecidos gratuitamente, por\u00e9m, h\u00e1 alguns pagos, como o de tradu\u00e7\u00e3o de textos mais longos<\/p>\n\n\n\n<p><strong><a href=\"https:\/\/www.ldoceonline.com\/\" target=\"_blank\" rel=\"noreferrer noopener\">Longman<\/a><\/strong><\/p>\n\n\n\n<p>Longman \u00e9 um dicion\u00e1rio virtual, no qual s\u00e3o apresentados os significados e a pron\u00fancia de diferentes palavras. O l\u00e9xico dispon\u00edvel \u00e9 contextualizado por meio de frases que, al\u00e9m de lidas, podem ser escutadas. Ademais, oferece-se um extenso corpus com exemplos de usos e informa\u00e7\u00f5es gramaticais sobre as palavras pesquisadas. Nesse dom\u00ednio, ainda podem ser acessados&nbsp;<em>quizzes<\/em>, imagens com descri\u00e7\u00e3o de vocabul\u00e1rio e grupos de palavras organizadas por temas (pintura, geografia, etc).<\/p>\n\n\n\n<p><strong><a href=\"https:\/\/www.lexico.com\/\" target=\"_blank\" rel=\"noreferrer noopener\">L\u00e9xico<\/a><\/strong><\/p>\n\n\n\n<p><em>L\u00e9xico<\/em>, dicion\u00e1rio gerenciado pela universidade de Oxford, \u00e9 um excelente recurso para a verifica\u00e7\u00e3o de significados e sin\u00f4nimos de palavras presentes na l\u00edngua inglesa. Al\u00e9m de oferecer, separadamente, abas voltadas \u00e0 variante brit\u00e2nica e estadunidense e as respectivas pron\u00fancias, esse dom\u00ednio disponibiliza uma aba direcionada \u00e0 terminologia gramatical, quizzes voltados ao spelling e artigos interessantes sobre a l\u00edngua e o l\u00e9xico (palavras do ano\/m\u00eas, perguntas comuns em l\u00edngua inglesa, etc.)<\/p>\n\n\n\n<p><strong><a href=\"https:\/\/www.macmillandictionary.com\/dictionary\/\" target=\"_blank\" rel=\"noreferrer noopener\">Macmillan Dictionary<\/a><\/strong><\/p>\n\n\n\n<p>O dicion\u00e1rio Macmillan \u00e9 excelente para alunos e professores. Al\u00e9m de mostrar a defini\u00e7\u00e3o das palavras em ingl\u00eas, ele compartilha a pron\u00fancia brit\u00e2nica e americana, aponta a classe gramatical, apresenta sin\u00f4nimos e exemplos dos itens verificados.<\/p>\n\n\n\n<p class=\"has-text-align-center\"><strong>Contribui\u00e7\u00e3o dos dicion\u00e1rios pela prof\u00aa Marina de Paulo Nascimento<\/strong> <strong>e Giovanna Palauro Silva<\/strong><\/p>\n\n\n\n<p><a href=\"https:\/\/play.google.com\/store\/apps\/details?id=org.leo.android.dict&amp;hl=pt_BR&amp;gl=US\" data-type=\"URL\" data-id=\"https:\/\/play.google.com\/store\/apps\/details?id=org.leo.android.dict&amp;hl=pt_BR&amp;gl=US\" target=\"_blank\" rel=\"noreferrer noopener\">LEO<\/a><\/p>\n\n\n\n<p>O LEO dictionary oferece defini\u00e7\u00f5es, tabelas de conjuga\u00e7\u00f5es verbais, regras de pron\u00fancia e at\u00e9 mesmo a etimologia das palavras. Ele tamb\u00e9m oferece outros voc\u00e1bulos que s\u00e3o soletrados de forma semelhante ao pesquisado, e links para os f\u00f3runs do LEO relacionados \u00e0 palavra em quest\u00e3o.\u00a0Fonte: UptoDown.<\/p>\n","protected":false},"excerpt":{"rendered":"<p>Cambridge Dictionary O Dicion\u00e1rio Cambridge \u00e9 uma ferramenta online ligada \u00e0 Universidade de Cambridge, institui\u00e7\u00e3o localizada no leste da Inglaterra. Al\u00e9m de ser um dicion\u00e1rio monol\u00edngue, destinado \u00e0 defini\u00e7\u00e3o de termos do ingl\u00eas, ele tamb\u00e9m disponibiliza: a pron\u00fancia estadunidense e a inglesa; exemplos de usos lexicais; explica\u00e7\u00f5es sobre as d\u00favidas [&hellip;]<\/p>\n","protected":false},"author":19,"featured_media":895,"parent":0,"menu_order":0,"comment_status":"closed","ping_status":"closed","template":"","meta":{"_monsterinsights_skip_tracking":false,"_monsterinsights_sitenote_active":false,"_monsterinsights_sitenote_note":"","_monsterinsights_sitenote_category":0,"footnotes":""},"class_list":["post-1192","page","type-page","status-publish","has-post-thumbnail","hentry"],"_links":{"self":[{"href":"https:\/\/raple.fclar.unesp.br\/ingles\/wp-json\/wp\/v2\/pages\/1192","targetHints":{"allow":["GET"]}}],"collection":[{"href":"https:\/\/raple.fclar.unesp.br\/ingles\/wp-json\/wp\/v2\/pages"}],"about":[{"href":"https:\/\/raple.fclar.unesp.br\/ingles\/wp-json\/wp\/v2\/types\/page"}],"author":[{"embeddable":true,"href":"https:\/\/raple.fclar.unesp.br\/ingles\/wp-json\/wp\/v2\/users\/19"}],"replies":[{"embeddable":true,"href":"https:\/\/raple.fclar.unesp.br\/ingles\/wp-json\/wp\/v2\/comments?post=1192"}],"version-history":[{"count":4,"href":"https:\/\/raple.fclar.unesp.br\/ingles\/wp-json\/wp\/v2\/pages\/1192\/revisions"}],"predecessor-version":[{"id":1445,"href":"https:\/\/raple.fclar.unesp.br\/ingles\/wp-json\/wp\/v2\/pages\/1192\/revisions\/1445"}],"wp:featuredmedia":[{"embeddable":true,"href":"https:\/\/raple.fclar.unesp.br\/ingles\/wp-json\/wp\/v2\/media\/895"}],"wp:attachment":[{"href":"https:\/\/raple.fclar.unesp.br\/ingles\/wp-json\/wp\/v2\/media?parent=1192"}],"curies":[{"name":"wp","href":"https:\/\/api.w.org\/{rel}","templated":true}]}}