{"id":1204,"date":"2022-10-13T21:48:41","date_gmt":"2022-10-14T00:48:41","guid":{"rendered":"https:\/\/raple.fclar.unesp.br\/ingles\/?page_id=1204"},"modified":"2022-10-22T11:02:14","modified_gmt":"2022-10-22T14:02:14","slug":"leituras-videos-e-audios","status":"publish","type":"page","link":"https:\/\/raple.fclar.unesp.br\/ingles\/leituras-videos-e-audios\/","title":{"rendered":"Leituras, v\u00eddeos e \u00e1udios"},"content":{"rendered":"\n<figure class=\"wp-block-image size-large\"><img loading=\"lazy\" decoding=\"async\" width=\"1024\" height=\"85\" src=\"https:\/\/raple.fclar.unesp.br\/ingles\/wp-content\/uploads\/sites\/3\/2021\/07\/wide_videos-1-1024x85.png\" alt=\"\" class=\"wp-image-897\" srcset=\"https:\/\/raple.fclar.unesp.br\/ingles\/wp-content\/uploads\/sites\/3\/2021\/07\/wide_videos-1-1024x85.png 1024w, https:\/\/raple.fclar.unesp.br\/ingles\/wp-content\/uploads\/sites\/3\/2021\/07\/wide_videos-1-300x25.png 300w, https:\/\/raple.fclar.unesp.br\/ingles\/wp-content\/uploads\/sites\/3\/2021\/07\/wide_videos-1-768x64.png 768w, https:\/\/raple.fclar.unesp.br\/ingles\/wp-content\/uploads\/sites\/3\/2021\/07\/wide_videos-1.png 1080w\" sizes=\"auto, (max-width: 1024px) 100vw, 1024px\" \/><\/figure>\n\n\n\n<div class=\"wp-block-columns is-layout-flex wp-container-core-columns-is-layout-9d6595d7 wp-block-columns-is-layout-flex\">\n<div class=\"wp-block-column is-layout-flow wp-block-column-is-layout-flow\">\n<p><strong>R\u00e1dios:<br><\/strong><a href=\"http:\/\/fxalternativeradio.com\/\"><strong>FX Alternative Radio<\/strong><\/a><br><strong><a href=\"https:\/\/kiisfm.iheart.com\/\">KIIS FM<\/a><br><\/strong><a href=\"http:\/\/www.espn.com\/newyork\/radio\/\"><strong>ESPN<\/strong><\/a><br><strong><a href=\"http:\/\/radio.garden\/\">Radio Garden<\/a>&nbsp;<\/strong><a href=\"https:\/\/youtu.be\/i7d6Hc42RoA\">(Tutorial em Ingl\u00eas)<\/a><\/p>\n\n\n\n<p><strong>TED Talks:<\/strong>&nbsp;O site&nbsp;<strong><a href=\"https:\/\/www.ted.com\/\">TED: Ideas worth spreading<\/a><\/strong>&nbsp;hospeda diversas palestras de v\u00e1rios temas, em ingl\u00eas.<\/p>\n\n\n\n<p><strong><a href=\"https:\/\/www.jamendo.com\/?language=pt\" target=\"_blank\" rel=\"noreferrer noopener\">Jamendo Music<\/a><\/strong>&nbsp;= \u00c9 uma comunidade de m\u00fasica relativamente livre. Por meio do pagamento de uma assinatura, docentes e discentes podem acessar m\u00fasicas livres de direitos autorais e utiliz\u00e1-las em trabalhos como a produ\u00e7\u00e3o de filmes, document\u00e1rios, pe\u00e7as teatrais, etc.<\/p>\n\n\n\n<p><strong><a rel=\"noreferrer noopener\" href=\"https:\/\/www.imdb.com\/\" target=\"_blank\">IMDb Filmes<\/a>&nbsp;=<\/strong>&nbsp;IMDb Filme s\u00e9 um aplicativo voltado ao mundo do audiovisual. Nesta ferramenta, s\u00e3o apresentados v\u00eddeos, avalia\u00e7\u00f5es e outras informa\u00e7\u00f5es sobre filmes, s\u00e9ries, comerciais, atrizes e atores. Outras fun\u00e7\u00f5es do recurso s\u00e3o a possibilidade de se atribuir notas e criar listas relativas aos filmes assistidos.&nbsp;&nbsp;&nbsp;<\/p>\n<\/div>\n\n\n\n<div class=\"wp-block-column is-layout-flow wp-block-column-is-layout-flow\">\n<p><a href=\"https:\/\/mocambos.net\/tambor\/pt\/baobaxia\" target=\"_blank\" rel=\"noreferrer noopener\"><strong>Baob\u00e1xia<\/strong>&nbsp;<\/a>=&nbsp; \u00c9 um reposit\u00f3rio de diferentes m\u00eddias (imagens, \u00e1udios e v\u00eddeos), que podem ser acessados virtualmente ou baixados. Este espa\u00e7o digital se destina ao compartilhamento e \u00e0 conserva\u00e7\u00e3o da cultura de sociedades afro-brasileiras e ind\u00edgenas e, portanto, disponibiliza materiais relacionados a essas comunidades.<\/p>\n\n\n\n<p>Esses sites oferecem&nbsp;<strong>v\u00eddeos&nbsp;<\/strong>que podem ser usados para o ensino-aprendizado de l\u00ednguas:<br><strong><a href=\"https:\/\/www.eslvideo.com\/\">ESL v\u00eddeo<\/a><br><\/strong><a href=\"https:\/\/www.youtube.com\/\"><strong>Youtube<\/strong><\/a><br><a href=\"https:\/\/www.ellentube.com\/\"><strong>Ellentube<\/strong><\/a><br>(Para entender mais a respeito desses sites, assista aos nossos tutoriais clicando&nbsp;<a href=\"https:\/\/cel.fclar.unesp.br\/ingles\/tutoriais-de-plataformas-digitais\/\">aqui<\/a>)<\/p>\n\n\n\n<p><strong><a href=\"https:\/\/soundsofspeech.uiowa.edu\/\" target=\"_blank\" rel=\"noreferrer noopener\">Sounds of Speech<\/a><\/strong>&nbsp;\u2013 &nbsp;Sounds of Speech \u00e9 uma ferramenta da Universidade de Iowa, no qual pode-se observar a forma\u00e7\u00e3o do som dentro da boca por meio de anima\u00e7\u00f5es, v\u00eddeos e trechos de \u00e1udios. Al\u00e9m do ingl\u00eas, est\u00e3o dispon\u00edveis espanhol e alem\u00e3o.<\/p>\n<\/div>\n<\/div>\n\n\n\n<figure class=\"wp-block-image size-large\"><img loading=\"lazy\" decoding=\"async\" width=\"1024\" height=\"85\" src=\"https:\/\/raple.fclar.unesp.br\/ingles\/wp-content\/uploads\/sites\/3\/2021\/07\/wide_leituras-1-1024x85.png\" alt=\"\" class=\"wp-image-898\" srcset=\"https:\/\/raple.fclar.unesp.br\/ingles\/wp-content\/uploads\/sites\/3\/2021\/07\/wide_leituras-1-1024x85.png 1024w, https:\/\/raple.fclar.unesp.br\/ingles\/wp-content\/uploads\/sites\/3\/2021\/07\/wide_leituras-1-300x25.png 300w, https:\/\/raple.fclar.unesp.br\/ingles\/wp-content\/uploads\/sites\/3\/2021\/07\/wide_leituras-1-768x64.png 768w, https:\/\/raple.fclar.unesp.br\/ingles\/wp-content\/uploads\/sites\/3\/2021\/07\/wide_leituras-1.png 1080w\" sizes=\"auto, (max-width: 1024px) 100vw, 1024px\" \/><\/figure>\n\n\n\n<div class=\"wp-block-columns is-layout-flex wp-container-core-columns-is-layout-9d6595d7 wp-block-columns-is-layout-flex\">\n<div class=\"wp-block-column is-layout-flow wp-block-column-is-layout-flow\">\n<p><strong><a href=\"https:\/\/learnenglish.britishcouncil.org\/\">British Council&nbsp; \u2013&nbsp;<\/a><\/strong>Materiais de audi\u00e7\u00e3o e leitura ,&nbsp; gram\u00e1tica&nbsp;&nbsp;e vocabul\u00e1rio<\/p>\n\n\n\n<p><strong><a href=\"https:\/\/www.baleap.org\/\">BALEAP \u2013&nbsp;<\/a><\/strong>apoia o desenvolvimento profissional de pessoas envolvidas em aprendizagem, ensino e pesquisas em ingl\u00eas para fins acad\u00eamicos (EAP).<\/p>\n\n\n\n<p><a href=\"https:\/\/elt.oup.com\/?cc=br&amp;selLanguage=pt\"><strong>Oxford University Press&nbsp;<\/strong><\/a><\/p>\n\n\n\n<p><a href=\"https:\/\/www.foxit.com\/pt-br\/pdf-reader\/\"><strong>Foxit Reader<\/strong><\/a>&nbsp;\u2013 Um dos melhores softwares para leitura de PDF e outros documentos.<\/p>\n<\/div>\n\n\n\n<div class=\"wp-block-column is-layout-flow wp-block-column-is-layout-flow\">\n<p><strong>Jornais:<br><\/strong><a href=\"https:\/\/edition.cnn.com\/\"><strong>CNN<\/strong><\/a><br><a href=\"https:\/\/www.foxnews.com\/\"><strong>Fox News<\/strong><\/a><br><a href=\"https:\/\/www.usatoday.com\/\"><strong>USA Today<\/strong><\/a><\/p>\n\n\n\n<p><strong><a href=\"https:\/\/www.nytimes.com\/2021\/09\/21\/style\/tiny-modern-love-stories-my-body-told-a-different-story.html\" target=\"_blank\" rel=\"noreferrer noopener\">Tiny Love Stories<\/a>:\u00a0<\/strong><\/p>\n\n\n\n<p>Tiny Love Stories \u00e9 uma publica\u00e7\u00e3o pertencente ao The New York Times, na qual, diariamente, s\u00e3o postadas pequenas hist\u00f3rias de amor vivenciadas por pessoas de todas as partes do mundo. Esse material pode ser utilizado para o trabalho com a leitura e a escrita, de n\u00edvel A1 ao C1; al\u00e9m de lerem, os\/as estudantes, podem submeter suas pr\u00f3prias produ\u00e7\u00f5es e, talvez, t\u00ea-las publicadas. <strong>Obs<\/strong>: Por ser um site pago, existe um limite semanal de hist\u00f3rias que podem ser acessadas gratuitamente.<\/p>\n<\/div>\n<\/div>\n","protected":false},"excerpt":{"rendered":"<p>R\u00e1dios:FX Alternative RadioKIIS FMESPNRadio Garden&nbsp;(Tutorial em Ingl\u00eas) TED Talks:&nbsp;O site&nbsp;TED: Ideas worth spreading&nbsp;hospeda diversas palestras de v\u00e1rios temas, em ingl\u00eas. Jamendo Music&nbsp;= \u00c9 uma comunidade de m\u00fasica relativamente livre. Por meio do pagamento de uma assinatura, docentes e discentes podem acessar m\u00fasicas livres de direitos autorais e utiliz\u00e1-las em trabalhos [&hellip;]<\/p>\n","protected":false},"author":19,"featured_media":895,"parent":0,"menu_order":0,"comment_status":"closed","ping_status":"closed","template":"","meta":{"_monsterinsights_skip_tracking":false,"_monsterinsights_sitenote_active":false,"_monsterinsights_sitenote_note":"","_monsterinsights_sitenote_category":0,"footnotes":""},"class_list":["post-1204","page","type-page","status-publish","has-post-thumbnail","hentry"],"_links":{"self":[{"href":"https:\/\/raple.fclar.unesp.br\/ingles\/wp-json\/wp\/v2\/pages\/1204","targetHints":{"allow":["GET"]}}],"collection":[{"href":"https:\/\/raple.fclar.unesp.br\/ingles\/wp-json\/wp\/v2\/pages"}],"about":[{"href":"https:\/\/raple.fclar.unesp.br\/ingles\/wp-json\/wp\/v2\/types\/page"}],"author":[{"embeddable":true,"href":"https:\/\/raple.fclar.unesp.br\/ingles\/wp-json\/wp\/v2\/users\/19"}],"replies":[{"embeddable":true,"href":"https:\/\/raple.fclar.unesp.br\/ingles\/wp-json\/wp\/v2\/comments?post=1204"}],"version-history":[{"count":2,"href":"https:\/\/raple.fclar.unesp.br\/ingles\/wp-json\/wp\/v2\/pages\/1204\/revisions"}],"predecessor-version":[{"id":1211,"href":"https:\/\/raple.fclar.unesp.br\/ingles\/wp-json\/wp\/v2\/pages\/1204\/revisions\/1211"}],"wp:featuredmedia":[{"embeddable":true,"href":"https:\/\/raple.fclar.unesp.br\/ingles\/wp-json\/wp\/v2\/media\/895"}],"wp:attachment":[{"href":"https:\/\/raple.fclar.unesp.br\/ingles\/wp-json\/wp\/v2\/media?parent=1204"}],"curies":[{"name":"wp","href":"https:\/\/api.w.org\/{rel}","templated":true}]}}