{"id":1251,"date":"2023-04-04T17:15:51","date_gmt":"2023-04-04T20:15:51","guid":{"rendered":"https:\/\/raple.fclar.unesp.br\/ingles\/?page_id=1251"},"modified":"2023-04-04T17:17:34","modified_gmt":"2023-04-04T20:17:34","slug":"bingo","status":"publish","type":"page","link":"https:\/\/raple.fclar.unesp.br\/ingles\/bingo\/","title":{"rendered":"Bingo"},"content":{"rendered":"\n<p><strong>Autoria<\/strong>: Giovana Palauro Silva<\/p>\n\n\n\n<p>Pe\u00e7a para os\/as alunos\/as desenharem um jogo da velha (#) e preencherem cada espa\u00e7o com uma palavra do vocabul\u00e1rio aprendido em aula. O educador sorteia as palavras e o primeiro a completar a cartela \u00e9 o vencedor.<\/p>\n","protected":false},"excerpt":{"rendered":"<p>Autoria: Giovana Palauro Silva Pe\u00e7a para os\/as alunos\/as desenharem um jogo da velha (#) e preencherem cada espa\u00e7o com uma palavra do vocabul\u00e1rio aprendido em aula. O educador sorteia as palavras e o primeiro a completar a cartela \u00e9 o vencedor.<\/p>\n","protected":false},"author":19,"featured_media":0,"parent":0,"menu_order":0,"comment_status":"closed","ping_status":"closed","template":"","meta":{"_monsterinsights_skip_tracking":false,"_monsterinsights_sitenote_active":false,"_monsterinsights_sitenote_note":"","_monsterinsights_sitenote_category":0,"footnotes":""},"class_list":["post-1251","page","type-page","status-publish","hentry"],"_links":{"self":[{"href":"https:\/\/raple.fclar.unesp.br\/ingles\/wp-json\/wp\/v2\/pages\/1251","targetHints":{"allow":["GET"]}}],"collection":[{"href":"https:\/\/raple.fclar.unesp.br\/ingles\/wp-json\/wp\/v2\/pages"}],"about":[{"href":"https:\/\/raple.fclar.unesp.br\/ingles\/wp-json\/wp\/v2\/types\/page"}],"author":[{"embeddable":true,"href":"https:\/\/raple.fclar.unesp.br\/ingles\/wp-json\/wp\/v2\/users\/19"}],"replies":[{"embeddable":true,"href":"https:\/\/raple.fclar.unesp.br\/ingles\/wp-json\/wp\/v2\/comments?post=1251"}],"version-history":[{"count":2,"href":"https:\/\/raple.fclar.unesp.br\/ingles\/wp-json\/wp\/v2\/pages\/1251\/revisions"}],"predecessor-version":[{"id":1254,"href":"https:\/\/raple.fclar.unesp.br\/ingles\/wp-json\/wp\/v2\/pages\/1251\/revisions\/1254"}],"wp:attachment":[{"href":"https:\/\/raple.fclar.unesp.br\/ingles\/wp-json\/wp\/v2\/media?parent=1251"}],"curies":[{"name":"wp","href":"https:\/\/api.w.org\/{rel}","templated":true}]}}