{"id":1287,"date":"2023-04-12T14:40:27","date_gmt":"2023-04-12T17:40:27","guid":{"rendered":"https:\/\/raple.fclar.unesp.br\/ingles\/?page_id=1287"},"modified":"2025-06-02T13:33:35","modified_gmt":"2025-06-02T16:33:35","slug":"curta-metragem","status":"publish","type":"page","link":"https:\/\/raple.fclar.unesp.br\/ingles\/curta-metragem\/","title":{"rendered":"Curta-metragem"},"content":{"rendered":"\n<p id=\"block-1cdc3bef-33d0-44fa-a305-1e5fbf84df7f\"><strong><a rel=\"noreferrer noopener\" href=\"https:\/\/www.youtube.com\/watch?v=_X_AfRk9F9w\" target=\"_blank\"><br>Bridge<\/a><\/strong><\/p>\n\n\n\n<p id=\"block-b6078ea7-40e2-4c84-9bda-6c16b8845a3e\">Bridge \u00e9 uma anima\u00e7\u00e3o com cerca de quatro minutos, na qual se apresenta o trajeto dos personagens rumo \u00e0 colabora\u00e7\u00e3o. Por n\u00e3o conter falas, esse v\u00eddeo pode ser utilizado com estudantes em diferentes n\u00edveis de profici\u00eancia e em situa\u00e7\u00f5es como as primeiras aulas de um per\u00edodo, nas quais se intencione criar um clima de acolhimento e parceria entre os alunos. (<strong>Indica\u00e7\u00e3o:<\/strong>\u00a0Marina de Paulo Nascimento e Giovanna Palauro Silva)<\/p>\n\n\n\n<p id=\"block-d4261bc6-8d0b-4c34-825f-268e636b0666\"><strong><a rel=\"noreferrer noopener\" href=\"https:\/\/www.youtube.com\/watch?v=9JBNmGlEdLY\" target=\"_blank\">Scrambled&nbsp;<\/a><\/strong><\/p>\n\n\n\n<p id=\"block-fccb0c1a-b71f-4dcd-ae19-38a7da92a49c\">Scrambled \u00e9 um curta-metragem, com aproximadamente 6 minutos, que n\u00e3o apresenta di\u00e1logos. Nesse sentido, esse recurso audiovisual pode ser trabalhado com diferentes faixas et\u00e1rias e n\u00edveis de profici\u00eancia, tendo em vista temas como as cores, os meios de transportes ou o sentimento de frustra\u00e7\u00e3o. A narrativa introduz uma personagem perdendo o trem do metr\u00f4. Diante de seu desapontamento, e a fim de tornar sua espera menos \u00e1rdua, um cubo m\u00e1gico se apresenta, mudando o curso da hist\u00f3ria.\u00a0(<strong>Indica\u00e7\u00e3o:<\/strong>\u00a0Marina de Paulo Nascimento e Giovanna Palauro Silva)<\/p>\n\n\n\n<p id=\"block-ade02474-3b81-411f-9615-7d29b4a30287\"><strong><a rel=\"noreferrer noopener\" href=\"https:\/\/youtu.be\/PDHIyrfMl_U\" target=\"_blank\">Alike<\/a><\/strong>&nbsp;(8:01)<\/p>\n\n\n\n<p id=\"block-9f0a0ab0-fdda-4fc9-90ad-09b9096e4bcd\"><em>Alike<\/em>\u00a0\u00e9 um curta-metragem com cerca de oito minutos que apresenta a trajet\u00f3ria de um pai e uma filha \u00e0 liberdade imaginativa. Al\u00e9m de temas como a criatividade, esse material audiovisual pode auxiliar em atividades que envolvam temas como a rotina e as imposi\u00e7\u00f5es sociais. (<strong>Indica\u00e7\u00e3o:<\/strong>\u00a0Marina de Paulo Nascimento)<\/p>\n\n\n\n<p id=\"block-4188c760-badf-4e31-b9b7-6680d9caa7f5\"><strong><a rel=\"noreferrer noopener\" href=\"https:\/\/youtu.be\/Bl1FOKpFY2Q\" target=\"_blank\">Umbrella&nbsp;<\/a><\/strong><\/p>\n\n\n\n<p id=\"block-7c37b6f0-54f7-446e-8cdc-e511bdea62fc\">Umbrella \u00e9 uma anima\u00e7\u00e3o premiada que narra a hist\u00f3ria de um menino para ficar com um guarda-chuva que, simbolicamente, o reconecta com seu passado. Por meio deste audiovisual, temas como a empatia, a gentileza e a esperan\u00e7a podem ser abordados. Ademais, ele pode corroborar a media\u00e7\u00e3o de atividades como a transposi\u00e7\u00e3o de g\u00eaneros: recria\u00e7\u00e3o em forma de quadrinhos, memes, tirinhas, etc. e elabora\u00e7\u00e3o de novos enredos e\/ou finais para a narrativa.&nbsp;<\/p>\n\n\n\n<p><strong><a href=\"https:\/\/www.youtube.com\/watch?v=s3jQfcXp0OA\" target=\"_blank\" rel=\"noopener\" title=\"If Anything Happens I Love You (2020)\">If Anything Happens I Love You (2020)<\/a><\/strong> Anima\u00e7\u00e3o; Origem: Estados Unidos; Classifica\u00e7\u00e3o Indicativa: 12 anos; Dura\u00e7\u00e3o: 12 minutos<\/p>\n\n\n\n<p><em>Se algo acontecer\u2026 Te amo<\/em> (vers\u00e3o brasileira) \u00e9 um curta-metragem produzido pela Netflix, que retrata, atrav\u00e9s de uma potente linguagem visual, a perspectiva de dois pais lidando com uma trag\u00e9dia escolar que matou a pequena filha deles. Ambos est\u00e3o cheios de mem\u00f3rias boas e ruins de sua breve rela\u00e7\u00e3o com a filha e, ao longo do desenvolvimento da obra, precisam lidar com essas lembran\u00e7as, principalmente para aprender a tratar da falta e do luto, resolvendo suas diferen\u00e7as e tentando passar por essa cruel situa\u00e7\u00e3o juntos. (<strong>Indica\u00e7\u00e3o:<\/strong> Vitor Magalh\u00e3es)<\/p>\n","protected":false},"excerpt":{"rendered":"<p>Bridge Bridge \u00e9 uma anima\u00e7\u00e3o com cerca de quatro minutos, na qual se apresenta o trajeto dos personagens rumo \u00e0 colabora\u00e7\u00e3o. Por n\u00e3o conter falas, esse v\u00eddeo pode ser utilizado com estudantes em diferentes n\u00edveis de profici\u00eancia e em situa\u00e7\u00f5es como as primeiras aulas de um per\u00edodo, nas quais se [&hellip;]<\/p>\n","protected":false},"author":19,"featured_media":0,"parent":0,"menu_order":0,"comment_status":"closed","ping_status":"closed","template":"","meta":{"_monsterinsights_skip_tracking":false,"_monsterinsights_sitenote_active":false,"_monsterinsights_sitenote_note":"","_monsterinsights_sitenote_category":0,"footnotes":""},"class_list":["post-1287","page","type-page","status-publish","hentry"],"_links":{"self":[{"href":"https:\/\/raple.fclar.unesp.br\/ingles\/wp-json\/wp\/v2\/pages\/1287","targetHints":{"allow":["GET"]}}],"collection":[{"href":"https:\/\/raple.fclar.unesp.br\/ingles\/wp-json\/wp\/v2\/pages"}],"about":[{"href":"https:\/\/raple.fclar.unesp.br\/ingles\/wp-json\/wp\/v2\/types\/page"}],"author":[{"embeddable":true,"href":"https:\/\/raple.fclar.unesp.br\/ingles\/wp-json\/wp\/v2\/users\/19"}],"replies":[{"embeddable":true,"href":"https:\/\/raple.fclar.unesp.br\/ingles\/wp-json\/wp\/v2\/comments?post=1287"}],"version-history":[{"count":3,"href":"https:\/\/raple.fclar.unesp.br\/ingles\/wp-json\/wp\/v2\/pages\/1287\/revisions"}],"predecessor-version":[{"id":1778,"href":"https:\/\/raple.fclar.unesp.br\/ingles\/wp-json\/wp\/v2\/pages\/1287\/revisions\/1778"}],"wp:attachment":[{"href":"https:\/\/raple.fclar.unesp.br\/ingles\/wp-json\/wp\/v2\/media?parent=1287"}],"curies":[{"name":"wp","href":"https:\/\/api.w.org\/{rel}","templated":true}]}}