{"id":1289,"date":"2023-04-12T14:46:50","date_gmt":"2023-04-12T17:46:50","guid":{"rendered":"https:\/\/raple.fclar.unesp.br\/ingles\/?page_id=1289"},"modified":"2025-06-02T13:32:55","modified_gmt":"2025-06-02T16:32:55","slug":"longa-metragem","status":"publish","type":"page","link":"https:\/\/raple.fclar.unesp.br\/ingles\/longa-metragem\/","title":{"rendered":"Longa-metragem"},"content":{"rendered":"\n<div class=\"wp-block-group\"><div class=\"wp-block-group__inner-container is-layout-flow wp-block-group-is-layout-flow\">\n<p style=\"font-size:18px\"><strong><a href=\"https:\/\/youtu.be\/UvdTpywTmQg?si=SOu8gW65ZzSaIG73\" target=\"_blank\" rel=\"noopener\" title=\"The Bucket List (2007)\">The Bucket List (2007)<\/a><\/strong> Com\u00e9dia; Aventura (Norte-Americano); Classifica\u00e7\u00e3o Indicativa: 10<\/p>\n<\/div><\/div>\n\n\n\n<p>O filme\u00a0<em>The Buscket List<\/em>, na tradu\u00e7\u00e3o,\u00a0<em>Antes de Partir<\/em>, \u00e9 um excelente recurso para o ensino-aprendizagem de l\u00edngua inglesa. O filme narra a hist\u00f3ria de dois homens que, antes de falecerem, realizam seus maiores sonhos. Este material pode ser utilizado para a constru\u00e7\u00e3o de \u201cbucket lists\u201d nas primeiras aulas do ano e\/ou outras datas importantes como anivers\u00e1rios (planos do ano, da vida, etc.). O filme pode ser encontrado no\u00a0<em>Youtube<\/em>, para venda ou aluguel, e tamb\u00e9m existem v\u00e1rios trechos gratuitos que podem ser acessados nesse mesmo dom\u00ednio. (<strong>Indica\u00e7\u00e3o<\/strong>: Marina de Paulo Nascimento)<\/p>\n\n\n\n<p><strong><a href=\"https:\/\/youtu.be\/-VLEPhfEN2M?si=GLI8H3rCdPhjIf86\" target=\"_blank\" rel=\"noopener\" title=\"A Beautiful Day in the Neighbourhood (2019)\">A Beautiful Day in the Neighbourhood (2019)<\/a><\/strong> Drama; A\u00e7\u00e3o (Norte-Americano); Classifica\u00e7\u00e3o Indicativa: 12<\/p>\n\n\n\n<p><em>A Beautiful Day in the Neighbourhood<\/em>\u00a0ou\u00a0<em>Um Lindo Dia na Vizinhan\u00e7a<\/em>, em portugu\u00eas,\u00a0\u00e9 um filme que narra a trajet\u00f3ria de uma pessoa rumo ao perd\u00e3o. Um dos grandes enfoques desse audiovisual \u00e9 a sabedoria em rela\u00e7\u00e3o \u00e0s emo\u00e7\u00f5es. Assim, por interm\u00e9dio dele, o controle e compreens\u00e3o sentimental podem ser debatidos em sala de aula. (<strong>Indica\u00e7\u00e3o<\/strong>: Marina de Paulo Nascimento)<\/p>\n\n\n\n<p><a href=\"https:\/\/youtu.be\/EodWwczRIe4?si=CUxZ2nql3o2Z5MIS\" target=\"_blank\" rel=\"noopener\" title=\"The Greatest Showman (2017)\"><strong>The Greatest Showman<\/strong> <strong>(2017)<\/strong><\/a> Musical, Romance, Drama (Norte-americano); Classifica\u00e7\u00e3o Indicativa: 10<\/p>\n\n\n\n<p>The greatest showman \u00e9 um filme que apresenta a hist\u00f3ria de supera\u00e7\u00e3o de um homem simples que vivencia os dramas das discrep\u00e2ncias sociais. P. T. Barnum reinventa sua trajet\u00f3ria ao organizar um universo de personagens exc\u00eantricos, com isso, logrando sucesso, mas tamb\u00e9m criando \u00f3dios e preconceitos. Por ser uma narrativa envolvente, o universo do filme corrobora a explora\u00e7\u00e3o de campos lexicais normalmente pouco explorados (palavras e express\u00f5es relativas a espet\u00e1culos e seus personagens, etc). Devido \u00e0 musicalidade significativa que percorre este audiovisual, outra de suas potencialidades \u00e9 o trabalho com a compreens\u00e3o e express\u00e3o oral. (<strong>Indica\u00e7\u00e3o: <\/strong>\u00a0Vitor Xavier Gon\u00e7alves; Olavo Agrela Froeder; Marina de Paulo Nascimento)<\/p>\n\n\n\n<p><a href=\"https:\/\/youtu.be\/35jJNyFuYKQ?si=rsXBnEFn7SaYcI1x\" target=\"_blank\" rel=\"noopener\" title=\"O Tigre Branco (2021)\"><strong>O Tigre Branco<\/strong> <strong>(2021)<\/strong><\/a> Drama; Crime (Indiano); Classifica\u00e7\u00e3o Indicativa: 18<\/p>\n\n\n\n<p>Tigre Branco narra a hist\u00f3ria de Balram Halwai e sua ascens\u00e3o social entre a posi\u00e7\u00e3o de alde\u00e3o e a de empres\u00e1rio bem sucedido. Al\u00e9m de discuss\u00f5es como as transi\u00e7\u00f5es sociais e os atravessamentos sobre os quais elas nos colocam, aspectos de diferencia\u00e7\u00f5es fon\u00e9ticas e fonol\u00f3gicas podem ser explorados por meio deste material. Nesse sentido, tendo em vista evidenciar a pluralidade das formas de express\u00e3o dentro do universo da l\u00edngua inglesa. (<strong>Indica\u00e7\u00e3o: <\/strong>\u00a0Vitor Xavier Gon\u00e7alves; Olavo Agrela Froeder; Marina de Paulo Nascimento)<\/p>\n\n\n\n<p><a href=\"https:\/\/youtu.be\/CZzW6_hR068?si=1v5G85jbi-4dQra3\" target=\"_blank\" rel=\"noopener\" title=\"P.S. I love you (2007)\"><strong>P.S. I love you<\/strong> <strong>(2007)<\/strong><\/a> Romance, Com\u00e9dia (Norte-americano); Classifica\u00e7\u00e3o Indicativa: 10<\/p>\n\n\n\n<p>Uma mulher que vive \u00e0s avessas buscando organizar sua vida financeira acaba sofrendo o falecimento de seu companheiro. Antes de falecer, por\u00e9m, ele escreve diversas cartas para ela, as quais a fazem realizar diferentes atividades. A partir deste percurso, a protagonista passa a se sentir mais segura e reestrutura sua vida. Este audiovisual pode ser utilizado em aulas voltadas ao Valentine \u2018s Day. Partindo dele,\u00a0 a elabora\u00e7\u00e3o de cartas e\u00a0 tamb\u00e9m a discuss\u00e3o sobre o empoderamento feminino s\u00e3o realiz\u00e1veis.\u00a0(<strong>Indica\u00e7\u00e3o: <\/strong>\u00a0Vitor Xavier Gon\u00e7alves; Olavo Agrela Froeder; Marina de Paulo Nascimento)<\/p>\n\n\n\n<p><strong><a href=\"https:\/\/youtu.be\/3boMRfx6cjE?si=T42tJXovIsU6fYT4\" target=\"_blank\" rel=\"noopener\" title=\"Love Hard (2021)\">Love Hard (2021)<\/a><\/strong> Com\u00e9dia rom\u00e2ntica (Norte-americano); Classifica\u00e7\u00e3o Indicativa: 16<\/p>\n\n\n\n<p>Love Hard, ou Um Match Surpresa em portugu\u00eas, \u00e9 uma com\u00e9dia rom\u00e2ntica que apresenta a trajet\u00f3ria de uma personagem \u00e0 procura de um relacionamento. Neste percurso, ela acaba se apaixonando por um homem que conheceu em um aplicativo de relacionamentos e descobre que ele \u00e9 muito diferente de suas expectativas. Por meio deste material, debates sobre o uso de aplicativos de relacionamentos e a import\u00e2ncia do cuidado com as suas utiliza\u00e7\u00f5es podem ser organizados. Neste \u00e2mbito, campos lexicais voltados a estes tipos de aplicativos de relacionamento e \u00e0 caracter\u00edsticas f\u00edsicas e psicol\u00f3gicas\u00a0 podem ser explorados.\u00a0(<strong>Indica\u00e7\u00e3o: <\/strong>\u00a0Vitor Xavier Gon\u00e7alves; Olavo Agrela Froeder; Marina de Paulo Nascimento)<\/p>\n\n\n\n<div class=\"wp-block-group\"><div class=\"wp-block-group__inner-container is-layout-flow wp-block-group-is-layout-flow\">\n<p><strong><a href=\"https:\/\/youtu.be\/eTjHiQKJUDY?si=8G-4CTU4kWd9_qZ2\" target=\"_blank\" rel=\"noopener\" title=\"Aladdin (1992)\">Aladdin (1992)<\/a><\/strong> Anima\u00e7\u00e3o, Infantil, Musical (Norte-Americano); Classifica\u00e7\u00e3o Indicativa: Livre<\/p>\n<\/div><\/div>\n\n\n\n<p>&#8220;Aladdin&#8221; \u00e9 um filme de fantasia onde um rapaz humilde tenta conquistar uma jovem princesa atrav\u00e9s da associa\u00e7\u00e3o a um g\u00eanio m\u00e1gico. A partir disso, na constru\u00e7\u00e3o da trama, quando Aladdin usa o g\u00eanio para realizar seus desejos, \u00e9 evidenciado o uso do verbo <strong>To Wish<\/strong> e suas respectivas conjuga\u00e7\u00f5es. Consequentemente, com o uso frequente e em evid\u00eancia dessa a\u00e7\u00e3o, a anima\u00e7\u00e3o apresenta-se como uma ferramenta did\u00e1tica l\u00fadica no ensino de vontades e pedidos no ingl\u00eas; al\u00e9m de uma pr\u00e1tica divertida para p\u00fablicos mais jovens. (<strong>Indica\u00e7\u00e3o: <\/strong>\u00a0Vitor Xavier Gon\u00e7alves; Marina de Paulo Nascimento)<\/p>\n\n\n\n<p><strong><a href=\"https:\/\/www.youtube.com\/watch?v=xa_z57UatDY\" data-type=\"link\" data-id=\"https:\/\/www.youtube.com\/watch?v=xa_z57UatDY\" target=\"_blank\" rel=\"noreferrer noopener\">Top Gun (1986)<\/a><\/strong> A\u00e7\u00e3o; Romance; Origem: Estados Unidos; Classifica\u00e7\u00e3o Indicativa: 12 anos; Dura\u00e7\u00e3o: 110 minutos<\/p>\n\n\n\n<p><em>Top Gun &#8211; Ases Indom\u00e1veis<\/em> (na vers\u00e3o brasileira) \u00e9 um longa-metragem dirigido por Tony Scott com o protagonismo de Pete \u201cMaverick\u201d Mitchell (Tom Cruise), um piloto das For\u00e7as Armadas dos Estados Unidos. Assim, o enredo do filme come\u00e7a quando o personagem principal \u00e9 mandado para a escola naval de treinamento de pilotos de elite, a fim de melhorar suas habilidades de voo, e come\u00e7a a encontrar desafios no meio do caminho: seja em rela\u00e7\u00e3o ao complicado relacionamento com a instrutora Charlie (Kelly McGillis), seja em rela\u00e7\u00e3o aos obst\u00e1culos para seu desenvolvimento profissional e ascens\u00e3o na marinha estadunidense, simbolizados pela competi\u00e7\u00e3o de Maverick com Tom \u201cIceman\u201d Kazanski (Val Kilmer). A hist\u00f3ria tem um ponto de virada quando o protagonista percebe que suas atitudes ousadas podem n\u00e3o ter os resultados esperados. (<strong>Indica\u00e7\u00e3o<\/strong>: Vitor Magalh\u00e3es Dias)<\/p>\n\n\n\n<p><strong><a href=\"https:\/\/www.youtube.com\/watch?v=wr6N_hZyBCk\" data-type=\"link\" data-id=\"https:\/\/www.youtube.com\/watch?v=wr6N_hZyBCk\" target=\"_blank\" rel=\"noreferrer noopener\">The Nightmare Before Christmas (1993)<\/a><\/strong> Fantasia Musical; Anima\u00e7\u00e3o stop motion; Origem: Estados Unidos; Classifica\u00e7\u00e3o Indicativa: Livre; Dura\u00e7\u00e3o: 77 minutos<\/p>\n\n\n\n<p><em>The Nightmare Before Christmas<\/em> (<em>O estranho mundo de Jack<\/em>, em portugu\u00eas) \u00e9 uma anima\u00e7\u00e3o dirigida por Henry Selick e produzida por Tim Burton a qual conta a hist\u00f3ria de Jack Skellington (Chris Sarandon). O personagem principal \u00e9, assim, um ser fant\u00e1stico que vive na Cidade do Halloween e, ap\u00f3s preparar mais um ano da festividade das bruxas, mostra-se cansado de tal realiza\u00e7\u00e3o anual. Sendo assim, decide sair dos limites da Cidade em busca de novas aventuras, o que o leva para o portal do Natal, em que Jack v\u00ea oportunidades diferentes das quais estava acostumado. Nesse sentido, convence os moradores de <em>Halloween Town<\/em> a capturarem o Papai Noel (Edward Ivory) e se tornarem respons\u00e1veis pelo Natal daquele ano. No entanto, as coisas n\u00e3o saem muito como o esperado quando Jack v\u00ea as diferen\u00e7as entre o mundo que conhecia e aquele pelo qual se tornou respons\u00e1vel. (<strong>Indica\u00e7\u00e3o<\/strong>: Vitor Magalh\u00e3es Dias)<\/p>\n\n\n\n<p><strong><a href=\"https:\/\/www.youtube.com\/watch?v=FAfR8omt-CY\" data-type=\"link\" data-id=\"https:\/\/www.youtube.com\/watch?v=FAfR8omt-CY\" target=\"_blank\" rel=\"noreferrer noopener\">Midnight in Paris (2011)<\/a><\/strong> Com\u00e9dia rom\u00e2ntica; Fantasia rom\u00e2ntica; Origem: Hispano-estadunidense; Classifica\u00e7\u00e3o Indicativa: 10 anos; Dura\u00e7\u00e3o: 94 minutos<\/p>\n\n\n\n<p>O longa-metragem <em>Midnight in Paris<\/em>, traduzido como <em>Meia-Noite em Paris<\/em>, trata da hist\u00f3ria do jovem escritor e roteirista Gil (Owen Wilson) em uma viagem com sua esposa Inez (Rachel McAdams) e seus sogros John (Kurt Fuller) e Helen (Mimi Kennedy) para a Cidade das Luzes \u2013 a qual \u00e9 idolatrada pelo protagonista. Frustrado com sua carreira e com o relacionamento em que est\u00e1 inserido, ele v\u00ea na cidade uma possibilidade de se projetar profissionalmente, dada a influ\u00eancia cultural que o contexto europeu tem no Ocidente. O encantamento de Gil fica ainda mais evidente quando ele sai para andar pela cidade \u00e0 meia-noite e uma misteriosa charrete aparece, levando-o a conhecer famosos e inesperados amigos dos anos 1920. (<strong>Indica\u00e7\u00e3o<\/strong>: Vitor Magalh\u00e3es Dias)<\/p>\n\n\n\n<p><strong><a href=\"https:\/\/youtu.be\/tFMo3UJ4B4g\" target=\"_blank\" rel=\"noopener\" title=\"Arrival (2016)\">Arrival (2016)<\/a><\/strong> Fic\u00e7\u00e3o cient\u00edfica; Drama; Origem: Estados Unidos; Classifica\u00e7\u00e3o Indicativa: 10 anos; Dura\u00e7\u00e3o: 116 minutos<\/p>\n\n\n\n<p><em>A chegada<\/em>, t\u00edtulo da vers\u00e3o disponibilizada no Brasil, \u00e9 um filme adaptado do conto de fic\u00e7\u00e3o cient\u00edfica &#8220;Story of Your Life&#8221;, de Ted Chiang. Nesta produ\u00e7\u00e3o, a Terra \u00e9 visitada por alguns seres interplanet\u00e1rios peculiares, que aterrissam suas naves em pontos espec\u00edficos do nosso planeta. Assim, a doutora Louise Banks (Amy Adams) \u2013 uma renomada linguista e professora universit\u00e1ria \u2013, juntamente com o f\u00edsico Ian Donnelly (Jeremy Renner), \u00e9 chamada para estabelecer um primeiro contato da sociedade estadunidense com esses indiv\u00edduos alien\u00edgenas. Contudo, ao longo da obra, \u00e9 poss\u00edvel perceber que o envolvimento dos dois cientistas com a situa\u00e7\u00e3o pode ser muito mais pessoal do que tinham pensado, entrela\u00e7ando os acontecimentos da hist\u00f3ria com a forma estrutural empregada no filme. (<strong>Indica\u00e7\u00e3o: <\/strong>Vitor Magalh\u00e3es)<\/p>\n\n\n\n<p><strong><a href=\"https:\/\/youtu.be\/krfcq5pF8u8\" target=\"_blank\" rel=\"noopener\" title=\"13th (2016)\">13th (2016)<\/a><\/strong> Document\u00e1rio; Cr\u00edtica social; Origem: Estados Unidos; Classifica\u00e7\u00e3o Indicativa: 16 anos; Dura\u00e7\u00e3o: 100 minutos<\/p>\n\n\n\n<p><em>A 13\u00aa Emenda<\/em> \u00e9 um filme documental dirigido por Ava DuVernay, que centra a an\u00e1lise do decorrer da obra no sistema \u00e9tnico-carcer\u00e1rio dos Estados Unidos, revelando os problemas de ordem social-racial que permeiam a maneira como o pa\u00eds enxerga o encarceramento da popula\u00e7\u00e3o. O t\u00edtulo, assim, \u00e9 uma refer\u00eancia \u00e0 13\u00aa Emenda da Constitui\u00e7\u00e3o dos Estados Unidos, que, de acordo com a tese defendida na obra, foi um caminho escolhido para que se mantivesse o <em>status quo<\/em> do trabalho bra\u00e7al ap\u00f3s o fim da escravid\u00e3o no pa\u00eds, a partir do encarceramento em massa da popula\u00e7\u00e3o preta. (<strong>Indica\u00e7\u00e3o: <\/strong>Vitor Magalh\u00e3es)<\/p>\n\n\n\n<p><a href=\"https:\/\/www.youtube.com\/watch?v=0ZDbKhkLxTs\" target=\"_blank\" rel=\"noopener\" title=\"Ferris Bueller's Day Off (1986)\"><strong>Ferris Bueller&#8217;s Day Off<\/strong> <strong>(1986)<\/strong><\/a> Com\u00e9dia; Aventura; Origem: Estados Unidos; Classifica\u00e7\u00e3o Indicativa: 12 anos; Dura\u00e7\u00e3o: 102 minutos<\/p>\n\n\n\n<p><em>Curtindo a Vida Adoidado<\/em> (vers\u00e3o brasileira), roteirizado e dirigido por John Hughes, \u00e9 um dos cl\u00e1ssicos filmes dos anos 80 que constroem suas narrativas em um \u00fanico dia na vida de determinado personagem. Aqui, acompanhamos o protagonista Ferris Bueller (Matthew Broderick), que, junto de seu melhor amigo Cameron Frye (Alan Ruck) e sua namorada Sloane Peterson (Mia Sara), decide matar um dia de aula na escola e viver loucamente na cidade grande. Durante o desenvolvimento da obra, tem-se acontecimentos marcantes e cenas memor\u00e1veis, que fazem deste um dos grandes cl\u00e1ssicos adolescentes dos \u00faltimos tempos. (<strong>Indica\u00e7\u00e3o: <\/strong>Vitor Magalh\u00e3es)<\/p>\n\n\n\n<p><a href=\"https:\/\/www.youtube.com\/watch?v=DzfpyUB60YY\" target=\"_blank\" rel=\"noopener\" title=\"Get Out (2017)\"><strong>Get Out (2017)<\/strong><\/a> Terror; Suspense; Origem: Estados Unidos; Classifica\u00e7\u00e3o Indicativa: 16 anos; Dura\u00e7\u00e3o: 103 minutos<\/p>\n\n\n\n<p><em>Corra!<\/em>, o t\u00edtulo na vers\u00e3o nacional, \u00e9 um filme de suspense e terror psicol\u00f3gico, que marca a estreia do diretor Jordan Peele no mundo cinematogr\u00e1fico. Na trama, acompanhamos o primeiro encontro de Chris (Daniel Kaluuya), um jovem fot\u00f3grafo negro, com a fam\u00edlia de sua namorada Rose (Allison Williams), uma jovem branca de fam\u00edlia bastante tradicional em rela\u00e7\u00e3o \u00e0 cultura estadunidense. Em um primeiro momento, o fot\u00f3grafo pensa que a rela\u00e7\u00e3o extremamente amorosa que os pais de Rose tentam estabelecer com ele se d\u00e1 como uma alternativa de supera\u00e7\u00e3o do romance interracial no contexto preconceituoso em que est\u00e3o. No entanto, com certas descobertas que v\u00e3o sendo feitas ao desenrolar da hist\u00f3ria, Chris revela segredos bem mais profundos daquelas pessoas e do ambiente em que vivem. (<strong>Indica\u00e7\u00e3o: <\/strong>Vitor Magalh\u00e3es)<\/p>\n\n\n\n<p><strong><a href=\"https:\/\/www.youtube.com\/watch?v=U0CL-ZSuCrQ\" data-type=\"link\" data-id=\"https:\/\/www.youtube.com\/watch?v=U0CL-ZSuCrQ\" target=\"_blank\" rel=\"noreferrer noopener\">In the heights (2021)<\/a><\/strong> Musical; Drama; Origem: Estados Unidos; Classifica\u00e7\u00e3o Indicativa: 13; Dura\u00e7\u00e3o: 143 minutos.<\/p>\n\n\n\n<p><em>In the heights<\/em>, ou \u201cEm um bairro em Nova York\u201d, em portugu\u00eas, conta a hist\u00f3ria de Usnavi, dono de uma loja de conveni\u00eancia, imigrante porto riquenho, que carrega o sonho de voltar ao seu pa\u00eds de origem. A ambienta\u00e7\u00e3o do filme tem como ponto central o bairro de Washington Heights, com grande concentra\u00e7\u00e3o da popula\u00e7\u00e3o imigrante latina. Assim, o filme aborda diversas perspectivas da vida dessa popula\u00e7\u00e3o imigrante dentro da maior cidade dos Estados Unidos, transitando por discuss\u00f5es sobre gentrifica\u00e7\u00e3o, preconceito e direitos de imigrantes latinos. A linguagem utilizada reflete a posi\u00e7\u00e3o social e cultural dos personagens, a maior parte dos di\u00e1logos s\u00e3o feitos em l\u00edngua inglesa, por\u00e9m palavras e express\u00f5es em espanhol s\u00e3o utilizadas como uma forma de refor\u00e7ar a identidade latina. Por se tratar de um musical feito para, e com, a popula\u00e7\u00e3o hispano-falante, faz com que o filme seja uma oportunidade para abordar essa variante da l\u00edngua inglesa, assim como, tratar sobre temas de imigra\u00e7\u00e3o, preconceito e barreiras lingu\u00edsticas. (<strong>Indica\u00e7\u00e3o:<\/strong> Raffael Sansivieri Franco de Godoy)<\/p>\n","protected":false},"excerpt":{"rendered":"<p>The Bucket List (2007) Com\u00e9dia; Aventura (Norte-Americano); Classifica\u00e7\u00e3o Indicativa: 10 O filme\u00a0The Buscket List, na tradu\u00e7\u00e3o,\u00a0Antes de Partir, \u00e9 um excelente recurso para o ensino-aprendizagem de l\u00edngua inglesa. O filme narra a hist\u00f3ria de dois homens que, antes de falecerem, realizam seus maiores sonhos. Este material pode ser utilizado para [&hellip;]<\/p>\n","protected":false},"author":19,"featured_media":0,"parent":0,"menu_order":0,"comment_status":"closed","ping_status":"closed","template":"","meta":{"_monsterinsights_skip_tracking":false,"_monsterinsights_sitenote_active":false,"_monsterinsights_sitenote_note":"","_monsterinsights_sitenote_category":0,"footnotes":""},"class_list":["post-1289","page","type-page","status-publish","hentry"],"_links":{"self":[{"href":"https:\/\/raple.fclar.unesp.br\/ingles\/wp-json\/wp\/v2\/pages\/1289","targetHints":{"allow":["GET"]}}],"collection":[{"href":"https:\/\/raple.fclar.unesp.br\/ingles\/wp-json\/wp\/v2\/pages"}],"about":[{"href":"https:\/\/raple.fclar.unesp.br\/ingles\/wp-json\/wp\/v2\/types\/page"}],"author":[{"embeddable":true,"href":"https:\/\/raple.fclar.unesp.br\/ingles\/wp-json\/wp\/v2\/users\/19"}],"replies":[{"embeddable":true,"href":"https:\/\/raple.fclar.unesp.br\/ingles\/wp-json\/wp\/v2\/comments?post=1289"}],"version-history":[{"count":17,"href":"https:\/\/raple.fclar.unesp.br\/ingles\/wp-json\/wp\/v2\/pages\/1289\/revisions"}],"predecessor-version":[{"id":1777,"href":"https:\/\/raple.fclar.unesp.br\/ingles\/wp-json\/wp\/v2\/pages\/1289\/revisions\/1777"}],"wp:attachment":[{"href":"https:\/\/raple.fclar.unesp.br\/ingles\/wp-json\/wp\/v2\/media?parent=1289"}],"curies":[{"name":"wp","href":"https:\/\/api.w.org\/{rel}","templated":true}]}}