{"id":1326,"date":"2023-08-23T11:49:24","date_gmt":"2023-08-23T14:49:24","guid":{"rendered":"https:\/\/raple.fclar.unesp.br\/ingles\/?page_id=1326"},"modified":"2025-07-02T15:35:39","modified_gmt":"2025-07-02T18:35:39","slug":"nosso-projeto","status":"publish","type":"page","link":"https:\/\/raple.fclar.unesp.br\/ingles\/nosso-projeto\/","title":{"rendered":"Nosso projeto"},"content":{"rendered":"\n<p>Neste projeto, intitulado <strong>\u201cEnsino de Pron\u00fancia\u201d<\/strong>, buscamos promover reflex\u00f5es e discuss\u00f5es sobre o ensino e a aprendizagem de aspectos de pron\u00fancia da l\u00edngua inglesa, para e com (futuros) professores que lecionam desde turmas iniciantes at\u00e9 grupos avan\u00e7ados. Assim, buscamos fornecer informa\u00e7\u00f5es e subs\u00eddios b\u00e1sicos sobre a fon\u00e9tica e a fonologia do ingl\u00eas, com conte\u00fados te\u00f3ricos e dicas pr\u00e1ticas (atividades, materiais, tecnologias, etc) no formato de textos e v\u00eddeos.&nbsp;<\/p>\n\n\n\n<p>Nosso objetivo, portanto, \u00e9 apresentar uma vis\u00e3o geral sobre os aspectos mais importantes no ensino e a aprendizagem de pron\u00fancia da l\u00edngua inglesa, abordando desde os elementos segmentais (sons voc\u00e1licos e consonantais) at\u00e9 os suprasegmentais (tonicidade e entona\u00e7\u00e3o). O professor que acompanhar nossos conte\u00fados, assim, ter\u00e1 acesso a um leque de informa\u00e7\u00f5es e sugest\u00f5es sobre como trabalhar a pron\u00fancia em suas aulas de ingl\u00eas como l\u00edngua estrangeira.<\/p>\n\n\n\n<p>Quer uma amostra do projeto? <strong>Clique nas outras abas do menu!&nbsp;<\/strong><\/p>\n\n\n\n<p><\/p>\n\n\n\n<div class=\"wp-block-group\"><div class=\"wp-block-group__inner-container is-layout-constrained wp-block-group-is-layout-constrained\">\n<ul class=\"wp-block-list\">\n<li><strong>Idealizadores \/ Coordenadores:<\/strong> Vivian N\u00e1dia Ribeiro de Moraes Caruzzo; Vitor Xavier Gon\u00e7alves.<\/li>\n\n\n\n<li><strong>Participantes \/ Colaboradores: <\/strong>Raffael Sansivieri Franco de Godoy; Laura Ferri Pulgatti; Vitor Magalh\u00e3es Dias; Nat\u00e1lia Rosalen de Castro.<\/li>\n<\/ul>\n<\/div><\/div>\n\n\n\n<div class=\"wp-block-columns is-layout-flex wp-container-core-columns-is-layout-9d6595d7 wp-block-columns-is-layout-flex\">\n<div class=\"wp-block-column is-layout-flow wp-block-column-is-layout-flow\"><\/div>\n<\/div>\n","protected":false},"excerpt":{"rendered":"<p>Neste projeto, intitulado \u201cEnsino de Pron\u00fancia\u201d, buscamos promover reflex\u00f5es e discuss\u00f5es sobre o ensino e a aprendizagem de aspectos de pron\u00fancia da l\u00edngua inglesa, para e com (futuros) professores que lecionam desde turmas iniciantes at\u00e9 grupos avan\u00e7ados. Assim, buscamos fornecer informa\u00e7\u00f5es e subs\u00eddios b\u00e1sicos sobre a fon\u00e9tica e a fonologia [&hellip;]<\/p>\n","protected":false},"author":19,"featured_media":0,"parent":0,"menu_order":0,"comment_status":"closed","ping_status":"closed","template":"","meta":{"_monsterinsights_skip_tracking":false,"_monsterinsights_sitenote_active":false,"_monsterinsights_sitenote_note":"","_monsterinsights_sitenote_category":0,"footnotes":""},"class_list":["post-1326","page","type-page","status-publish","hentry"],"_links":{"self":[{"href":"https:\/\/raple.fclar.unesp.br\/ingles\/wp-json\/wp\/v2\/pages\/1326","targetHints":{"allow":["GET"]}}],"collection":[{"href":"https:\/\/raple.fclar.unesp.br\/ingles\/wp-json\/wp\/v2\/pages"}],"about":[{"href":"https:\/\/raple.fclar.unesp.br\/ingles\/wp-json\/wp\/v2\/types\/page"}],"author":[{"embeddable":true,"href":"https:\/\/raple.fclar.unesp.br\/ingles\/wp-json\/wp\/v2\/users\/19"}],"replies":[{"embeddable":true,"href":"https:\/\/raple.fclar.unesp.br\/ingles\/wp-json\/wp\/v2\/comments?post=1326"}],"version-history":[{"count":16,"href":"https:\/\/raple.fclar.unesp.br\/ingles\/wp-json\/wp\/v2\/pages\/1326\/revisions"}],"predecessor-version":[{"id":1799,"href":"https:\/\/raple.fclar.unesp.br\/ingles\/wp-json\/wp\/v2\/pages\/1326\/revisions\/1799"}],"wp:attachment":[{"href":"https:\/\/raple.fclar.unesp.br\/ingles\/wp-json\/wp\/v2\/media?parent=1326"}],"curies":[{"name":"wp","href":"https:\/\/api.w.org\/{rel}","templated":true}]}}