{"id":1394,"date":"2023-10-24T09:08:44","date_gmt":"2023-10-24T12:08:44","guid":{"rendered":"https:\/\/raple.fclar.unesp.br\/ingles\/?page_id=1394"},"modified":"2025-06-16T16:43:29","modified_gmt":"2025-06-16T19:43:29","slug":"daily-routine-2","status":"publish","type":"page","link":"https:\/\/raple.fclar.unesp.br\/ingles\/daily-routine-2\/","title":{"rendered":"Daily Routine"},"content":{"rendered":"\n<p><strong>Tags:<\/strong> rotina di\u00e1ria, presente simples | daily routine; simple present;<\/p>\n\n\n\n<p><strong>P\u00fablico-Alvo: <\/strong>Adolescentes (entre 14 e 15 anos)&nbsp;<\/p>\n\n\n\n<div class=\"wp-block-columns is-layout-flex wp-container-core-columns-is-layout-28f84493 wp-block-columns-is-layout-flex\">\n<div class=\"wp-block-column is-layout-flow wp-block-column-is-layout-flow\">\n<p><strong>Objetivos:&nbsp;<\/strong><\/p>\n\n\n\n<p>\u25cf Ensinar o <em>Simple Present Tense <\/em>atrav\u00e9s da descri\u00e7\u00e3o de <em>Daily Routine <\/em>por meio de v\u00eddeos e exerc\u00edcios;&nbsp;<\/p>\n\n\n\n<p>\u25cf Aquisi\u00e7\u00e3o de <em>Daily Routine Vocabulary and Verbs <\/em>atrav\u00e9s de exerc\u00edcios e v\u00eddeos apresentados;&nbsp;<\/p>\n\n\n\n<p>\u25cf Fixa\u00e7\u00e3o acerca dos usos do <em>Simple Present Tense<\/em>;&nbsp;<\/p>\n\n\n\n<p>\u25cf Pr\u00e1tica do <em>listening <\/em>e <em>speaking <\/em>atrav\u00e9s de din\u00e2micas propostas pelas docentes;&nbsp;<\/p>\n\n\n\n<p>\u25cf Pr\u00e1tica da estrutura\u00e7\u00e3o de frases simples para descrever suas pr\u00f3prias rotinas di\u00e1rias;&nbsp;<\/p>\n\n\n\n<p>\u25cf Intera\u00e7\u00e3o entre alunos e professores em sala de aula.&nbsp;<\/p>\n\n\n\n<p><strong>Tempo: <\/strong>60 minutos.&nbsp;<\/p>\n<\/div>\n\n\n\n<div class=\"wp-block-column is-layout-flow wp-block-column-is-layout-flow\">\n<p><strong>Prepara\u00e7\u00e3o:&nbsp;<\/strong><\/p>\n\n\n\n<p>\u25cf Prepara\u00e7\u00e3o de slides para a execu\u00e7\u00e3o da aula;&nbsp;<\/p>\n\n\n\n<p>\u25cf Reservar o <em>datashow <\/em>e equipamento de som;&nbsp;<\/p>\n\n\n\n<p>\u25cf Imprimir folha de exerc\u00edcio de acordo com a quantidade de alunos. <\/p>\n\n\n\n<p><strong>Materiais:&nbsp;<\/strong><\/p>\n\n\n\n<p>\u25cf <em>Datashow <\/em>e equipamento de som para exibi\u00e7\u00e3o de slides e v\u00eddeo did\u00e1tico; <\/p>\n\n\n\n<p>\u25cf Internet;&nbsp;<\/p>\n\n\n\n<p>\u25cf Folha de exerc\u00edcios para fixa\u00e7\u00e3o do <em>Simple Present <\/em>e <em>Daily Routine Vocabulary;<\/em><\/p>\n\n\n\n<p>\u25cf Giz e lousa.<\/p>\n<\/div>\n<\/div>\n\n\n\n<p><strong>Etapa 1:&nbsp;<\/strong><\/p>\n\n\n\n<p>No in\u00edcio da aula ser\u00e1 realizado um <em>Warm-Up<\/em>. As docentes pedir\u00e3o aos alunos que compartilhem algumas atividades que fazem parte de sua rotina di\u00e1ria em portugu\u00eas. Em seguida, as professoras dever\u00e3o introduzir o vocabul\u00e1rio em ingl\u00eas relacionado \u00e0s atividades compartilhadas pelos alunos, escrevendo as palavras no quadro, e indicando a pron\u00fancia correta de cada uma delas. Esta parte da aula \u00e9 predominantemente din\u00e2mica. \u00c9 importante que haja intera\u00e7\u00f5es entre alunos e professoras, proporcionando um ambiente acolhedor aos alunos e, consequentemente, um ambiente prop\u00edcio ao aprendizado.&nbsp;<\/p>\n\n\n\n<p><strong>Etapa 2:&nbsp;<\/strong><\/p>\n\n\n\n<p>Em seguida ao <em>Warm-up<\/em>, ser\u00e1 realizada a parte expositiva da aula, que caracteriza-se pela apresenta\u00e7\u00e3o de um v\u00eddeo curto em Ingl\u00eas intitulado \u201c<em>My daily routine. English for beginners A1-A2. How I spend my day<\/em>\u201d, presente no Youtube, o qual retrata a rotina di\u00e1ria de uma pessoa. Nesta etapa, as docentes ir\u00e3o orientar os alunos a prestarem aten\u00e7\u00e3o nas frases e verbos utilizados no v\u00eddeo, al\u00e9m de solicitar que eles tomem nota destes. Ap\u00f3s a apresenta\u00e7\u00e3o do v\u00eddeo, as professoras solicitar\u00e3o que os alunos que se manifestem, dizendo as frases e\/ou verbos sobre rotina di\u00e1ria que conseguiram anotar em rela\u00e7\u00e3o ao v\u00eddeo, e em sequ\u00eancia elas ir\u00e3o anotar as respostas dos discentes na lousa. Nesta etapa, o aluno ter\u00e1 a oportunidade de refor\u00e7ar e ampliar seu vocabul\u00e1rio.&nbsp;<\/p>\n\n\n\n<p><strong>Etapa 3&nbsp;<\/strong><\/p>\n\n\n\n<p>Em seguida, a etapa 3 da aula, que ser\u00e1 expositiva e din\u00e2mica, caracteriza-se pela apresenta\u00e7\u00e3o do conte\u00fado gramatical, que \u00e9 o <em>Simple Present Tense<\/em>. As professoras ir\u00e3o apresentar o conte\u00fado sobre o tempo verbal <em>Simple Present <\/em>atrav\u00e9s de slides, com o aux\u00edlio de um projetor, dando \u00eanfase na conjuga\u00e7\u00e3o dos verbos na forma afirmativa do <em>Simple Present<\/em>. Em seguida, os alunos e docentes ir\u00e3o conjugar os verbos listados anteriormente e postos na lousa acerca do v\u00eddeo.&nbsp;<\/p>\n\n\n\n<p>Dessa forma, ser\u00e1 realizada a associa\u00e7\u00e3o da elabora\u00e7\u00e3o do <em>Simple Present <\/em>com a constru\u00e7\u00e3o de frases descritivas do cotidiano, assim como suas outras caracter\u00edsticas. O material utilizado como refer\u00eancia ser\u00e1 a <em>English Grammar in use<\/em><\/p>\n\n\n\n<p>(1994). Esse tempo verbal ser\u00e1 apresentado para que os alunos possam fazer a atividade proposta na etapa 4.&nbsp;<\/p>\n\n\n\n<p><strong>Etapa 4&nbsp;<\/strong><\/p>\n\n\n\n<p>Ap\u00f3s o <em>Warm-up <\/em>e as partes expositivas do conte\u00fado gramatical <em>Simple Present Tense <\/em>e seus usos, a etapa 4 visa sistematizar o conte\u00fado inicial proposto aos alunos atrav\u00e9s de uma atividade individual (anexo 1) que possui como tema <em>Daily Routine <\/em>e <em>Simple Present<\/em>, a qual ser\u00e1 distribu\u00edda de forma impressa para cada aluno. A atividade ser\u00e1 realizada em sala, e, dessa forma, objetiva-se observar a compreens\u00e3o por parte dos alunos acerca do assunto gramatical exposto em aula.&nbsp;<\/p>\n\n\n\n<p>Por fim, \u00e9 no momento de corre\u00e7\u00e3o das atividades \u2013 a qual poder\u00e1 ser realizada pelas professoras posteriormente (em sala ou em casa, a depender do tempo) \u2013 que as docentes devem se atentar ao que foi apresentado como resposta \u00e0s atividades pelos alunos e lhes fornecer um <em>feedback<\/em>. Cabe tamb\u00e9m, nesta etapa, que as professoras fa\u00e7am indica\u00e7\u00f5es de outros conte\u00fados, como v\u00eddeos, sites, aplicativos ou atividades que estimulem os alunos a reverem sobre o assunto apresentado e realizado em aula.&nbsp;<\/p>\n\n\n\n<p><strong>Observa\u00e7\u00f5es:&nbsp;<\/strong><\/p>\n\n\n\n<p>\u25cf Recomenda\u00e7\u00e3o de aplicativos para os alunos: Duolingo, Wlingua, BBC Learning English, LingQ.&nbsp;<\/p>\n\n\n\n<p>\u25cf Recomenda\u00e7\u00f5es de sites para a realiza\u00e7\u00e3o de exerc\u00edcios sobre <em>Daily Routine <\/em>e <em>Simple Present<\/em>: <a rel=\"noreferrer noopener\" href=\"https:\/\/www.englishexercises.org\/\" target=\"_blank\">https:\/\/www.englishexercises.org\/<\/a>, <a rel=\"noreferrer noopener\" href=\"https:\/\/www.perfect-english-grammar.com\/grammar-exercises.html\" target=\"_blank\">https:\/\/www.perfect-english-grammar.com\/grammar-exercises.html<\/a> e <a rel=\"noreferrer noopener\" href=\"https:\/\/agendaweb.org\/\" target=\"_blank\">https:\/\/agendaweb.org\/<\/a>.&nbsp;<\/p>\n\n\n\n<p><strong>REFER\u00caNCIAS&nbsp;<\/strong><\/p>\n\n\n\n<p>MURPHY , Raymond. <strong>English Grammar in Use<\/strong>. 2. ed. [<em>S. l.<\/em>]: Cambridge University Press, 1994.&nbsp;<\/p>\n\n\n\n<p>HABLA MANANA. <strong>My daily routine. ENGLISH FOR BEGINNERS A1-A2. How I spend my day. <\/strong>Youtube, 2019. 1 v\u00eddeo (2 min). Dispon\u00edvel em: https:\/\/www.youtube.com\/watch?v=L31ExXwlsVc.<\/p>\n\n\n\n<p><strong>ANEXOS&nbsp;<\/strong><\/p>\n\n\n\n<p><strong>Anexo 1&nbsp;<\/strong><\/p>\n\n\n\n<figure class=\"wp-block-image\"><img decoding=\"async\" src=\"https:\/\/lh7-us.googleusercontent.com\/69SvH_jcd047zDn6EnCRXU2ohkAFbrjGV8ci93KhCB9Z-QLMg0QaKAhpfdOnjWF0bZsymR3SQz11_NsDEzQIhYv5zt87gxbHGeqtvccza3Vfxaj9ktbMZOxINTCf349jI1G1Ef5nB3qtHLNKxUpMeQ\" alt=\"\" \/><\/figure>\n\n\n\n<p>Dispon\u00edvel em:&nbsp;<a href=\"https:\/\/docs.google.com\/document\/d\/18dqfxCLMe-NMvyPqxA7TCUpgqLUh357KsLN bEitOx3s\/edit?usp=sharing\" target=\"_blank\" rel=\"noreferrer noopener\">https:\/\/docs.google.com\/document\/d\/18dqfxCLMe-NMvyPqxA7TCUpgqLUh357KsLN bEitOx3s\/edit?usp=sharing<\/a><\/p>\n\n\n\n<p><strong>Autoria: <\/strong>Ruama Telles, Vict\u00f3ria Coral Pavani e Yasmin Paiva&nbsp;<\/p>\n\n\n\n<p><strong>N\u00edvel: <\/strong>A1\/A2&nbsp;<\/p>\n","protected":false},"excerpt":{"rendered":"<p>Tags: rotina di\u00e1ria, presente simples | daily routine; simple present; P\u00fablico-Alvo: Adolescentes (entre 14 e 15 anos)&nbsp; Objetivos:&nbsp; \u25cf Ensinar o Simple Present Tense atrav\u00e9s da descri\u00e7\u00e3o de Daily Routine por meio de v\u00eddeos e exerc\u00edcios;&nbsp; \u25cf Aquisi\u00e7\u00e3o de Daily Routine Vocabulary and Verbs atrav\u00e9s de exerc\u00edcios e v\u00eddeos apresentados;&nbsp; [&hellip;]<\/p>\n","protected":false},"author":19,"featured_media":0,"parent":0,"menu_order":0,"comment_status":"closed","ping_status":"closed","template":"","meta":{"_monsterinsights_skip_tracking":false,"_monsterinsights_sitenote_active":false,"_monsterinsights_sitenote_note":"","_monsterinsights_sitenote_category":0,"footnotes":""},"class_list":["post-1394","page","type-page","status-publish","hentry"],"_links":{"self":[{"href":"https:\/\/raple.fclar.unesp.br\/ingles\/wp-json\/wp\/v2\/pages\/1394","targetHints":{"allow":["GET"]}}],"collection":[{"href":"https:\/\/raple.fclar.unesp.br\/ingles\/wp-json\/wp\/v2\/pages"}],"about":[{"href":"https:\/\/raple.fclar.unesp.br\/ingles\/wp-json\/wp\/v2\/types\/page"}],"author":[{"embeddable":true,"href":"https:\/\/raple.fclar.unesp.br\/ingles\/wp-json\/wp\/v2\/users\/19"}],"replies":[{"embeddable":true,"href":"https:\/\/raple.fclar.unesp.br\/ingles\/wp-json\/wp\/v2\/comments?post=1394"}],"version-history":[{"count":6,"href":"https:\/\/raple.fclar.unesp.br\/ingles\/wp-json\/wp\/v2\/pages\/1394\/revisions"}],"predecessor-version":[{"id":1891,"href":"https:\/\/raple.fclar.unesp.br\/ingles\/wp-json\/wp\/v2\/pages\/1394\/revisions\/1891"}],"wp:attachment":[{"href":"https:\/\/raple.fclar.unesp.br\/ingles\/wp-json\/wp\/v2\/media?parent=1394"}],"curies":[{"name":"wp","href":"https:\/\/api.w.org\/{rel}","templated":true}]}}