{"id":354,"date":"2020-06-09T01:26:04","date_gmt":"2020-06-09T04:26:04","guid":{"rendered":"https:\/\/cel.fclar.unesp.br\/ingles\/?page_id=354"},"modified":"2024-08-06T18:33:35","modified_gmt":"2024-08-06T21:33:35","slug":"hip-hop","status":"publish","type":"page","link":"https:\/\/raple.fclar.unesp.br\/ingles\/hip-hop\/","title":{"rendered":"Hip-hop"},"content":{"rendered":"<div class=\"wp-block-image\">\n<figure class=\"aligncenter size-large\"><img loading=\"lazy\" decoding=\"async\" width=\"1024\" height=\"85\" src=\"https:\/\/raple.fclar.unesp.br\/ingles\/wp-content\/uploads\/sites\/3\/2022\/05\/wide_hiphop-1024x85.png\" alt=\"\" class=\"wp-image-1113\" srcset=\"https:\/\/raple.fclar.unesp.br\/ingles\/wp-content\/uploads\/sites\/3\/2022\/05\/wide_hiphop-1024x85.png 1024w, https:\/\/raple.fclar.unesp.br\/ingles\/wp-content\/uploads\/sites\/3\/2022\/05\/wide_hiphop-300x25.png 300w, https:\/\/raple.fclar.unesp.br\/ingles\/wp-content\/uploads\/sites\/3\/2022\/05\/wide_hiphop-768x64.png 768w, https:\/\/raple.fclar.unesp.br\/ingles\/wp-content\/uploads\/sites\/3\/2022\/05\/wide_hiphop.png 1080w\" sizes=\"auto, (max-width: 1024px) 100vw, 1024px\" \/><\/figure>\n<\/div>\n\n\n<p><strong>Where Is The Love?<\/strong> &#8211; <a href=\"https:\/\/www.vagalume.com.br\/black-eyed-peas\/\">Black Eyed Peas<\/a><\/p>\n\n\n\n<p>Interpretada por Black Eyed Peas, <em>Where Is The Love?<\/em> \u00e9 uma can\u00e7\u00e3o questionadora que aborda temas como o terrorismo e as guerras.&nbsp; Al\u00e9m de uma reflex\u00e3o sobre o mundo atual, essa m\u00eddia \u00e9 adequada para revis\u00f5es de assuntos geralmente abordados em n\u00edveis iniciantes (Presente Simples, Verbo To Be, Ger\u00fandio, Wh questions, etc.)<\/p>\n\n\n\n<hr class=\"wp-block-separator has-css-opacity\" \/>\n\n\n<div class=\"wp-block-image\">\n<figure class=\"aligncenter\"><img decoding=\"async\" src=\"https:\/\/cel.fclar.unesp.br\/ingles\/wp-content\/uploads\/sites\/3\/2020\/05\/palmas-e1588188631525.png\" alt=\"\" \/><\/figure>\n<\/div>\n\n\n<p class=\"has-text-align-center\">Agradecemos a contribui\u00e7\u00e3o acima a&nbsp;<strong>Marina de Paulo Nascimento<\/strong>&nbsp;e&nbsp;<strong>Giovanna Palauro Silva<\/strong>.<\/p>\n\n\n\n<p><strong><a href=\"https:\/\/www.youtube.com\/watch?v=ApXoWvfEYVU&amp;ab_channel=PostMaloneVEVO\" data-type=\"link\" data-id=\"https:\/\/www.youtube.com\/watch?v=ApXoWvfEYVU&amp;ab_channel=PostMaloneVEVO\" target=\"_blank\" rel=\"noreferrer noopener\">Sunflower <\/a><\/strong>&#8211; Post Malone, Swae Lee<\/p>\n\n\n\n<p>A m\u00fasica Sunflower de Post Malone foi a faixa principal do filme \u201cHomem-Aranha: no Aranhaverso\u201d e retrata um relacionamento heteroafetivo que est\u00e1 passando por dificuldades, por\u00e9m, em que os dois est\u00e3o tentando ao m\u00e1ximo fazer funcionar. A m\u00fasica utiliza muitas g\u00edrias e express\u00f5es do cotidiano do falante do ingl\u00eas, tais como \u201c<strong>Losin\u2019 your grip e Keepin\u2019 in check<\/strong>\u201d, que podem ser trabalhadas com os alunos de n\u00edveis de profici\u00eancia mais altos (B2 ou C1) para esclarecer poss\u00edveis d\u00favidas sobre algumas express\u00f5es do ingl\u00eas.<\/p>\n\n\n\n<p><strong><a href=\"https:\/\/www.youtube.com\/watch?v=o0yLdYf6OVY&amp;ab_channel=KendrickLamar-Topic\" data-type=\"link\" data-id=\"https:\/\/www.youtube.com\/watch?v=o0yLdYf6OVY&amp;ab_channel=KendrickLamar-Topic\" target=\"_blank\" rel=\"noreferrer noopener\">Now Or Never<\/a><\/strong> &#8211; Kendrick Lamar, Mary J. Blige<\/p>\n\n\n\n<p>A m\u00fasica Now or Never retrata autoconhecimento, o potencial de cada um, sonhos realizados e o sucesso, deixando claro que quando uma oportunidade aparece a nossa frente devemos agarr\u00e1-la no mesmo instante. Os eu-l\u00edricos tamb\u00e9m ressaltam a import\u00e2ncia de manter o p\u00e9 no ch\u00e3o e nunca esquecer o lugar de onde viemos. A m\u00fasica utiliza muitas estruturas de frases com o pronome \u201cI\u201d e em seguida o verbo \u201cto be\u201d como \u201c<strong>I\u2019m so high I can touch the sky<\/strong>\u201d e \u201c<strong>I know it\u2019s my time<\/strong>\u201d possibilitando o professor a trabalhar os usos do verbo \u201cto be\u201d em sala de aula.<\/p>\n\n\n<div class=\"wp-block-image\">\n<figure class=\"aligncenter\"><img decoding=\"async\" src=\"https:\/\/cel.fclar.unesp.br\/ingles\/wp-content\/uploads\/sites\/3\/2020\/05\/palmas-e1588188631525.png\" alt=\"\" \/><\/figure>\n<\/div>\n\n\n<p class=\"has-text-align-center\">Agradecemos a contribui\u00e7\u00e3o acima a\u00a0<strong>Vin\u00edcius de Freitas Azola<\/strong>.<\/p>\n\n\n\n<p><a href=\"https:\/\/youtu.be\/rk0A2hENgNQ?si=TrL_vrGkfeXfFo2H\" target=\"_blank\" rel=\"noopener\" title=\"Can\u2019t wait \"><strong>Can\u2019t wait<\/strong> <\/a>&#8211; Doja Cat<\/p>\n\n\n\n<p>A can\u00e7\u00e3o Hip-Hop \u201cCan\u2019t Wait&#8221;, composta e interpretada pela multiartista Doja Cat, declara a um interlocutor rom\u00e2ntico toda a devo\u00e7\u00e3o e paix\u00e3o plat\u00f4nica que sente a seu respeito. Para expressar tamanha dedica\u00e7\u00e3o, a voz l\u00edrica repete frequentemente express\u00f5es de forma abreviada, como \u201cI\u2019d\u201d, \u201ccan\u2019t\u201d, \u201cwanna\u201d e \u201cI\u2019ve\u201d, enquanto, por vezes, utiliza de constru\u00e7\u00f5es lingu\u00edsticas mais complexas (como o uso das conjun\u00e7\u00f5es <em>if<\/em> e <em>when<\/em> para expressar hip\u00f3teses). Assim sendo, este hip hop pode ser utilizado, com turmas intermedi\u00e1rias e avan\u00e7adas, para trabalhar temas gramaticais como abrevia\u00e7\u00f5es \u2013 principalmente em rela\u00e7\u00e3o ao verbo<em> to want<\/em> (<em>wanna<\/em>), repetido m\u00faltiplas vezes ao longo do rap.<\/p>\n\n\n\n<p><strong><a href=\"https:\/\/youtu.be\/kILfB9lcMNE?si=lT7bd4YsszwebDBb\" target=\"_blank\" rel=\"noopener\" title=\"17\">17<\/a> &#8211;<\/strong> Zhavia<\/p>\n\n\n\n<p>A m\u00fasica \u201c17\u201d, composta e interpretada por Zhavia, retrata a hist\u00f3ria de pobreza da inf\u00e2ncia da artista em contraste \u00e0 vida de luxo que conquista aos dezessete. Em consequ\u00eancia da narra\u00e7\u00e3o dos acontecimentos anteriores em sua vida, Zhavia conjuga os verbos da composi\u00e7\u00e3o quase que exclusivamente no tempo passado, por meio de constru\u00e7\u00f5es como o <strong>Simple Past<\/strong>.<strong> <\/strong>Em decorrer disso, a m\u00fasica demonstra-se como um material aut\u00eantico pertinente ao ensino-aprendizagem da comunica\u00e7\u00e3o de eventos j\u00e1 ocorridos.<\/p>\n\n\n<div class=\"wp-block-image\">\n<figure class=\"aligncenter\"><img decoding=\"async\" src=\"https:\/\/cel.fclar.unesp.br\/ingles\/wp-content\/uploads\/sites\/3\/2020\/05\/palmas-e1588188631525.png\" alt=\"\" \/><\/figure>\n<\/div>\n\n\n<p class=\"has-text-align-center\">Agradecemos a contribui\u00e7\u00e3o acima a\u00a0<strong>Vitor Xavier Gon\u00e7alves<\/strong>.<\/p>\n\n\n<p><!--EndFragment--><\/p>","protected":false},"excerpt":{"rendered":"<p>Where Is The Love? &#8211; Black Eyed Peas Interpretada por Black Eyed Peas, Where Is The Love? \u00e9 uma can\u00e7\u00e3o questionadora que aborda temas como o terrorismo e as guerras.&nbsp; Al\u00e9m de uma reflex\u00e3o sobre o mundo atual, essa m\u00eddia \u00e9 adequada para revis\u00f5es de assuntos geralmente abordados em n\u00edveis [&hellip;]<\/p>\n","protected":false},"author":2,"featured_media":1130,"parent":0,"menu_order":0,"comment_status":"closed","ping_status":"closed","template":"","meta":{"_monsterinsights_skip_tracking":false,"_monsterinsights_sitenote_active":false,"_monsterinsights_sitenote_note":"","_monsterinsights_sitenote_category":0,"footnotes":""},"class_list":["post-354","page","type-page","status-publish","has-post-thumbnail","hentry"],"_links":{"self":[{"href":"https:\/\/raple.fclar.unesp.br\/ingles\/wp-json\/wp\/v2\/pages\/354","targetHints":{"allow":["GET"]}}],"collection":[{"href":"https:\/\/raple.fclar.unesp.br\/ingles\/wp-json\/wp\/v2\/pages"}],"about":[{"href":"https:\/\/raple.fclar.unesp.br\/ingles\/wp-json\/wp\/v2\/types\/page"}],"author":[{"embeddable":true,"href":"https:\/\/raple.fclar.unesp.br\/ingles\/wp-json\/wp\/v2\/users\/2"}],"replies":[{"embeddable":true,"href":"https:\/\/raple.fclar.unesp.br\/ingles\/wp-json\/wp\/v2\/comments?post=354"}],"version-history":[{"count":7,"href":"https:\/\/raple.fclar.unesp.br\/ingles\/wp-json\/wp\/v2\/pages\/354\/revisions"}],"predecessor-version":[{"id":1543,"href":"https:\/\/raple.fclar.unesp.br\/ingles\/wp-json\/wp\/v2\/pages\/354\/revisions\/1543"}],"wp:featuredmedia":[{"embeddable":true,"href":"https:\/\/raple.fclar.unesp.br\/ingles\/wp-json\/wp\/v2\/media\/1130"}],"wp:attachment":[{"href":"https:\/\/raple.fclar.unesp.br\/ingles\/wp-json\/wp\/v2\/media?parent=354"}],"curies":[{"name":"wp","href":"https:\/\/api.w.org\/{rel}","templated":true}]}}