{"id":377,"date":"2020-06-09T01:51:23","date_gmt":"2020-06-09T04:51:23","guid":{"rendered":"https:\/\/cel.fclar.unesp.br\/ingles\/?page_id=377"},"modified":"2020-06-09T01:51:23","modified_gmt":"2020-06-09T04:51:23","slug":"generos-textuais-na-internet-memorable-trip","status":"publish","type":"page","link":"https:\/\/raple.fclar.unesp.br\/ingles\/generos-textuais-na-internet-memorable-trip\/","title":{"rendered":"G\u00eaneros textuais na internet: Memorable Trip"},"content":{"rendered":"\n<p><strong>Autoria: Profa. Rafaela Haynes<\/strong><\/p>\n\n\n\n<p><strong>N\u00edvel: A2<\/strong><br><\/p>\n\n\n\n<div class=\"wp-block-image\"><figure class=\"aligncenter\"><img decoding=\"async\" src=\"https:\/\/lh4.googleusercontent.com\/BTzVGRF-uLGSer0go4iyVdIVDuxBi5mMoIfuhRi8mkaazeTqESvbY9h72OB4OCPmijpHYEgnZNwHBmmLjXTrhfmvZtw1ZaSO30a-1Se8HEkbMr-AacRpuvpXa2iTkSvvZtmPH5Yy\" alt=\"\" \/><\/figure><\/div>\n\n\n\n<ol class=\"wp-block-list\"><li>O professor apresentar\u00e1 para os alunos alguns g\u00eaneros textuais comuns na internet, como conversas de whatsapp, postagens no Instagram e as famosas \u201cthreads\u201d do Twitter;<\/li><li>Essa atividade dever\u00e1 ser aplicada depois que os alunos j\u00e1 tiverem tido contato com o \u201cSimple Past\u201d;<\/li><li>Depois de apresentar esses g\u00eaneros textuais, o\/a professor\/a deve pedir aos alunos que escolham um deles para produzir o seu texto com o tema \u201cA memorable trip\u201d, seguindo os exemplos que estar\u00e3o abaixo;<\/li><li>O professor pode decidir se cada aluno escolhe o g\u00eanero que quer trabalhar, ou se a sala, em conjunto, trabalhar\u00e1 com apenas um \u00fanico g\u00eanero;<\/li><li>O professor tamb\u00e9m pode trabalhar com a linguagem pr\u00f3pria da internet;<\/li><li>O objetivo principal dessa atividade \u00e9 que os alunos usem o passado simples com um tema presente na vida deles, e tamb\u00e9m que percebam que \u201cprodu\u00e7\u00e3o textual\u201d n\u00e3o s\u00f3 se resume \u00e0 escrita de artigos, mas que tamb\u00e9m est\u00e1 presente no dia-a-dia dos alunos.<\/li><\/ol>\n\n\n\n<ul class=\"wp-block-list\"><li><strong>Exemplos que o professor pode apresentar ao aluno:<\/strong><ul><li>Conversa de Whatsapp&nbsp;<\/li><\/ul><\/li><\/ul>\n\n\n\n<div class=\"wp-block-image\"><figure class=\"aligncenter is-resized\"><img loading=\"lazy\" decoding=\"async\" src=\"https:\/\/lh5.googleusercontent.com\/7SrRv6sxQdtg4aRPqvTxfTJNfivaL3yZXPmxOR5SkeY16GEFIVQQ_ln2RW2XCYmJ4vGAySjiniDq9KwL4ryYhYYGFzROwjHcQrBiPCnXBbfw_LBU7SZABPD-7QcFRL9FMnmGL5nh\" alt=\"\" width=\"316\" height=\"441\" \/><\/figure><\/div>\n\n\n\n<div class=\"wp-block-image\"><figure class=\"aligncenter is-resized\"><img loading=\"lazy\" decoding=\"async\" src=\"https:\/\/lh6.googleusercontent.com\/bCeKZ0F2gFkla41s-gfSMoZydiMxsau67Wwsx89Wz7Aqjhd_7tyU9hIFNw-VXMgzDQp7dghKu83r6g0oKFdPqqEhEkXAJKwavUzW5FXhQ7bUapk4dXwePsahYZ5SllpZ1gIHqsvf\" alt=\"\" width=\"322\" height=\"460\" \/><\/figure><\/div>\n\n\n\n<div class=\"wp-block-image\"><figure class=\"aligncenter is-resized\"><img loading=\"lazy\" decoding=\"async\" src=\"https:\/\/lh3.googleusercontent.com\/WxNnmQgB92W448ij_MF84rN3_qx1I2iyUqFUpfSJjt19K-4ErI_xlCVyC3TxTd-6PwmPt34MDOo_dgzB2bEyYLtSSwsuRTZcvBEpABBxJAY7YBTU18kLwbFW1lfnxsVYYPfeM9CH\" alt=\"\" width=\"315\" height=\"460\" \/><\/figure><\/div>\n\n\n\n<div class=\"wp-block-image\"><figure class=\"aligncenter is-resized\"><img loading=\"lazy\" decoding=\"async\" src=\"https:\/\/lh4.googleusercontent.com\/sApV1rymvsqDDOtvrlJtNQdmI2Ru82ybTtd9rG9J_mR_hnrfU1VVuNjv78z7e04VRb-SoUKA_H4jOjtA1CdxsksCoLKpB8fmlOBCWYJJyGy2TwXTyRZAs5Hip-WD3WrKtSVNd0UI\" alt=\"\" width=\"315\" height=\"415\" \/><\/figure><\/div>\n\n\n\n<ul class=\"wp-block-list\"><li>\u201cThread\u201d no Twitter:<\/li><\/ul>\n\n\n\n<div class=\"wp-block-image\"><figure class=\"aligncenter is-resized\"><img loading=\"lazy\" decoding=\"async\" src=\"https:\/\/lh5.googleusercontent.com\/zEvnI3kSop8NE4yzQ6Kw0uLWkL2O8y8n3-c-42gnPzgiz7rre9j_azfITUKTN4DG92oRQWxpqVLtFsRngzSfvOWliiSK67AYh7uWzJAU_qEU95FTSMn5OzBz6Swqh8I7CSWdDsnJ\" alt=\"\" width=\"314\" height=\"560\" \/><\/figure><\/div>\n\n\n\n<div class=\"wp-block-image\"><figure class=\"aligncenter is-resized\"><img loading=\"lazy\" decoding=\"async\" src=\"https:\/\/lh6.googleusercontent.com\/BWedrDBNDOX9BDBdbHWdSiwMNBepTVSSe-DuTduwNb0vJdeymIjEN0JDS5kjNZ9ABRNbjasyHoMZypouE7K9YQg48bunbGc2G4rvuRir1TIfhBSScEbhtvOiQtLC60OZoAPS6_Al\" alt=\"\" width=\"314\" height=\"558\" \/><\/figure><\/div>\n\n\n\n<p>,<\/p>\n\n\n\n<div class=\"wp-block-image\"><figure class=\"aligncenter is-resized\"><img loading=\"lazy\" decoding=\"async\" src=\"https:\/\/lh3.googleusercontent.com\/2B_1Bx47dBZLUZs7xgTLEmrwzAuCmPatjcgmfknTu5wsFZF3imqqk4zlfkv5nhDv7R_dTch36AGow8lJgMsodbfSf9S81-CW_O8m7m8pMgnoyWr1Pe5tyaVuonmM0eXuq3TfK85Q\" alt=\"\" width=\"315\" height=\"560\" \/><\/figure><\/div>\n\n\n\n<ul class=\"wp-block-list\"><li>Postagem no Instagram:<\/li><\/ul>\n\n\n\n<div class=\"wp-block-image\"><figure class=\"aligncenter is-resized\"><img loading=\"lazy\" decoding=\"async\" src=\"https:\/\/lh4.googleusercontent.com\/X3tqgIqtaJELy8KS2TnUinVD0K0VxGtoWxiPkERYWBO7pe95rxZ60teQACVCp-4tg0mhn8TBwL0WeLE-4mtpEpr2e444QBG-tvhIl-w_j1l36F5ONMGtOAD16FYhdurpu1dTQ4wG\" alt=\"\" width=\"316\" height=\"562\" \/><\/figure><\/div>\n\n\n\n<div class=\"wp-block-image\"><figure class=\"aligncenter is-resized\"><img loading=\"lazy\" decoding=\"async\" src=\"https:\/\/lh6.googleusercontent.com\/svajgVEpIcaR2K9QJB1HeomvnU7pSUPke6HBjpyRY3m513VWsCKyvXyWAVMvC-RkFGpfGStX-DO9thEU89I7M6f29yfdMQGPucVehlzw7UKF2byRcMVoxusk-C_vQB6eBNo0sDD_\" alt=\"\" width=\"318\" height=\"566\" \/><\/figure><\/div>\n","protected":false},"excerpt":{"rendered":"<p>Autoria: Profa. Rafaela Haynes N\u00edvel: A2 O professor apresentar\u00e1 para os alunos alguns g\u00eaneros textuais comuns na internet, como conversas de whatsapp, postagens no Instagram e as famosas \u201cthreads\u201d do Twitter; Essa atividade dever\u00e1 ser aplicada depois que os alunos j\u00e1 tiverem tido contato com o \u201cSimple Past\u201d; Depois de [&hellip;]<\/p>\n","protected":false},"author":2,"featured_media":0,"parent":0,"menu_order":0,"comment_status":"closed","ping_status":"closed","template":"","meta":{"_monsterinsights_skip_tracking":false,"_monsterinsights_sitenote_active":false,"_monsterinsights_sitenote_note":"","_monsterinsights_sitenote_category":0,"footnotes":""},"class_list":["post-377","page","type-page","status-publish","hentry"],"_links":{"self":[{"href":"https:\/\/raple.fclar.unesp.br\/ingles\/wp-json\/wp\/v2\/pages\/377","targetHints":{"allow":["GET"]}}],"collection":[{"href":"https:\/\/raple.fclar.unesp.br\/ingles\/wp-json\/wp\/v2\/pages"}],"about":[{"href":"https:\/\/raple.fclar.unesp.br\/ingles\/wp-json\/wp\/v2\/types\/page"}],"author":[{"embeddable":true,"href":"https:\/\/raple.fclar.unesp.br\/ingles\/wp-json\/wp\/v2\/users\/2"}],"replies":[{"embeddable":true,"href":"https:\/\/raple.fclar.unesp.br\/ingles\/wp-json\/wp\/v2\/comments?post=377"}],"version-history":[{"count":1,"href":"https:\/\/raple.fclar.unesp.br\/ingles\/wp-json\/wp\/v2\/pages\/377\/revisions"}],"predecessor-version":[{"id":378,"href":"https:\/\/raple.fclar.unesp.br\/ingles\/wp-json\/wp\/v2\/pages\/377\/revisions\/378"}],"wp:attachment":[{"href":"https:\/\/raple.fclar.unesp.br\/ingles\/wp-json\/wp\/v2\/media?parent=377"}],"curies":[{"name":"wp","href":"https:\/\/api.w.org\/{rel}","templated":true}]}}