{"id":411,"date":"2020-06-16T15:12:28","date_gmt":"2020-06-16T18:12:28","guid":{"rendered":"https:\/\/cel.fclar.unesp.br\/ingles\/?page_id=411"},"modified":"2020-06-16T15:12:28","modified_gmt":"2020-06-16T18:12:28","slug":"dangerous-situations","status":"publish","type":"page","link":"https:\/\/raple.fclar.unesp.br\/ingles\/dangerous-situations\/","title":{"rendered":"Dangerous situations"},"content":{"rendered":"\n<p><strong>Autoria: Profa. Mariana Zeferino&nbsp;<\/strong><\/p>\n\n\n\n<p><strong>N\u00edvel:\u00a0<\/strong>B1\/B2<\/p>\n\n\n\n<div class=\"wp-block-image\"><figure class=\"aligncenter\"><img decoding=\"async\" src=\"https:\/\/lh6.googleusercontent.com\/fC4WAu9JYnffrV8gUn6YILMJv4EGObuD8adlqKhfTPtkJYM-U4YGM41J7OsMPRA48I8MuhxRrChtxHWj3Vf7jFvtg9eFHD666NySKpiwYQYBytjoGmKTn5htXYi97OCV9dVJ8N4E\" alt=\"\" \/><\/figure><\/div>\n\n\n\n<ol class=\"wp-block-list\"><li>\u00a0Exiba o trailer do filme 127 Hours e fa\u00e7a uma discuss\u00e3o sobre ele com a classe. Pe\u00e7a aos alunos para que respondam \u00e0s seguintes perguntas:\u00a0<\/li><\/ol>\n\n\n\n<ul class=\"wp-block-list\"><li>What is it about? <\/li><li>What do you think the outcome was? <\/li><\/ul>\n\n\n\n<figure class=\"wp-block-embed-youtube wp-block-embed is-type-video is-provider-youtube wp-embed-aspect-16-9 wp-has-aspect-ratio\"><div class=\"wp-block-embed__wrapper\">\n<iframe loading=\"lazy\" title=\"127 HOURS - Full Length Official Trailer HD\" width=\"750\" height=\"422\" src=\"https:\/\/www.youtube.com\/embed\/OlhLOWTnVoQ?feature=oembed\" frameborder=\"0\" allow=\"accelerometer; autoplay; clipboard-write; encrypted-media; gyroscope; picture-in-picture\" allowfullscreen><\/iframe>\n<\/div><\/figure>\n\n\n\n<p style=\"text-align:center\">(fica a crit\u00e9rio do(a) professor(a) realizar a atividade a seguir antes da apresenta\u00e7\u00e3o do t\u00f3pico gramatical ou depois dela.)<\/p>\n\n\n\n<ol class=\"wp-block-list\"><li>Pe\u00e7a para os alunos formarem duplas, se poss\u00edvel, para a realiza\u00e7\u00e3o das atividades contida no handout disponibilizado no fim desta sequ\u00eancia did\u00e1tica<\/li><li>Corrija os exerc\u00edcios de interpreta\u00e7\u00e3o e, no exerc\u00edcio de letra B do handout,&nbsp; pergunte aos alunos se eles conseguem identificar o nome dos tempos verbais em negrito no texto.<\/li><li>Por fim, fa\u00e7a a discuss\u00e3o proposta sobre uma quest\u00e3o interpretativa do texto.<\/li><\/ol>\n\n\n\n<p style=\"text-align:center\"><strong>Handout<\/strong>\u00a0<\/p>\n\n\n\n<p style=\"text-align:center\"><strong>Between a Rock and a Hard Place<\/strong><\/p>\n\n\n\n<p>Aron Ralston is the real-life mountaineer behind Danny Boyle\u2019s film 127 Hours (2010), which tells how the climber found himself trapped alone in a canyon for six days. Before his notorious 2003 canyoneering accident and his true story was depicted in the Hollywood film, Aron Ralston was just an anonymous mechanical engineer from Denver with a passion for rock climbing. The year before his accident, Ralston quit his job as an engineer with Intel to climb all Colorado&#8217;s &#8220;fourteeners&#8221; \u2013 or mountains at least 14,000 feet tall, of which there are 59. He wanted to do them solo and in the winter \u2013 a deed that had never been recorded before. On April 25, 2003, Aron traveled to southeastern Utah to explore Canyonlands National Park. He slept in his truck that night, and in the next morning he rode his bicycle 15 miles to Bluejohn Canyon. He locked his bike and walked toward the canyon\u2019s opening. Ralston was climbing the narrow canyons of Utah alone when a (1) dislodged (2) boulder fell on his right arm, trapping him against a rock. He was entombed in the wilderness of Bluejohn Canyon, carrying a small (3) rucksack with just one litre of water, two burritos and a few (4) chunks of chocolate. He had headphones and a video camera but no mobile phone \u2013 and there was no reception anyway. Most foolishly of all, he had not told anyone where he was going, and he didn\u2019t have any way to signal for help. For six days Aron Ralston kept himself alive with fierce self-control. He (5) eked out his water, futilely chipping away at the 800lb rock and slowly entering a state of delirium. By the fifth day, Ralston had found &#8220;peace&#8221; in &#8220;the knowledge that I am going to die here, this is my grave&#8221;, he says. In the middle of his final night, hallucinating, he dreamt of himself, with only half his right arm, playing with a little boy. Finally, in the next morning, he flung himself against the boulder to break his own bones and then cut off his trapped arm, with the small, (6) blunt knife from his cheap multitool kit. In the canyon, Ralston calculated it would take him at least 10 hours to find medical help and he would bleed to death but, using pieces of climbing kit as a tourniquet, he strapped himself up and managed to scale a 65ft cliff to escape the canyon. He was found by three Dutch tourists, who had been hiking there. They gave him water and quickly alerted the authorities. Canyonlands officials had been alerted that Ralston was missing, and had been searching the area by helicopter, but it didn\u2019t work, as he was trapped below the surface. Ralston is radically different today in his recognition that he depends on other people. The vision that he had during his final night in the canyon has come\u00a0 true: his wife gave birth to a baby boy. The tool that connected him to other people&#8217;s love was his camera. Ralston documented his experience in an autobiographical book entitled Between a Rock and a Hard Place, and in 2005 he became the first person to climb all 59 of Colorado\u2019s \u201cfourteeners\u201d alone and in the snow.<\/p>\n\n\n\n<p style=\"text-align:center\">Adapted from: https:\/\/allthatsinteresting.com\/aron-ralston-127-hours-true-story; https:\/\/www.theguardian.com\/film\/2010\/dec\/15\/story-danny-boyles-127-hours<br><\/p>\n\n\n\n<table class=\"wp-block-table\"><tbody><tr><td>1- (Adj) Something that was removed from a fixed position<br>2- (Noun) A very large rock<br>3- (Noun) A bag that you can carry on your back<br>4- (Noun) Chunks of something are thick solid pieces of it<br>5- (Phrasal Verb) To use something slowly or carefully because you only have a small amount of it<br>6- (Adj) Something that is not sharp and therefore it is not able to cut<\/td><\/tr><\/tbody><\/table>\n\n\n\n<ol class=\"wp-block-list\"><li>Read the article Between a Rock and a Hard Place and answer the questions:<ul><li>\u00a0Why was Aron stuck in the canyon for so long?<\/li><li>What did he have to do to get out of the canyon?<\/li><li>\u00a0What happened to him after the accident? Did he stop to climb mountains after the accident?<\/li><\/ul><\/li><li>Look at the verbs in bold in the article and match them with the uses i-iv<ul><li>A completed action that takes place before the main events in the story<\/li><li>A background action in progress at the same time as the main events in the story happened<\/li><li>A continuous activity that happens before the main events in the story and explains why the main events happen<\/li><li>A completed action that tells you what happens at a specific time in the story; a main event<\/li><\/ul><\/li><li>Discuss:<ul><li>What do you think most helped Aron to survive?<\/li><li>Have you ever been through a dangerous situation?<\/li><\/ul><\/li><\/ol>\n\n\n\n<p><br><br><\/p>\n\n\n\n<p><br><\/p>\n","protected":false},"excerpt":{"rendered":"<p>Autoria: Profa. Mariana Zeferino&nbsp; N\u00edvel:\u00a0B1\/B2 \u00a0Exiba o trailer do filme 127 Hours e fa\u00e7a uma discuss\u00e3o sobre ele com a classe. Pe\u00e7a aos alunos para que respondam \u00e0s seguintes perguntas:\u00a0 What is it about? What do you think the outcome was? (fica a crit\u00e9rio do(a) professor(a) realizar a atividade a [&hellip;]<\/p>\n","protected":false},"author":2,"featured_media":0,"parent":0,"menu_order":0,"comment_status":"closed","ping_status":"closed","template":"","meta":{"_monsterinsights_skip_tracking":false,"_monsterinsights_sitenote_active":false,"_monsterinsights_sitenote_note":"","_monsterinsights_sitenote_category":0,"footnotes":""},"class_list":["post-411","page","type-page","status-publish","hentry"],"_links":{"self":[{"href":"https:\/\/raple.fclar.unesp.br\/ingles\/wp-json\/wp\/v2\/pages\/411","targetHints":{"allow":["GET"]}}],"collection":[{"href":"https:\/\/raple.fclar.unesp.br\/ingles\/wp-json\/wp\/v2\/pages"}],"about":[{"href":"https:\/\/raple.fclar.unesp.br\/ingles\/wp-json\/wp\/v2\/types\/page"}],"author":[{"embeddable":true,"href":"https:\/\/raple.fclar.unesp.br\/ingles\/wp-json\/wp\/v2\/users\/2"}],"replies":[{"embeddable":true,"href":"https:\/\/raple.fclar.unesp.br\/ingles\/wp-json\/wp\/v2\/comments?post=411"}],"version-history":[{"count":3,"href":"https:\/\/raple.fclar.unesp.br\/ingles\/wp-json\/wp\/v2\/pages\/411\/revisions"}],"predecessor-version":[{"id":414,"href":"https:\/\/raple.fclar.unesp.br\/ingles\/wp-json\/wp\/v2\/pages\/411\/revisions\/414"}],"wp:attachment":[{"href":"https:\/\/raple.fclar.unesp.br\/ingles\/wp-json\/wp\/v2\/media?parent=411"}],"curies":[{"name":"wp","href":"https:\/\/api.w.org\/{rel}","templated":true}]}}