{"id":415,"date":"2020-06-16T15:17:51","date_gmt":"2020-06-16T18:17:51","guid":{"rendered":"https:\/\/cel.fclar.unesp.br\/ingles\/?page_id=415"},"modified":"2020-06-16T15:17:51","modified_gmt":"2020-06-16T18:17:51","slug":"decisions-decisions","status":"publish","type":"page","link":"https:\/\/raple.fclar.unesp.br\/ingles\/decisions-decisions\/","title":{"rendered":"DECISIONS, DECISIONS"},"content":{"rendered":"\n<p><strong>Autoria: Profa. Mariana Zeferino<\/strong><\/p>\n\n\n\n<p><strong>N\u00edvel: B2\u00a0<\/strong><br><\/p>\n\n\n\n<div class=\"wp-block-image\"><figure class=\"aligncenter\"><img decoding=\"async\" src=\"https:\/\/lh3.googleusercontent.com\/AyoQxh3Z-BAsavZ_O8VkWiBBOLxNZGHAKCXNGNvSdyMeI_qxAzjM0qjF09CkNFYrOHvDgcLnyfk-lhClfHlxQFjqTyhlpvIdV6b73eZnfX-NxTPvs3oJ9EEXljeoijqPH09ErxYm\" alt=\"\" \/><\/figure><\/div>\n\n\n\n<ol class=\"wp-block-list\"><li>Comece perguntando aos alunos as seguintes quest\u00f5es, como forma de revisar todo o conte\u00fado j\u00e1 trabalhado sobre as formas will, be going to, simple present present continuous:<ul><li>Your arrangements for this evening.<\/li><li>Your intentions for the rest of the year.<\/li><li>Your predictions for the planet for 2030.<\/li><li>Now, make to promises for the next year!<\/li><li>A place you\u2019d like to visit one day.<\/li><li>Something you\u2019re not looking forward to.<\/li><li>A person you\u2019d like to meet one day<\/li><li>A person you\u2019re going to see today<\/li><\/ul><\/li><li>Pe\u00e7a aos alunos que fa\u00e7am uma leitura silenciosa do artigo Young people are having to take career. decisions too early (The Guardian, 2013) e respondam \u00e0s quest\u00f5es. Se for poss\u00edvel, fa\u00e7a uma leitura em voz alta com a participa\u00e7\u00e3o dos alunos.(O handout com o texto e as atividades est\u00e3o dispon\u00edveis no final do plano de atividades)\u00a0<\/li><li>Em seguida, fa\u00e7a a corre\u00e7\u00e3o das atividades. Ap\u00f3s as atividades, fa\u00e7a a discuss\u00e3o proposta ao final do handout.<\/li><li>Pe\u00e7a que os alunos escutem e acompanhem a m\u00fasica Who will I be, da cantora Demi Lovato.<\/li><\/ol>\n\n\n\n<figure class=\"wp-block-embed-youtube wp-block-embed is-type-video is-provider-youtube wp-embed-aspect-4-3 wp-has-aspect-ratio\"><div class=\"wp-block-embed__wrapper\">\n<iframe loading=\"lazy\" title=\"Camp Rock -Who will i be\" width=\"750\" height=\"563\" src=\"https:\/\/www.youtube.com\/embed\/054y06-QXyg?feature=oembed\" frameborder=\"0\" allow=\"accelerometer; autoplay; clipboard-write; encrypted-media; gyroscope; picture-in-picture; web-share\" referrerpolicy=\"strict-origin-when-cross-origin\" allowfullscreen><\/iframe>\n<\/div><\/figure>\n\n\n\n<ol class=\"wp-block-list\"><li>Proponha uma discuss\u00e3o de teor cr\u00edtico-comparativo aos alunos, a fim de question\u00e1-los sobre os pontos de vista apresentados no texto e na can\u00e7\u00e3o. H\u00e1 diferen\u00e7as? Quais? Por qu\u00ea?<\/li><li>Como uma atividade divertida de fechamento, proponha um Leil\u00e3o Gramatical \u00e0 classe. Ser\u00e3o apresentadas algumas senten\u00e7as e os alunos dever\u00e3o fazer uma oferta (bid) somente para as ora\u00e7\u00f5es consideradas gramaticalmente corretas.<\/li><li>Ao final da atividade, revise as senten\u00e7as e, junto com os alunos, fa\u00e7a uma discuss\u00e3o sobre elas oralmente, explicando o porqu\u00ea de estarem gramaticalmente certas ou erradas.<\/li><li>A fim de evitar um clima competitivo ruim entre os alunos, pe\u00e7a que cada um confira os seus itens corretos individualmente.,<\/li><\/ol>\n\n\n\n<p style=\"text-align:center\"><strong>Handout com texto e atividades&nbsp;<\/strong><\/p>\n\n\n\n<p style=\"text-align:center\">YOUNG PEOPLE ARE HAVING TO TAKE CAREER DECISIONS TOO EARLY (The Guardian, 2013)<\/p>\n\n\n\n<ol class=\"wp-block-list\"><li>&nbsp;Read the passage and answer the questions.<\/li><\/ol>\n\n\n\n<p>With the retirement age rising to 67 by 2026-28, young people will soon work for 50 years or more. I realise that choosing the profession I want to follow \u2013 and the A-levels and university courses that will get me there \u2013 is a decision of paramount importance. But I can&#8217;t help thinking that it&#8217;s too much for an inexperienced 17-year-old to make. What you want to be when you grow up requires careful thought: we need time to learn about and consider all the options. But the rush to get good grades \u2013 and the fact that our grades heavily influence what we can and can&#8217;t do \u2013 means that some students make hurried, expedient decisions, which may not be for the best in the long-term. Pressure is piled on young people to choose qualifications for a career they want now but will wait five years to get. GCSEs came and went in a blur. Then I was preparing for the next hurdle \u2013 A-levels. As soon as these were under way, I found myself on the busy road of university open days, prospectuses and student finance talks. In the midst of all of this, employers expect you to be building relevant work experience. And none of this can be easily undone \u2013 if I suddenly find that being a doctor is the only career for me but I don&#8217;t have any science A-levels, I face a long hard trip back through education. The higher education system doesn&#8217;t help much either. Universities often demand top grades and experience for certain courses. In the crush to get all this sorted, it&#8217;s hard to find the time to consider your options. It&#8217;s not like there&#8217;s no support out there. There is, but sometimes it can be as much of a curse as a blessing. Vast amounts of guidance has introduced me to the various career routes I could take. But, on the flip side, the variety of careers that I have become aware left me, and doubtless many others, even more uncertain of which I want to pursue. While it&#8217;s better to be over-informed than uninformed, at the tender age of 17, I have been bombarded with numerous options. But telling me about the many options \u2013 while piling on the pressure to make a snappy decision \u2013 isn&#8217;t really helping. With students choosing careers that they may not suit them, a worrying scenario could emerge: we could be stuck in careers like square pegs in a round hole. This is detrimental for the students because reconsidering a career is an enormous decision. But it&#8217;s also detrimental for employers who will struggle to keep excellent students interested in careers that they no longer want. The majority of us do not know what we want to do when we finish education \u2013 let alone when we&#8217;re halfway through. And the few who do know what they want often rethink their choice as they develop and grow. Who I am now isn&#8217;t who I might be in the future, and the education and recruitment system needs to give us the space and time to make the right career choices.<\/p>\n\n\n\n<p style=\"text-align:center\">Adapted from: https:\/\/www.theguardian.com\/careers\/young-people-take-career-decisions-too-early<br><\/p>\n\n\n\n<ol class=\"wp-block-list\"><li>In paragraph one, why does the author mention the rising of the retirement age?<ul><li>To show that young people have to make a difficult decision that will have a great impact in their future careers.<\/li><li>To show that people have a long time to choose what they want to work with.\u00a0<\/li><li>To prove that the job market will not accept people older than 67 years old.<\/li><li>To show that young people have to make the difficult decision of choosing a career very soon but that is no problem because they will not work for many years.<\/li><\/ul><\/li><li>Based on your reading, who do you think is the author of this text? Why do you think that?<ul><li>A specialist in Educational Psychology<\/li><li>A teenager\u2019s mother<\/li><li>A teacher<\/li><li>A teenager<\/li><\/ul><\/li><li>According to the text, we can infer that the main reason for students to make hurried decisions is that<ul><li>students do not have responsibility and leave everything to the last minute<\/li><li>students are inexperienced and, therefore, cannot make a sensible decision<\/li><li>there is too much pressure to get good grades, have a pertinent experience, decide what you want and a very little time to reflect about it.<\/li><li>there are too many options and students are over-informed, which is something very bad for them at this age.<\/li><\/ul><\/li><li>Is the following sentence TRUE or FALSE: \u201cYoung people are making hurried career decisions too early, and it\u2019s detrimental for them as well as employers.\u201d<ul><li>True<\/li><li>False<\/li><\/ul><\/li><li>The word detrimental in paragraph 6 is closest in meaning to:<ul><li>negative and harmful<\/li><li>fundamental<\/li><li>\u00a0interesting<\/li><li>positive<\/li><\/ul><\/li><li>Match the words in bold with their meanings<\/li><\/ol>\n\n\n\n<p>i.&nbsp; ______________________ &#8211; quickly made or done<\/p>\n\n\n\n<p>ii. ______________________ &#8211; people pressed against other people or things<\/p>\n\n\n\n<p>iii. ______________________ &#8211; a document giving details of a college, school, or business and its activities<\/p>\n\n\n\n<p>iv. ______________________ &#8211; a day when an organization such as a school, college, or factory allows members of the public to go in and see what happens there<\/p>\n\n\n\n<p>v.&nbsp; ______________________ &#8211; an obstacle or difficulty<\/p>\n\n\n\n<p>vi.&nbsp; ______________________ &#8211; something that you cannot see, remember or understand clearly<\/p>\n\n\n\n<p>vii.&nbsp; ______________________ &#8211; more important than anything else; supreme<\/p>\n\n\n\n<p>viii. ______________________ &#8211; the opposite<\/p>\n\n\n\n<ol class=\"wp-block-list\"><li>&nbsp;Discussion:<\/li><\/ol>\n\n\n\n<ul class=\"wp-block-list\"><li>Do you agree with the text?<\/li><li>Do you think things will change in the future?<\/li><li>Would you like to change your course or job?<\/li><li>Would you like to be something different?<\/li><li>What does it mean to feel a square peg in a round hole?<\/li><\/ul>\n\n\n\n<p><\/p>\n\n\n\n<p><br><\/p>\n","protected":false},"excerpt":{"rendered":"<p>Autoria: Profa. Mariana Zeferino N\u00edvel: B2\u00a0 Comece perguntando aos alunos as seguintes quest\u00f5es, como forma de revisar todo o conte\u00fado j\u00e1 trabalhado sobre as formas will, be going to, simple present present continuous: Your arrangements for this evening. Your intentions for the rest of the year. Your predictions for the [&hellip;]<\/p>\n","protected":false},"author":2,"featured_media":0,"parent":0,"menu_order":0,"comment_status":"closed","ping_status":"closed","template":"","meta":{"_monsterinsights_skip_tracking":false,"_monsterinsights_sitenote_active":false,"_monsterinsights_sitenote_note":"","_monsterinsights_sitenote_category":0,"footnotes":""},"class_list":["post-415","page","type-page","status-publish","hentry"],"_links":{"self":[{"href":"https:\/\/raple.fclar.unesp.br\/ingles\/wp-json\/wp\/v2\/pages\/415","targetHints":{"allow":["GET"]}}],"collection":[{"href":"https:\/\/raple.fclar.unesp.br\/ingles\/wp-json\/wp\/v2\/pages"}],"about":[{"href":"https:\/\/raple.fclar.unesp.br\/ingles\/wp-json\/wp\/v2\/types\/page"}],"author":[{"embeddable":true,"href":"https:\/\/raple.fclar.unesp.br\/ingles\/wp-json\/wp\/v2\/users\/2"}],"replies":[{"embeddable":true,"href":"https:\/\/raple.fclar.unesp.br\/ingles\/wp-json\/wp\/v2\/comments?post=415"}],"version-history":[{"count":2,"href":"https:\/\/raple.fclar.unesp.br\/ingles\/wp-json\/wp\/v2\/pages\/415\/revisions"}],"predecessor-version":[{"id":1460,"href":"https:\/\/raple.fclar.unesp.br\/ingles\/wp-json\/wp\/v2\/pages\/415\/revisions\/1460"}],"wp:attachment":[{"href":"https:\/\/raple.fclar.unesp.br\/ingles\/wp-json\/wp\/v2\/media?parent=415"}],"curies":[{"name":"wp","href":"https:\/\/api.w.org\/{rel}","templated":true}]}}