{"id":451,"date":"2020-06-18T15:26:08","date_gmt":"2020-06-18T18:26:08","guid":{"rendered":"https:\/\/cel.fclar.unesp.br\/ingles\/?page_id=451"},"modified":"2022-08-03T14:59:17","modified_gmt":"2022-08-03T17:59:17","slug":"the-big-describer","status":"publish","type":"page","link":"https:\/\/raple.fclar.unesp.br\/ingles\/the-big-describer\/","title":{"rendered":"Descrevendo"},"content":{"rendered":"\n<p><strong>Autoria: Profa. <\/strong>V\u00edvian N\u00e1dia Ribeiro de Moraes Caruzzo<\/p>\n\n\n\n<div class=\"wp-block-image\"><figure class=\"aligncenter\"><img decoding=\"async\" src=\"https:\/\/lh5.googleusercontent.com\/jcC3zdgdfOO0BxKiRfNmXImiU75SSDC4rBXhXrlEwU1s3Thz32rN31sUT6RhupLKULY2kECms4GOmuRHuwGWSs8qDkF9nSNURCTOwny0RI7HVqSyAvGwME7Ih-3lz8P0TQKmnMfO\" alt=\"\" \/><\/figure><\/div>\n\n\n\n<p>Professor(a) pode usar esse game com o vocabul\u00e1rio que j\u00e1 \u00e9 de conhecimento dos alunos (food, animals, colors, etc) e refor\u00e7ar a ideia de que se o falante esquece como se fala uma palavra na l\u00edngua alvo, ele pode descrever o conceito para que o ouvinte o entenda.<\/p>\n\n\n\n<p class=\"has-text-align-center\"><a href=\"https:\/\/www.gamestolearnenglish.com\/describer\/\">https:\/\/www.gamestolearnenglish.com\/describer\/<\/a><\/p>\n","protected":false},"excerpt":{"rendered":"<p>Autoria: Profa. V\u00edvian N\u00e1dia Ribeiro de Moraes Caruzzo Professor(a) pode usar esse game com o vocabul\u00e1rio que j\u00e1 \u00e9 de conhecimento dos alunos (food, animals, colors, etc) e refor\u00e7ar a ideia de que se o falante esquece como se fala uma palavra na l\u00edngua alvo, ele pode descrever o conceito [&hellip;]<\/p>\n","protected":false},"author":2,"featured_media":1181,"parent":0,"menu_order":0,"comment_status":"closed","ping_status":"closed","template":"","meta":{"_monsterinsights_skip_tracking":false,"_monsterinsights_sitenote_active":false,"_monsterinsights_sitenote_note":"","_monsterinsights_sitenote_category":0,"footnotes":""},"class_list":["post-451","page","type-page","status-publish","has-post-thumbnail","hentry"],"_links":{"self":[{"href":"https:\/\/raple.fclar.unesp.br\/ingles\/wp-json\/wp\/v2\/pages\/451","targetHints":{"allow":["GET"]}}],"collection":[{"href":"https:\/\/raple.fclar.unesp.br\/ingles\/wp-json\/wp\/v2\/pages"}],"about":[{"href":"https:\/\/raple.fclar.unesp.br\/ingles\/wp-json\/wp\/v2\/types\/page"}],"author":[{"embeddable":true,"href":"https:\/\/raple.fclar.unesp.br\/ingles\/wp-json\/wp\/v2\/users\/2"}],"replies":[{"embeddable":true,"href":"https:\/\/raple.fclar.unesp.br\/ingles\/wp-json\/wp\/v2\/comments?post=451"}],"version-history":[{"count":2,"href":"https:\/\/raple.fclar.unesp.br\/ingles\/wp-json\/wp\/v2\/pages\/451\/revisions"}],"predecessor-version":[{"id":1180,"href":"https:\/\/raple.fclar.unesp.br\/ingles\/wp-json\/wp\/v2\/pages\/451\/revisions\/1180"}],"wp:featuredmedia":[{"embeddable":true,"href":"https:\/\/raple.fclar.unesp.br\/ingles\/wp-json\/wp\/v2\/media\/1181"}],"wp:attachment":[{"href":"https:\/\/raple.fclar.unesp.br\/ingles\/wp-json\/wp\/v2\/media?parent=451"}],"curies":[{"name":"wp","href":"https:\/\/api.w.org\/{rel}","templated":true}]}}