{"id":456,"date":"2020-06-18T15:29:29","date_gmt":"2020-06-18T18:29:29","guid":{"rendered":"https:\/\/cel.fclar.unesp.br\/ingles\/?page_id=456"},"modified":"2022-08-03T14:58:01","modified_gmt":"2022-08-03T17:58:01","slug":"2-truths-and-1-lie-mentimeter","status":"publish","type":"page","link":"https:\/\/raple.fclar.unesp.br\/ingles\/2-truths-and-1-lie-mentimeter\/","title":{"rendered":"Adivinhando com to guess"},"content":{"rendered":"\n<p><strong>Autoria: Profa. <\/strong>V\u00edvian N\u00e1dia Ribeiro de Moraes Caruzzo<\/p>\n\n\n\n<div class=\"wp-block-image\"><figure class=\"aligncenter\"><img decoding=\"async\" src=\"https:\/\/lh6.googleusercontent.com\/n3QWmWU5ysk6V_Qs6NfEIRo1ZFCwb2aE13UMCeOKvZt8xnwl0kt4kM3BNteQtlb7RszaIyv1d3GTZy9MO-omf5axKOAj9fbY3KBSYsYosCq1bg5pCP9jVrnwMf90dxp_8w0Dgrsp\" alt=\"\" \/><\/figure><\/div>\n\n\n\n<p class=\"has-text-align-left\">Professor(a) deve criar uma conta no Mentimeter (<a href=\"https:\/\/www.mentimeter.com\/\">https:\/\/www.mentimeter.com\/<\/a>) e criar uma apresenta\u00e7\u00e3o no formato \u201cOpen Ended\u201d com o layout \u201cSpeech Bubble\u201d e usar a frase: <strong>\u201cPost 2 truths and 1 lie about yourself. Can we guess the lie?\u201d<\/strong><\/p>\n\n\n\n<p>Ao clicar em \u201capresentar\u201d aparecer\u00e1 o c\u00f3digo de ingresso na sala o qual os alunos devem usar para registrar suas respostas.<\/p>\n\n\n\n<p>Depois que os alunos postarem suas contribui\u00e7\u00f5es, pe\u00e7a para cada um ler o seu post e a turma tenta adivinhar a mentira entre as verdades.<br><\/p>\n","protected":false},"excerpt":{"rendered":"<p>Autoria: Profa. V\u00edvian N\u00e1dia Ribeiro de Moraes Caruzzo Professor(a) deve criar uma conta no Mentimeter (https:\/\/www.mentimeter.com\/) e criar uma apresenta\u00e7\u00e3o no formato \u201cOpen Ended\u201d com o layout \u201cSpeech Bubble\u201d e usar a frase: \u201cPost 2 truths and 1 lie about yourself. Can we guess the lie?\u201d Ao clicar em \u201capresentar\u201d [&hellip;]<\/p>\n","protected":false},"author":2,"featured_media":1181,"parent":0,"menu_order":0,"comment_status":"closed","ping_status":"closed","template":"","meta":{"_monsterinsights_skip_tracking":false,"_monsterinsights_sitenote_active":false,"_monsterinsights_sitenote_note":"","_monsterinsights_sitenote_category":0,"footnotes":""},"class_list":["post-456","page","type-page","status-publish","has-post-thumbnail","hentry"],"_links":{"self":[{"href":"https:\/\/raple.fclar.unesp.br\/ingles\/wp-json\/wp\/v2\/pages\/456","targetHints":{"allow":["GET"]}}],"collection":[{"href":"https:\/\/raple.fclar.unesp.br\/ingles\/wp-json\/wp\/v2\/pages"}],"about":[{"href":"https:\/\/raple.fclar.unesp.br\/ingles\/wp-json\/wp\/v2\/types\/page"}],"author":[{"embeddable":true,"href":"https:\/\/raple.fclar.unesp.br\/ingles\/wp-json\/wp\/v2\/users\/2"}],"replies":[{"embeddable":true,"href":"https:\/\/raple.fclar.unesp.br\/ingles\/wp-json\/wp\/v2\/comments?post=456"}],"version-history":[{"count":2,"href":"https:\/\/raple.fclar.unesp.br\/ingles\/wp-json\/wp\/v2\/pages\/456\/revisions"}],"predecessor-version":[{"id":1177,"href":"https:\/\/raple.fclar.unesp.br\/ingles\/wp-json\/wp\/v2\/pages\/456\/revisions\/1177"}],"wp:featuredmedia":[{"embeddable":true,"href":"https:\/\/raple.fclar.unesp.br\/ingles\/wp-json\/wp\/v2\/media\/1181"}],"wp:attachment":[{"href":"https:\/\/raple.fclar.unesp.br\/ingles\/wp-json\/wp\/v2\/media?parent=456"}],"curies":[{"name":"wp","href":"https:\/\/api.w.org\/{rel}","templated":true}]}}